{"id":16206,"date":"2022-01-12T15:58:47","date_gmt":"2022-01-12T14:58:47","guid":{"rendered":"https:\/\/www.statusholder.com\/premium\/"},"modified":"2024-03-24T22:14:24","modified_gmt":"2024-03-24T21:14:24","slug":"premium","status":"publish","type":"page","link":"https:\/\/www.statusholder.com\/es\/premium\/","title":{"rendered":"Premium"},"content":{"rendered":"<div class=\"wpb-content-wrapper\"><p>[vc_row bg_type=\u00bb\u00bb dima_canvas_style=\u00bb\u00bb translate_x=\u00bb0&#8243; dima_z_index=\u00bb0&#8243; delay=\u00bb\u00bb animate_item=\u00bb\u00bb delay_duration=\u00bb\u00bb delay_offset=\u00bb\u00bb top_and_bottom_padding=\u00bb\u00bb left_and_right_padding=\u00bb\u00bb id=\u00bb\u00bb class=\u00bb\u00bb css=\u00bb.vc_custom_1498853594959{padding-top: 0px !important;}\u00bb border_color=\u00bb\u00bb][vc_column min_height=\u00bb\u00bb bg_type=\u00bb\u00bb dima_canvas_style=\u00bb\u00bb translate_x=\u00bb0&#8243; dima_z_index=\u00bb0&#8243; delay=\u00bb\u00bb animate_item=\u00bb\u00bb delay_duration=\u00bb\u00bb delay_offset=\u00bb\u00bb top_and_bottom_padding=\u00bb\u00bb left_and_right_padding=\u00bb\u00bb width=\u00bb1\/1&#8243;][vc_row_inner bg_type=\u00bb\u00bb dima_canvas_style=\u00bb\u00bb translate_x=\u00bb0&#8243; dima_z_index=\u00bb0&#8243; id=\u00bb\u00bb class=\u00bb\u00bb style=\u00bb\u00bb border_color=\u00bb\u00bb][vc_column_inner delay=\u00bb\u00bb animate_item=\u00bb\u00bb delay_duration=\u00bb\u00bb delay_offset=\u00bb\u00bb translate_x=\u00bb0&#8243; dima_z_index=\u00bb0&#8243; width=\u00bb1\/4&#8243;][\/vc_column_inner][vc_column_inner animation=\u00bbtransition.slideLeftIn\u00bb delay=\u00bb\u00bb animate_item=\u00bb\u00bb delay_duration=\u00bb\u00bb delay_offset=\u00bb\u00bb translate_x=\u00bb0&#8243; dima_z_index=\u00bb0&#8243; width=\u00bb1\/2&#8243; id=\u00bb\u00bb class=\u00bb\u00bb style=\u00bb\u00bb border_color=\u00bb\u00bb]<div  class=\"dima-pricing-table featured\" > <span class='featured_icon'><svg xmlns=\"http:\/\/www.w3.org\/2000\/svg\" width=\"48\" height=\"48\" viewBox=\"0 0 48 48\"><path d=\"M24 42.7l-2.9-2.63C10.8 30.72 4 24.55 4 17 4 10.83 8.83 6 15 6c3.48 0 6.82 1.62 9 4.17C26.18 7.62 29.52 6 33 6c6.17 0 11 4.83 11 11 0 7.55-6.8 13.72-17.1 23.07L24 42.7z\"\/><\/svg><\/span><div  class=\"dima-pricing-col pricing-style-callout\"><div class=\"dima-pricing-col-info box-with-shadow\" style=\"border-top-color:#36ce98;\"><div class=\"dima-header-col-info\"><h6 class=\"dima-table-title\">Premium P3<\/h6><h2 class=\"dima-pricing-row\"><span class=\"pricing\"><span class=\"currency\">\u20ac<\/span>...<\/span><span class=\"interval\">\/ 12 meses<\/span><\/h2><\/div><div class=\"dima-table-content\">\n\t<div class=\"wpb_content_element \" >\n\t\t<div class=\"wpb_wrapper\">\n\t\t\t<h5>\u00bfQuiere darnos las gracias en particular?<\/h5>\n<p>Si le impresiona nuestro producto, estaremos encantados de recibir una donaci\u00f3n, cuya cuant\u00eda usted decide libremente.<br \/>\nPor supuesto, tambi\u00e9n recibir\u00e1s un c\u00f3digo Premium durante 12 meses para que puedas utilizar todas las funciones y ajustes.<\/p>\n\n\t\t<\/div> \n\t<\/div> \n\t<div class=\"wpb_content_element \" >\n\t\t<div class=\"wpb_wrapper\">\n\t\t\t<p style=\"text-align: center;\">\t<form id=\"edd_purchase_7446\" class=\"edd_download_purchase_form edd_purchase_7446\" method=\"post\">\n\n\t\t\t\t<p class=\"edd-cp-container\" >\n\t\t\t<label for=\"edd_cp_price\" class=\"edd-cp-price-label\">Name your price<\/label>\n\t\t\t\t\t\t\t<input type=\"text\" name=\"edd_cp_price\" id=\"edd_cp_price\" class=\"edd_cp_price\" value=\"20.00\" data-min=\"15.00\" data-default-text=\"KAUFEN\" \/>\n\t\t\t\t&euro; <small>(min 15.00&euro;)<\/small>\t\t<\/p>\n\t\t\n\t\t<div class=\"edd_purchase_submit_wrapper\">\n\t\t\t<button class=\"edd-add-to-cart button blue edd-submit\" data-nonce=\"e4d39439de\" data-timestamp=\"1777551965\" data-token=\"c3276502878af31d487d2b71ac88c42b7e7be8f65e1c8ed3951a17cbfcc18e05\" data-action=\"edd_add_to_cart\" data-download-id=\"7446\" data-variable-price=\"no\" data-price-mode=single data-price=\"15.00\" ><span class=\"edd-add-to-cart-label\">KAUFEN<\/span> <span class=\"edd-loading\" aria-label=\"Cargando\"><\/span><\/button><input type=\"submit\" class=\"edd-add-to-cart edd-no-js button blue edd-submit\" name=\"edd_purchase_download\" value=\"KAUFEN\" data-action=\"edd_add_to_cart\" data-download-id=\"7446\" data-variable-price=\"no\" data-price-mode=single \/><a href=\"https:\/\/www.statusholder.com\/es\/caja\/?nocache=true\" class=\"edd_go_to_checkout button blue edd-submit\" style=\"display:none;\">Finalizar compra<\/a>\n\t\t\t\t\t\t\t<span class=\"edd-cart-ajax-alert\" aria-live=\"assertive\">\n\t\t\t\t\t<span class=\"edd-cart-added-alert\" style=\"display: none;\">\n\t\t\t\t\t\t<svg class=\"edd-icon edd-icon-check\" xmlns=\"http:\/\/www.w3.org\/2000\/svg\" width=\"28\" height=\"28\" viewBox=\"0 0 28 28\" aria-hidden=\"true\">\n\t\t\t\t\t\t\t<path d=\"M26.11 8.844c0 .39-.157.78-.44 1.062L12.234 23.344c-.28.28-.672.438-1.062.438s-.78-.156-1.06-.438l-7.782-7.78c-.28-.282-.438-.673-.438-1.063s.156-.78.438-1.06l2.125-2.126c.28-.28.672-.438 1.062-.438s.78.156 1.062.438l4.594 4.61L21.42 5.656c.282-.28.673-.438 1.063-.438s.78.155 1.062.437l2.125 2.125c.28.28.438.672.438 1.062z\"\/>\n\t\t\t\t\t\t<\/svg>\n\t\t\t\t\t\tA\u00f1adido al carrito\t\t\t\t\t<\/span>\n\t\t\t\t<\/span>\n\t\t\t\t\t\t\t\t\t\t\t\t\t\t\t<\/div><!--end .edd_purchase_submit_wrapper-->\n\n\t\t<input type=\"hidden\" name=\"download_id\" value=\"7446\">\n\t\t\t\t\t\t\t<input type=\"hidden\" name=\"edd_action\" class=\"edd_action_input\" value=\"add_to_cart\">\n\t\t\n\t\t\t\t\t<input type=\"hidden\" name=\"edd_redirect_to_checkout\" value=\"1\">\n\t\t\n\t\t\n\t\t\n\t<\/form><!--end #edd_purchase_7446-->\n\t<\/p>\n\n\t\t<\/div> \n\t<\/div> <\/div><\/div><\/div> <\/div>[\/vc_column_inner][vc_column_inner delay=\u00bb\u00bb animate_item=\u00bb\u00bb delay_duration=\u00bb\u00bb delay_offset=\u00bb\u00bb translate_x=\u00bb0&#8243; dima_z_index=\u00bb0&#8243; width=\u00bb1\/4&#8243;][\/vc_column_inner][\/vc_row_inner]<div  class=\"dima-spacer-module\"  data-units=\"px\" data-all_size=\"100\" data-xld_resolution=\"1600\" data-xld_size=\"100\" data-ld_resolution=\"1400\" data-ld_size=\"100\" data-md_resolution=\"1170\" data-md_size=\"100\" data-sd_resolution=\"969\" data-sd_size=\"60\" data-xsd_resolution=\"480\" data-xsd_size=\"60\" style=\"height: 100px;\"><\/div>[vc_row_inner bg_type=\u00bb\u00bb dima_canvas_style=\u00bb\u00bb translate_x=\u00bb0&#8243; dima_z_index=\u00bb0&#8243; top_and_bottom_padding=\u00bb\u00bb left_and_right_padding=\u00bb\u00bb][vc_column_inner animation=\u00bbtransition.slideRightBigIn\u00bb delay=\u00bb100&#8243; animate_item=\u00bb\u00bb delay_duration=\u00bb500&#8243; delay_offset=\u00bb\u00bb translate_x=\u00bb0&#8243; dima_z_index=\u00bb0&#8243; width=\u00bb1\/4&#8243; id=\u00bb\u00bb class=\u00bb\u00bb style=\u00bb\u00bb border_color=\u00bb\u00bb]<div  class=\"dima-pricing-table\" > <div  class=\"dima-pricing-col pricing-style-callout\"><div class=\"dima-pricing-col-info box-with-shadow\" style=\"border-top-color:#333333;\"><div class=\"dima-header-col-info\"><h6 class=\"dima-table-title\">B\u00e1sico<\/h6><h2 class=\"dima-pricing-row\"><span class=\"pricing\"><span class=\"currency\"><\/span>Free<\/span><span class=\"interval\"><\/span><\/h2><\/div><div class=\"dima-table-content\">\n\t<div class=\"wpb_content_element \" >\n\t\t<div class=\"wpb_wrapper\">\n\t\t\t<p>Versi\u00f3n gratuita.<br \/>\nNo hay ajustes disponibles.<\/p>\n\n\t\t<\/div> \n\t<\/div> <ul  class=\"icon-list\" ><li   ><i style=\"color:#81d742;\" class=\"fas fa-check\"><\/i>Funci\u00f3n Status Holder<\/li><li   ><i style=\"color:#81d742;\" class=\"fas fa-check\"><\/i>Estad\u00edsticas opcionales<\/li><li   ><i style=\"color:#81d742;\" class=\"fas fa-check\"><\/i>Varios idiomas<\/li><li   ><i style=\"color:#dd3333;\" class=\"fas fa-times\"><\/i><br \/>\n<span style=\"color: #bdbdbd;\">Ajustes de uso<\/span><br \/>\n<\/li><li   ><i style=\"color:#dd3333;\" class=\"fas fa-times\"><\/i><br \/>\n<span style=\"color: #bdbdbd;\">Funciones Premium<\/span><br \/>\n<\/li><\/ul><a   href=\"https:\/\/www.statusholder.com\/download\/\"  class=\"dima-button dima-waves fill dima-btn-small\"      >DESCARGAR<\/a><\/div><\/div><\/div> <\/div>[\/vc_column_inner][vc_column_inner animation=\u00bbtransition.slideRightBigIn\u00bb delay=\u00bb300&#8243; animate_item=\u00bb\u00bb delay_duration=\u00bb500&#8243; delay_offset=\u00bb\u00bb translate_x=\u00bb0&#8243; dima_z_index=\u00bb0&#8243; width=\u00bb1\/4&#8243; id=\u00bb\u00bb class=\u00bb\u00bb style=\u00bb\u00bb border_color=\u00bb\u00bb]<div  class=\"dima-pricing-table\" > <div  class=\"dima-pricing-col pricing-style-callout\"><div class=\"dima-pricing-col-info box-with-shadow\" style=\"border-top-color:#333333;\"><div class=\"dima-header-col-info\"><h6 class=\"dima-table-title\">Premium M1<\/h6><h2 class=\"dima-pricing-row\"><span class=\"pricing\"><span class=\"currency\">\u20ac<\/span>2<\/span><span class=\"interval\">\/ 1 mes<\/span><\/h2><\/div><div class=\"dima-table-content\">\n\t<div class=\"wpb_content_element \" >\n\t\t<div class=\"wpb_wrapper\">\n\t\t\t<p>Licencia para <strong>1 mes<\/strong>.<br \/>\nNo se ampliar\u00e1 autom\u00e1ticamente.<\/p>\n\n\t\t<\/div> \n\t<\/div> <ul  class=\"icon-list\" ><li   ><i style=\"color:#81d742;\" class=\"fas fa-check\"><\/i>Funci\u00f3n Status Holder<\/li><li   ><i style=\"color:#81d742;\" class=\"fas fa-check\"><\/i>Estad\u00edsticas opcionales<\/li><li   ><i style=\"color:#81d742;\" class=\"fas fa-check\"><\/i>Varios idiomas<\/li><li   ><i style=\"color:#81d742;\" class=\"fas fa-check\"><\/i>Ajustes de uso<\/li><li   ><i style=\"color:#81d742;\" class=\"fas fa-check\"><\/i>Funciones Premium<\/li><\/ul>\n\t<div class=\"wpb_content_element \" >\n\t\t<div class=\"wpb_wrapper\">\n\t\t\t<p style=\"text-align: center;\">\t<form id=\"edd_purchase_7204\" class=\"edd_download_purchase_form edd_purchase_7204\" method=\"post\">\n\n\t\t\n\t\t<div class=\"edd_purchase_submit_wrapper\">\n\t\t\t<button class=\"edd-add-to-cart button blue edd-submit\" data-nonce=\"6e9289b129\" data-timestamp=\"1777551965\" data-token=\"c3276502878af31d487d2b71ac88c42b7e7be8f65e1c8ed3951a17cbfcc18e05\" data-action=\"edd_add_to_cart\" data-download-id=\"7204\" data-variable-price=\"no\" data-price-mode=single data-price=\"2.00\" ><span class=\"edd-add-to-cart-label\">2.00&euro;&nbsp;&ndash;&nbsp;Comprar<\/span> <span class=\"edd-loading\" aria-label=\"Cargando\"><\/span><\/button><input type=\"submit\" class=\"edd-add-to-cart edd-no-js button blue edd-submit\" name=\"edd_purchase_download\" value=\"2.00&euro;&nbsp;&ndash;&nbsp;Comprar\" data-action=\"edd_add_to_cart\" data-download-id=\"7204\" data-variable-price=\"no\" data-price-mode=single \/><a href=\"https:\/\/www.statusholder.com\/es\/caja\/?nocache=true\" class=\"edd_go_to_checkout button blue edd-submit\" style=\"display:none;\">Finalizar compra<\/a>\n\t\t\t\t\t\t\t<span class=\"edd-cart-ajax-alert\" aria-live=\"assertive\">\n\t\t\t\t\t<span class=\"edd-cart-added-alert\" style=\"display: none;\">\n\t\t\t\t\t\t<svg class=\"edd-icon edd-icon-check\" xmlns=\"http:\/\/www.w3.org\/2000\/svg\" width=\"28\" height=\"28\" viewBox=\"0 0 28 28\" aria-hidden=\"true\">\n\t\t\t\t\t\t\t<path d=\"M26.11 8.844c0 .39-.157.78-.44 1.062L12.234 23.344c-.28.28-.672.438-1.062.438s-.78-.156-1.06-.438l-7.782-7.78c-.28-.282-.438-.673-.438-1.063s.156-.78.438-1.06l2.125-2.126c.28-.28.672-.438 1.062-.438s.78.156 1.062.438l4.594 4.61L21.42 5.656c.282-.28.673-.438 1.063-.438s.78.155 1.062.437l2.125 2.125c.28.28.438.672.438 1.062z\"\/>\n\t\t\t\t\t\t<\/svg>\n\t\t\t\t\t\tA\u00f1adido al carrito\t\t\t\t\t<\/span>\n\t\t\t\t<\/span>\n\t\t\t\t\t\t\t\t\t\t\t\t\t\t\t<\/div><!--end .edd_purchase_submit_wrapper-->\n\n\t\t<input type=\"hidden\" name=\"download_id\" value=\"7204\">\n\t\t\t\t\t\t\t<input type=\"hidden\" name=\"edd_action\" class=\"edd_action_input\" value=\"add_to_cart\">\n\t\t\n\t\t\t\t\t<input type=\"hidden\" name=\"edd_redirect_to_checkout\" value=\"1\">\n\t\t\n\t\t\n\t\t\n\t<\/form><!--end #edd_purchase_7204-->\n\t<\/p>\n\n\t\t<\/div> \n\t<\/div> <\/div><\/div><\/div> <\/div>[\/vc_column_inner][vc_column_inner animation=\u00bbtransition.slideRightBigIn\u00bb delay=\u00bb500&#8243; animate_item=\u00bb\u00bb delay_duration=\u00bb500&#8243; delay_offset=\u00bb\u00bb translate_x=\u00bb0&#8243; dima_z_index=\u00bb0&#8243; width=\u00bb1\/4&#8243; id=\u00bb\u00bb class=\u00bb\u00bb style=\u00bb\u00bb border_color=\u00bb\u00bb]<div  class=\"dima-pricing-table\" > <div  class=\"dima-pricing-col pricing-style-callout\"><div class=\"dima-pricing-col-info box-with-shadow\" style=\"border-top-color:#333333;\"><div class=\"dima-header-col-info\"><h6 class=\"dima-table-title\">Premium M6<\/h6><h2 class=\"dima-pricing-row\"><span class=\"pricing\"><span class=\"currency\">\u20ac<\/span>8<\/span><span class=\"interval\">\/ 6 meses<\/span><\/h2><\/div><div class=\"dima-table-content\">\n\t<div class=\"wpb_content_element \" >\n\t\t<div class=\"wpb_wrapper\">\n\t\t\t<p>Licencia por <strong>6 meses<\/strong>.<br \/>\nNo se ampliar\u00e1 autom\u00e1ticamente.<\/p>\n\n\t\t<\/div> \n\t<\/div> <ul  class=\"icon-list\" ><li   ><i style=\"color:#81d742;\" class=\"fas fa-check\"><\/i>Funci\u00f3n Status Holder<\/li><li   ><i style=\"color:#81d742;\" class=\"fas fa-check\"><\/i>Estad\u00edsticas opcionales<\/li><li   ><i style=\"color:#81d742;\" class=\"fas fa-check\"><\/i>Varios idiomas<\/li><li   ><i style=\"color:#81d742;\" class=\"fas fa-check\"><\/i>Ajustes de uso<\/li><li   ><i style=\"color:#81d742;\" class=\"fas fa-check\"><\/i>Funciones Premium<\/li><\/ul>\n\t<div class=\"wpb_content_element \" >\n\t\t<div class=\"wpb_wrapper\">\n\t\t\t<p style=\"text-align: center;\">\t<form id=\"edd_purchase_14423\" class=\"edd_download_purchase_form edd_purchase_14423\" method=\"post\">\n\n\t\t\n\t\t<div class=\"edd_purchase_submit_wrapper\">\n\t\t\t<button class=\"edd-add-to-cart button blue edd-submit\" data-nonce=\"7c224f3685\" data-timestamp=\"1777551965\" data-token=\"c3276502878af31d487d2b71ac88c42b7e7be8f65e1c8ed3951a17cbfcc18e05\" data-action=\"edd_add_to_cart\" data-download-id=\"14423\" data-variable-price=\"no\" data-price-mode=single data-price=\"8.00\" ><span class=\"edd-add-to-cart-label\">8.00&euro;&nbsp;&ndash;&nbsp;Comprar<\/span> <span class=\"edd-loading\" aria-label=\"Cargando\"><\/span><\/button><input type=\"submit\" class=\"edd-add-to-cart edd-no-js button blue edd-submit\" name=\"edd_purchase_download\" value=\"8.00&euro;&nbsp;&ndash;&nbsp;Comprar\" data-action=\"edd_add_to_cart\" data-download-id=\"14423\" data-variable-price=\"no\" data-price-mode=single \/><a href=\"https:\/\/www.statusholder.com\/es\/caja\/?nocache=true\" class=\"edd_go_to_checkout button blue edd-submit\" style=\"display:none;\">Finalizar compra<\/a>\n\t\t\t\t\t\t\t<span class=\"edd-cart-ajax-alert\" aria-live=\"assertive\">\n\t\t\t\t\t<span class=\"edd-cart-added-alert\" style=\"display: none;\">\n\t\t\t\t\t\t<svg class=\"edd-icon edd-icon-check\" xmlns=\"http:\/\/www.w3.org\/2000\/svg\" width=\"28\" height=\"28\" viewBox=\"0 0 28 28\" aria-hidden=\"true\">\n\t\t\t\t\t\t\t<path d=\"M26.11 8.844c0 .39-.157.78-.44 1.062L12.234 23.344c-.28.28-.672.438-1.062.438s-.78-.156-1.06-.438l-7.782-7.78c-.28-.282-.438-.673-.438-1.063s.156-.78.438-1.06l2.125-2.126c.28-.28.672-.438 1.062-.438s.78.156 1.062.438l4.594 4.61L21.42 5.656c.282-.28.673-.438 1.063-.438s.78.155 1.062.437l2.125 2.125c.28.28.438.672.438 1.062z\"\/>\n\t\t\t\t\t\t<\/svg>\n\t\t\t\t\t\tA\u00f1adido al carrito\t\t\t\t\t<\/span>\n\t\t\t\t<\/span>\n\t\t\t\t\t\t\t\t\t\t\t\t\t\t\t<\/div><!--end .edd_purchase_submit_wrapper-->\n\n\t\t<input type=\"hidden\" name=\"download_id\" value=\"14423\">\n\t\t\t\t\t\t\t<input type=\"hidden\" name=\"edd_action\" class=\"edd_action_input\" value=\"add_to_cart\">\n\t\t\n\t\t\t\t\t<input type=\"hidden\" name=\"edd_redirect_to_checkout\" value=\"1\">\n\t\t\n\t\t\n\t\t\n\t<\/form><!--end #edd_purchase_14423-->\n\t<\/p>\n\n\t\t<\/div> \n\t<\/div> <\/div><\/div><\/div> <\/div>[\/vc_column_inner][vc_column_inner animation=\u00bbtransition.slideRightBigIn\u00bb delay=\u00bb700&#8243; animate_item=\u00bb\u00bb delay_duration=\u00bb500&#8243; delay_offset=\u00bb\u00bb translate_x=\u00bb0&#8243; dima_z_index=\u00bb0&#8243; width=\u00bb1\/4&#8243; id=\u00bb\u00bb class=\u00bb\u00bb style=\u00bb\u00bb border_color=\u00bb\u00bb]<div  class=\"dima-pricing-table\" > <div  class=\"dima-pricing-col pricing-style-callout\"><div class=\"dima-pricing-col-info box-with-shadow\" style=\"border-top-color:#333333;\"><div class=\"dima-header-col-info\"><h6 class=\"dima-table-title\">Premium Y1<\/h6><h2 class=\"dima-pricing-row\"><span class=\"pricing\"><span class=\"currency\">\u20ac<\/span>12<\/span><span class=\"interval\">\/ 12 meses<\/span><\/h2><\/div><div class=\"dima-table-content\">\n\t<div class=\"wpb_content_element \" >\n\t\t<div class=\"wpb_wrapper\">\n\t\t\t<p>Licencia por <strong>1 a\u00f1o<\/strong>.<br \/>\nNo se ampliar\u00e1 autom\u00e1ticamente.<\/p>\n\n\t\t<\/div> \n\t<\/div> <ul  class=\"icon-list\" ><li   ><i style=\"color:#21b0d3;\" class=\"fas fa-star\"><\/i><b>\u2259 s\u00f3lo 1.00\u20ac \/ mes \ud83d\ude42<br \/>\n<\/b><\/li><li   ><i style=\"color:#81d742;\" class=\"fas fa-check\"><\/i>Funci\u00f3n Status Holder<\/li><li   ><i style=\"color:#81d742;\" class=\"fas fa-check\"><\/i>Estad\u00edsticas opcionales<\/li><li   ><i style=\"color:#81d742;\" class=\"fas fa-check\"><\/i>Varios idiomas<\/li><li   ><i style=\"color:#81d742;\" class=\"fas fa-check\"><\/i>Ajustes de uso<\/li><li   ><i style=\"color:#81d742;\" class=\"fas fa-check\"><\/i>Funciones Premium<\/li><\/ul>\n\t<div class=\"wpb_content_element \" >\n\t\t<div class=\"wpb_wrapper\">\n\t\t\t<p style=\"text-align: center;\">\t<form id=\"edd_purchase_7206\" class=\"edd_download_purchase_form edd_purchase_7206\" method=\"post\">\n\n\t\t\n\t\t<div class=\"edd_purchase_submit_wrapper\">\n\t\t\t<button class=\"edd-add-to-cart button blue edd-submit\" data-nonce=\"ee8bc4e87c\" data-timestamp=\"1777551965\" data-token=\"c3276502878af31d487d2b71ac88c42b7e7be8f65e1c8ed3951a17cbfcc18e05\" data-action=\"edd_add_to_cart\" data-download-id=\"7206\" data-variable-price=\"no\" data-price-mode=single data-price=\"12.00\" ><span class=\"edd-add-to-cart-label\">12.00&euro;&nbsp;&ndash;&nbsp;Comprar<\/span> <span class=\"edd-loading\" aria-label=\"Cargando\"><\/span><\/button><input type=\"submit\" class=\"edd-add-to-cart edd-no-js button blue edd-submit\" name=\"edd_purchase_download\" value=\"12.00&euro;&nbsp;&ndash;&nbsp;Comprar\" data-action=\"edd_add_to_cart\" data-download-id=\"7206\" data-variable-price=\"no\" data-price-mode=single \/><a href=\"https:\/\/www.statusholder.com\/es\/caja\/?nocache=true\" class=\"edd_go_to_checkout button blue edd-submit\" style=\"display:none;\">Finalizar compra<\/a>\n\t\t\t\t\t\t\t<span class=\"edd-cart-ajax-alert\" aria-live=\"assertive\">\n\t\t\t\t\t<span class=\"edd-cart-added-alert\" style=\"display: none;\">\n\t\t\t\t\t\t<svg class=\"edd-icon edd-icon-check\" xmlns=\"http:\/\/www.w3.org\/2000\/svg\" width=\"28\" height=\"28\" viewBox=\"0 0 28 28\" aria-hidden=\"true\">\n\t\t\t\t\t\t\t<path d=\"M26.11 8.844c0 .39-.157.78-.44 1.062L12.234 23.344c-.28.28-.672.438-1.062.438s-.78-.156-1.06-.438l-7.782-7.78c-.28-.282-.438-.673-.438-1.063s.156-.78.438-1.06l2.125-2.126c.28-.28.672-.438 1.062-.438s.78.156 1.062.438l4.594 4.61L21.42 5.656c.282-.28.673-.438 1.063-.438s.78.155 1.062.437l2.125 2.125c.28.28.438.672.438 1.062z\"\/>\n\t\t\t\t\t\t<\/svg>\n\t\t\t\t\t\tA\u00f1adido al carrito\t\t\t\t\t<\/span>\n\t\t\t\t<\/span>\n\t\t\t\t\t\t\t\t\t\t\t\t\t\t\t<\/div><!--end .edd_purchase_submit_wrapper-->\n\n\t\t<input type=\"hidden\" name=\"download_id\" value=\"7206\">\n\t\t\t\t\t\t\t<input type=\"hidden\" name=\"edd_action\" class=\"edd_action_input\" value=\"add_to_cart\">\n\t\t\n\t\t\t\t\t<input type=\"hidden\" name=\"edd_redirect_to_checkout\" value=\"1\">\n\t\t\n\t\t\n\t\t\n\t<\/form><!--end #edd_purchase_7206-->\n\t<\/p>\n\n\t\t<\/div> \n\t<\/div> <\/div><\/div><\/div> <\/div>[\/vc_column_inner][\/vc_row_inner][\/vc_column][\/vc_row]<\/p>\n<\/div>","protected":false},"excerpt":{"rendered":"<p>[vc_row bg_type=\u00bb\u00bb dima_canvas_style=\u00bb\u00bb translate_x=\u00bb0&#8243; dima_z_index=\u00bb0&#8243; delay=\u00bb\u00bb animate_item=\u00bb\u00bb delay_duration=\u00bb\u00bb delay_offset=\u00bb\u00bb top_and_bottom_padding=\u00bb\u00bb left_and_right_padding=\u00bb\u00bb id=\u00bb\u00bb class=\u00bb\u00bb css=\u00bb.vc_custom_1498853594959{padding-top: 0px !important;}\u00bb border_color=\u00bb\u00bb][vc_column min_height=\u00bb\u00bb bg_type=\u00bb\u00bb dima_canvas_style=\u00bb\u00bb translate_x=\u00bb0&#8243; dima_z_index=\u00bb0&#8243; delay=\u00bb\u00bb animate_item=\u00bb\u00bb delay_duration=\u00bb\u00bb delay_offset=\u00bb\u00bb top_and_bottom_padding=\u00bb\u00bb left_and_right_padding=\u00bb\u00bb width=\u00bb1\/1&#8243;][vc_row_inner bg_type=\u00bb\u00bb dima_canvas_style=\u00bb\u00bb translate_x=\u00bb0&#8243; dima_z_index=\u00bb0&#8243; id=\u00bb\u00bb class=\u00bb\u00bb style=\u00bb\u00bb border_color=\u00bb\u00bb][vc_column_inner delay=\u00bb\u00bb animate_item=\u00bb\u00bb delay_duration=\u00bb\u00bb delay_offset=\u00bb\u00bb translate_x=\u00bb0&#8243; dima_z_index=\u00bb0&#8243; width=\u00bb1\/4&#8243;][\/vc_column_inner][vc_column_inner animation=\u00bbtransition.slideLeftIn\u00bb delay=\u00bb\u00bb animate_item=\u00bb\u00bb delay_duration=\u00bb\u00bb delay_offset=\u00bb\u00bb translate_x=\u00bb0&#8243; dima_z_index=\u00bb0&#8243; width=\u00bb1\/2&#8243; id=\u00bb\u00bb class=\u00bb\u00bb style=\u00bb\u00bb [&hellip;]<\/p>\n","protected":false},"author":4,"featured_media":0,"parent":0,"menu_order":0,"comment_status":"closed","ping_status":"closed","template":"","meta":{"_monsterinsights_skip_tracking":false,"_monsterinsights_sitenote_active":false,"_monsterinsights_sitenote_note":"","_monsterinsights_sitenote_category":0,"footnotes":""},"class_list":["post-16206","page","type-page","status-publish","hentry","no-post-thumbnail"],"_links":{"self":[{"href":"https:\/\/www.statusholder.com\/es\/wp-json\/wp\/v2\/pages\/16206","targetHints":{"allow":["GET"]}}],"collection":[{"href":"https:\/\/www.statusholder.com\/es\/wp-json\/wp\/v2\/pages"}],"about":[{"href":"https:\/\/www.statusholder.com\/es\/wp-json\/wp\/v2\/types\/page"}],"author":[{"embeddable":true,"href":"https:\/\/www.statusholder.com\/es\/wp-json\/wp\/v2\/users\/4"}],"replies":[{"embeddable":true,"href":"https:\/\/www.statusholder.com\/es\/wp-json\/wp\/v2\/comments?post=16206"}],"version-history":[{"count":3,"href":"https:\/\/www.statusholder.com\/es\/wp-json\/wp\/v2\/pages\/16206\/revisions"}],"predecessor-version":[{"id":17501,"href":"https:\/\/www.statusholder.com\/es\/wp-json\/wp\/v2\/pages\/16206\/revisions\/17501"}],"wp:attachment":[{"href":"https:\/\/www.statusholder.com\/es\/wp-json\/wp\/v2\/media?parent=16206"}],"curies":[{"name":"wp","href":"https:\/\/api.w.org\/{rel}","templated":true}]}}