{"id":16235,"date":"2017-04-25T07:10:37","date_gmt":"2017-04-25T05:10:37","guid":{"rendered":"https:\/\/www.statusholder.com\/caracteristicas\/preguntas-frecuentes\/"},"modified":"2025-05-16T12:07:20","modified_gmt":"2025-05-16T10:07:20","slug":"preguntas-frecuentes","status":"publish","type":"page","link":"https:\/\/www.statusholder.com\/es\/caracteristicas\/preguntas-frecuentes\/","title":{"rendered":"PREGUNTAS FRECUENTES"},"content":{"rendered":"<div class=\"wpb-content-wrapper\"><p>[vc_row bg_type=\u00bb\u00bb dima_canvas_style=\u00bb\u00bb translate_x=\u00bb0&#8243; dima_z_index=\u00bb0&#8243; delay=\u00bb\u00bb animate_item=\u00bb\u00bb delay_duration=\u00bb\u00bb delay_offset=\u00bb\u00bb top_and_bottom_padding=\u00bb\u00bb left_and_right_padding=\u00bb\u00bb id=\u00bb\u00bb class=\u00bb\u00bb border_color=\u00bb\u00bb][vc_column min_height=\u00bb\u00bb bg_type=\u00bb\u00bb dima_canvas_style=\u00bb\u00bb translate_x=\u00bb0&#8243; dima_z_index=\u00bb0&#8243; delay=\u00bb\u00bb animate_item=\u00bb\u00bb delay_duration=\u00bb\u00bb delay_offset=\u00bb\u00bb width=\u00bb1\/1&#8243;]<h3  class=\"dima-custom-heading\"   >Respondemos a 11 preguntas que pueden interesarte.<\/h3><ul id=\"FAQ\" class=\"dima-accordion dima-acc-clear\" data-animate=transition.slideUpIn data-delay=\"70\" data-offset=\"98%\" data-dima-animate-item=\".dima-accordion-group\" ><li  class=\"panel dima-accordion-group double_icon\" ><div class=\"dima-accordion-header\"><a class=\"dima-accordion-toggle collapsed\" data-toggle=\"collapse\" data-parent=\"#FAQ\" href=\"#collapse-1\"><span class=\"dima-accordion-title\">\u00bfEl Titular del Estatuto es gratuito?<\/span><span class='icon_one' ><svg xmlns=\"http:\/\/www.w3.org\/2000\/svg\" width=\"48\" height=\"48\" viewBox=\"0 0 48 48\"><path d=\"M38 26H26v12h-4V26H10v-4h12V10h4v12h12v4z\"\/><\/svg><\/span><span class='icon_two' ><svg xmlns=\"http:\/\/www.w3.org\/2000\/svg\" width=\"48\" height=\"48\" viewBox=\"0 0 48 48\"><path d=\"M38 26H10v-4h28v4z\"\/><\/svg><\/span><\/a><\/div><div id=\"collapse-1\" class=\"dima-accordion-content collapse\"><div class=\"dima-accordion-inner\"><p>\u00a1S\u00ed! El Portaestatutos se puede utilizar gratuitamente.<br \/>\nSin embargo, se necesita <a href=\"https:\/\/www.statusholder.com\/es\/premium\/\">Premium<\/a> para utilizar los ajustes. <\/p>\n<\/div><\/div><\/li><li  class=\"panel dima-accordion-group double_icon\" ><div class=\"dima-accordion-header\"><a class=\"dima-accordion-toggle collapsed\" data-toggle=\"collapse\" data-parent=\"#FAQ\" href=\"#collapse-2\"><span class=\"dima-accordion-title\">\u00bfEs necesario instalar el soporte de estado?<\/span><span class='icon_one' ><svg xmlns=\"http:\/\/www.w3.org\/2000\/svg\" width=\"48\" height=\"48\" viewBox=\"0 0 48 48\"><path d=\"M38 26H26v12h-4V26H10v-4h12V10h4v12h12v4z\"\/><\/svg><\/span><span class='icon_two' ><svg xmlns=\"http:\/\/www.w3.org\/2000\/svg\" width=\"48\" height=\"48\" viewBox=\"0 0 48 48\"><path d=\"M38 26H10v-4h28v4z\"\/><\/svg><\/span><\/a><\/div><div id=\"collapse-2\" class=\"dima-accordion-content collapse\"><div class=\"dima-accordion-inner\"><p>No. No es necesario instalar el Portaestados.<br \/>\n\u00c9sta es una aplicaci\u00f3n que se ejecuta con un clic. Esto significa que no se requieren <a href=\"https:\/\/www.computerhilfen.de\/info\/software-als-administrator-installieren-oder-starten.html\" target=\"_blank\" rel=\"noopener\">autorizaciones de administrador<\/a> para la instalaci\u00f3n y que el software puede iniciarse con un simple doble clic.  <\/p>\n<\/div><\/div><\/li><li  class=\"panel dima-accordion-group double_icon\" ><div class=\"dima-accordion-header\"><a class=\"dima-accordion-toggle collapsed\" data-toggle=\"collapse\" data-parent=\"#FAQ\" href=\"#collapse-3\"><span class=\"dima-accordion-title\">\u00bfPuede mi departamento inform\u00e1tico detectar al Titular de Estado?<\/span><span class='icon_one' ><svg xmlns=\"http:\/\/www.w3.org\/2000\/svg\" width=\"48\" height=\"48\" viewBox=\"0 0 48 48\"><path d=\"M38 26H26v12h-4V26H10v-4h12V10h4v12h12v4z\"\/><\/svg><\/span><span class='icon_two' ><svg xmlns=\"http:\/\/www.w3.org\/2000\/svg\" width=\"48\" height=\"48\" viewBox=\"0 0 48 48\"><path d=\"M38 26H10v-4h28v4z\"\/><\/svg><\/span><\/a><\/div><div id=\"collapse-3\" class=\"dima-accordion-content collapse\"><div class=\"dima-accordion-inner\"><p>En teor\u00eda, s\u00ed. Sin embargo, la probabilidad es muy baja.<br \/>\nComo se trata de una <a href=\"https:\/\/www.computerweekly.com\/de\/definition\/Microsoft-Click-To-Run\" target=\"_blank\" rel=\"noopener\">aplicaci\u00f3n que se ejecuta con un clic<\/a>, no es necesario instalarla y, por tanto, no aparece en la \u00abLista de software instalado\u00bb. <\/p>\n<p>Aunque se descubra la herramienta: No est\u00e1s haciendo nada prohibido \ud83d\ude42<\/p>\n<\/div><\/div><\/li><li  class=\"panel dima-accordion-group double_icon\" ><div class=\"dima-accordion-header\"><a class=\"dima-accordion-toggle collapsed\" data-toggle=\"collapse\" data-parent=\"#FAQ\" href=\"#collapse-4\"><span class=\"dima-accordion-title\">\u00bfQu\u00e9 programas son compatibles?<\/span><span class='icon_one' ><svg xmlns=\"http:\/\/www.w3.org\/2000\/svg\" width=\"48\" height=\"48\" viewBox=\"0 0 48 48\"><path d=\"M38 26H26v12h-4V26H10v-4h12V10h4v12h12v4z\"\/><\/svg><\/span><span class='icon_two' ><svg xmlns=\"http:\/\/www.w3.org\/2000\/svg\" width=\"48\" height=\"48\" viewBox=\"0 0 48 48\"><path d=\"M38 26H10v-4h28v4z\"\/><\/svg><\/span><\/a><\/div><div id=\"collapse-4\" class=\"dima-accordion-content collapse\"><div class=\"dima-accordion-inner\"><p>En la actualidad, el soporte de estado es compatible con el siguiente software:<\/p>\n<ul>\n<li>Microsoft Teams<\/li>\n<li>Skype<\/li>\n<li>Skype para empresas<\/li>\n<li>Cisco WebEx<\/li>\n<li>Zoom<\/li>\n<li>Slack<\/li>\n<\/ul>\n<p>La lista se ampl\u00eda constantemente y muchos productos ya son compatibles pero a\u00fan no figuran en ella.<\/p>\n<\/div><\/div><\/li><li  class=\"panel dima-accordion-group double_icon\" ><div class=\"dima-accordion-header\"><a class=\"dima-accordion-toggle collapsed\" data-toggle=\"collapse\" data-parent=\"#FAQ\" href=\"#collapse-5\"><span class=\"dima-accordion-title\">\u00bfPuedo iniciar autom\u00e1ticamente el Titular de Estado?<\/span><span class='icon_one' ><svg xmlns=\"http:\/\/www.w3.org\/2000\/svg\" width=\"48\" height=\"48\" viewBox=\"0 0 48 48\"><path d=\"M38 26H26v12h-4V26H10v-4h12V10h4v12h12v4z\"\/><\/svg><\/span><span class='icon_two' ><svg xmlns=\"http:\/\/www.w3.org\/2000\/svg\" width=\"48\" height=\"48\" viewBox=\"0 0 48 48\"><path d=\"M38 26H10v-4h28v4z\"\/><\/svg><\/span><\/a><\/div><div id=\"collapse-5\" class=\"dima-accordion-content collapse\"><div class=\"dima-accordion-inner\"><p>\u00a1S\u00ed! Es posible iniciar el soporte de estado autom\u00e1ticamente.<br \/>\nPara ello, debes marcar la casilla correspondiente en los ajustes. A continuaci\u00f3n, la herramienta se a\u00f1ade al inicio autom\u00e1tico.  <\/p>\n<p>Se requiere <a href=\"https:\/\/www.statusholder.com\/es\/premium\/\">Premium<\/a> para configurar los ajustes. <a href=\"https:\/\/www.statusholder.com\/es\/caracteristicas\/\">Puedes encontrar m\u00e1s funciones aqu\u00ed.<\/a><\/p>\n<\/div><\/div><\/li><li  class=\"panel dima-accordion-group double_icon\" ><div class=\"dima-accordion-header\"><a class=\"dima-accordion-toggle collapsed\" data-toggle=\"collapse\" data-parent=\"#FAQ\" href=\"#collapse-6\"><span class=\"dima-accordion-title\">\u00bfPuedo hacer que el titular del estado se ejecute de forma invisible?<\/span><span class='icon_one' ><svg xmlns=\"http:\/\/www.w3.org\/2000\/svg\" width=\"48\" height=\"48\" viewBox=\"0 0 48 48\"><path d=\"M38 26H26v12h-4V26H10v-4h12V10h4v12h12v4z\"\/><\/svg><\/span><span class='icon_two' ><svg xmlns=\"http:\/\/www.w3.org\/2000\/svg\" width=\"48\" height=\"48\" viewBox=\"0 0 48 48\"><path d=\"M38 26H10v-4h28v4z\"\/><\/svg><\/span><\/a><\/div><div id=\"collapse-6\" class=\"dima-accordion-content collapse\"><div class=\"dima-accordion-inner\"><p>\u00a1S\u00ed!<\/p>\n<p>Es posible minimizar la herramienta al \u00e1rea de notificaci\u00f3n de Windows. La herramienta puede minimizarse al \u00e1rea de notificaci\u00f3n de Windows en los ajustes.<br \/>\nEsto significa que la herramienta ha desaparecido de la barra de tareas y no interfiere con las presentaciones u otras actividades.  <\/p>\n<p>Se requiere <a href=\"https:\/\/www.statusholder.com\/es\/premium\/\">Premium<\/a> para configurar los ajustes. <a href=\"https:\/\/www.statusholder.com\/es\/caracteristicas\/\">Puedes encontrar m\u00e1s funciones aqu\u00ed.<\/a><\/p>\n<\/div><\/div><\/li><li  class=\"panel dima-accordion-group double_icon\" ><div class=\"dima-accordion-header\"><a class=\"dima-accordion-toggle collapsed\" data-toggle=\"collapse\" data-parent=\"#FAQ\" href=\"#collapse-7\"><span class=\"dima-accordion-title\">\u00bfPuedo registrar el inicio y el final?<\/span><span class='icon_one' ><svg xmlns=\"http:\/\/www.w3.org\/2000\/svg\" width=\"48\" height=\"48\" viewBox=\"0 0 48 48\"><path d=\"M38 26H26v12h-4V26H10v-4h12V10h4v12h12v4z\"\/><\/svg><\/span><span class='icon_two' ><svg xmlns=\"http:\/\/www.w3.org\/2000\/svg\" width=\"48\" height=\"48\" viewBox=\"0 0 48 48\"><path d=\"M38 26H10v-4h28v4z\"\/><\/svg><\/span><\/a><\/div><div id=\"collapse-7\" class=\"dima-accordion-content collapse\"><div class=\"dima-accordion-inner\"><p>\u00a1S\u00ed! Es posible crear un registro.<br \/>\nPara ello se crea un archivo de registro en el escritorio, en el que se registra la fecha y la hora en que se inicia y finaliza el soporte de estado. Esto le permitir\u00eda registrar sus propias horas de trabajo.  <\/p>\n<p>Se requiere <a href=\"https:\/\/www.statusholder.com\/es\/premium\/\">Premium<\/a> para configurar los ajustes. <a href=\"https:\/\/www.statusholder.com\/es\/caracteristicas\/\">Puedes encontrar m\u00e1s funciones aqu\u00ed.<\/a><\/p>\n<\/div><\/div><\/li><li  class=\"panel dima-accordion-group double_icon\" ><div class=\"dima-accordion-header\"><a class=\"dima-accordion-toggle collapsed\" data-toggle=\"collapse\" data-parent=\"#FAQ\" href=\"#collapse-8\"><span class=\"dima-accordion-title\">\u00bfPuede cancelarse autom\u00e1ticamente el estatuto de titular?<\/span><span class='icon_one' ><svg xmlns=\"http:\/\/www.w3.org\/2000\/svg\" width=\"48\" height=\"48\" viewBox=\"0 0 48 48\"><path d=\"M38 26H26v12h-4V26H10v-4h12V10h4v12h12v4z\"\/><\/svg><\/span><span class='icon_two' ><svg xmlns=\"http:\/\/www.w3.org\/2000\/svg\" width=\"48\" height=\"48\" viewBox=\"0 0 48 48\"><path d=\"M38 26H10v-4h28v4z\"\/><\/svg><\/span><\/a><\/div><div id=\"collapse-8\" class=\"dima-accordion-content collapse\"><div class=\"dima-accordion-inner\"><p>\u00a1S\u00ed! El Portaestatutos puede finalizar autom\u00e1ticamente.<br \/>\nEs posible finalizar la herramienta en una fecha y hora concretas, o diariamente a una hora determinada. Se puede seleccionar como opci\u00f3n la finalizaci\u00f3n autom\u00e1tica de los Equipos o el apagado del ordenador.  <\/p>\n<p>Se requiere <a href=\"https:\/\/www.statusholder.com\/es\/premium\/\">Premium<\/a> para configurar los ajustes. <a href=\"https:\/\/www.statusholder.com\/es\/caracteristicas\/\">Puedes encontrar m\u00e1s funciones aqu\u00ed.<\/a><\/p>\n<\/div><\/div><\/li><li  class=\"panel dima-accordion-group double_icon\" ><div class=\"dima-accordion-header\"><a class=\"dima-accordion-toggle collapsed\" data-toggle=\"collapse\" data-parent=\"#FAQ\" href=\"#collapse-9\"><span class=\"dima-accordion-title\">\u00bfSe me informar\u00e1 si hay una nueva versi\u00f3n disponible?<\/span><span class='icon_one' ><svg xmlns=\"http:\/\/www.w3.org\/2000\/svg\" width=\"48\" height=\"48\" viewBox=\"0 0 48 48\"><path d=\"M38 26H26v12h-4V26H10v-4h12V10h4v12h12v4z\"\/><\/svg><\/span><span class='icon_two' ><svg xmlns=\"http:\/\/www.w3.org\/2000\/svg\" width=\"48\" height=\"48\" viewBox=\"0 0 48 48\"><path d=\"M38 26H10v-4h28v4z\"\/><\/svg><\/span><\/a><\/div><div id=\"collapse-9\" class=\"dima-accordion-content collapse\"><div class=\"dima-accordion-inner\"><p>\u00a1S\u00ed! Aparece una notificaci\u00f3n.<br \/>\nSi hay disponible una nueva versi\u00f3n del Titular de Estado, aparece una notificaci\u00f3n al iniciar la herramienta. <\/p>\n<\/div><\/div><\/li><li  class=\"panel dima-accordion-group double_icon\" ><div class=\"dima-accordion-header\"><a class=\"dima-accordion-toggle collapsed\" data-toggle=\"collapse\" data-parent=\"#FAQ\" href=\"#collapse-10\"><span class=\"dima-accordion-title\">Mis ajustes siempre se reinician, \u00bfpor qu\u00e9?<\/span><span class='icon_one' ><svg xmlns=\"http:\/\/www.w3.org\/2000\/svg\" width=\"48\" height=\"48\" viewBox=\"0 0 48 48\"><path d=\"M38 26H26v12h-4V26H10v-4h12V10h4v12h12v4z\"\/><\/svg><\/span><span class='icon_two' ><svg xmlns=\"http:\/\/www.w3.org\/2000\/svg\" width=\"48\" height=\"48\" viewBox=\"0 0 48 48\"><path d=\"M38 26H10v-4h28v4z\"\/><\/svg><\/span><\/a><\/div><div id=\"collapse-10\" class=\"dima-accordion-content collapse\"><div class=\"dima-accordion-inner\"><p>Esto es bien sabido. Echa un vistazo a nuestra <a href=\"https:\/\/www.statusholder.com\/es\/descargar\/instrucciones\/\"><strong>gu\u00eda<\/strong><\/a>. <\/p>\n<\/div><\/div><\/li><li  class=\"panel dima-accordion-group double_icon\" ><div class=\"dima-accordion-header\"><a class=\"dima-accordion-toggle collapsed\" data-toggle=\"collapse\" data-parent=\"#FAQ\" href=\"#collapse-11\"><span class=\"dima-accordion-title\">\u00bfTengo que comprar un nuevo c\u00f3digo\/licencia para una nueva versi\u00f3n?<\/span><span class='icon_one' ><svg xmlns=\"http:\/\/www.w3.org\/2000\/svg\" width=\"48\" height=\"48\" viewBox=\"0 0 48 48\"><path d=\"M38 26H26v12h-4V26H10v-4h12V10h4v12h12v4z\"\/><\/svg><\/span><span class='icon_two' ><svg xmlns=\"http:\/\/www.w3.org\/2000\/svg\" width=\"48\" height=\"48\" viewBox=\"0 0 48 48\"><path d=\"M38 26H10v-4h28v4z\"\/><\/svg><\/span><\/a><\/div><div id=\"collapse-11\" class=\"dima-accordion-content collapse\"><div class=\"dima-accordion-inner\"><p>No. Un c\u00f3digo o licencia ya adquiridos son v\u00e1lidos en todas las versiones del Titular de Estado. <\/p>\n<\/div><\/div><\/li><\/ul>[\/vc_column][\/vc_row][vc_row bg_type=\u00bb\u00bb dima_canvas_style=\u00bb\u00bb cover=\u00bbtrue\u00bb cover_color=\u00bb#f7f7f7&#8243; translate_x=\u00bb0&#8243; dima_z_index=\u00bb0&#8243; delay=\u00bb\u00bb animate_item=\u00bb\u00bb delay_duration=\u00bb\u00bb delay_offset=\u00bb\u00bb di_bg_color=\u00bb#fafafa\u00bb top_and_bottom_padding=\u00bb\u00bb left_and_right_padding=\u00bb\u00bb class=\u00bb\u00bb style=\u00bb\u00bb css=\u00bb.vc_custom_1519122440983{background-color: #fafafa !important;}\u00bb border_color=\u00bb\u00bb id=\u00bb\u00bb][vc_column min_height=\u00bb\u00bb bg_type=\u00bb\u00bb dima_canvas_style=\u00bb\u00bb translate_x=\u00bb0&#8243; dima_z_index=\u00bb0&#8243; delay=\u00bb\u00bb animate_item=\u00bb\u00bb delay_duration=\u00bb\u00bb delay_offset=\u00bb\u00bb width=\u00bb1\/1&#8243;]<h3  class=\"dima-custom-heading text-center\"  data-animate        = transition.slideUpBigIn data-delay             = 100 data-duration = 500 >Weitere Informationen<\/h3><div  class=\"dima-clear\" style=\"padding-bottom:20px\"><\/div><div  class=\"dima-divider   line-hr line-center\" data-animate=transition.expandIn data-delay=300 data-duration=500  ><\/div><div  class=\"dima-clear\" style=\"padding-bottom:50px\"><\/div>[vc_row_inner bg_type=\u00bbbg_color\u00bb dima_canvas_style=\u00bb\u00bb translate_x=\u00bb0&#8243; dima_z_index=\u00bb0&#8243; top_and_bottom_padding=\u00bb\u00bb left_and_right_padding=\u00bb\u00bb id=\u00bb\u00bb class=\u00bb\u00bb style=\u00bb\u00bb di_bg_color=\u00bb#fafafa\u00bb border_color=\u00bb\u00bb][vc_column_inner animation=\u00bbtransition.slideUpBigIn\u00bb delay=\u00bb100&#8243; animate_item=\u00bb\u00bb delay_duration=\u00bb500&#8243; delay_offset=\u00bb\u00bb translate_x=\u00bb0&#8243; dima_z_index=\u00bb0&#8243; width=\u00bb1\/3&#8243; id=\u00bb\u00bb class=\u00bb\u00bb style=\u00bb\u00bb border_color=\u00bb\u00bb]<a href=\"https:\/\/www.statusholder.com\/features\/\"><div  class=\"dima-iconbox dima-iconbox-shadow shadow-hover features-box text-center\" data-animate=transition.slideUpBigIn data-delay=100 data-duration=500 style=\"background-color:#ffffff;\"><header  class=\"icon-box-header  box-none\"  ><span  class=\"svg_icon  icon-box-small  \" ><svg version=\"1.1\" xmlns=\"http:\/\/www.w3.org\/2000\/svg\" xmlns:xlink=\"http:\/\/www.w3.org\/1999\/xlink\" width=\"32\" height=\"32\" viewBox=\"0 0 32 32\">\n<g>\n<\/g>\n\t<path d=\"M24 28h-22v-28h22v28zM4 26h18v-24h-18v24z\" fill=\"#000000\" \/>\n\t<path d=\"M7 12h12v2h-12v-2z\" fill=\"#000000\" \/>\n\t<path d=\"M7 16h12v2h-12v-2z\" fill=\"#000000\" \/>\n\t<path d=\"M7 20h12v2h-12v-2z\" fill=\"#000000\" \/>\n\t<path d=\"M7 7.983h6v2h-6v-2z\" fill=\"#000000\" \/>\n\t<path d=\"M30 32h-21v-2h19v-24h-1.945v-2h3.945z\" fill=\"#000000\" \/>\n<\/svg>\n<\/span><\/header><div  class=\"features-content\"  ><h5 class=\"features-title\" >Todas las funciones<\/h5><span class=\"dima-divider line-center line-hr small-line\"><\/span>El soporte de estado tiene muchos ajustes y funciones que se pueden utilizar.<\/div><\/div><\/a>[\/vc_column_inner][vc_column_inner animation=\u00bbtransition.slideUpBigIn\u00bb delay=\u00bb300&#8243; animate_item=\u00bb\u00bb delay_duration=\u00bb500&#8243; delay_offset=\u00bb\u00bb translate_x=\u00bb0&#8243; dima_z_index=\u00bb0&#8243; width=\u00bb1\/3&#8243; id=\u00bb\u00bb class=\u00bb\u00bb style=\u00bb\u00bb border_color=\u00bb\u00bb]<a href=\"https:\/\/www.statusholder.com\/premium\/\"><div  class=\"dima-iconbox dima-iconbox-shadow shadow-hover features-box text-center\" data-animate=transition.slideUpBigIn data-delay=300 data-duration=500 style=\"background-color:#ffffff;\"><header  class=\"icon-box-header  box-none\"  ><span  class=\"svg_icon  icon-box-small  \" ><svg version=\"1.1\" xmlns=\"http:\/\/www.w3.org\/2000\/svg\" xmlns:xlink=\"http:\/\/www.w3.org\/1999\/xlink\" width=\"32\" height=\"32\" viewBox=\"0 0 32 32\">\n<g>\n<\/g>\n\t<path d=\"M16 14h12v2h-12v-2z\" fill=\"#000000\" \/>\n\t<path d=\"M16 18.020h8v2h-8v-2z\" fill=\"#000000\" \/>\n\t<path d=\"M10 20h-10v-16h20v2.984h-2v-0.984h-16v12h8z\" fill=\"#000000\" \/>\n\t<path d=\"M3.971 8.984h6v2h-6v-2z\" fill=\"#000000\" \/>\n\t<path d=\"M3.971 13.004h6.029v2h-6.029v-2z\" fill=\"#000000\" \/>\n\t<path d=\"M12 31v-22h20v16h-13v-2h11v-12h-16v14l1.2-1.6 1.6 1.2z\" fill=\"#000000\" \/>\n<\/svg>\n<\/span><\/header><div  class=\"features-content\"  ><h5 class=\"features-title\" >Premium<\/h5><span class=\"dima-divider line-center line-hr small-line\"><\/span>La herramienta puede utilizarse gratuitamente. Sin embargo, los ajustes s\u00f3lo est\u00e1n disponibles con una licencia Premium.<\/div><\/div><\/a>[\/vc_column_inner][vc_column_inner animation=\u00bbtransition.slideUpBigIn\u00bb delay=\u00bb500&#8243; animate_item=\u00bb\u00bb delay_duration=\u00bb500&#8243; delay_offset=\u00bb\u00bb translate_x=\u00bb0&#8243; dima_z_index=\u00bb0&#8243; width=\u00bb1\/3&#8243; id=\u00bb\u00bb class=\u00bb\u00bb style=\u00bb\u00bb border_color=\u00bb\u00bb]<a href=\"https:\/\/www.statusholder.com\/download\/\"><div  class=\"dima-iconbox dima-iconbox-shadow shadow-hover features-box text-center\"  data-delay=500 data-duration=500 style=\"background-color:#ffffff;\"><header  class=\"icon-box-header  box-none\"  ><span  class=\"svg_icon  icon-box-small  \" ><svg version=\"1.1\" xmlns=\"http:\/\/www.w3.org\/2000\/svg\" xmlns:xlink=\"http:\/\/www.w3.org\/1999\/xlink\" width=\"32\" height=\"32\" viewBox=\"0 0 32 32\">\n<g>\n<\/g>\n\t<path d=\"M9 14h13v2h-13v-2z\" fill=\"#000000\" \/>\n\t<path d=\"M9 18h13v2h-13v-2z\" fill=\"#000000\" \/>\n\t<path d=\"M9 22h13v2h-13v-2z\" fill=\"#000000\" \/>\n\t<path d=\"M9 8h6v2h-6v-2z\" fill=\"#000000\" \/>\n\t<path d=\"M29 32h-27v-28h2v26h23v-28h-25v-2h27z\" fill=\"#000000\" \/>\n<\/svg>\n<\/span><\/header><div  class=\"features-content\"  ><h5 class=\"features-title\" >Descargar<\/h5><span class=\"dima-divider line-center line-hr small-line\"><\/span>El Portaestados est\u00e1 disponible actualmente para todas las versiones de Windows y no es necesario instalarlo.<\/div><\/div><\/a>[\/vc_column_inner][\/vc_row_inner][\/vc_column][\/vc_row]<\/p>\n<\/div>","protected":false},"excerpt":{"rendered":"<p>[vc_row bg_type=\u00bb\u00bb dima_canvas_style=\u00bb\u00bb translate_x=\u00bb0&#8243; dima_z_index=\u00bb0&#8243; delay=\u00bb\u00bb animate_item=\u00bb\u00bb delay_duration=\u00bb\u00bb delay_offset=\u00bb\u00bb top_and_bottom_padding=\u00bb\u00bb left_and_right_padding=\u00bb\u00bb id=\u00bb\u00bb class=\u00bb\u00bb border_color=\u00bb\u00bb][vc_column min_height=\u00bb\u00bb bg_type=\u00bb\u00bb dima_canvas_style=\u00bb\u00bb translate_x=\u00bb0&#8243; dima_z_index=\u00bb0&#8243; delay=\u00bb\u00bb animate_item=\u00bb\u00bb delay_duration=\u00bb\u00bb delay_offset=\u00bb\u00bb width=\u00bb1\/1&#8243;][\/vc_column][\/vc_row][vc_row bg_type=\u00bb\u00bb dima_canvas_style=\u00bb\u00bb cover=\u00bbtrue\u00bb cover_color=\u00bb#f7f7f7&#8243; translate_x=\u00bb0&#8243; dima_z_index=\u00bb0&#8243; delay=\u00bb\u00bb animate_item=\u00bb\u00bb delay_duration=\u00bb\u00bb delay_offset=\u00bb\u00bb di_bg_color=\u00bb#fafafa\u00bb top_and_bottom_padding=\u00bb\u00bb left_and_right_padding=\u00bb\u00bb class=\u00bb\u00bb style=\u00bb\u00bb css=\u00bb.vc_custom_1519122440983{background-color: #fafafa !important;}\u00bb border_color=\u00bb\u00bb id=\u00bb\u00bb][vc_column min_height=\u00bb\u00bb bg_type=\u00bb\u00bb dima_canvas_style=\u00bb\u00bb translate_x=\u00bb0&#8243; dima_z_index=\u00bb0&#8243; delay=\u00bb\u00bb animate_item=\u00bb\u00bb delay_duration=\u00bb\u00bb delay_offset=\u00bb\u00bb width=\u00bb1\/1&#8243;][vc_row_inner bg_type=\u00bbbg_color\u00bb [&hellip;]<\/p>\n","protected":false},"author":1,"featured_media":0,"parent":16155,"menu_order":0,"comment_status":"closed","ping_status":"closed","template":"","meta":{"_monsterinsights_skip_tracking":false,"_monsterinsights_sitenote_active":false,"_monsterinsights_sitenote_note":"","_monsterinsights_sitenote_category":0,"footnotes":""},"class_list":["post-16235","page","type-page","status-publish","hentry","no-post-thumbnail"],"_links":{"self":[{"href":"https:\/\/www.statusholder.com\/es\/wp-json\/wp\/v2\/pages\/16235","targetHints":{"allow":["GET"]}}],"collection":[{"href":"https:\/\/www.statusholder.com\/es\/wp-json\/wp\/v2\/pages"}],"about":[{"href":"https:\/\/www.statusholder.com\/es\/wp-json\/wp\/v2\/types\/page"}],"author":[{"embeddable":true,"href":"https:\/\/www.statusholder.com\/es\/wp-json\/wp\/v2\/users\/1"}],"replies":[{"embeddable":true,"href":"https:\/\/www.statusholder.com\/es\/wp-json\/wp\/v2\/comments?post=16235"}],"version-history":[{"count":33,"href":"https:\/\/www.statusholder.com\/es\/wp-json\/wp\/v2\/pages\/16235\/revisions"}],"predecessor-version":[{"id":30718,"href":"https:\/\/www.statusholder.com\/es\/wp-json\/wp\/v2\/pages\/16235\/revisions\/30718"}],"up":[{"embeddable":true,"href":"https:\/\/www.statusholder.com\/es\/wp-json\/wp\/v2\/pages\/16155"}],"wp:attachment":[{"href":"https:\/\/www.statusholder.com\/es\/wp-json\/wp\/v2\/media?parent=16235"}],"curies":[{"name":"wp","href":"https:\/\/api.w.org\/{rel}","templated":true}]}}