{"id":16247,"date":"2023-05-05T10:23:00","date_gmt":"2023-05-05T08:23:00","guid":{"rendered":"https:\/\/www.statusholder.com\/tienda\/"},"modified":"2024-03-24T12:24:17","modified_gmt":"2024-03-24T11:24:17","slug":"tienda","status":"publish","type":"page","link":"https:\/\/www.statusholder.com\/es\/tienda\/","title":{"rendered":"Tienda"},"content":{"rendered":"<div class=\"wpb-content-wrapper\"><p>[vc_row no_padding=\u00bbtrue\u00bb bg_type=\u00bb\u00bb dima_canvas_style=\u00bb\u00bb translate_x=\u00bb0&#8243; dima_z_index=\u00bb0&#8243; delay=\u00bb\u00bb animate_item=\u00bb\u00bb delay_duration=\u00bb\u00bb delay_offset=\u00bb\u00bb id=\u00bb\u00bb class=\u00bb\u00bb border_color=\u00bb\u00bb][vc_column min_height=\u00bb\u00bb content_position=\u00bbstart\u00bb bg_type=\u00bb\u00bb dima_canvas_style=\u00bb\u00bb translate_x=\u00bb0&#8243; dima_z_index=\u00bb0&#8243; delay=\u00bb\u00bb animate_item=\u00bb\u00bb delay_duration=\u00bb\u00bb delay_offset=\u00bb\u00bb width=\u00bb1\/1&#8243; id=\u00bb\u00bb class=\u00bb\u00bb style=\u00bb\u00bb border_color=\u00bb\u00bb]<div  class=\"dima-callout-btn-bottom no-border dima-callout dima-callout-69f31184a2edd text-start\"  ><div class=\"dima-section-cover background-image-holder dima-color-mask-69f31184a2edd\"><\/div><div class=\"background-image-hide background-cover\" data-bg-image=\"https:\/\/www.statusholder.com\/wp-content\/uploads\/2023\/05\/usb-flash-drive-gd83e9f1ed_1280.jpg\"><\/div><h4 class=\"h-callout\" style=\"color:#ffffff;\">Hardware Mouse Jiggler<\/h4><p class=\"p-callout\" style=\"color:#ffffff;\">Der USB Mouse Jiggler imitieren eine Mausbewegung am Computer. Somit wird man immer Online angezeigt.<\/p><a   href=\"https:\/\/www.statusholder.com\/shop\/usb-mouse-jiggler\/\"  class=\"dima-button dima-waves fill dima-btn-small dima-shadow dima-btn-no-rounded\"      >Comprar USB Mouse Jiggler<\/a><\/div><style id=\"dima-shortcode-style-69f31184a2edd\" type=\"text\/css\">.dima-callout-69f31184a2edd .dima-color-mask-69f31184a2edd{background:}<\/style><div  class=\"dima-clear\" style=\"padding-bottom:20px\"><\/div>[\/vc_column][\/vc_row][vc_row no_padding=\u00bbtrue\u00bb bg_type=\u00bb\u00bb dima_canvas_style=\u00bb\u00bb translate_x=\u00bb0&#8243; dima_z_index=\u00bb0&#8243; delay=\u00bb\u00bb animate_item=\u00bb\u00bb delay_duration=\u00bb\u00bb delay_offset=\u00bb\u00bb id=\u00bb\u00bb class=\u00bb\u00bb border_color=\u00bb\u00bb][vc_column min_height=\u00bb\u00bb content_position=\u00bbstart\u00bb bg_type=\u00bb\u00bb dima_canvas_style=\u00bb\u00bb translate_x=\u00bb0&#8243; dima_z_index=\u00bb0&#8243; delay=\u00bb\u00bb animate_item=\u00bb\u00bb delay_duration=\u00bb\u00bb delay_offset=\u00bb\u00bb width=\u00bb1\/1&#8243; id=\u00bb\u00bb class=\u00bb\u00bb style=\u00bb\u00bb border_color=\u00bb\u00bb]<div  class=\"dima-callout-btn-bottom no-border dima-callout dima-callout-69f31184a34c4 text-start\"  ><div class=\"dima-section-cover background-image-holder dima-color-mask-69f31184a34c4\"><\/div><div class=\"background-image-hide background-cover\" data-bg-image=\"https:\/\/www.statusholder.com\/wp-content\/uploads\/2023\/05\/woman-g3338b820f_1280.jpg\"><\/div><h4 class=\"h-callout\" style=\"color:#ffffff;\">Luces Ocupadas<\/h4><p class=\"p-callout\" style=\"color:#ffffff;\">Busy Lights sind ideal f\u00fcr Gro\u00dfraumb\u00fcros. Diese zeigen anderen Mitarbeitern von Weitem an, dass Sie gerade telefonieren.<\/p><a   href=\"https:\/\/www.statusholder.com\/shop\/busy-light\/\"  class=\"dima-button dima-waves fill dima-btn-small dima-shadow dima-btn-no-rounded\"      >Comprar Busy Lights<\/a><\/div><style id=\"dima-shortcode-style-69f31184a34c4\" type=\"text\/css\">.dima-callout-69f31184a34c4 .dima-color-mask-69f31184a34c4{background:}<\/style>[\/vc_column][\/vc_row]<\/p>\n<\/div>","protected":false},"excerpt":{"rendered":"<p>[vc_row no_padding=\u00bbtrue\u00bb bg_type=\u00bb\u00bb dima_canvas_style=\u00bb\u00bb translate_x=\u00bb0&#8243; dima_z_index=\u00bb0&#8243; delay=\u00bb\u00bb animate_item=\u00bb\u00bb delay_duration=\u00bb\u00bb delay_offset=\u00bb\u00bb id=\u00bb\u00bb class=\u00bb\u00bb border_color=\u00bb\u00bb][vc_column min_height=\u00bb\u00bb content_position=\u00bbstart\u00bb bg_type=\u00bb\u00bb dima_canvas_style=\u00bb\u00bb translate_x=\u00bb0&#8243; dima_z_index=\u00bb0&#8243; delay=\u00bb\u00bb animate_item=\u00bb\u00bb delay_duration=\u00bb\u00bb delay_offset=\u00bb\u00bb width=\u00bb1\/1&#8243; id=\u00bb\u00bb class=\u00bb\u00bb style=\u00bb\u00bb border_color=\u00bb\u00bb][\/vc_column][\/vc_row][vc_row no_padding=\u00bbtrue\u00bb bg_type=\u00bb\u00bb dima_canvas_style=\u00bb\u00bb translate_x=\u00bb0&#8243; dima_z_index=\u00bb0&#8243; delay=\u00bb\u00bb animate_item=\u00bb\u00bb delay_duration=\u00bb\u00bb delay_offset=\u00bb\u00bb id=\u00bb\u00bb class=\u00bb\u00bb border_color=\u00bb\u00bb][vc_column min_height=\u00bb\u00bb content_position=\u00bbstart\u00bb bg_type=\u00bb\u00bb dima_canvas_style=\u00bb\u00bb translate_x=\u00bb0&#8243; dima_z_index=\u00bb0&#8243; delay=\u00bb\u00bb animate_item=\u00bb\u00bb delay_duration=\u00bb\u00bb delay_offset=\u00bb\u00bb width=\u00bb1\/1&#8243; id=\u00bb\u00bb class=\u00bb\u00bb style=\u00bb\u00bb border_color=\u00bb\u00bb][\/vc_column][\/vc_row]<\/p>\n","protected":false},"author":1,"featured_media":0,"parent":0,"menu_order":0,"comment_status":"closed","ping_status":"closed","template":"","meta":{"_monsterinsights_skip_tracking":false,"_monsterinsights_sitenote_active":false,"_monsterinsights_sitenote_note":"","_monsterinsights_sitenote_category":0,"footnotes":""},"class_list":["post-16247","page","type-page","status-publish","hentry","no-post-thumbnail"],"_links":{"self":[{"href":"https:\/\/www.statusholder.com\/es\/wp-json\/wp\/v2\/pages\/16247","targetHints":{"allow":["GET"]}}],"collection":[{"href":"https:\/\/www.statusholder.com\/es\/wp-json\/wp\/v2\/pages"}],"about":[{"href":"https:\/\/www.statusholder.com\/es\/wp-json\/wp\/v2\/types\/page"}],"author":[{"embeddable":true,"href":"https:\/\/www.statusholder.com\/es\/wp-json\/wp\/v2\/users\/1"}],"replies":[{"embeddable":true,"href":"https:\/\/www.statusholder.com\/es\/wp-json\/wp\/v2\/comments?post=16247"}],"version-history":[{"count":2,"href":"https:\/\/www.statusholder.com\/es\/wp-json\/wp\/v2\/pages\/16247\/revisions"}],"predecessor-version":[{"id":16259,"href":"https:\/\/www.statusholder.com\/es\/wp-json\/wp\/v2\/pages\/16247\/revisions\/16259"}],"wp:attachment":[{"href":"https:\/\/www.statusholder.com\/es\/wp-json\/wp\/v2\/media?parent=16247"}],"curies":[{"name":"wp","href":"https:\/\/api.w.org\/{rel}","templated":true}]}}