{"id":16267,"date":"2023-05-05T11:12:36","date_gmt":"2023-05-05T09:12:36","guid":{"rendered":"https:\/\/www.statusholder.com\/tienda\/raton-usb-jiggler\/"},"modified":"2025-05-13T23:31:13","modified_gmt":"2025-05-13T21:31:13","slug":"raton-usb-jiggler","status":"publish","type":"page","link":"https:\/\/www.statusholder.com\/es\/tienda\/raton-usb-jiggler\/","title":{"rendered":"Rat\u00f3n USB Jiggler"},"content":{"rendered":"<div class=\"wpb-content-wrapper\"><p>[vc_row no_padding=\u00bbtrue\u00bb bg_type=\u00bb\u00bb dima_canvas_style=\u00bb\u00bb translate_x=\u00bb0&#8243; dima_z_index=\u00bb0&#8243; delay=\u00bb\u00bb animate_item=\u00bb\u00bb delay_duration=\u00bb\u00bb delay_offset=\u00bb\u00bb id=\u00bb\u00bb class=\u00bb\u00bb border_color=\u00bb\u00bb][vc_column min_height=\u00bb\u00bb bg_type=\u00bb\u00bb dima_canvas_style=\u00bb\u00bb translate_x=\u00bb0&#8243; dima_z_index=\u00bb0&#8243; delay=\u00bb\u00bb animate_item=\u00bb\u00bb delay_duration=\u00bb\u00bb delay_offset=\u00bb\u00bb width=\u00bb1\/1&#8243;]<h4  class=\"dima-custom-heading\"   > <i class= \"fas fa-tv\" > <\/i> Software<\/h4>[\/vc_column][\/vc_row][vc_row no_padding=\u00bbtrue\u00bb bg_type=\u00bb\u00bb dima_canvas_style=\u00bb\u00bb translate_x=\u00bb0&#8243; dima_z_index=\u00bb0&#8243; delay=\u00bb\u00bb animate_item=\u00bb\u00bb delay_duration=\u00bb\u00bb delay_offset=\u00bb\u00bb id=\u00bb\u00bb class=\u00bb\u00bb border_color=\u00bb\u00bb][vc_column min_height=\u00bb\u00bb bg_type=\u00bb\u00bb dima_canvas_style=\u00bb\u00bb translate_x=\u00bb0&#8243; dima_z_index=\u00bb0&#8243; delay=\u00bb\u00bb animate_item=\u00bb\u00bb delay_duration=\u00bb\u00bb delay_offset=\u00bb\u00bb width=\u00bb1\/1&#8243;]<div  class=\"no-border dima-callout dima-callout-69f30ee31a660 text-start dima-box-shadow\"  ><div class=\"dima-section-cover background-image-holder dima-color-mask-69f30ee31a660\"><\/div><div class=\"dima-callout-clm1\"><h4 class=\"h-callout\" style=\"color:#ffffff;\">Aplicaci\u00f3n StatusHolder<\/h4><p class=\"p-callout\" style=\"color:#ffffff;\">- Muss nicht installiert werden - Wird nicht erkannt - Kostenlos<\/p><\/div><div class=\"dima-callout-clm2 text-end\"><a   href=\"https:\/\/www.statusholder.com\/download\/\"  class=\"dima-button dima-waves di_white fill dima-btn-small dima-shadow\" data-animate=transition.fadeIn     ><i class=\"fas fa-download\"><\/i>Descarga gratuita<\/a><\/div><\/div><style id=\"dima-shortcode-style-69f30ee31a660\" type=\"text\/css\">.dima-callout-69f30ee31a660 .dima-color-mask-69f30ee31a660{background:}<\/style><div  class=\"dima-clear\" style=\"padding-bottom:30px\"><\/div>[\/vc_column][\/vc_row][vc_row no_padding=\u00bbtrue\u00bb bg_type=\u00bb\u00bb dima_canvas_style=\u00bb\u00bb translate_x=\u00bb0&#8243; dima_z_index=\u00bb0&#8243; delay=\u00bb\u00bb animate_item=\u00bb\u00bb delay_duration=\u00bb\u00bb delay_offset=\u00bb\u00bb id=\u00bb\u00bb class=\u00bb\u00bb border_color=\u00bb\u00bb][vc_column min_height=\u00bb\u00bb bg_type=\u00bb\u00bb dima_canvas_style=\u00bb\u00bb translate_x=\u00bb0&#8243; dima_z_index=\u00bb0&#8243; delay=\u00bb\u00bb animate_item=\u00bb\u00bb delay_duration=\u00bb\u00bb delay_offset=\u00bb\u00bb width=\u00bb1\/1&#8243;]<h4  class=\"dima-custom-heading\"   > <i class= \"fas fa-mouse-pointer\" > <\/i> Rat\u00f3n digital Jiggler<\/h4>[\/vc_column][\/vc_row][vc_row no_padding=\u00bbtrue\u00bb bg_type=\u00bb\u00bb dima_canvas_style=\u00bb\u00bb translate_x=\u00bb0&#8243; dima_z_index=\u00bb0&#8243; delay=\u00bb\u00bb animate_item=\u00bb\u00bb delay_duration=\u00bb\u00bb delay_offset=\u00bb\u00bb id=\u00bb\u00bb class=\u00bb\u00bb border_color=\u00bb\u00bb][vc_column min_height=\u00bb\u00bb bg_type=\u00bb\u00bb dima_canvas_style=\u00bb\u00bb translate_x=\u00bb0&#8243; dima_z_index=\u00bb0&#8243; delay=\u00bb\u00bb animate_item=\u00bb\u00bb delay_duration=\u00bb\u00bb delay_offset=\u00bb\u00bb width=\u00bb1\/1&#8243;]<div  class=\"no-border dima-callout dima-callout-69f30ee31a876 text-start dima-box-shadow\"  ><div class=\"dima-section-cover background-image-holder dima-color-mask-69f30ee31a876\"><\/div><div class=\"background-image-hide background-cover\" data-bg-image=\"https:\/\/www.statusholder.com\/wp-content\/uploads\/2023\/05\/51yIS6ZqrDL._AC_SY879_.jpg\"><\/div><div class=\"dima-callout-clm1\"><h4 class=\"h-callout\" style=\"color:#ffffff;\">VAYDEER Mouse Jiggler USB<\/h4><p class=\"p-callout\" style=\"color:#ffffff;\">- Multitrack (Cursor automatisch in verschiedenen Flugbahnen) - On\/Off Button - 3 einstellbare Bewegungsmodi<\/p><\/div><div class=\"dima-callout-clm2 text-end\"><a href=\"https:\/\/amzn.to\/43Auzkb\" class=\"dima-button dima-waves di_white fill dima-btn-small dima-shadow\" target=\"_blank\" rel=\"noopener\" .fadeIn><i class=\"fas fa-shopping-cart\"><\/i>Comprar<\/a><\/div><\/div><style id=\"dima-shortcode-style-69f30ee31a876\" type=\"text\/css\">.dima-callout-69f30ee31a876 .dima-color-mask-69f30ee31a876{background:}<\/style><div  class=\"dima-clear\" style=\"padding-bottom:15px\"><\/div>[\/vc_column][\/vc_row][vc_row no_padding=\u00bbtrue\u00bb bg_type=\u00bb\u00bb dima_canvas_style=\u00bb\u00bb translate_x=\u00bb0&#8243; dima_z_index=\u00bb0&#8243; delay=\u00bb\u00bb animate_item=\u00bb\u00bb delay_duration=\u00bb\u00bb delay_offset=\u00bb\u00bb id=\u00bb\u00bb class=\u00bb\u00bb border_color=\u00bb\u00bb][vc_column min_height=\u00bb\u00bb bg_type=\u00bb\u00bb dima_canvas_style=\u00bb\u00bb translate_x=\u00bb0&#8243; dima_z_index=\u00bb0&#8243; delay=\u00bb\u00bb animate_item=\u00bb\u00bb delay_duration=\u00bb\u00bb delay_offset=\u00bb\u00bb width=\u00bb1\/1&#8243;]<div  class=\"no-border dima-callout dima-callout-69f30ee31acf3 text-start dima-box-shadow\"  ><div class=\"dima-section-cover background-image-holder dima-color-mask-69f30ee31acf3\"><\/div><div class=\"background-image-hide background-cover\" data-bg-image=\"https:\/\/www.statusholder.com\/wp-content\/uploads\/2024\/12\/cooidea.jpg\"><\/div><div class=\"dima-callout-clm1\"><h4 class=\"h-callout\" style=\"color:#ffffff;\">Cooidea Mouse Jiggler con USB-C<\/h4><p class=\"p-callout\" style=\"color:#ffffff;\">- EIN\/AUS Schalter - Verschiedene Mausbewegungen und Mausklicks - USB-C Anschluss<\/p><\/div><div class=\"dima-callout-clm2 text-end\"><a href=\"https:\/\/amzn.to\/4gS7Fvg\" class=\"dima-button dima-waves di_white fill dima-btn-small dima-shadow\" target=\"_blank\" rel=\"noopener\" .fadeIn><i class=\"fas fa-shopping-cart\"><\/i>Comprar<\/a><\/div><\/div><style id=\"dima-shortcode-style-69f30ee31acf3\" type=\"text\/css\">.dima-callout-69f30ee31acf3 .dima-color-mask-69f30ee31acf3{background:}<\/style><div  class=\"dima-clear\" style=\"padding-bottom:50px\"><\/div>[\/vc_column][\/vc_row][vc_row no_padding=\u00bbtrue\u00bb bg_type=\u00bb\u00bb dima_canvas_style=\u00bb\u00bb translate_x=\u00bb0&#8243; dima_z_index=\u00bb0&#8243; delay=\u00bb\u00bb animate_item=\u00bb\u00bb delay_duration=\u00bb\u00bb delay_offset=\u00bb\u00bb id=\u00bb\u00bb class=\u00bb\u00bb border_color=\u00bb\u00bb][vc_column min_height=\u00bb\u00bb bg_type=\u00bb\u00bb dima_canvas_style=\u00bb\u00bb translate_x=\u00bb0&#8243; dima_z_index=\u00bb0&#8243; delay=\u00bb\u00bb animate_item=\u00bb\u00bb delay_duration=\u00bb\u00bb delay_offset=\u00bb\u00bb width=\u00bb1\/1&#8243;]<h4  class=\"dima-custom-heading\"   > <i class= \"fas fa-sync\" > <\/i> Rat\u00f3n mec\u00e1nico Jiggler<\/h4>[\/vc_column][\/vc_row][vc_row no_padding=\u00bbtrue\u00bb bg_type=\u00bb\u00bb dima_canvas_style=\u00bb\u00bb translate_x=\u00bb0&#8243; dima_z_index=\u00bb0&#8243; delay=\u00bb\u00bb animate_item=\u00bb\u00bb delay_duration=\u00bb\u00bb delay_offset=\u00bb\u00bb id=\u00bb\u00bb class=\u00bb\u00bb border_color=\u00bb\u00bb][vc_column min_height=\u00bb\u00bb bg_type=\u00bb\u00bb dima_canvas_style=\u00bb\u00bb translate_x=\u00bb0&#8243; dima_z_index=\u00bb0&#8243; delay=\u00bb\u00bb animate_item=\u00bb\u00bb delay_duration=\u00bb\u00bb delay_offset=\u00bb\u00bb width=\u00bb1\/1&#8243;]<div  class=\"no-border dima-callout dima-callout-69f30ee31b357 text-start dima-box-shadow\"  ><div class=\"dima-section-cover background-image-holder dima-color-mask-69f30ee31b357\"><\/div><div class=\"background-image-hide background-cover\" data-bg-image=\"https:\/\/www.statusholder.com\/wp-content\/uploads\/2024\/12\/vaydeer.jpg\"><\/div><div class=\"dima-callout-clm1\"><h4 class=\"h-callout\" style=\"color:#ffffff;\">Rat\u00f3n Vaydeer Jiggler<\/h4><p class=\"p-callout\" style=\"color:#ffffff;\">- EIN\/AUS Schalter - Mit USB Anschluss - Maus wird auf den MouseJiggler gelegt<\/p><\/div><div class=\"dima-callout-clm2 text-end\"><a href=\"https:\/\/amzn.to\/3BJ8LKT\" class=\"dima-button dima-waves di_white fill dima-btn-small dima-shadow\" target=\"_blank\" rel=\"noopener\" .fadeIn><i class=\"fas fa-shopping-cart\"><\/i>Comprar<\/a><\/div><\/div><style id=\"dima-shortcode-style-69f30ee31b357\" type=\"text\/css\">.dima-callout-69f30ee31b357 .dima-color-mask-69f30ee31b357{background:}<\/style><div  class=\"dima-clear\" style=\"padding-bottom:15px\"><\/div>[\/vc_column][\/vc_row][vc_row no_padding=\u00bbtrue\u00bb bg_type=\u00bb\u00bb dima_canvas_style=\u00bb\u00bb translate_x=\u00bb0&#8243; dima_z_index=\u00bb0&#8243; delay=\u00bb\u00bb animate_item=\u00bb\u00bb delay_duration=\u00bb\u00bb delay_offset=\u00bb\u00bb id=\u00bb\u00bb class=\u00bb\u00bb border_color=\u00bb\u00bb][vc_column min_height=\u00bb\u00bb bg_type=\u00bb\u00bb dima_canvas_style=\u00bb\u00bb translate_x=\u00bb0&#8243; dima_z_index=\u00bb0&#8243; delay=\u00bb\u00bb animate_item=\u00bb\u00bb delay_duration=\u00bb\u00bb delay_offset=\u00bb\u00bb width=\u00bb1\/1&#8243;]<div  class=\"no-border dima-callout dima-callout-69f30ee31b613 text-start dima-box-shadow\"  ><div class=\"dima-section-cover background-image-holder dima-color-mask-69f30ee31b613\"><\/div><div class=\"background-image-hide background-cover\" data-bg-image=\"https:\/\/www.statusholder.com\/wp-content\/uploads\/2023\/05\/61MOiRTkihL._AC_SY879_.jpg\"><\/div><div class=\"dima-callout-clm1\"><h4 class=\"h-callout\" style=\"color:#ffffff;\">Rat\u00f3n mec\u00e1nico Meatanty Jiggler<\/h4><p class=\"p-callout\" style=\"color:#ffffff;\">- Extrem leise - Auch gro\u00dfe M\u00e4use - Maus wird auf den MouseJiggler gelegt<\/p><\/div><div class=\"dima-callout-clm2 text-end\"><a href=\"https:\/\/amzn.to\/43cZ9jM\" class=\"dima-button dima-waves di_white fill dima-btn-small dima-shadow\" target=\"_blank\" rel=\"noopener\" .fadeIn><i class=\"fas fa-shopping-cart\"><\/i>Comprar<\/a><\/div><\/div><style id=\"dima-shortcode-style-69f30ee31b613\" type=\"text\/css\">.dima-callout-69f30ee31b613 .dima-color-mask-69f30ee31b613{background:}<\/style><div  class=\"dima-clear\" style=\"padding-bottom:15px\"><\/div><div  class=\"dima-clear\" style=\"padding-bottom:70px\"><\/div>[\/vc_column][\/vc_row][vc_row no_padding=\u00bbtrue\u00bb bg_type=\u00bb\u00bb dima_canvas_style=\u00bb\u00bb translate_x=\u00bb0&#8243; dima_z_index=\u00bb0&#8243; delay=\u00bb\u00bb animate_item=\u00bb\u00bb delay_duration=\u00bb\u00bb delay_offset=\u00bb\u00bb id=\u00bb\u00bb class=\u00bb\u00bb border_color=\u00bb\u00bb][vc_column min_height=\u00bb\u00bb bg_type=\u00bb\u00bb dima_canvas_style=\u00bb\u00bb translate_x=\u00bb0&#8243; dima_z_index=\u00bb0&#8243; delay=\u00bb\u00bb animate_item=\u00bb\u00bb delay_duration=\u00bb\u00bb delay_offset=\u00bb\u00bb width=\u00bb1\/1&#8243;]<h2  class=\"dima-custom-heading\"   >\u00bfQu\u00e9 es un sacudidor de ratones?<\/h2>\n\t<div class=\"wpb_content_element \" >\n\t\t<div class=\"wpb_wrapper\">\n\t\t\t<p>Un mouse jiggler es una pieza de software o hardware que simula el movimiento de un rat\u00f3n de ordenador o incluso lo mueve realmente.<\/p>\n\n\t\t<\/div> \n\t<\/div> [\/vc_column][\/vc_row][vc_row no_padding=\u00bbtrue\u00bb bg_type=\u00bb\u00bb dima_canvas_style=\u00bb\u00bb translate_x=\u00bb0&#8243; dima_z_index=\u00bb0&#8243; delay=\u00bb\u00bb animate_item=\u00bb\u00bb delay_duration=\u00bb\u00bb delay_offset=\u00bb\u00bb id=\u00bb\u00bb class=\u00bb\u00bb border_color=\u00bb\u00bb][vc_column min_height=\u00bb\u00bb bg_type=\u00bb\u00bb dima_canvas_style=\u00bb\u00bb translate_x=\u00bb0&#8243; dima_z_index=\u00bb0&#8243; delay=\u00bb\u00bb animate_item=\u00bb\u00bb delay_duration=\u00bb\u00bb delay_offset=\u00bb\u00bb width=\u00bb1\/1&#8243;]<h2  class=\"dima-custom-heading\"   >\u00bfPara qu\u00e9 necesitas un sacudidor de ratones?<\/h2>\n\t<div class=\"wpb_content_element \" >\n\t\t<div class=\"wpb_wrapper\">\n\t\t\t<p><strong>Los jigglers de rat\u00f3n se utilizan para simular la entrada de datos del usuario en el ordenador mediante un rat\u00f3n, incluso cuando el usuario no est\u00e1 trabajando en el ordenador.<\/strong><\/p>\n<p>Esto tiene la ventaja de que no se activa el salvapantallas.<br \/>\nA menudo, este salvapantallas no puede desactivarse en los dispositivos de la empresa. <\/p>\n<p>Adem\u00e1s, muchos programas como Microsoft Teams utilizan la marca de tiempo de la \u00faltima entrada del usuario para el estado en l\u00ednea del empleado. Por supuesto, esto es pr\u00e1ctico cuando los compa\u00f1eros pueden ver si est\u00e1s disponible o no. Sin embargo, el supervisor tambi\u00e9n puede controlar el comportamiento laboral del empleado. Los empleados pueden evitarlo con un sacudidor de rat\u00f3n adecuado. Esto significa que <a href=\"https:\/\/www.statusholder.com\/es\/estado-de-los-equipos-siempre-en-verde-con-2-pasos\/\">siempre est\u00e1s verde en los equipos<\/a>, incluso cuando no est\u00e1s sentado delante del ordenador.<\/p>\n\n\t\t<\/div> \n\t<\/div> <div  class=\"dima-img columns-2 text-center column-item overflow-hidden\"       ><div class=\"effect-julia\"><a data-caption=\"\" class=\"\" href=\"https:\/\/www.statusholder.com\/wp-content\/uploads\/2023\/05\/51yIS6ZqrDL._AC_SY879_.jpg\" data-fancybox><img decoding=\"async\" width=\"300\" height=\"267\" src=\"https:\/\/www.statusholder.com\/wp-content\/uploads\/2023\/05\/51yIS6ZqrDL._AC_SY879_-100x89.jpg\" class=\"dima_image-img dima-image attachment-medium lazyload js-lazy-image\" alt=\"\" data-src=\"https:\/\/www.statusholder.com\/wp-content\/uploads\/2023\/05\/51yIS6ZqrDL._AC_SY879_-300x267.jpg\" data-srcset=\"https:\/\/www.statusholder.com\/wp-content\/uploads\/2023\/05\/51yIS6ZqrDL._AC_SY879_-300x267.jpg 300w, https:\/\/www.statusholder.com\/wp-content\/uploads\/2023\/05\/51yIS6ZqrDL._AC_SY879_-768x685.jpg 768w, https:\/\/www.statusholder.com\/wp-content\/uploads\/2023\/05\/51yIS6ZqrDL._AC_SY879_-585x522.jpg 585w, https:\/\/www.statusholder.com\/wp-content\/uploads\/2023\/05\/51yIS6ZqrDL._AC_SY879_-100x89.jpg 100w, https:\/\/www.statusholder.com\/wp-content\/uploads\/2023\/05\/51yIS6ZqrDL._AC_SY879_.jpg 986w\" data-sizes=\"(max-width: 300px) 100vw, 300px\" \/><\/a><\/div><\/div><div  class=\"dima-clear\" style=\"padding-bottom:15px\"><\/div>[\/vc_column][\/vc_row][vc_row no_padding=\u00bbtrue\u00bb bg_type=\u00bb\u00bb dima_canvas_style=\u00bb\u00bb translate_x=\u00bb0&#8243; dima_z_index=\u00bb0&#8243; delay=\u00bb\u00bb animate_item=\u00bb\u00bb delay_duration=\u00bb\u00bb delay_offset=\u00bb\u00bb id=\u00bb\u00bb class=\u00bb\u00bb border_color=\u00bb\u00bb][vc_column min_height=\u00bb\u00bb bg_type=\u00bb\u00bb dima_canvas_style=\u00bb\u00bb translate_x=\u00bb0&#8243; dima_z_index=\u00bb0&#8243; delay=\u00bb\u00bb animate_item=\u00bb\u00bb delay_duration=\u00bb\u00bb delay_offset=\u00bb\u00bb width=\u00bb1\/1&#8243;]<h2  class=\"dima-custom-heading\"   >Las distintas variantes<\/h2>\n\t<div class=\"wpb_content_element \" >\n\t\t<div class=\"wpb_wrapper\">\n\t\t\t<p>Se hace una distinci\u00f3n b\u00e1sica entre sacudidores de rat\u00f3n por hardware y por software.<br \/>\nAmbos tienen sus ventajas y sus inconvenientes. <\/p>\n\n\t\t<\/div> \n\t<\/div> <h3  class=\"dima-custom-heading\"   >Hardware<\/h3>\n\t<div class=\"wpb_content_element \" >\n\t\t<div class=\"wpb_wrapper\">\n\t\t\t<p>Tambi\u00e9n existen varios agitadores de rat\u00f3n por hardware.<br \/>\nEl tipo m\u00e1s sencillo es un rat\u00f3n USB, que cl\u00e1sicamente se conecta al puerto USB del ordenador.<br \/>\nEl jiggler empieza a mover el rat\u00f3n, simulando la entrada del usuario aunque la persona no est\u00e9 delante del ordenador.  <\/p>\n<p>Como alternativa, tambi\u00e9n existen <a href=\"https:\/\/www.itnator.net\/mouse-jiggler-mechanisch-das-sind-die-besten\/\" target=\"_blank\" rel=\"noopener\">sacudidores mec\u00e1nicos para ratones<\/a>. Mueven el rat\u00f3n del ordenador coloc\u00e1ndolo sobre un disco giratorio. Est\u00e1n disponibles con bater\u00eda recargable, pero tambi\u00e9n con fuente de alimentaci\u00f3n USB.<\/p>\n<p>La ventaja de estos dispositivos es que no ejecutan ning\u00fan software que pueda ser reconocido en determinadas circunstancias.<br \/>\nLas desventajas, sin embargo, son que no es muy c\u00f3modo llevar una memoria USB encima.<br \/>\nEsto tambi\u00e9n puede perderse r\u00e1pidamente y cuesta dinero.  <\/p>\n\n\t\t<\/div> \n\t<\/div> <h3  class=\"dima-custom-heading\"   >Software<\/h3>\n\t<div class=\"wpb_content_element \" >\n\t\t<div class=\"wpb_wrapper\">\n\t\t\t<p>Mientras tanto, tambi\u00e9n hay un mont\u00f3n de software mouose jigglers que hacen lo mismo.<br \/>\nSimulan el movimiento del rat\u00f3n o la entrada del teclado. <\/p>\n<p>La ventaja del software es que hay m\u00e1s opciones y ajustes.<br \/>\nPor ejemplo, el software puede iniciarse autom\u00e1ticamente y apagar el ordenador a una hora determinada.<br \/>\nEsto es al menos posible con el Portaestatus y lo disfrutan miles de usuarios.  <\/p>\n<p><a href=\"https:\/\/www.statusholder.com\/es\/descargar\/\">Descargar gratis Status Holder<\/a><\/p>\n\n\t\t<\/div> \n\t<\/div> [\/vc_column][\/vc_row][vc_row no_padding=\u00bbtrue\u00bb bg_type=\u00bb\u00bb dima_canvas_style=\u00bb\u00bb translate_x=\u00bb0&#8243; dima_z_index=\u00bb0&#8243; delay=\u00bb\u00bb animate_item=\u00bb\u00bb delay_duration=\u00bb\u00bb delay_offset=\u00bb\u00bb id=\u00bb\u00bb class=\u00bb\u00bb border_color=\u00bb\u00bb][vc_column min_height=\u00bb\u00bb bg_type=\u00bb\u00bb dima_canvas_style=\u00bb\u00bb translate_x=\u00bb0&#8243; dima_z_index=\u00bb0&#8243; delay=\u00bb\u00bb animate_item=\u00bb\u00bb delay_duration=\u00bb\u00bb delay_offset=\u00bb\u00bb width=\u00bb1\/1&#8243;]<h2  class=\"dima-custom-heading\"   >\u00bfReconocen los inform\u00e1ticos los sacudidores de rat\u00f3n?<\/h2>\n\t<div class=\"wpb_content_element \" >\n\t\t<div class=\"wpb_wrapper\">\n\t\t\t<p>Los jigglers de rat\u00f3n son dif\u00edciles de reconocer debido a su modo de funcionamiento muy simple, ya que a menudo s\u00f3lo son reconocidos por el ordenador como un rat\u00f3n.<br \/>\nAl menos eso ocurre con las memorias USB de hardware. <\/p>\n<p>Los sacudidores de rat\u00f3n por software, como el Status Holder, no necesitan instalarse ni ejecutarse en el contexto del usuario, lo que dificulta enormemente su reconocimiento.<\/p>\n<p>No obstante, hay que decir que el hardware y el software a\u00fan pueden ser reconocidos por la inform\u00e1tica interna si se buscan expl\u00edcitamente y la situaci\u00f3n jur\u00eddica lo permite, lo que no suele ser el caso.<\/p>\n<p>https:\/\/www.itnator.net\/ist-ein-mouse-jiggler-nachweisbar-2-fakten\/<\/p>\n\n\t\t<\/div> \n\t<\/div> [\/vc_column][\/vc_row][vc_row no_padding=\u00bbtrue\u00bb bg_type=\u00bb\u00bb dima_canvas_style=\u00bb\u00bb translate_x=\u00bb0&#8243; dima_z_index=\u00bb0&#8243; delay=\u00bb\u00bb animate_item=\u00bb\u00bb delay_duration=\u00bb\u00bb delay_offset=\u00bb\u00bb id=\u00bb\u00bb class=\u00bb\u00bb border_color=\u00bb\u00bb][vc_column min_height=\u00bb\u00bb bg_type=\u00bb\u00bb dima_canvas_style=\u00bb\u00bb translate_x=\u00bb0&#8243; dima_z_index=\u00bb0&#8243; delay=\u00bb\u00bb animate_item=\u00bb\u00bb delay_duration=\u00bb\u00bb delay_offset=\u00bb\u00bb width=\u00bb1\/1&#8243;]<h2  class=\"dima-custom-heading\"   >\u00bfQu\u00e9 rat\u00f3n es el mejor?<\/h2>\n\t<div class=\"wpb_content_element \" >\n\t\t<div class=\"wpb_wrapper\">\n\t\t\t<p>En nuestra opini\u00f3n, no existe EL MEJOR sacudidor de ratones.<br \/>\nDepende del \u00e1mbito de aplicaci\u00f3n y de las necesidades del usuario.<br \/>\nLos agitadores de rat\u00f3n por software suelen tener muchas opciones de ajuste y son gratuitos en las versiones b\u00e1sicas.<br \/>\nEl hardware cuesta dinero una vez y tiene pocas funciones, pero es el menos reconocido.   <\/p>\n<p>En la parte superior de la p\u00e1gina hemos incluido enlaces a buenos ratones USB.<\/p>\n\n\t\t<\/div> \n\t<\/div> [\/vc_column][\/vc_row]<\/p>\n<\/div>","protected":false},"excerpt":{"rendered":"<p>[vc_row no_padding=\u00bbtrue\u00bb bg_type=\u00bb\u00bb dima_canvas_style=\u00bb\u00bb translate_x=\u00bb0&#8243; dima_z_index=\u00bb0&#8243; delay=\u00bb\u00bb animate_item=\u00bb\u00bb delay_duration=\u00bb\u00bb delay_offset=\u00bb\u00bb id=\u00bb\u00bb class=\u00bb\u00bb border_color=\u00bb\u00bb][vc_column min_height=\u00bb\u00bb bg_type=\u00bb\u00bb dima_canvas_style=\u00bb\u00bb translate_x=\u00bb0&#8243; dima_z_index=\u00bb0&#8243; delay=\u00bb\u00bb animate_item=\u00bb\u00bb delay_duration=\u00bb\u00bb delay_offset=\u00bb\u00bb width=\u00bb1\/1&#8243;][\/vc_column][\/vc_row][vc_row no_padding=\u00bbtrue\u00bb bg_type=\u00bb\u00bb dima_canvas_style=\u00bb\u00bb translate_x=\u00bb0&#8243; dima_z_index=\u00bb0&#8243; delay=\u00bb\u00bb animate_item=\u00bb\u00bb delay_duration=\u00bb\u00bb delay_offset=\u00bb\u00bb id=\u00bb\u00bb class=\u00bb\u00bb border_color=\u00bb\u00bb][vc_column min_height=\u00bb\u00bb bg_type=\u00bb\u00bb dima_canvas_style=\u00bb\u00bb translate_x=\u00bb0&#8243; dima_z_index=\u00bb0&#8243; delay=\u00bb\u00bb animate_item=\u00bb\u00bb delay_duration=\u00bb\u00bb delay_offset=\u00bb\u00bb width=\u00bb1\/1&#8243;][\/vc_column][\/vc_row][vc_row no_padding=\u00bbtrue\u00bb bg_type=\u00bb\u00bb dima_canvas_style=\u00bb\u00bb translate_x=\u00bb0&#8243; dima_z_index=\u00bb0&#8243; delay=\u00bb\u00bb animate_item=\u00bb\u00bb delay_duration=\u00bb\u00bb delay_offset=\u00bb\u00bb id=\u00bb\u00bb [&hellip;]<\/p>\n","protected":false},"author":1,"featured_media":0,"parent":16247,"menu_order":0,"comment_status":"closed","ping_status":"closed","template":"","meta":{"_monsterinsights_skip_tracking":false,"_monsterinsights_sitenote_active":false,"_monsterinsights_sitenote_note":"","_monsterinsights_sitenote_category":0,"footnotes":""},"class_list":["post-16267","page","type-page","status-publish","hentry","no-post-thumbnail"],"_links":{"self":[{"href":"https:\/\/www.statusholder.com\/es\/wp-json\/wp\/v2\/pages\/16267","targetHints":{"allow":["GET"]}}],"collection":[{"href":"https:\/\/www.statusholder.com\/es\/wp-json\/wp\/v2\/pages"}],"about":[{"href":"https:\/\/www.statusholder.com\/es\/wp-json\/wp\/v2\/types\/page"}],"author":[{"embeddable":true,"href":"https:\/\/www.statusholder.com\/es\/wp-json\/wp\/v2\/users\/1"}],"replies":[{"embeddable":true,"href":"https:\/\/www.statusholder.com\/es\/wp-json\/wp\/v2\/comments?post=16267"}],"version-history":[{"count":9,"href":"https:\/\/www.statusholder.com\/es\/wp-json\/wp\/v2\/pages\/16267\/revisions"}],"predecessor-version":[{"id":30483,"href":"https:\/\/www.statusholder.com\/es\/wp-json\/wp\/v2\/pages\/16267\/revisions\/30483"}],"up":[{"embeddable":true,"href":"https:\/\/www.statusholder.com\/es\/wp-json\/wp\/v2\/pages\/16247"}],"wp:attachment":[{"href":"https:\/\/www.statusholder.com\/es\/wp-json\/wp\/v2\/media?parent=16267"}],"curies":[{"name":"wp","href":"https:\/\/api.w.org\/{rel}","templated":true}]}}