{"id":16418,"date":"2022-01-13T16:14:28","date_gmt":"2022-01-13T15:14:28","guid":{"rendered":"https:\/\/www.statusholder.com\/caracteristicas\/registro-de-cambios\/"},"modified":"2026-01-10T22:06:00","modified_gmt":"2026-01-10T21:06:00","slug":"registro-de-cambios","status":"publish","type":"page","link":"https:\/\/www.statusholder.com\/es\/caracteristicas\/registro-de-cambios\/","title":{"rendered":"Registro de cambios"},"content":{"rendered":"<div class=\"wpb-content-wrapper\"><p>[vc_row bg_type=\u00bb\u00bb dima_canvas_style=\u00bb\u00bb translate_x=\u00bb0&#8243; dima_z_index=\u00bb0&#8243; delay=\u00bb\u00bb animate_item=\u00bb\u00bb delay_duration=\u00bb\u00bb delay_offset=\u00bb\u00bb][vc_column min_height=\u00bb\u00bb bg_type=\u00bb\u00bb dima_canvas_style=\u00bb\u00bb translate_x=\u00bb0&#8243; dima_z_index=\u00bb0&#8243; delay=\u00bb\u00bb animate_item=\u00bb\u00bb delay_duration=\u00bb\u00bb delay_offset=\u00bb\u00bb width=\u00bb1\/1&#8243;]<div  class=\"dima-timeline clearfix dima-timeline-blog dima-timeline-date\" ><div class=\"h-line\"><\/div><div  class=\"timeline_element_start \"><article class=\"post\"><div class=\"box \"><p> <\/p>\n<ul>\n<li>Posibilidad de maximizar (pantalla completa)<\/li>\n<li>Nuevos colores \/ dise\u00f1os<\/li>\n<li>Mover la posici\u00f3n de la ventana se puede activar en los ajustes<\/li>\n<li>Corregido el error de apagado<\/li>\n<li>Corregido el error del t\u00edtulo de la ventana<\/li>\n<li>La informaci\u00f3n del escritorio ahora tambi\u00e9n muestra la pausa<\/li>\n<\/ul>\n<p> <\/p><\/div><div class=\"date\"><h5>Version 9.1 (comming February 2026)<\/h5><\/div><\/article><\/div><div  class=\"timeline_element_end \"><article class=\"post\"><div class=\"box \"><p> <\/p>\n<ul>\n<li>Dise\u00f1o elegante y moderno<\/li>\n<li>Bot\u00f3n de pausa<\/li>\n<li>Errores corregidos<\/li>\n<\/ul>\n<p> <\/p><\/div><div class=\"date\"><h5>Version 9.0<\/h5><\/div><\/article><\/div><div  class=\"timeline_element_start \"><article class=\"post\"><div class=\"box \"><p> <\/p>\n<ul>\n<li>Nuevo certificado de seguridad<\/li>\n<li>Errores corregidos<\/li>\n<\/ul>\n<p> <\/p><\/div><div class=\"date\"><h5>Version 8.4<\/h5><\/div><\/article><\/div><div  class=\"timeline_element_end \"><article class=\"post\"><div class=\"box \"><p> <\/p>\n<ul>\n<li>Nuevo certificado de seguridad<\/li>\n<li>Lectura de \u00abDetalles de los equipos\u00bb: eliminada<\/li>\n<li>Si se minimiza en la bandeja del sistema, la ventana ya no se muestra con ALT+TAB<\/li>\n<li>Arranque m\u00e1s r\u00e1pido<\/li>\n<\/ul>\n<p> <\/p><\/div><div class=\"date\"><h5>Version 8.3<\/h5><\/div><\/article><\/div><div  class=\"timeline_element_start \"><article class=\"post\"><div class=\"box \"><p> <\/p>\n<ul>\n<li>Arreglo de seguridad<\/li>\n<li>M\u00e1s colores en los ajustes<\/li>\n<li>Errores corregidos<\/li>\n<\/ul>\n<p> <\/p><\/div><div class=\"date\"><h5>Version 8.2<\/h5><\/div><\/article><\/div><div  class=\"timeline_element_end \"><article class=\"post\"><div class=\"box \"><p> <\/p>\n<ul>\n<li>Error corregido: El bot\u00f3n de minimizar no estaba disponible en el arranque autom\u00e1tico<\/li>\n<\/ul>\n<p> <\/p><\/div><div class=\"date\"><h5>Version 8.1<\/h5><\/div><\/article><\/div><div  class=\"timeline_element_start \"><article class=\"post\"><div class=\"box \"><p> <\/p>\n<ul>\n<li>Nuevo dise\u00f1o: m\u00e1s estrecho\/delgado\/r\u00e1pido<\/li>\n<li>Idioma: Franc\u00e9s<\/li>\n<li>Men\u00fa: oscuro (opcional)<\/li>\n<\/ul>\n<p> <\/p><\/div><div class=\"date\"><h5>Version 8.0<\/h5><\/div><\/article><\/div><div  class=\"timeline_element_end \"><article class=\"post\"><div class=\"box \"><p> <\/p>\n<ul>\n<li>NO m\u00e1s anuncios \ud83d\ude42<\/li>\n<\/ul>\n<p> <\/p><\/div><div class=\"date\"><h5>Version 7.3<\/h5><\/div><\/article><\/div><div  class=\"timeline_element_start \"><article class=\"post\"><div class=\"box \"><p> <\/p>\n<ul>\n<li>Errores corregidos<\/li>\n<\/ul>\n<p> <\/p><\/div><div class=\"date\"><h5>Version 7.2<\/h5><\/div><\/article><\/div><div  class=\"timeline_element_end \"><article class=\"post\"><div class=\"box \"><p> <\/p>\n<ul>\n<li>Ejecuci\u00f3n seg\u00fan el calendario previsto<\/li>\n<li>Cambiar el nombre de la informaci\u00f3n sobre herramientas<\/li>\n<li>Men\u00fa de informaci\u00f3n sobre herramientas con el bot\u00f3n derecho del rat\u00f3n<\/li>\n<li>El ajuste \u00abEquipos finales\u00bb permanece guardado<\/li>\n<li>Protocolo El usuario puede determinar la ubicaci\u00f3n de almacenamiento<\/li>\n<li>Se puede cambiar el nivel de transparencia<\/li>\n<li>Se pueden mostrar ofertas atractivas<\/li>\n<li>Errores corregidos<\/li>\n<\/ul>\n<p> <\/p><\/div><div class=\"date\"><h5>Version 7.1<\/h5><\/div><\/article><\/div><div  class=\"timeline_element_start \"><article class=\"post\"><div class=\"box \"><p> <\/p>\n<ul>\n<li>Dise\u00f1o: Nuevo dise\u00f1o moderno<\/li>\n<li>Velocidad: carga m\u00e1s r\u00e1pida de la aplicaci\u00f3n<\/li>\n<li>Apoya a los \u00abnuevos equipos<\/li>\n<li>Renombrar el t\u00edtulo de la ventana<\/li>\n<li>Al salir: apagado, reinicio, espera o cierre de sesi\u00f3n<\/li>\n<li>Correcci\u00f3n de errores importantes<\/li>\n<\/ul>\n<p> <\/p><\/div><div class=\"date\"><h5>Version 7.0<\/h5><\/div><\/article><\/div><div  class=\"timeline_element_end \"><article class=\"post\"><div class=\"box \"><p> <\/p>\n<ul>\n<li>Imitar el salvapantallas: Cerrar con la tecla \u00abESC<\/li>\n<li>Duraci\u00f3n para no premium: 5 horas<\/li>\n<li>Primer mensaje eliminado<\/li>\n<li>Errores corregidos<\/li>\n<\/ul>\n<p> <\/p><\/div><div class=\"date\"><h5>Version 6.5.0.0<\/h5><\/div><\/article><\/div><div  class=\"timeline_element_start \"><article class=\"post\"><div class=\"box \"><p> <\/p>\n<ul>\n<li>Velocidad: carga m\u00e1s r\u00e1pida de la aplicaci\u00f3n<\/li>\n<li>Configuraci\u00f3n: Cambiar el t\u00edtulo de la ventana<\/li>\n<li>Software: Lectura del software s\u00f3lo manualmente, no en el arranque.<\/li>\n<li>Premium: Tenga en cuenta si no hay conexi\u00f3n con el servidor<\/li>\n<li>Correcci\u00f3n de errores importantes<\/li>\n<\/ul>\n<p> <\/p><\/div><div class=\"date\"><h5>Version 6.4.0.0<\/h5><\/div><\/article><\/div><div  class=\"timeline_element_end \"><article class=\"post\"><div class=\"box \"><p> <\/p>\n<ul>\n<li>Idioma: neerland\u00e9s<\/li>\n<li>Estabilidad: el c\u00f3digo pasa autom\u00e1ticamente a offline<\/li>\n<li>Correcci\u00f3n de errores importantes<\/li>\n<\/ul>\n<p> <\/p><\/div><div class=\"date\"><h5>Version 6.3.0.0<\/h5><\/div><\/article><\/div><div  class=\"timeline_element_start \"><article class=\"post\"><div class=\"box \"><p> <\/p>\n<ul>\n<li>Correcci\u00f3n de errores importantes<\/li>\n<\/ul>\n<p> <\/p><\/div><div class=\"date\"><h5>Version 6.2.0.0<\/h5><\/div><\/article><\/div><div  class=\"timeline_element_end \"><article class=\"post\"><div class=\"box \"><p> <\/p>\n<ul>\n<li>Correcci\u00f3n de errores importantes<\/li>\n<\/ul>\n<p> <\/p><\/div><div class=\"date\"><h5>Version 6.1.0.0<\/h5><\/div><\/article><\/div><div  class=\"timeline_element_start \"><article class=\"post\"><div class=\"box \"><p> <\/p>\n<ul>\n<li>Nuevo logotipo<\/li>\n<li>Nuevo dise\u00f1o<\/li>\n<li>Notificaci\u00f3n de actualizaci\u00f3n en el escritorio<\/li>\n<li>Imitar salvapantallas<\/li>\n<li>Selecci\u00f3n de iconos para la zona de informaci\u00f3n<\/li>\n<li>Compatibilidad con Cisco Jabber<\/li>\n<li>Nota cuando el port\u00e1til no se est\u00e1 cargando<\/li>\n<li>Nota si la bater\u00eda del port\u00e1til est\u00e1 por debajo del 30%.<\/li>\n<li>Licencias revisadas<\/li>\n<li>Nuevo sitio web<\/li>\n<\/ul>\n<p><a href=\"https:\/\/www.statusholder.com\/es\/status-holder-6-0-0-0-novedades\/\" target=\"_blank\" rel=\"noopener\">Para m\u00e1s informaci\u00f3n<\/a> <\/p><\/div><div class=\"date\"><h5>Version 6.0.0.0<\/h5><\/div><\/article><\/div><div  class=\"timeline_element_end \"><article class=\"post\"><div class=\"box \"><p> <\/p>\n<ul>\n<li>Errores corregidos<\/li>\n<\/ul>\n<p> <\/p><\/div><div class=\"date\"><h5>Version 5.1<\/h5><\/div><\/article><\/div><div  class=\"timeline_element_start \"><article class=\"post\"><div class=\"box \"><p> <\/p>\n<ul>\n<li>Integraci\u00f3n con Slack<\/li>\n<li>Errores corregidos<\/li>\n<li>Estad\u00edsticas implementadas (pueden activarse opcionalmente)<\/li>\n<li>Registro de inicio y fin de la herramienta (tiempos de sellado \/ tiempos de trabajo)<\/li>\n<\/ul>\n<p> <\/p><\/div><div class=\"date\"><h5>Version 5.0<\/h5><\/div><\/article><\/div><div  class=\"timeline_element_end \"><article class=\"post\"><div class=\"box \"><p> <\/p>\n<ul>\n<li>Integraci\u00f3n del zoom<\/li>\n<li>Errores corregidos<\/li>\n<\/ul>\n<p> <\/p><\/div><div class=\"date\"><h5>Version 4.1<\/h5><\/div><\/article><\/div><div  class=\"timeline_element_start \"><article class=\"post\"><div class=\"box \"><p> <\/p>\n<ul>\n<li>Informaci\u00f3n de escritorio<\/li>\n<li>C\u00f3digo Premium v\u00e1lido durante 1 a\u00f1o<\/li>\n<li>Errores corregidos<\/li>\n<li>Redise\u00f1o<\/li>\n<\/ul>\n<p> <\/p><\/div><div class=\"date\"><h5>Version 4.0<\/h5><\/div><\/article><\/div><div  class=\"timeline_element_end \"><article class=\"post\"><div class=\"box \"><p> <\/p>\n<ul>\n<li>Redise\u00f1o<\/li>\n<li>Firmado digitalmente (seguridad)<\/li>\n<\/ul>\n<p> <\/p><\/div><div class=\"date\"><h5>Version 3.0<\/h5><\/div><\/article><\/div><div  class=\"timeline_element_start \"><article class=\"post\"><div class=\"box \"><p> <\/p>\n<ul>\n<li>Funciones Premium<\/li>\n<\/ul>\n<p> <\/p><\/div><div class=\"date\"><h5>Version 2.0<\/h5><\/div><\/article><\/div><div  class=\"timeline_element_end \"><article class=\"post\"><div class=\"box \"><p> <\/p>\n<ul>\n<li>Reconocer el idioma utilizado por el sistema operativo<\/li>\n<\/ul>\n<p> <\/p><\/div><div class=\"date\"><h5>Version 1.9<\/h5><\/div><\/article><\/div><div  class=\"timeline_element_start \"><article class=\"post\"><div class=\"box \"><p> <\/p>\n<ul>\n<li>Se admiten entornos Citrix<\/li>\n<\/ul>\n<p> <\/p><\/div><div class=\"date\"><h5>Version 1.8<\/h5><\/div><\/article><\/div><div  class=\"timeline_element_end \"><article class=\"post\"><div class=\"box \"><p> <\/p>\n<ul>\n<li>Los ajustes se guardan<\/li>\n<\/ul>\n<p> <\/p><\/div><div class=\"date\"><h5>Version 1.7<\/h5><\/div><\/article><\/div><div  class=\"timeline_element_start \"><article class=\"post\"><div class=\"box \"><p> <\/p>\n<ul>\n<li>Se puede minimizar en la zona de informaci\u00f3n<\/li>\n<\/ul>\n<p> <\/p><\/div><div class=\"date\"><h5>Version 1.6<\/h5><\/div><\/article><\/div><div  class=\"timeline_element_end \"><article class=\"post\"><div class=\"box \"><p> <\/p>\n<ul>\n<li>Comprobaci\u00f3n en l\u00ednea de las actualizaciones<\/li>\n<\/ul>\n<p> <\/p><\/div><div class=\"date\"><h5>Version 1.5<\/h5><\/div><\/article><\/div><div  class=\"timeline_element_start \"><article class=\"post\"><div class=\"box \"><p> <\/p>\n<ul>\n<li>Ajustes de dise\u00f1o<\/li>\n<li>Traducci\u00f3n al ingl\u00e9s (en-US)<\/li>\n<\/ul>\n<p> <\/p><\/div><div class=\"date\"><h5>Version 1.4<\/h5><\/div><\/article><\/div><div  class=\"timeline_element_end \"><article class=\"post\"><div class=\"box \"><p> <\/p>\n<ul>\n<li>Ajustes de dise\u00f1o<\/li>\n<li>Especificaci\u00f3n de fecha y hora, para detener la herramienta autom\u00e1ticamente<\/li>\n<\/ul>\n<p> <\/p><\/div><div class=\"date\"><h5>Version 1.3<\/h5><\/div><\/article><\/div><div  class=\"timeline_element_start \"><article class=\"post\"><div class=\"box \"><p> <\/p>\n<ul>\n<li>Ajustes de dise\u00f1o<\/li>\n<li>Errores corregidos<\/li>\n<\/ul>\n<p> <\/p><\/div><div class=\"date\"><h5>Version 1.2<\/h5><\/div><\/article><\/div><div  class=\"timeline_element_end \"><article class=\"post\"><div class=\"box \"><p> <\/p>\n<ul>\n<li>Ajustes de dise\u00f1o<\/li>\n<li>Bot\u00f3n de donaci\u00f3n de Paypal<\/li>\n<li>Consejos e informaci\u00f3n<\/li>\n<\/ul>\n<p> <\/p><\/div><div class=\"date\"><h5>Version 1.1<\/h5><\/div><\/article><\/div><div  class=\"timeline_element_start \"><article class=\"post\"><div class=\"box \"><p> <\/p>\n<ul>\n<li>Mantiene el estado de los equipos permanentemente en l\u00ednea (funcionalidad)<\/li>\n<\/ul>\n<p> <\/p><\/div><div class=\"date\"><h5>Version 1.0<\/h5><\/div><\/article><\/div><\/div>[\/vc_column][\/vc_row]<\/p>\n<\/div>","protected":false},"excerpt":{"rendered":"<p>[vc_row bg_type=\u00bb\u00bb dima_canvas_style=\u00bb\u00bb translate_x=\u00bb0&#8243; dima_z_index=\u00bb0&#8243; delay=\u00bb\u00bb animate_item=\u00bb\u00bb delay_duration=\u00bb\u00bb delay_offset=\u00bb\u00bb][vc_column min_height=\u00bb\u00bb bg_type=\u00bb\u00bb dima_canvas_style=\u00bb\u00bb translate_x=\u00bb0&#8243; dima_z_index=\u00bb0&#8243; delay=\u00bb\u00bb animate_item=\u00bb\u00bb delay_duration=\u00bb\u00bb delay_offset=\u00bb\u00bb width=\u00bb1\/1&#8243;][\/vc_column][\/vc_row]<\/p>\n","protected":false},"author":4,"featured_media":0,"parent":16155,"menu_order":0,"comment_status":"closed","ping_status":"closed","template":"","meta":{"_monsterinsights_skip_tracking":false,"_monsterinsights_sitenote_active":false,"_monsterinsights_sitenote_note":"","_monsterinsights_sitenote_category":0,"footnotes":""},"class_list":["post-16418","page","type-page","status-publish","hentry","no-post-thumbnail"],"_links":{"self":[{"href":"https:\/\/www.statusholder.com\/es\/wp-json\/wp\/v2\/pages\/16418","targetHints":{"allow":["GET"]}}],"collection":[{"href":"https:\/\/www.statusholder.com\/es\/wp-json\/wp\/v2\/pages"}],"about":[{"href":"https:\/\/www.statusholder.com\/es\/wp-json\/wp\/v2\/types\/page"}],"author":[{"embeddable":true,"href":"https:\/\/www.statusholder.com\/es\/wp-json\/wp\/v2\/users\/4"}],"replies":[{"embeddable":true,"href":"https:\/\/www.statusholder.com\/es\/wp-json\/wp\/v2\/comments?post=16418"}],"version-history":[{"count":60,"href":"https:\/\/www.statusholder.com\/es\/wp-json\/wp\/v2\/pages\/16418\/revisions"}],"predecessor-version":[{"id":35606,"href":"https:\/\/www.statusholder.com\/es\/wp-json\/wp\/v2\/pages\/16418\/revisions\/35606"}],"up":[{"embeddable":true,"href":"https:\/\/www.statusholder.com\/es\/wp-json\/wp\/v2\/pages\/16155"}],"wp:attachment":[{"href":"https:\/\/www.statusholder.com\/es\/wp-json\/wp\/v2\/media?parent=16418"}],"curies":[{"name":"wp","href":"https:\/\/api.w.org\/{rel}","templated":true}]}}