{"id":16452,"date":"2022-08-31T13:21:51","date_gmt":"2022-08-31T11:21:51","guid":{"rendered":"https:\/\/www.statusholder.com\/instrucciones\/"},"modified":"2025-03-31T21:40:22","modified_gmt":"2025-03-31T19:40:22","slug":"instrucciones","status":"publish","type":"page","link":"https:\/\/www.statusholder.com\/es\/descargar\/instrucciones\/","title":{"rendered":"Instrucciones"},"content":{"rendered":"<div class=\"wpb-content-wrapper\"><p>[vc_row no_padding=\u00bbtrue\u00bb bg_type=\u00bb\u00bb dima_canvas_style=\u00bb\u00bb translate_x=\u00bb0&#8243; dima_z_index=\u00bb0&#8243; delay=\u00bb\u00bb animate_item=\u00bb\u00bb delay_duration=\u00bb\u00bb delay_offset=\u00bb\u00bb id=\u00bb\u00bb class=\u00bb\u00bb border_color=\u00bb\u00bb][vc_column min_height=\u00bb\u00bb bg_type=\u00bb\u00bb dima_canvas_style=\u00bb\u00bb translate_x=\u00bb0&#8243; dima_z_index=\u00bb0&#8243; delay=\u00bb\u00bb animate_item=\u00bb\u00bb delay_duration=\u00bb\u00bb delay_offset=\u00bb\u00bb width=\u00bb1\/1&#8243;]<h4  class=\"dima-custom-heading\"   > <i class= \"fas fa-exclamation\" > <\/i> NO inicies el Titular de Estado desde la carpeta ZIP con un doble clic.<\/h4>\n\t<div class=\"wpb_content_element \" >\n\t\t<div class=\"wpb_wrapper\">\n\t\t\t<p>Iniciar Status Holder directamente desde una carpeta ZIP s\u00f3lo descomprime la herramienta temporalmente. En consecuencia, algunos ajustes, como el c\u00f3digo premium o los ajustes de la herramienta, s\u00f3lo se guardan temporalmente y pueden perderse. <\/p>\n<p>Por lo tanto, desempaquete completamente el soporte de estado para evitar estos problemas. A continuaci\u00f3n encontrar\u00e1 instrucciones para descomprimir el archivo. <\/p>\n\n\t\t<\/div> \n\t<\/div> [\/vc_column][\/vc_row][vc_row no_padding=\u00bbtrue\u00bb bg_type=\u00bb\u00bb dima_canvas_style=\u00bb\u00bb translate_x=\u00bb0&#8243; dima_z_index=\u00bb0&#8243; delay=\u00bb\u00bb animate_item=\u00bb\u00bb delay_duration=\u00bb\u00bb delay_offset=\u00bb\u00bb id=\u00bb\u00bb class=\u00bb\u00bb border_color=\u00bb\u00bb][vc_column min_height=\u00bb\u00bb bg_type=\u00bb\u00bb dima_canvas_style=\u00bb\u00bb translate_x=\u00bb0&#8243; dima_z_index=\u00bb0&#8243; delay=\u00bb\u00bb animate_item=\u00bb\u00bb delay_duration=\u00bb\u00bb delay_offset=\u00bb\u00bb width=\u00bb1\/1&#8243;]<div  class=\"dima-timeline clearfix dima-timeline-blog dima-timeline-date\" ><div class=\"h-line\"><\/div><div  class=\"timeline_element_start \"><article class=\"post\"><div class=\"box \"><p> Haga clic en el bot\u00f3n DESCARGAR y guarde el archivo en su ordenador. <\/p><\/div><div class=\"date\"><h5>Herunterladen<\/h5><\/div><\/article><\/div><div  class=\"timeline_element_start \"><article class=\"post\"><div class=\"box \"><p> Descomprima el archivo ZIP:<\/p>\n<ol>\n<li>Haga clic con el bot\u00f3n derecho en el archivo ZIP<\/li>\n<li>Seleccione <strong>Extraer todo<\/strong> y siga las instrucciones<\/li>\n<\/ol>\n<p>Tambi\u00e9n puede utilizar otro programa ya instalado para descomprimir el archivo ZIP. <\/p><\/div><div class=\"date\"><h5>Entpacken<\/h5><\/div><\/article><\/div><div  class=\"timeline_element_start \"><article class=\"post\"><div class=\"box \"><p> Inicie el archivo EXE <strong>descomprimido<\/strong>. <\/p><\/div><div class=\"date\"><h5>Starten<\/h5><\/div><\/article><\/div><\/div>[\/vc_column][\/vc_row][vc_row no_padding=\u00bbtrue\u00bb bg_type=\u00bb\u00bb dima_canvas_style=\u00bb\u00bb translate_x=\u00bb0&#8243; dima_z_index=\u00bb0&#8243; delay=\u00bb\u00bb animate_item=\u00bb\u00bb delay_duration=\u00bb\u00bb delay_offset=\u00bb\u00bb id=\u00bb\u00bb class=\u00bb\u00bb border_color=\u00bb\u00bb][vc_column min_height=\u00bb\u00bb bg_type=\u00bb\u00bb dima_canvas_style=\u00bb\u00bb translate_x=\u00bb0&#8243; dima_z_index=\u00bb0&#8243; delay=\u00bb\u00bb animate_item=\u00bb\u00bb delay_duration=\u00bb\u00bb delay_offset=\u00bb\u00bb width=\u00bb1\/1&#8243;]\n\t<div class=\"wpb_content_element \" >\n\t\t<div class=\"wpb_wrapper\">\n\t\t\t<p>Si tienes alguna pregunta o problema, ponte en contacto con nuestro equipo de asistencia o prueba las siguientes instrucciones para descomprimir archivos ZIP.<\/p>\n<p><a href=\"https:\/\/www.ionos.de\/digitalguide\/server\/konfiguration\/zip-datei-oeffnen\/\" target=\"_blank\" rel=\"nofollow noopener\">https:\/\/www.ionos.de\/digitalguide\/server\/konfiguration\/zip-datei-oeffnen\/<\/a><\/p>\n\n\t\t<\/div> \n\t<\/div> [\/vc_column][\/vc_row]<\/p>\n<\/div>","protected":false},"excerpt":{"rendered":"<p>[vc_row no_padding=\u00bbtrue\u00bb bg_type=\u00bb\u00bb dima_canvas_style=\u00bb\u00bb translate_x=\u00bb0&#8243; dima_z_index=\u00bb0&#8243; delay=\u00bb\u00bb animate_item=\u00bb\u00bb delay_duration=\u00bb\u00bb delay_offset=\u00bb\u00bb id=\u00bb\u00bb class=\u00bb\u00bb border_color=\u00bb\u00bb][vc_column min_height=\u00bb\u00bb bg_type=\u00bb\u00bb dima_canvas_style=\u00bb\u00bb translate_x=\u00bb0&#8243; dima_z_index=\u00bb0&#8243; delay=\u00bb\u00bb animate_item=\u00bb\u00bb delay_duration=\u00bb\u00bb delay_offset=\u00bb\u00bb width=\u00bb1\/1&#8243;][\/vc_column][\/vc_row][vc_row no_padding=\u00bbtrue\u00bb bg_type=\u00bb\u00bb dima_canvas_style=\u00bb\u00bb translate_x=\u00bb0&#8243; dima_z_index=\u00bb0&#8243; delay=\u00bb\u00bb animate_item=\u00bb\u00bb delay_duration=\u00bb\u00bb delay_offset=\u00bb\u00bb id=\u00bb\u00bb class=\u00bb\u00bb border_color=\u00bb\u00bb][vc_column min_height=\u00bb\u00bb bg_type=\u00bb\u00bb dima_canvas_style=\u00bb\u00bb translate_x=\u00bb0&#8243; dima_z_index=\u00bb0&#8243; delay=\u00bb\u00bb animate_item=\u00bb\u00bb delay_duration=\u00bb\u00bb delay_offset=\u00bb\u00bb width=\u00bb1\/1&#8243;][\/vc_column][\/vc_row][vc_row no_padding=\u00bbtrue\u00bb bg_type=\u00bb\u00bb dima_canvas_style=\u00bb\u00bb translate_x=\u00bb0&#8243; dima_z_index=\u00bb0&#8243; delay=\u00bb\u00bb animate_item=\u00bb\u00bb delay_duration=\u00bb\u00bb delay_offset=\u00bb\u00bb id=\u00bb\u00bb [&hellip;]<\/p>\n","protected":false},"author":1,"featured_media":0,"parent":16459,"menu_order":0,"comment_status":"closed","ping_status":"closed","template":"","meta":{"_monsterinsights_skip_tracking":false,"_monsterinsights_sitenote_active":false,"_monsterinsights_sitenote_note":"","_monsterinsights_sitenote_category":0,"footnotes":""},"class_list":["post-16452","page","type-page","status-publish","hentry","no-post-thumbnail"],"_links":{"self":[{"href":"https:\/\/www.statusholder.com\/es\/wp-json\/wp\/v2\/pages\/16452","targetHints":{"allow":["GET"]}}],"collection":[{"href":"https:\/\/www.statusholder.com\/es\/wp-json\/wp\/v2\/pages"}],"about":[{"href":"https:\/\/www.statusholder.com\/es\/wp-json\/wp\/v2\/types\/page"}],"author":[{"embeddable":true,"href":"https:\/\/www.statusholder.com\/es\/wp-json\/wp\/v2\/users\/1"}],"replies":[{"embeddable":true,"href":"https:\/\/www.statusholder.com\/es\/wp-json\/wp\/v2\/comments?post=16452"}],"version-history":[{"count":3,"href":"https:\/\/www.statusholder.com\/es\/wp-json\/wp\/v2\/pages\/16452\/revisions"}],"predecessor-version":[{"id":29174,"href":"https:\/\/www.statusholder.com\/es\/wp-json\/wp\/v2\/pages\/16452\/revisions\/29174"}],"up":[{"embeddable":true,"href":"https:\/\/www.statusholder.com\/es\/wp-json\/wp\/v2\/pages\/16459"}],"wp:attachment":[{"href":"https:\/\/www.statusholder.com\/es\/wp-json\/wp\/v2\/media?parent=16452"}],"curies":[{"name":"wp","href":"https:\/\/api.w.org\/{rel}","templated":true}]}}