{"id":16178,"date":"2021-08-28T18:39:08","date_gmt":"2021-08-28T16:39:08","guid":{"rendered":"https:\/\/www.statusholder.com\/caisse\/"},"modified":"2024-12-28T09:07:05","modified_gmt":"2024-12-28T08:07:05","slug":"caisse","status":"publish","type":"page","link":"https:\/\/www.statusholder.com\/fr\/caisse\/","title":{"rendered":"Caisse"},"content":{"rendered":"<div class=\"wpb-content-wrapper\"><p>[vc_row bg_type=\u00a0\u00bb\u00a0\u00bb dima_canvas_style=\u00a0\u00bb\u00a0\u00bb translate_x=\u00a0\u00bb0&Prime; dima_z_index=\u00a0\u00bb0&Prime; delay=\u00a0\u00bb\u00a0\u00bb animate_item=\u00a0\u00bb\u00a0\u00bb delay_duration=\u00a0\u00bb\u00a0\u00bb delay_offset=\u00a0\u00bb\u00a0\u00bb][vc_column min_height=\u00a0\u00bb\u00a0\u00bb bg_type=\u00a0\u00bb\u00a0\u00bb dima_canvas_style=\u00a0\u00bb\u00a0\u00bb translate_x=\u00a0\u00bb0&Prime; dima_z_index=\u00a0\u00bb0&Prime; delay=\u00a0\u00bb\u00a0\u00bb animate_item=\u00a0\u00bb\u00a0\u00bb delay_duration=\u00a0\u00bb\u00a0\u00bb delay_offset=\u00a0\u00bb\u00a0\u00bb width=\u00a0\u00bb1\/1&Prime;][vc_column_text css=\u00a0\u00bb\u00a0\u00bb]<\/p>\n\n<pre class=\"wp-block-preformatted has-theme-palette-9-color has-text-color has-background has-link-color has-small-font-size wp-elements-48a9d3ca21af6589ae060f10ebd701d2\" style=\"background-color: #4a93c6; text-transform: none;\"> <strong>Remarque<\/strong>: vous recevrez une nouvelle licence. La p\u00e9riode de validit\u00e9 commence d\u00e8s l'achat. Une licence pr\u00e9c\u00e9dente n'est pas renouvel\u00e9e.  <\/pre>\n<div id=\"edd_checkout_wrap\"><span class=\"edd_empty_cart\">Votre panier est vide.<\/span><\/div><!--end #edd_checkout_wrap-->\n<p>[\/vc_column_text][\/vc_column][\/vc_row]<\/p>\n<\/div>","protected":false},"excerpt":{"rendered":"<p>[vc_row bg_type=\u00a0\u00bb\u00a0\u00bb dima_canvas_style=\u00a0\u00bb\u00a0\u00bb translate_x=\u00a0\u00bb0&Prime; dima_z_index=\u00a0\u00bb0&Prime; delay=\u00a0\u00bb\u00a0\u00bb animate_item=\u00a0\u00bb\u00a0\u00bb delay_duration=\u00a0\u00bb\u00a0\u00bb delay_offset=\u00a0\u00bb\u00a0\u00bb][vc_column min_height=\u00a0\u00bb\u00a0\u00bb bg_type=\u00a0\u00bb\u00a0\u00bb dima_canvas_style=\u00a0\u00bb\u00a0\u00bb translate_x=\u00a0\u00bb0&Prime; dima_z_index=\u00a0\u00bb0&Prime; delay=\u00a0\u00bb\u00a0\u00bb animate_item=\u00a0\u00bb\u00a0\u00bb delay_duration=\u00a0\u00bb\u00a0\u00bb delay_offset=\u00a0\u00bb\u00a0\u00bb width=\u00a0\u00bb1\/1&Prime;][vc_column_text css=\u00a0\u00bb\u00a0\u00bb] Remarque: vous recevrez une nouvelle licence. La p\u00e9riode de validit\u00e9 commence d\u00e8s l&rsquo;achat. Une licence pr\u00e9c\u00e9dente n&rsquo;est pas renouvel\u00e9e. [\/vc_column_text][\/vc_column][\/vc_row]<\/p>\n","protected":false},"author":1,"featured_media":0,"parent":0,"menu_order":0,"comment_status":"closed","ping_status":"closed","template":"","meta":{"_monsterinsights_skip_tracking":false,"_monsterinsights_sitenote_active":false,"_monsterinsights_sitenote_note":"","_monsterinsights_sitenote_category":0,"footnotes":""},"class_list":["post-16178","page","type-page","status-publish","hentry","no-post-thumbnail"],"_links":{"self":[{"href":"https:\/\/www.statusholder.com\/fr\/wp-json\/wp\/v2\/pages\/16178","targetHints":{"allow":["GET"]}}],"collection":[{"href":"https:\/\/www.statusholder.com\/fr\/wp-json\/wp\/v2\/pages"}],"about":[{"href":"https:\/\/www.statusholder.com\/fr\/wp-json\/wp\/v2\/types\/page"}],"author":[{"embeddable":true,"href":"https:\/\/www.statusholder.com\/fr\/wp-json\/wp\/v2\/users\/1"}],"replies":[{"embeddable":true,"href":"https:\/\/www.statusholder.com\/fr\/wp-json\/wp\/v2\/comments?post=16178"}],"version-history":[{"count":2,"href":"https:\/\/www.statusholder.com\/fr\/wp-json\/wp\/v2\/pages\/16178\/revisions"}],"predecessor-version":[{"id":26632,"href":"https:\/\/www.statusholder.com\/fr\/wp-json\/wp\/v2\/pages\/16178\/revisions\/26632"}],"wp:attachment":[{"href":"https:\/\/www.statusholder.com\/fr\/wp-json\/wp\/v2\/media?parent=16178"}],"curies":[{"name":"wp","href":"https:\/\/api.w.org\/{rel}","templated":true}]}}