{"id":16217,"date":"2017-04-25T07:10:37","date_gmt":"2017-04-25T05:10:37","guid":{"rendered":"https:\/\/www.statusholder.com\/caracteristiques\/faq\/"},"modified":"2025-05-16T12:07:14","modified_gmt":"2025-05-16T10:07:14","slug":"faq","status":"publish","type":"page","link":"https:\/\/www.statusholder.com\/fr\/caracteristiques\/faq\/","title":{"rendered":"FAQ"},"content":{"rendered":"<div class=\"wpb-content-wrapper\"><p>[vc_row bg_type=\u00a0\u00bb\u00a0\u00bb dima_canvas_style=\u00a0\u00bb\u00a0\u00bb translate_x=\u00a0\u00bb0&Prime; dima_z_index=\u00a0\u00bb0&Prime; delay=\u00a0\u00bb\u00a0\u00bb animate_item=\u00a0\u00bb\u00a0\u00bb delay_duration=\u00a0\u00bb\u00a0\u00bb delay_offset=\u00a0\u00bb\u00a0\u00bb top_and_bottom_padding=\u00a0\u00bb\u00a0\u00bb left_and_right_padding=\u00a0\u00bb\u00a0\u00bb id=\u00a0\u00bb\u00a0\u00bb class=\u00a0\u00bb\u00a0\u00bb border_color=\u00a0\u00bb\u00a0\u00bb][vc_column min_height=\u00a0\u00bb\u00a0\u00bb bg_type=\u00a0\u00bb\u00a0\u00bb dima_canvas_style=\u00a0\u00bb\u00a0\u00bb translate_x=\u00a0\u00bb0&Prime; dima_z_index=\u00a0\u00bb0&Prime; delay=\u00a0\u00bb\u00a0\u00bb animate_item=\u00a0\u00bb\u00a0\u00bb delay_duration=\u00a0\u00bb\u00a0\u00bb delay_offset=\u00a0\u00bb\u00a0\u00bb width=\u00a0\u00bb1\/1&Prime;]<h3  class=\"dima-custom-heading\"   >Nous r\u00e9pondons \u00e0 11 questions qui pourraient vous int\u00e9resser.<\/h3><ul id=\"FAQ\" class=\"dima-accordion dima-acc-clear\" data-animate=transition.slideUpIn data-delay=\"70\" data-offset=\"98%\" data-dima-animate-item=\".dima-accordion-group\" ><li  class=\"panel dima-accordion-group double_icon\" ><div class=\"dima-accordion-header\"><a class=\"dima-accordion-toggle collapsed\" data-toggle=\"collapse\" data-parent=\"#FAQ\" href=\"#collapse-1\"><span class=\"dima-accordion-title\">Le Status Holder est-il gratuit ?<\/span><span class='icon_one' ><svg xmlns=\"http:\/\/www.w3.org\/2000\/svg\" width=\"48\" height=\"48\" viewBox=\"0 0 48 48\"><path d=\"M38 26H26v12h-4V26H10v-4h12V10h4v12h12v4z\"\/><\/svg><\/span><span class='icon_two' ><svg xmlns=\"http:\/\/www.w3.org\/2000\/svg\" width=\"48\" height=\"48\" viewBox=\"0 0 48 48\"><path d=\"M38 26H10v-4h28v4z\"\/><\/svg><\/span><\/a><\/div><div id=\"collapse-1\" class=\"dima-accordion-content collapse\"><div class=\"dima-accordion-inner\"><p>Oui ! Le Status Holder peut \u00eatre utilis\u00e9 gratuitement.<br \/>\nToutefois, pour pouvoir utiliser les param\u00e8tres, il faut \u00eatre <a href=\"https:\/\/www.statusholder.com\/fr\/premium\/\">membre Premium<\/a>. <\/p>\n<\/div><\/div><\/li><li  class=\"panel dima-accordion-group double_icon\" ><div class=\"dima-accordion-header\"><a class=\"dima-accordion-toggle collapsed\" data-toggle=\"collapse\" data-parent=\"#FAQ\" href=\"#collapse-2\"><span class=\"dima-accordion-title\">Faut-il installer le Status Holder ?<\/span><span class='icon_one' ><svg xmlns=\"http:\/\/www.w3.org\/2000\/svg\" width=\"48\" height=\"48\" viewBox=\"0 0 48 48\"><path d=\"M38 26H26v12h-4V26H10v-4h12V10h4v12h12v4z\"\/><\/svg><\/span><span class='icon_two' ><svg xmlns=\"http:\/\/www.w3.org\/2000\/svg\" width=\"48\" height=\"48\" viewBox=\"0 0 48 48\"><path d=\"M38 26H10v-4h28v4z\"\/><\/svg><\/span><\/a><\/div><div id=\"collapse-2\" class=\"dima-accordion-content collapse\"><div class=\"dima-accordion-inner\"><p>Non. Il n&rsquo;est pas n\u00e9cessaire d&rsquo;installer Status Holder.<br \/>\nIl s&rsquo;agit d&rsquo;une application click-to-run. Cela signifie qu&rsquo;aucun <a href=\"https:\/\/www.computerhilfen.de\/info\/software-als-administrator-installieren-oder-starten.html\" target=\"_blank\" rel=\"noopener\">droit d&rsquo;administrateur<\/a> n&rsquo;est n\u00e9cessaire pour l&rsquo;installation, mais que le logiciel peut \u00eatre lanc\u00e9 par un simple double-clic.  <\/p>\n<\/div><\/div><\/li><li  class=\"panel dima-accordion-group double_icon\" ><div class=\"dima-accordion-header\"><a class=\"dima-accordion-toggle collapsed\" data-toggle=\"collapse\" data-parent=\"#FAQ\" href=\"#collapse-3\"><span class=\"dima-accordion-title\">Le Status Holder peut-il \u00eatre d\u00e9couvert par mon service informatique ?<\/span><span class='icon_one' ><svg xmlns=\"http:\/\/www.w3.org\/2000\/svg\" width=\"48\" height=\"48\" viewBox=\"0 0 48 48\"><path d=\"M38 26H26v12h-4V26H10v-4h12V10h4v12h12v4z\"\/><\/svg><\/span><span class='icon_two' ><svg xmlns=\"http:\/\/www.w3.org\/2000\/svg\" width=\"48\" height=\"48\" viewBox=\"0 0 48 48\"><path d=\"M38 26H10v-4h28v4z\"\/><\/svg><\/span><\/a><\/div><div id=\"collapse-3\" class=\"dima-accordion-content collapse\"><div class=\"dima-accordion-inner\"><p>En th\u00e9orie, oui. La probabilit\u00e9 est toutefois tr\u00e8s faible.<br \/>\nComme il s&rsquo;agit d&rsquo;une <a href=\"https:\/\/www.computerweekly.com\/de\/definition\/Microsoft-Click-To-Run\" target=\"_blank\" rel=\"noopener\">application click-to-run<\/a>, elle ne doit pas \u00eatre install\u00e9e et n&rsquo;appara\u00eet donc pas dans la \u00ab\u00a0liste des logiciels install\u00e9s\u00a0\u00bb. <\/p>\n<p>M\u00eame si l&rsquo;outil devait \u00eatre d\u00e9couvert : On ne fait rien d&rsquo;interdit \ud83d\ude42<\/p>\n<\/div><\/div><\/li><li  class=\"panel dima-accordion-group double_icon\" ><div class=\"dima-accordion-header\"><a class=\"dima-accordion-toggle collapsed\" data-toggle=\"collapse\" data-parent=\"#FAQ\" href=\"#collapse-4\"><span class=\"dima-accordion-title\">Quels sont les logiciels pris en charge ?<\/span><span class='icon_one' ><svg xmlns=\"http:\/\/www.w3.org\/2000\/svg\" width=\"48\" height=\"48\" viewBox=\"0 0 48 48\"><path d=\"M38 26H26v12h-4V26H10v-4h12V10h4v12h12v4z\"\/><\/svg><\/span><span class='icon_two' ><svg xmlns=\"http:\/\/www.w3.org\/2000\/svg\" width=\"48\" height=\"48\" viewBox=\"0 0 48 48\"><path d=\"M38 26H10v-4h28v4z\"\/><\/svg><\/span><\/a><\/div><div id=\"collapse-4\" class=\"dima-accordion-content collapse\"><div class=\"dima-accordion-inner\"><p>Actuellement, Status Holder prend en charge les logiciels suivants :<\/p>\n<ul>\n<li>Microsoft Teams<\/li>\n<li>Skype<\/li>\n<li>Skype for Business<\/li>\n<li>Cisco WebEx<\/li>\n<li>Zoom<\/li>\n<li>Slack<\/li>\n<\/ul>\n<p>La liste est en constante \u00e9volution et de nombreux produits sont d\u00e9j\u00e0 pris en charge, mais ne sont pas encore r\u00e9pertori\u00e9s.<\/p>\n<\/div><\/div><\/li><li  class=\"panel dima-accordion-group double_icon\" ><div class=\"dima-accordion-header\"><a class=\"dima-accordion-toggle collapsed\" data-toggle=\"collapse\" data-parent=\"#FAQ\" href=\"#collapse-5\"><span class=\"dima-accordion-title\">Puis-je faire d\u00e9marrer Status Holder automatiquement ?<\/span><span class='icon_one' ><svg xmlns=\"http:\/\/www.w3.org\/2000\/svg\" width=\"48\" height=\"48\" viewBox=\"0 0 48 48\"><path d=\"M38 26H26v12h-4V26H10v-4h12V10h4v12h12v4z\"\/><\/svg><\/span><span class='icon_two' ><svg xmlns=\"http:\/\/www.w3.org\/2000\/svg\" width=\"48\" height=\"48\" viewBox=\"0 0 48 48\"><path d=\"M38 26H10v-4h28v4z\"\/><\/svg><\/span><\/a><\/div><div id=\"collapse-5\" class=\"dima-accordion-content collapse\"><div class=\"dima-accordion-inner\"><p>Oui ! Il est possible de faire d\u00e9marrer automatiquement Status Holder.<br \/>\nPour cela, il faut cocher la case correspondante dans les param\u00e8tres. L&rsquo;outil est ensuite ajout\u00e9 au d\u00e9marrage automatique.  <\/p>\n<p>Pour d\u00e9finir des param\u00e8tres, il faut <a href=\"https:\/\/www.statusholder.com\/fr\/premium\/\">\u00eatre Premium<\/a>. <a href=\"https:\/\/www.statusholder.com\/fr\/caracteristiques\/\">Vous trouverez ici d&rsquo;autres fonctionnalit\u00e9s.<\/a><\/p>\n<\/div><\/div><\/li><li  class=\"panel dima-accordion-group double_icon\" ><div class=\"dima-accordion-header\"><a class=\"dima-accordion-toggle collapsed\" data-toggle=\"collapse\" data-parent=\"#FAQ\" href=\"#collapse-6\"><span class=\"dima-accordion-title\">Puis-je faire fonctionner le Status Holder de mani\u00e8re invisible ?<\/span><span class='icon_one' ><svg xmlns=\"http:\/\/www.w3.org\/2000\/svg\" width=\"48\" height=\"48\" viewBox=\"0 0 48 48\"><path d=\"M38 26H26v12h-4V26H10v-4h12V10h4v12h12v4z\"\/><\/svg><\/span><span class='icon_two' ><svg xmlns=\"http:\/\/www.w3.org\/2000\/svg\" width=\"48\" height=\"48\" viewBox=\"0 0 48 48\"><path d=\"M38 26H10v-4h28v4z\"\/><\/svg><\/span><\/a><\/div><div id=\"collapse-6\" class=\"dima-accordion-content collapse\"><div class=\"dima-accordion-inner\"><p>Oui !<br \/>\nIl est possible de r\u00e9duire l&rsquo;outil dans la zone de notification de Windows.<br \/>\nDans les param\u00e8tres, il est possible de r\u00e9duire l&rsquo;outil dans la zone de notification de Windows.<br \/>\nAinsi, l&rsquo;outil dispara\u00eet de la barre des t\u00e2ches et ne g\u00eane pas les pr\u00e9sentations ou autres activit\u00e9s.  <\/p>\n<p>Pour d\u00e9finir des param\u00e8tres, il faut <a href=\"https:\/\/www.statusholder.com\/fr\/premium\/\">\u00eatre Premium<\/a>. <a href=\"https:\/\/www.statusholder.com\/fr\/caracteristiques\/\">Vous trouverez ici d&rsquo;autres fonctionnalit\u00e9s.<\/a><\/p>\n<\/div><\/div><\/li><li  class=\"panel dima-accordion-group double_icon\" ><div class=\"dima-accordion-header\"><a class=\"dima-accordion-toggle collapsed\" data-toggle=\"collapse\" data-parent=\"#FAQ\" href=\"#collapse-7\"><span class=\"dima-accordion-title\">Est-il possible de faire consigner le d\u00e9but et la fin ?<\/span><span class='icon_one' ><svg xmlns=\"http:\/\/www.w3.org\/2000\/svg\" width=\"48\" height=\"48\" viewBox=\"0 0 48 48\"><path d=\"M38 26H26v12h-4V26H10v-4h12V10h4v12h12v4z\"\/><\/svg><\/span><span class='icon_two' ><svg xmlns=\"http:\/\/www.w3.org\/2000\/svg\" width=\"48\" height=\"48\" viewBox=\"0 0 48 48\"><path d=\"M38 26H10v-4h28v4z\"\/><\/svg><\/span><\/a><\/div><div id=\"collapse-7\" class=\"dima-accordion-content collapse\"><div class=\"dima-accordion-inner\"><p>Oui ! Un journal est possible.<br \/>\nPour cela, un fichier journal est cr\u00e9\u00e9 sur le bureau, dans lequel la date &amp; l&rsquo;heure de d\u00e9marrage et d&rsquo;arr\u00eat de Status Holder sont consign\u00e9es. Ainsi, il serait possible de saisir ses propres heures de travail.  <\/p>\n<p>Pour d\u00e9finir des param\u00e8tres, il faut <a href=\"https:\/\/www.statusholder.com\/fr\/premium\/\">\u00eatre Premium<\/a>. <a href=\"https:\/\/www.statusholder.com\/fr\/caracteristiques\/\">Vous trouverez ici d&rsquo;autres fonctionnalit\u00e9s.<\/a><\/p>\n<\/div><\/div><\/li><li  class=\"panel dima-accordion-group double_icon\" ><div class=\"dima-accordion-header\"><a class=\"dima-accordion-toggle collapsed\" data-toggle=\"collapse\" data-parent=\"#FAQ\" href=\"#collapse-8\"><span class=\"dima-accordion-title\">Est-il possible de mettre fin automatiquement au Status Holder ?<\/span><span class='icon_one' ><svg xmlns=\"http:\/\/www.w3.org\/2000\/svg\" width=\"48\" height=\"48\" viewBox=\"0 0 48 48\"><path d=\"M38 26H26v12h-4V26H10v-4h12V10h4v12h12v4z\"\/><\/svg><\/span><span class='icon_two' ><svg xmlns=\"http:\/\/www.w3.org\/2000\/svg\" width=\"48\" height=\"48\" viewBox=\"0 0 48 48\"><path d=\"M38 26H10v-4h28v4z\"\/><\/svg><\/span><\/a><\/div><div id=\"collapse-8\" class=\"dima-accordion-content collapse\"><div class=\"dima-accordion-inner\"><p>Oui ! Status Holder peut \u00eatre arr\u00eat\u00e9 automatiquement.<br \/>\nIl est possible de demander \u00e0 l&rsquo;outil de s&rsquo;arr\u00eater \u00e0 une date et une heure pr\u00e9cises, ou tous les jours \u00e0 une heure donn\u00e9e. Une fermeture automatique des \u00e9quipes ou un arr\u00eat de l&rsquo;ordinateur peuvent \u00eatre choisis en option.  <\/p>\n<p>Pour d\u00e9finir des param\u00e8tres, il faut <a href=\"https:\/\/www.statusholder.com\/fr\/premium\/\">\u00eatre Premium<\/a>. <a href=\"https:\/\/www.statusholder.com\/fr\/caracteristiques\/\">Vous trouverez ici d&rsquo;autres fonctionnalit\u00e9s.<\/a><\/p>\n<\/div><\/div><\/li><li  class=\"panel dima-accordion-group double_icon\" ><div class=\"dima-accordion-header\"><a class=\"dima-accordion-toggle collapsed\" data-toggle=\"collapse\" data-parent=\"#FAQ\" href=\"#collapse-9\"><span class=\"dima-accordion-title\">Serai-je inform\u00e9 de la disponibilit\u00e9 d'une nouvelle version ?<\/span><span class='icon_one' ><svg xmlns=\"http:\/\/www.w3.org\/2000\/svg\" width=\"48\" height=\"48\" viewBox=\"0 0 48 48\"><path d=\"M38 26H26v12h-4V26H10v-4h12V10h4v12h12v4z\"\/><\/svg><\/span><span class='icon_two' ><svg xmlns=\"http:\/\/www.w3.org\/2000\/svg\" width=\"48\" height=\"48\" viewBox=\"0 0 48 48\"><path d=\"M38 26H10v-4h28v4z\"\/><\/svg><\/span><\/a><\/div><div id=\"collapse-9\" class=\"dima-accordion-content collapse\"><div class=\"dima-accordion-inner\"><p>Oui ! Une notification s&rsquo;affiche.<br \/>\nSi une nouvelle version de Status Holder est disponible, une notification s&rsquo;affiche au d\u00e9marrage de l&rsquo;outil. <\/p>\n<\/div><\/div><\/li><li  class=\"panel dima-accordion-group double_icon\" ><div class=\"dima-accordion-header\"><a class=\"dima-accordion-toggle collapsed\" data-toggle=\"collapse\" data-parent=\"#FAQ\" href=\"#collapse-10\"><span class=\"dima-accordion-title\">Mes param\u00e8tres sont toujours r\u00e9initialis\u00e9s, pourquoi ?<\/span><span class='icon_one' ><svg xmlns=\"http:\/\/www.w3.org\/2000\/svg\" width=\"48\" height=\"48\" viewBox=\"0 0 48 48\"><path d=\"M38 26H26v12h-4V26H10v-4h12V10h4v12h12v4z\"\/><\/svg><\/span><span class='icon_two' ><svg xmlns=\"http:\/\/www.w3.org\/2000\/svg\" width=\"48\" height=\"48\" viewBox=\"0 0 48 48\"><path d=\"M38 26H10v-4h28v4z\"\/><\/svg><\/span><\/a><\/div><div id=\"collapse-10\" class=\"dima-accordion-content collapse\"><div class=\"dima-accordion-inner\"><p>C&rsquo;est bien connu. Pour plus d&rsquo;informations, consultez notre <a href=\"https:\/\/www.statusholder.com\/fr\/telechargement\/instructions\/\"><strong>Guide<\/strong><\/a>. <\/p>\n<\/div><\/div><\/li><li  class=\"panel dima-accordion-group double_icon\" ><div class=\"dima-accordion-header\"><a class=\"dima-accordion-toggle collapsed\" data-toggle=\"collapse\" data-parent=\"#FAQ\" href=\"#collapse-11\"><span class=\"dima-accordion-title\">Dois-je acheter un nouveau code\/une nouvelle licence pour une nouvelle version ?<\/span><span class='icon_one' ><svg xmlns=\"http:\/\/www.w3.org\/2000\/svg\" width=\"48\" height=\"48\" viewBox=\"0 0 48 48\"><path d=\"M38 26H26v12h-4V26H10v-4h12V10h4v12h12v4z\"\/><\/svg><\/span><span class='icon_two' ><svg xmlns=\"http:\/\/www.w3.org\/2000\/svg\" width=\"48\" height=\"48\" viewBox=\"0 0 48 48\"><path d=\"M38 26H10v-4h28v4z\"\/><\/svg><\/span><\/a><\/div><div id=\"collapse-11\" class=\"dima-accordion-content collapse\"><div class=\"dima-accordion-inner\"><p>Non ! un code ou une licence d\u00e9j\u00e0 achet\u00e9s sont valables dans n&rsquo;importe quelle version de Status Holder. <\/p>\n<\/div><\/div><\/li><\/ul>[\/vc_column][\/vc_row][vc_row bg_type=\u00a0\u00bb\u00a0\u00bb dima_canvas_style=\u00a0\u00bb\u00a0\u00bb cover=\u00a0\u00bbtrue\u00a0\u00bb cover_color=\u00a0\u00bb#f7f7f7&Prime; translate_x=\u00a0\u00bb0&Prime; dima_z_index=\u00a0\u00bb0&Prime; delay=\u00a0\u00bb\u00a0\u00bb animate_item=\u00a0\u00bb\u00a0\u00bb delay_duration=\u00a0\u00bb\u00a0\u00bb delay_offset=\u00a0\u00bb\u00a0\u00bb di_bg_color=\u00a0\u00bb#fafafa\u00a0\u00bb top_and_bottom_padding=\u00a0\u00bb\u00a0\u00bb left_and_right_padding=\u00a0\u00bb\u00a0\u00bb class=\u00a0\u00bb\u00a0\u00bb style=\u00a0\u00bb\u00a0\u00bb css=\u00a0\u00bb.vc_custom_1519122440983{background-color: #fafafa !important;}\u00a0\u00bb border_color=\u00a0\u00bb\u00a0\u00bb id=\u00a0\u00bb\u00a0\u00bb][vc_column min_height=\u00a0\u00bb\u00a0\u00bb bg_type=\u00a0\u00bb\u00a0\u00bb dima_canvas_style=\u00a0\u00bb\u00a0\u00bb translate_x=\u00a0\u00bb0&Prime; dima_z_index=\u00a0\u00bb0&Prime; delay=\u00a0\u00bb\u00a0\u00bb animate_item=\u00a0\u00bb\u00a0\u00bb delay_duration=\u00a0\u00bb\u00a0\u00bb delay_offset=\u00a0\u00bb\u00a0\u00bb width=\u00a0\u00bb1\/1&Prime;]<h3  class=\"dima-custom-heading text-center\"  data-animate        = transition.slideUpBigIn data-delay             = 100 data-duration = 500 >Weitere Informationen<\/h3><div  class=\"dima-clear\" style=\"padding-bottom:20px\"><\/div><div  class=\"dima-divider   line-hr line-center\" data-animate=transition.expandIn data-delay=300 data-duration=500  ><\/div><div  class=\"dima-clear\" style=\"padding-bottom:50px\"><\/div>[vc_row_inner bg_type=\u00a0\u00bbbg_color\u00a0\u00bb dima_canvas_style=\u00a0\u00bb\u00a0\u00bb translate_x=\u00a0\u00bb0&Prime; dima_z_index=\u00a0\u00bb0&Prime; top_and_bottom_padding=\u00a0\u00bb\u00a0\u00bb left_and_right_padding=\u00a0\u00bb\u00a0\u00bb id=\u00a0\u00bb\u00a0\u00bb class=\u00a0\u00bb\u00a0\u00bb style=\u00a0\u00bb\u00a0\u00bb di_bg_color=\u00a0\u00bb#fafafa\u00a0\u00bb border_color=\u00a0\u00bb\u00a0\u00bb][vc_column_inner animation=\u00a0\u00bbtransition.slideUpBigIn\u00a0\u00bb delay=\u00a0\u00bb100&Prime; animate_item=\u00a0\u00bb\u00a0\u00bb delay_duration=\u00a0\u00bb500&Prime; delay_offset=\u00a0\u00bb\u00a0\u00bb translate_x=\u00a0\u00bb0&Prime; dima_z_index=\u00a0\u00bb0&Prime; width=\u00a0\u00bb1\/3&Prime; id=\u00a0\u00bb\u00a0\u00bb class=\u00a0\u00bb\u00a0\u00bb style=\u00a0\u00bb\u00a0\u00bb border_color=\u00a0\u00bb\u00a0\u00bb]<a href=\"https:\/\/www.statusholder.com\/features\/\"><div  class=\"dima-iconbox dima-iconbox-shadow shadow-hover features-box text-center\" data-animate=transition.slideUpBigIn data-delay=100 data-duration=500 style=\"background-color:#ffffff;\"><header  class=\"icon-box-header  box-none\"  ><span  class=\"svg_icon  icon-box-small  \" ><svg version=\"1.1\" xmlns=\"http:\/\/www.w3.org\/2000\/svg\" xmlns:xlink=\"http:\/\/www.w3.org\/1999\/xlink\" width=\"32\" height=\"32\" viewBox=\"0 0 32 32\">\n<g>\n<\/g>\n\t<path d=\"M24 28h-22v-28h22v28zM4 26h18v-24h-18v24z\" fill=\"#000000\" \/>\n\t<path d=\"M7 12h12v2h-12v-2z\" fill=\"#000000\" \/>\n\t<path d=\"M7 16h12v2h-12v-2z\" fill=\"#000000\" \/>\n\t<path d=\"M7 20h12v2h-12v-2z\" fill=\"#000000\" \/>\n\t<path d=\"M7 7.983h6v2h-6v-2z\" fill=\"#000000\" \/>\n\t<path d=\"M30 32h-21v-2h19v-24h-1.945v-2h3.945z\" fill=\"#000000\" \/>\n<\/svg>\n<\/span><\/header><div  class=\"features-content\"  ><h5 class=\"features-title\" >Toutes les fonctionnalit\u00e9s<\/h5><span class=\"dima-divider line-center line-hr small-line\"><\/span>Le Status Holder a de nombreux param\u00e8tres et fonctionnalit\u00e9s qui peuvent \u00eatre utilis\u00e9s.<\/div><\/div><\/a>[\/vc_column_inner][vc_column_inner animation=\u00a0\u00bbtransition.slideUpBigIn\u00a0\u00bb delay=\u00a0\u00bb300&Prime; animate_item=\u00a0\u00bb\u00a0\u00bb delay_duration=\u00a0\u00bb500&Prime; delay_offset=\u00a0\u00bb\u00a0\u00bb translate_x=\u00a0\u00bb0&Prime; dima_z_index=\u00a0\u00bb0&Prime; width=\u00a0\u00bb1\/3&Prime; id=\u00a0\u00bb\u00a0\u00bb class=\u00a0\u00bb\u00a0\u00bb style=\u00a0\u00bb\u00a0\u00bb border_color=\u00a0\u00bb\u00a0\u00bb]<a href=\"https:\/\/www.statusholder.com\/premium\/\"><div  class=\"dima-iconbox dima-iconbox-shadow shadow-hover features-box text-center\" data-animate=transition.slideUpBigIn data-delay=300 data-duration=500 style=\"background-color:#ffffff;\"><header  class=\"icon-box-header  box-none\"  ><span  class=\"svg_icon  icon-box-small  \" ><svg version=\"1.1\" xmlns=\"http:\/\/www.w3.org\/2000\/svg\" xmlns:xlink=\"http:\/\/www.w3.org\/1999\/xlink\" width=\"32\" height=\"32\" viewBox=\"0 0 32 32\">\n<g>\n<\/g>\n\t<path d=\"M16 14h12v2h-12v-2z\" fill=\"#000000\" \/>\n\t<path d=\"M16 18.020h8v2h-8v-2z\" fill=\"#000000\" \/>\n\t<path d=\"M10 20h-10v-16h20v2.984h-2v-0.984h-16v12h8z\" fill=\"#000000\" \/>\n\t<path d=\"M3.971 8.984h6v2h-6v-2z\" fill=\"#000000\" \/>\n\t<path d=\"M3.971 13.004h6.029v2h-6.029v-2z\" fill=\"#000000\" \/>\n\t<path d=\"M12 31v-22h20v16h-13v-2h11v-12h-16v14l1.2-1.6 1.6 1.2z\" fill=\"#000000\" \/>\n<\/svg>\n<\/span><\/header><div  class=\"features-content\"  ><h5 class=\"features-title\" >Premium<\/h5><span class=\"dima-divider line-center line-hr small-line\"><\/span>L&rsquo;outil peut \u00eatre utilis\u00e9 gratuitement. Les r\u00e9glages ne sont toutefois disponibles qu&rsquo;avec une licence Premium.<\/div><\/div><\/a>[\/vc_column_inner][vc_column_inner animation=\u00a0\u00bbtransition.slideUpBigIn\u00a0\u00bb delay=\u00a0\u00bb500&Prime; animate_item=\u00a0\u00bb\u00a0\u00bb delay_duration=\u00a0\u00bb500&Prime; delay_offset=\u00a0\u00bb\u00a0\u00bb translate_x=\u00a0\u00bb0&Prime; dima_z_index=\u00a0\u00bb0&Prime; width=\u00a0\u00bb1\/3&Prime; id=\u00a0\u00bb\u00a0\u00bb class=\u00a0\u00bb\u00a0\u00bb style=\u00a0\u00bb\u00a0\u00bb border_color=\u00a0\u00bb\u00a0\u00bb]<a href=\"https:\/\/www.statusholder.com\/download\/\"><div  class=\"dima-iconbox dima-iconbox-shadow shadow-hover features-box text-center\"  data-delay=500 data-duration=500 style=\"background-color:#ffffff;\"><header  class=\"icon-box-header  box-none\"  ><span  class=\"svg_icon  icon-box-small  \" ><svg version=\"1.1\" xmlns=\"http:\/\/www.w3.org\/2000\/svg\" xmlns:xlink=\"http:\/\/www.w3.org\/1999\/xlink\" width=\"32\" height=\"32\" viewBox=\"0 0 32 32\">\n<g>\n<\/g>\n\t<path d=\"M9 14h13v2h-13v-2z\" fill=\"#000000\" \/>\n\t<path d=\"M9 18h13v2h-13v-2z\" fill=\"#000000\" \/>\n\t<path d=\"M9 22h13v2h-13v-2z\" fill=\"#000000\" \/>\n\t<path d=\"M9 8h6v2h-6v-2z\" fill=\"#000000\" \/>\n\t<path d=\"M29 32h-27v-28h2v26h23v-28h-25v-2h27z\" fill=\"#000000\" \/>\n<\/svg>\n<\/span><\/header><div  class=\"features-content\"  ><h5 class=\"features-title\" >T\u00e9l\u00e9charger<\/h5><span class=\"dima-divider line-center line-hr small-line\"><\/span>Status Holder est actuellement disponible pour toutes les versions de Windows et ne doit pas \u00eatre install\u00e9.<\/div><\/div><\/a>[\/vc_column_inner][\/vc_row_inner][\/vc_column][\/vc_row]<\/p>\n<\/div>","protected":false},"excerpt":{"rendered":"<p>[vc_row bg_type=\u00a0\u00bb\u00a0\u00bb dima_canvas_style=\u00a0\u00bb\u00a0\u00bb translate_x=\u00a0\u00bb0&Prime; dima_z_index=\u00a0\u00bb0&Prime; delay=\u00a0\u00bb\u00a0\u00bb animate_item=\u00a0\u00bb\u00a0\u00bb delay_duration=\u00a0\u00bb\u00a0\u00bb delay_offset=\u00a0\u00bb\u00a0\u00bb top_and_bottom_padding=\u00a0\u00bb\u00a0\u00bb left_and_right_padding=\u00a0\u00bb\u00a0\u00bb id=\u00a0\u00bb\u00a0\u00bb class=\u00a0\u00bb\u00a0\u00bb border_color=\u00a0\u00bb\u00a0\u00bb][vc_column min_height=\u00a0\u00bb\u00a0\u00bb bg_type=\u00a0\u00bb\u00a0\u00bb dima_canvas_style=\u00a0\u00bb\u00a0\u00bb translate_x=\u00a0\u00bb0&Prime; dima_z_index=\u00a0\u00bb0&Prime; delay=\u00a0\u00bb\u00a0\u00bb animate_item=\u00a0\u00bb\u00a0\u00bb delay_duration=\u00a0\u00bb\u00a0\u00bb delay_offset=\u00a0\u00bb\u00a0\u00bb width=\u00a0\u00bb1\/1&Prime;][\/vc_column][\/vc_row][vc_row bg_type=\u00a0\u00bb\u00a0\u00bb dima_canvas_style=\u00a0\u00bb\u00a0\u00bb cover=\u00a0\u00bbtrue\u00a0\u00bb cover_color=\u00a0\u00bb#f7f7f7&Prime; translate_x=\u00a0\u00bb0&Prime; dima_z_index=\u00a0\u00bb0&Prime; delay=\u00a0\u00bb\u00a0\u00bb animate_item=\u00a0\u00bb\u00a0\u00bb delay_duration=\u00a0\u00bb\u00a0\u00bb delay_offset=\u00a0\u00bb\u00a0\u00bb di_bg_color=\u00a0\u00bb#fafafa\u00a0\u00bb top_and_bottom_padding=\u00a0\u00bb\u00a0\u00bb left_and_right_padding=\u00a0\u00bb\u00a0\u00bb class=\u00a0\u00bb\u00a0\u00bb style=\u00a0\u00bb\u00a0\u00bb css=\u00a0\u00bb.vc_custom_1519122440983{background-color: #fafafa !important;}\u00a0\u00bb border_color=\u00a0\u00bb\u00a0\u00bb id=\u00a0\u00bb\u00a0\u00bb][vc_column min_height=\u00a0\u00bb\u00a0\u00bb bg_type=\u00a0\u00bb\u00a0\u00bb dima_canvas_style=\u00a0\u00bb\u00a0\u00bb translate_x=\u00a0\u00bb0&Prime; dima_z_index=\u00a0\u00bb0&Prime; delay=\u00a0\u00bb\u00a0\u00bb animate_item=\u00a0\u00bb\u00a0\u00bb delay_duration=\u00a0\u00bb\u00a0\u00bb delay_offset=\u00a0\u00bb\u00a0\u00bb width=\u00a0\u00bb1\/1&Prime;][vc_row_inner bg_type=\u00a0\u00bbbg_color\u00a0\u00bb [&hellip;]<\/p>\n","protected":false},"author":1,"featured_media":0,"parent":16143,"menu_order":0,"comment_status":"closed","ping_status":"closed","template":"","meta":{"_monsterinsights_skip_tracking":false,"_monsterinsights_sitenote_active":false,"_monsterinsights_sitenote_note":"","_monsterinsights_sitenote_category":0,"footnotes":""},"class_list":["post-16217","page","type-page","status-publish","hentry","no-post-thumbnail"],"_links":{"self":[{"href":"https:\/\/www.statusholder.com\/fr\/wp-json\/wp\/v2\/pages\/16217","targetHints":{"allow":["GET"]}}],"collection":[{"href":"https:\/\/www.statusholder.com\/fr\/wp-json\/wp\/v2\/pages"}],"about":[{"href":"https:\/\/www.statusholder.com\/fr\/wp-json\/wp\/v2\/types\/page"}],"author":[{"embeddable":true,"href":"https:\/\/www.statusholder.com\/fr\/wp-json\/wp\/v2\/users\/1"}],"replies":[{"embeddable":true,"href":"https:\/\/www.statusholder.com\/fr\/wp-json\/wp\/v2\/comments?post=16217"}],"version-history":[{"count":17,"href":"https:\/\/www.statusholder.com\/fr\/wp-json\/wp\/v2\/pages\/16217\/revisions"}],"predecessor-version":[{"id":30712,"href":"https:\/\/www.statusholder.com\/fr\/wp-json\/wp\/v2\/pages\/16217\/revisions\/30712"}],"up":[{"embeddable":true,"href":"https:\/\/www.statusholder.com\/fr\/wp-json\/wp\/v2\/pages\/16143"}],"wp:attachment":[{"href":"https:\/\/www.statusholder.com\/fr\/wp-json\/wp\/v2\/media?parent=16217"}],"curies":[{"name":"wp","href":"https:\/\/api.w.org\/{rel}","templated":true}]}}