{"id":16220,"date":"2022-01-12T15:58:47","date_gmt":"2022-01-12T14:58:47","guid":{"rendered":"https:\/\/www.statusholder.com\/premium\/"},"modified":"2024-03-24T22:15:48","modified_gmt":"2024-03-24T21:15:48","slug":"premium","status":"publish","type":"page","link":"https:\/\/www.statusholder.com\/fr\/premium\/","title":{"rendered":"Premium"},"content":{"rendered":"<div class=\"wpb-content-wrapper\"><p>[vc_row bg_type=\u00a0\u00bb\u00a0\u00bb dima_canvas_style=\u00a0\u00bb\u00a0\u00bb translate_x=\u00a0\u00bb0&Prime; dima_z_index=\u00a0\u00bb0&Prime; delay=\u00a0\u00bb\u00a0\u00bb animate_item=\u00a0\u00bb\u00a0\u00bb delay_duration=\u00a0\u00bb\u00a0\u00bb delay_offset=\u00a0\u00bb\u00a0\u00bb top_and_bottom_padding=\u00a0\u00bb\u00a0\u00bb left_and_right_padding=\u00a0\u00bb\u00a0\u00bb id=\u00a0\u00bb\u00a0\u00bb class=\u00a0\u00bb\u00a0\u00bb css=\u00a0\u00bb.vc_custom_1498853594959{padding-top: 0px !important;}\u00a0\u00bb border_color=\u00a0\u00bb\u00a0\u00bb][vc_column min_height=\u00a0\u00bb\u00a0\u00bb bg_type=\u00a0\u00bb\u00a0\u00bb dima_canvas_style=\u00a0\u00bb\u00a0\u00bb translate_x=\u00a0\u00bb0&Prime; dima_z_index=\u00a0\u00bb0&Prime; delay=\u00a0\u00bb\u00a0\u00bb animate_item=\u00a0\u00bb\u00a0\u00bb delay_duration=\u00a0\u00bb\u00a0\u00bb delay_offset=\u00a0\u00bb\u00a0\u00bb top_and_bottom_padding=\u00a0\u00bb\u00a0\u00bb left_and_right_padding=\u00a0\u00bb\u00a0\u00bb width=\u00a0\u00bb1\/1&Prime;][vc_row_inner bg_type=\u00a0\u00bb\u00a0\u00bb dima_canvas_style=\u00a0\u00bb\u00a0\u00bb translate_x=\u00a0\u00bb0&Prime; dima_z_index=\u00a0\u00bb0&Prime; id=\u00a0\u00bb\u00a0\u00bb class=\u00a0\u00bb\u00a0\u00bb style=\u00a0\u00bb\u00a0\u00bb border_color=\u00a0\u00bb\u00a0\u00bb][vc_column_inner delay=\u00a0\u00bb\u00a0\u00bb animate_item=\u00a0\u00bb\u00a0\u00bb delay_duration=\u00a0\u00bb\u00a0\u00bb delay_offset=\u00a0\u00bb\u00a0\u00bb translate_x=\u00a0\u00bb0&Prime; dima_z_index=\u00a0\u00bb0&Prime; width=\u00a0\u00bb1\/4&Prime;][\/vc_column_inner][vc_column_inner animation=\u00a0\u00bbtransition.slideLeftIn\u00a0\u00bb delay=\u00a0\u00bb\u00a0\u00bb animate_item=\u00a0\u00bb\u00a0\u00bb delay_duration=\u00a0\u00bb\u00a0\u00bb delay_offset=\u00a0\u00bb\u00a0\u00bb translate_x=\u00a0\u00bb0&Prime; dima_z_index=\u00a0\u00bb0&Prime; width=\u00a0\u00bb1\/2&Prime; id=\u00a0\u00bb\u00a0\u00bb class=\u00a0\u00bb\u00a0\u00bb style=\u00a0\u00bb\u00a0\u00bb border_color=\u00a0\u00bb\u00a0\u00bb]<div  class=\"dima-pricing-table featured\" > <span class='featured_icon'><svg xmlns=\"http:\/\/www.w3.org\/2000\/svg\" width=\"48\" height=\"48\" viewBox=\"0 0 48 48\"><path d=\"M24 42.7l-2.9-2.63C10.8 30.72 4 24.55 4 17 4 10.83 8.83 6 15 6c3.48 0 6.82 1.62 9 4.17C26.18 7.62 29.52 6 33 6c6.17 0 11 4.83 11 11 0 7.55-6.8 13.72-17.1 23.07L24 42.7z\"\/><\/svg><\/span><div  class=\"dima-pricing-col pricing-style-callout\"><div class=\"dima-pricing-col-info box-with-shadow\" style=\"border-top-color:#36ce98;\"><div class=\"dima-header-col-info\"><h6 class=\"dima-table-title\">Premium P3<\/h6><h2 class=\"dima-pricing-row\"><span class=\"pricing\"><span class=\"currency\">\u20ac<\/span>...<\/span><span class=\"interval\">\/ 12 mois<\/span><\/h2><\/div><div class=\"dima-table-content\">\n\t<div class=\"wpb_content_element \" >\n\t\t<div class=\"wpb_wrapper\">\n\t\t\t<h5>Vous souhaitez nous remercier tout particuli\u00e8rement ?<\/h5>\n<p>Si notre produit vous convainc, nous serions ravis de recevoir un montant dont vous pouvez d\u00e9terminer librement le montant.<br \/>\nBien entendu, vous recevrez \u00e9galement un code premium pour 12 mois afin de pouvoir utiliser toutes les fonctionnalit\u00e9s et tous les param\u00e8tres.<\/p>\n\n\t\t<\/div> \n\t<\/div> \n\t<div class=\"wpb_content_element \" >\n\t\t<div class=\"wpb_wrapper\">\n\t\t\t<p style=\"text-align: center;\">\t<form id=\"edd_purchase_7446\" class=\"edd_download_purchase_form edd_purchase_7446\" method=\"post\">\n\n\t\t\t\t<p class=\"edd-cp-container\" >\n\t\t\t<label for=\"edd_cp_price\" class=\"edd-cp-price-label\">Name your price<\/label>\n\t\t\t\t\t\t\t<input type=\"text\" name=\"edd_cp_price\" id=\"edd_cp_price\" class=\"edd_cp_price\" value=\"20.00\" data-min=\"15.00\" data-default-text=\"KAUFEN\" \/>\n\t\t\t\t&euro; <small>(min 15.00&euro;)<\/small>\t\t<\/p>\n\t\t\n\t\t<div class=\"edd_purchase_submit_wrapper\">\n\t\t\t<button class=\"edd-add-to-cart button blue edd-submit\" data-nonce=\"f4cbee8864\" data-timestamp=\"1778267778\" data-token=\"9ede38344adaf52fd368958eb5dbda9cb161a3ab635873d4fd9c58d8ff219caf\" data-action=\"edd_add_to_cart\" data-download-id=\"7446\" data-variable-price=\"no\" data-price-mode=single data-price=\"15.00\" ><span class=\"edd-add-to-cart-label\">KAUFEN<\/span> <span class=\"edd-loading\" aria-label=\"Chargement en cours\"><\/span><\/button><input type=\"submit\" class=\"edd-add-to-cart edd-no-js button blue edd-submit\" name=\"edd_purchase_download\" value=\"KAUFEN\" data-action=\"edd_add_to_cart\" data-download-id=\"7446\" data-variable-price=\"no\" data-price-mode=single \/><a href=\"https:\/\/www.statusholder.com\/fr\/caisse\/?nocache=true\" class=\"edd_go_to_checkout button blue edd-submit\" style=\"display:none;\">Validation de la commande<\/a>\n\t\t\t\t\t\t\t<span class=\"edd-cart-ajax-alert\" aria-live=\"assertive\">\n\t\t\t\t\t<span class=\"edd-cart-added-alert\" style=\"display: none;\">\n\t\t\t\t\t\t<svg class=\"edd-icon edd-icon-check\" xmlns=\"http:\/\/www.w3.org\/2000\/svg\" width=\"28\" height=\"28\" viewBox=\"0 0 28 28\" aria-hidden=\"true\">\n\t\t\t\t\t\t\t<path d=\"M26.11 8.844c0 .39-.157.78-.44 1.062L12.234 23.344c-.28.28-.672.438-1.062.438s-.78-.156-1.06-.438l-7.782-7.78c-.28-.282-.438-.673-.438-1.063s.156-.78.438-1.06l2.125-2.126c.28-.28.672-.438 1.062-.438s.78.156 1.062.438l4.594 4.61L21.42 5.656c.282-.28.673-.438 1.063-.438s.78.155 1.062.437l2.125 2.125c.28.28.438.672.438 1.062z\"\/>\n\t\t\t\t\t\t<\/svg>\n\t\t\t\t\t\tAjout\u00e9 au panier\t\t\t\t\t<\/span>\n\t\t\t\t<\/span>\n\t\t\t\t\t\t\t\t\t\t\t\t\t\t\t<\/div><!--end .edd_purchase_submit_wrapper-->\n\n\t\t<input type=\"hidden\" name=\"download_id\" value=\"7446\">\n\t\t\t\t\t\t\t<input type=\"hidden\" name=\"edd_action\" class=\"edd_action_input\" value=\"add_to_cart\">\n\t\t\n\t\t\t\t\t<input type=\"hidden\" name=\"edd_redirect_to_checkout\" value=\"1\">\n\t\t\n\t\t\n\t\t\n\t<\/form><!--end #edd_purchase_7446-->\n\t<\/p>\n\n\t\t<\/div> \n\t<\/div> <\/div><\/div><\/div> <\/div>[\/vc_column_inner][vc_column_inner delay=\u00a0\u00bb\u00a0\u00bb animate_item=\u00a0\u00bb\u00a0\u00bb delay_duration=\u00a0\u00bb\u00a0\u00bb delay_offset=\u00a0\u00bb\u00a0\u00bb translate_x=\u00a0\u00bb0&Prime; dima_z_index=\u00a0\u00bb0&Prime; width=\u00a0\u00bb1\/4&Prime;][\/vc_column_inner][\/vc_row_inner]<div  class=\"dima-spacer-module\"  data-units=\"px\" data-all_size=\"100\" data-xld_resolution=\"1600\" data-xld_size=\"100\" data-ld_resolution=\"1400\" data-ld_size=\"100\" data-md_resolution=\"1170\" data-md_size=\"100\" data-sd_resolution=\"969\" data-sd_size=\"60\" data-xsd_resolution=\"480\" data-xsd_size=\"60\" style=\"height: 100px;\"><\/div>[vc_row_inner bg_type=\u00a0\u00bb\u00a0\u00bb dima_canvas_style=\u00a0\u00bb\u00a0\u00bb translate_x=\u00a0\u00bb0&Prime; dima_z_index=\u00a0\u00bb0&Prime; top_and_bottom_padding=\u00a0\u00bb\u00a0\u00bb left_and_right_padding=\u00a0\u00bb\u00a0\u00bb][vc_column_inner animation=\u00a0\u00bbtransition.slideRightBigIn\u00a0\u00bb delay=\u00a0\u00bb100&Prime; animate_item=\u00a0\u00bb\u00a0\u00bb delay_duration=\u00a0\u00bb500&Prime; delay_offset=\u00a0\u00bb\u00a0\u00bb translate_x=\u00a0\u00bb0&Prime; dima_z_index=\u00a0\u00bb0&Prime; width=\u00a0\u00bb1\/4&Prime; id=\u00a0\u00bb\u00a0\u00bb class=\u00a0\u00bb\u00a0\u00bb style=\u00a0\u00bb\u00a0\u00bb border_color=\u00a0\u00bb\u00a0\u00bb]<div  class=\"dima-pricing-table\" > <div  class=\"dima-pricing-col pricing-style-callout\"><div class=\"dima-pricing-col-info box-with-shadow\" style=\"border-top-color:#333333;\"><div class=\"dima-header-col-info\"><h6 class=\"dima-table-title\">Basic<\/h6><h2 class=\"dima-pricing-row\"><span class=\"pricing\"><span class=\"currency\"><\/span>Free<\/span><span class=\"interval\"><\/span><\/h2><\/div><div class=\"dima-table-content\">\n\t<div class=\"wpb_content_element \" >\n\t\t<div class=\"wpb_wrapper\">\n\t\t\t<p>Version gratuite.<br \/>\nAucun r\u00e9glage disponible.<\/p>\n\n\t\t<\/div> \n\t<\/div> <ul  class=\"icon-list\" ><li   ><i style=\"color:#81d742;\" class=\"fas fa-check\"><\/i>Fonction Status Holder<\/li><li   ><i style=\"color:#81d742;\" class=\"fas fa-check\"><\/i>Statistiques optionnelles<\/li><li   ><i style=\"color:#81d742;\" class=\"fas fa-check\"><\/i>Plusieurs langues<\/li><li   ><i style=\"color:#dd3333;\" class=\"fas fa-times\"><\/i><br \/>\n<span style=\"color: #bdbdbd;\">Utiliser les param\u00e8tres<\/span><br \/>\n<\/li><li   ><i style=\"color:#dd3333;\" class=\"fas fa-times\"><\/i><br \/>\n<span style=\"color: #bdbdbd;\">Fonctionnalit\u00e9s Premium<\/span><br \/>\n<\/li><\/ul><a   href=\"https:\/\/www.statusholder.com\/download\/\"  class=\"dima-button dima-waves fill dima-btn-small\"      >T\u00c9L\u00c9CHARGEMENT<\/a><\/div><\/div><\/div> <\/div>[\/vc_column_inner][vc_column_inner animation=\u00a0\u00bbtransition.slideRightBigIn\u00a0\u00bb delay=\u00a0\u00bb300&Prime; animate_item=\u00a0\u00bb\u00a0\u00bb delay_duration=\u00a0\u00bb500&Prime; delay_offset=\u00a0\u00bb\u00a0\u00bb translate_x=\u00a0\u00bb0&Prime; dima_z_index=\u00a0\u00bb0&Prime; width=\u00a0\u00bb1\/4&Prime; id=\u00a0\u00bb\u00a0\u00bb class=\u00a0\u00bb\u00a0\u00bb style=\u00a0\u00bb\u00a0\u00bb border_color=\u00a0\u00bb\u00a0\u00bb]<div  class=\"dima-pricing-table\" > <div  class=\"dima-pricing-col pricing-style-callout\"><div class=\"dima-pricing-col-info box-with-shadow\" style=\"border-top-color:#333333;\"><div class=\"dima-header-col-info\"><h6 class=\"dima-table-title\">Premium M1<\/h6><h2 class=\"dima-pricing-row\"><span class=\"pricing\"><span class=\"currency\">\u20ac<\/span>2<\/span><span class=\"interval\">\/ 1 mois<\/span><\/h2><\/div><div class=\"dima-table-content\">\n\t<div class=\"wpb_content_element \" >\n\t\t<div class=\"wpb_wrapper\">\n\t\t\t<p>Licence pour <strong>1 mois<\/strong>.<br \/>\nNe sera pas renouvel\u00e9 automatiquement.<\/p>\n\n\t\t<\/div> \n\t<\/div> <ul  class=\"icon-list\" ><li   ><i style=\"color:#81d742;\" class=\"fas fa-check\"><\/i>Fonction Status Holder<\/li><li   ><i style=\"color:#81d742;\" class=\"fas fa-check\"><\/i>Statistiques optionnelles<\/li><li   ><i style=\"color:#81d742;\" class=\"fas fa-check\"><\/i>Plusieurs langues<\/li><li   ><i style=\"color:#81d742;\" class=\"fas fa-check\"><\/i>Utiliser les param\u00e8tres<\/li><li   ><i style=\"color:#81d742;\" class=\"fas fa-check\"><\/i>Fonctionnalit\u00e9s Premium<\/li><\/ul>\n\t<div class=\"wpb_content_element \" >\n\t\t<div class=\"wpb_wrapper\">\n\t\t\t<p style=\"text-align: center;\">\t<form id=\"edd_purchase_7204\" class=\"edd_download_purchase_form edd_purchase_7204\" method=\"post\">\n\n\t\t\n\t\t<div class=\"edd_purchase_submit_wrapper\">\n\t\t\t<button class=\"edd-add-to-cart button blue edd-submit\" data-nonce=\"57c9ce30db\" data-timestamp=\"1778267778\" data-token=\"9ede38344adaf52fd368958eb5dbda9cb161a3ab635873d4fd9c58d8ff219caf\" data-action=\"edd_add_to_cart\" data-download-id=\"7204\" data-variable-price=\"no\" data-price-mode=single data-price=\"2.00\" ><span class=\"edd-add-to-cart-label\">2.00&euro;&nbsp;&ndash;&nbsp;Acheter<\/span> <span class=\"edd-loading\" aria-label=\"Chargement en cours\"><\/span><\/button><input type=\"submit\" class=\"edd-add-to-cart edd-no-js button blue edd-submit\" name=\"edd_purchase_download\" value=\"2.00&euro;&nbsp;&ndash;&nbsp;Acheter\" data-action=\"edd_add_to_cart\" data-download-id=\"7204\" data-variable-price=\"no\" data-price-mode=single \/><a href=\"https:\/\/www.statusholder.com\/fr\/caisse\/?nocache=true\" class=\"edd_go_to_checkout button blue edd-submit\" style=\"display:none;\">Validation de la commande<\/a>\n\t\t\t\t\t\t\t<span class=\"edd-cart-ajax-alert\" aria-live=\"assertive\">\n\t\t\t\t\t<span class=\"edd-cart-added-alert\" style=\"display: none;\">\n\t\t\t\t\t\t<svg class=\"edd-icon edd-icon-check\" xmlns=\"http:\/\/www.w3.org\/2000\/svg\" width=\"28\" height=\"28\" viewBox=\"0 0 28 28\" aria-hidden=\"true\">\n\t\t\t\t\t\t\t<path d=\"M26.11 8.844c0 .39-.157.78-.44 1.062L12.234 23.344c-.28.28-.672.438-1.062.438s-.78-.156-1.06-.438l-7.782-7.78c-.28-.282-.438-.673-.438-1.063s.156-.78.438-1.06l2.125-2.126c.28-.28.672-.438 1.062-.438s.78.156 1.062.438l4.594 4.61L21.42 5.656c.282-.28.673-.438 1.063-.438s.78.155 1.062.437l2.125 2.125c.28.28.438.672.438 1.062z\"\/>\n\t\t\t\t\t\t<\/svg>\n\t\t\t\t\t\tAjout\u00e9 au panier\t\t\t\t\t<\/span>\n\t\t\t\t<\/span>\n\t\t\t\t\t\t\t\t\t\t\t\t\t\t\t<\/div><!--end .edd_purchase_submit_wrapper-->\n\n\t\t<input type=\"hidden\" name=\"download_id\" value=\"7204\">\n\t\t\t\t\t\t\t<input type=\"hidden\" name=\"edd_action\" class=\"edd_action_input\" value=\"add_to_cart\">\n\t\t\n\t\t\t\t\t<input type=\"hidden\" name=\"edd_redirect_to_checkout\" value=\"1\">\n\t\t\n\t\t\n\t\t\n\t<\/form><!--end #edd_purchase_7204-->\n\t<\/p>\n\n\t\t<\/div> \n\t<\/div> <\/div><\/div><\/div> <\/div>[\/vc_column_inner][vc_column_inner animation=\u00a0\u00bbtransition.slideRightBigIn\u00a0\u00bb delay=\u00a0\u00bb500&Prime; animate_item=\u00a0\u00bb\u00a0\u00bb delay_duration=\u00a0\u00bb500&Prime; delay_offset=\u00a0\u00bb\u00a0\u00bb translate_x=\u00a0\u00bb0&Prime; dima_z_index=\u00a0\u00bb0&Prime; width=\u00a0\u00bb1\/4&Prime; id=\u00a0\u00bb\u00a0\u00bb class=\u00a0\u00bb\u00a0\u00bb style=\u00a0\u00bb\u00a0\u00bb border_color=\u00a0\u00bb\u00a0\u00bb]<div  class=\"dima-pricing-table\" > <div  class=\"dima-pricing-col pricing-style-callout\"><div class=\"dima-pricing-col-info box-with-shadow\" style=\"border-top-color:#333333;\"><div class=\"dima-header-col-info\"><h6 class=\"dima-table-title\">Premium M6<\/h6><h2 class=\"dima-pricing-row\"><span class=\"pricing\"><span class=\"currency\">\u20ac<\/span>8<\/span><span class=\"interval\">\/ 6 mois<\/span><\/h2><\/div><div class=\"dima-table-content\">\n\t<div class=\"wpb_content_element \" >\n\t\t<div class=\"wpb_wrapper\">\n\t\t\t<p>Licence pour <strong>6 mois<\/strong>.<br \/>\nNe sera pas renouvel\u00e9 automatiquement.<\/p>\n\n\t\t<\/div> \n\t<\/div> <ul  class=\"icon-list\" ><li   ><i style=\"color:#81d742;\" class=\"fas fa-check\"><\/i>Fonction Status Holder<\/li><li   ><i style=\"color:#81d742;\" class=\"fas fa-check\"><\/i>Statistiques optionnelles<\/li><li   ><i style=\"color:#81d742;\" class=\"fas fa-check\"><\/i>Plusieurs langues<\/li><li   ><i style=\"color:#81d742;\" class=\"fas fa-check\"><\/i>Utiliser les param\u00e8tres<\/li><li   ><i style=\"color:#81d742;\" class=\"fas fa-check\"><\/i>Fonctionnalit\u00e9s Premium<\/li><\/ul>\n\t<div class=\"wpb_content_element \" >\n\t\t<div class=\"wpb_wrapper\">\n\t\t\t<p style=\"text-align: center;\">\t<form id=\"edd_purchase_14423\" class=\"edd_download_purchase_form edd_purchase_14423\" method=\"post\">\n\n\t\t\n\t\t<div class=\"edd_purchase_submit_wrapper\">\n\t\t\t<button class=\"edd-add-to-cart button blue edd-submit\" data-nonce=\"4a8f7b1a4b\" data-timestamp=\"1778267778\" data-token=\"9ede38344adaf52fd368958eb5dbda9cb161a3ab635873d4fd9c58d8ff219caf\" data-action=\"edd_add_to_cart\" data-download-id=\"14423\" data-variable-price=\"no\" data-price-mode=single data-price=\"8.00\" ><span class=\"edd-add-to-cart-label\">8.00&euro;&nbsp;&ndash;&nbsp;Acheter<\/span> <span class=\"edd-loading\" aria-label=\"Chargement en cours\"><\/span><\/button><input type=\"submit\" class=\"edd-add-to-cart edd-no-js button blue edd-submit\" name=\"edd_purchase_download\" value=\"8.00&euro;&nbsp;&ndash;&nbsp;Acheter\" data-action=\"edd_add_to_cart\" data-download-id=\"14423\" data-variable-price=\"no\" data-price-mode=single \/><a href=\"https:\/\/www.statusholder.com\/fr\/caisse\/?nocache=true\" class=\"edd_go_to_checkout button blue edd-submit\" style=\"display:none;\">Validation de la commande<\/a>\n\t\t\t\t\t\t\t<span class=\"edd-cart-ajax-alert\" aria-live=\"assertive\">\n\t\t\t\t\t<span class=\"edd-cart-added-alert\" style=\"display: none;\">\n\t\t\t\t\t\t<svg class=\"edd-icon edd-icon-check\" xmlns=\"http:\/\/www.w3.org\/2000\/svg\" width=\"28\" height=\"28\" viewBox=\"0 0 28 28\" aria-hidden=\"true\">\n\t\t\t\t\t\t\t<path d=\"M26.11 8.844c0 .39-.157.78-.44 1.062L12.234 23.344c-.28.28-.672.438-1.062.438s-.78-.156-1.06-.438l-7.782-7.78c-.28-.282-.438-.673-.438-1.063s.156-.78.438-1.06l2.125-2.126c.28-.28.672-.438 1.062-.438s.78.156 1.062.438l4.594 4.61L21.42 5.656c.282-.28.673-.438 1.063-.438s.78.155 1.062.437l2.125 2.125c.28.28.438.672.438 1.062z\"\/>\n\t\t\t\t\t\t<\/svg>\n\t\t\t\t\t\tAjout\u00e9 au panier\t\t\t\t\t<\/span>\n\t\t\t\t<\/span>\n\t\t\t\t\t\t\t\t\t\t\t\t\t\t\t<\/div><!--end .edd_purchase_submit_wrapper-->\n\n\t\t<input type=\"hidden\" name=\"download_id\" value=\"14423\">\n\t\t\t\t\t\t\t<input type=\"hidden\" name=\"edd_action\" class=\"edd_action_input\" value=\"add_to_cart\">\n\t\t\n\t\t\t\t\t<input type=\"hidden\" name=\"edd_redirect_to_checkout\" value=\"1\">\n\t\t\n\t\t\n\t\t\n\t<\/form><!--end #edd_purchase_14423-->\n\t<\/p>\n\n\t\t<\/div> \n\t<\/div> <\/div><\/div><\/div> <\/div>[\/vc_column_inner][vc_column_inner animation=\u00a0\u00bbtransition.slideRightBigIn\u00a0\u00bb delay=\u00a0\u00bb700&Prime; animate_item=\u00a0\u00bb\u00a0\u00bb delay_duration=\u00a0\u00bb500&Prime; delay_offset=\u00a0\u00bb\u00a0\u00bb translate_x=\u00a0\u00bb0&Prime; dima_z_index=\u00a0\u00bb0&Prime; width=\u00a0\u00bb1\/4&Prime; id=\u00a0\u00bb\u00a0\u00bb class=\u00a0\u00bb\u00a0\u00bb style=\u00a0\u00bb\u00a0\u00bb border_color=\u00a0\u00bb\u00a0\u00bb]<div  class=\"dima-pricing-table\" > <div  class=\"dima-pricing-col pricing-style-callout\"><div class=\"dima-pricing-col-info box-with-shadow\" style=\"border-top-color:#333333;\"><div class=\"dima-header-col-info\"><h6 class=\"dima-table-title\">Premium Y1<\/h6><h2 class=\"dima-pricing-row\"><span class=\"pricing\"><span class=\"currency\">\u20ac<\/span>12<\/span><span class=\"interval\">\/ 12 mois<\/span><\/h2><\/div><div class=\"dima-table-content\">\n\t<div class=\"wpb_content_element \" >\n\t\t<div class=\"wpb_wrapper\">\n\t\t\t<p>Licence pour <strong>1 an<\/strong>.<br \/>\nNe sera pas renouvel\u00e9 automatiquement.<\/p>\n\n\t\t<\/div> \n\t<\/div> <ul  class=\"icon-list\" ><li   ><i style=\"color:#21b0d3;\" class=\"fas fa-star\"><\/i><b>\u2259 seulement 1.00\u20ac \/ mois \ud83d\ude42<br \/>\n<\/b><\/li><li   ><i style=\"color:#81d742;\" class=\"fas fa-check\"><\/i>Fonction Status Holder<\/li><li   ><i style=\"color:#81d742;\" class=\"fas fa-check\"><\/i>Statistiques optionnelles<\/li><li   ><i style=\"color:#81d742;\" class=\"fas fa-check\"><\/i>Plusieurs langues<\/li><li   ><i style=\"color:#81d742;\" class=\"fas fa-check\"><\/i>Utiliser les param\u00e8tres<\/li><li   ><i style=\"color:#81d742;\" class=\"fas fa-check\"><\/i>Caract\u00e9ristiques Premium<\/li><\/ul>\n\t<div class=\"wpb_content_element \" >\n\t\t<div class=\"wpb_wrapper\">\n\t\t\t<p style=\"text-align: center;\">\t<form id=\"edd_purchase_7206\" class=\"edd_download_purchase_form edd_purchase_7206\" method=\"post\">\n\n\t\t\n\t\t<div class=\"edd_purchase_submit_wrapper\">\n\t\t\t<button class=\"edd-add-to-cart button blue edd-submit\" data-nonce=\"7e22381829\" data-timestamp=\"1778267778\" data-token=\"9ede38344adaf52fd368958eb5dbda9cb161a3ab635873d4fd9c58d8ff219caf\" data-action=\"edd_add_to_cart\" data-download-id=\"7206\" data-variable-price=\"no\" data-price-mode=single data-price=\"12.00\" ><span class=\"edd-add-to-cart-label\">12.00&euro;&nbsp;&ndash;&nbsp;Acheter<\/span> <span class=\"edd-loading\" aria-label=\"Chargement en cours\"><\/span><\/button><input type=\"submit\" class=\"edd-add-to-cart edd-no-js button blue edd-submit\" name=\"edd_purchase_download\" value=\"12.00&euro;&nbsp;&ndash;&nbsp;Acheter\" data-action=\"edd_add_to_cart\" data-download-id=\"7206\" data-variable-price=\"no\" data-price-mode=single \/><a href=\"https:\/\/www.statusholder.com\/fr\/caisse\/?nocache=true\" class=\"edd_go_to_checkout button blue edd-submit\" style=\"display:none;\">Validation de la commande<\/a>\n\t\t\t\t\t\t\t<span class=\"edd-cart-ajax-alert\" aria-live=\"assertive\">\n\t\t\t\t\t<span class=\"edd-cart-added-alert\" style=\"display: none;\">\n\t\t\t\t\t\t<svg class=\"edd-icon edd-icon-check\" xmlns=\"http:\/\/www.w3.org\/2000\/svg\" width=\"28\" height=\"28\" viewBox=\"0 0 28 28\" aria-hidden=\"true\">\n\t\t\t\t\t\t\t<path d=\"M26.11 8.844c0 .39-.157.78-.44 1.062L12.234 23.344c-.28.28-.672.438-1.062.438s-.78-.156-1.06-.438l-7.782-7.78c-.28-.282-.438-.673-.438-1.063s.156-.78.438-1.06l2.125-2.126c.28-.28.672-.438 1.062-.438s.78.156 1.062.438l4.594 4.61L21.42 5.656c.282-.28.673-.438 1.063-.438s.78.155 1.062.437l2.125 2.125c.28.28.438.672.438 1.062z\"\/>\n\t\t\t\t\t\t<\/svg>\n\t\t\t\t\t\tAjout\u00e9 au panier\t\t\t\t\t<\/span>\n\t\t\t\t<\/span>\n\t\t\t\t\t\t\t\t\t\t\t\t\t\t\t<\/div><!--end .edd_purchase_submit_wrapper-->\n\n\t\t<input type=\"hidden\" name=\"download_id\" value=\"7206\">\n\t\t\t\t\t\t\t<input type=\"hidden\" name=\"edd_action\" class=\"edd_action_input\" value=\"add_to_cart\">\n\t\t\n\t\t\t\t\t<input type=\"hidden\" name=\"edd_redirect_to_checkout\" value=\"1\">\n\t\t\n\t\t\n\t\t\n\t<\/form><!--end #edd_purchase_7206-->\n\t<\/p>\n\n\t\t<\/div> \n\t<\/div> <\/div><\/div><\/div> <\/div>[\/vc_column_inner][\/vc_row_inner][\/vc_column][\/vc_row]<\/p>\n<\/div>","protected":false},"excerpt":{"rendered":"<p>[vc_row bg_type=\u00a0\u00bb\u00a0\u00bb dima_canvas_style=\u00a0\u00bb\u00a0\u00bb translate_x=\u00a0\u00bb0&Prime; dima_z_index=\u00a0\u00bb0&Prime; delay=\u00a0\u00bb\u00a0\u00bb animate_item=\u00a0\u00bb\u00a0\u00bb delay_duration=\u00a0\u00bb\u00a0\u00bb delay_offset=\u00a0\u00bb\u00a0\u00bb top_and_bottom_padding=\u00a0\u00bb\u00a0\u00bb left_and_right_padding=\u00a0\u00bb\u00a0\u00bb id=\u00a0\u00bb\u00a0\u00bb class=\u00a0\u00bb\u00a0\u00bb css=\u00a0\u00bb.vc_custom_1498853594959{padding-top: 0px !important;}\u00a0\u00bb border_color=\u00a0\u00bb\u00a0\u00bb][vc_column min_height=\u00a0\u00bb\u00a0\u00bb bg_type=\u00a0\u00bb\u00a0\u00bb dima_canvas_style=\u00a0\u00bb\u00a0\u00bb translate_x=\u00a0\u00bb0&Prime; dima_z_index=\u00a0\u00bb0&Prime; delay=\u00a0\u00bb\u00a0\u00bb animate_item=\u00a0\u00bb\u00a0\u00bb delay_duration=\u00a0\u00bb\u00a0\u00bb delay_offset=\u00a0\u00bb\u00a0\u00bb top_and_bottom_padding=\u00a0\u00bb\u00a0\u00bb left_and_right_padding=\u00a0\u00bb\u00a0\u00bb width=\u00a0\u00bb1\/1&Prime;][vc_row_inner bg_type=\u00a0\u00bb\u00a0\u00bb dima_canvas_style=\u00a0\u00bb\u00a0\u00bb translate_x=\u00a0\u00bb0&Prime; dima_z_index=\u00a0\u00bb0&Prime; id=\u00a0\u00bb\u00a0\u00bb class=\u00a0\u00bb\u00a0\u00bb style=\u00a0\u00bb\u00a0\u00bb border_color=\u00a0\u00bb\u00a0\u00bb][vc_column_inner delay=\u00a0\u00bb\u00a0\u00bb animate_item=\u00a0\u00bb\u00a0\u00bb delay_duration=\u00a0\u00bb\u00a0\u00bb delay_offset=\u00a0\u00bb\u00a0\u00bb translate_x=\u00a0\u00bb0&Prime; dima_z_index=\u00a0\u00bb0&Prime; width=\u00a0\u00bb1\/4&Prime;][\/vc_column_inner][vc_column_inner animation=\u00a0\u00bbtransition.slideLeftIn\u00a0\u00bb delay=\u00a0\u00bb\u00a0\u00bb animate_item=\u00a0\u00bb\u00a0\u00bb delay_duration=\u00a0\u00bb\u00a0\u00bb delay_offset=\u00a0\u00bb\u00a0\u00bb translate_x=\u00a0\u00bb0&Prime; dima_z_index=\u00a0\u00bb0&Prime; width=\u00a0\u00bb1\/2&Prime; id=\u00a0\u00bb\u00a0\u00bb class=\u00a0\u00bb\u00a0\u00bb style=\u00a0\u00bb\u00a0\u00bb [&hellip;]<\/p>\n","protected":false},"author":4,"featured_media":0,"parent":0,"menu_order":0,"comment_status":"closed","ping_status":"closed","template":"","meta":{"_monsterinsights_skip_tracking":false,"_monsterinsights_sitenote_active":false,"_monsterinsights_sitenote_note":"","_monsterinsights_sitenote_category":0,"footnotes":""},"class_list":["post-16220","page","type-page","status-publish","hentry","no-post-thumbnail"],"_links":{"self":[{"href":"https:\/\/www.statusholder.com\/fr\/wp-json\/wp\/v2\/pages\/16220","targetHints":{"allow":["GET"]}}],"collection":[{"href":"https:\/\/www.statusholder.com\/fr\/wp-json\/wp\/v2\/pages"}],"about":[{"href":"https:\/\/www.statusholder.com\/fr\/wp-json\/wp\/v2\/types\/page"}],"author":[{"embeddable":true,"href":"https:\/\/www.statusholder.com\/fr\/wp-json\/wp\/v2\/users\/4"}],"replies":[{"embeddable":true,"href":"https:\/\/www.statusholder.com\/fr\/wp-json\/wp\/v2\/comments?post=16220"}],"version-history":[{"count":3,"href":"https:\/\/www.statusholder.com\/fr\/wp-json\/wp\/v2\/pages\/16220\/revisions"}],"predecessor-version":[{"id":17502,"href":"https:\/\/www.statusholder.com\/fr\/wp-json\/wp\/v2\/pages\/16220\/revisions\/17502"}],"wp:attachment":[{"href":"https:\/\/www.statusholder.com\/fr\/wp-json\/wp\/v2\/media?parent=16220"}],"curies":[{"name":"wp","href":"https:\/\/api.w.org\/{rel}","templated":true}]}}