{"id":16328,"date":"2023-05-05T11:12:36","date_gmt":"2023-05-05T09:12:36","guid":{"rendered":"https:\/\/www.statusholder.com\/boutique\/usb-mouse-jiggler\/"},"modified":"2025-05-13T23:31:08","modified_gmt":"2025-05-13T21:31:08","slug":"usb-mouse-jiggler","status":"publish","type":"page","link":"https:\/\/www.statusholder.com\/fr\/boutique\/usb-mouse-jiggler\/","title":{"rendered":"USB Mouse Jiggler"},"content":{"rendered":"<div class=\"wpb-content-wrapper\"><p>[vc_row no_padding=\u00a0\u00bbtrue\u00a0\u00bb bg_type=\u00a0\u00bb\u00a0\u00bb dima_canvas_style=\u00a0\u00bb\u00a0\u00bb translate_x=\u00a0\u00bb0&Prime; dima_z_index=\u00a0\u00bb0&Prime; delay=\u00a0\u00bb\u00a0\u00bb animate_item=\u00a0\u00bb\u00a0\u00bb delay_duration=\u00a0\u00bb\u00a0\u00bb delay_offset=\u00a0\u00bb\u00a0\u00bb id=\u00a0\u00bb\u00a0\u00bb class=\u00a0\u00bb\u00a0\u00bb border_color=\u00a0\u00bb\u00a0\u00bb][vc_column min_height=\u00a0\u00bb\u00a0\u00bb bg_type=\u00a0\u00bb\u00a0\u00bb dima_canvas_style=\u00a0\u00bb\u00a0\u00bb translate_x=\u00a0\u00bb0&Prime; dima_z_index=\u00a0\u00bb0&Prime; delay=\u00a0\u00bb\u00a0\u00bb animate_item=\u00a0\u00bb\u00a0\u00bb delay_duration=\u00a0\u00bb\u00a0\u00bb delay_offset=\u00a0\u00bb\u00a0\u00bb width=\u00a0\u00bb1\/1&Prime;]<h4  class=\"dima-custom-heading\"   > <i class= \"fas fa-tv\" > <\/i> Logiciel<\/h4>[\/vc_column][\/vc_row][vc_row no_padding=\u00a0\u00bbtrue\u00a0\u00bb bg_type=\u00a0\u00bb\u00a0\u00bb dima_canvas_style=\u00a0\u00bb\u00a0\u00bb translate_x=\u00a0\u00bb0&Prime; dima_z_index=\u00a0\u00bb0&Prime; delay=\u00a0\u00bb\u00a0\u00bb animate_item=\u00a0\u00bb\u00a0\u00bb delay_duration=\u00a0\u00bb\u00a0\u00bb delay_offset=\u00a0\u00bb\u00a0\u00bb id=\u00a0\u00bb\u00a0\u00bb class=\u00a0\u00bb\u00a0\u00bb border_color=\u00a0\u00bb\u00a0\u00bb][vc_column min_height=\u00a0\u00bb\u00a0\u00bb bg_type=\u00a0\u00bb\u00a0\u00bb dima_canvas_style=\u00a0\u00bb\u00a0\u00bb translate_x=\u00a0\u00bb0&Prime; dima_z_index=\u00a0\u00bb0&Prime; delay=\u00a0\u00bb\u00a0\u00bb animate_item=\u00a0\u00bb\u00a0\u00bb delay_duration=\u00a0\u00bb\u00a0\u00bb delay_offset=\u00a0\u00bb\u00a0\u00bb width=\u00a0\u00bb1\/1&Prime;]<div  class=\"no-border dima-callout dima-callout-69f3277c73242 text-start dima-box-shadow\"  ><div class=\"dima-section-cover background-image-holder dima-color-mask-69f3277c73242\"><\/div><div class=\"dima-callout-clm1\"><h4 class=\"h-callout\" style=\"color:#ffffff;\">Application StatusHolder<\/h4><p class=\"p-callout\" style=\"color:#ffffff;\">- Muss nicht installiert werden - Wird nicht erkannt - Kostenlos<\/p><\/div><div class=\"dima-callout-clm2 text-end\"><a   href=\"https:\/\/www.statusholder.com\/download\/\"  class=\"dima-button dima-waves di_white fill dima-btn-small dima-shadow\" data-animate=transition.fadeIn     ><i class=\"fas fa-download\"><\/i>T\u00e9l\u00e9charger gratuitement<\/a><\/div><\/div><style id=\"dima-shortcode-style-69f3277c73242\" type=\"text\/css\">.dima-callout-69f3277c73242 .dima-color-mask-69f3277c73242{background:}<\/style><div  class=\"dima-clear\" style=\"padding-bottom:30px\"><\/div>[\/vc_column][\/vc_row][vc_row no_padding=\u00a0\u00bbtrue\u00a0\u00bb bg_type=\u00a0\u00bb\u00a0\u00bb dima_canvas_style=\u00a0\u00bb\u00a0\u00bb translate_x=\u00a0\u00bb0&Prime; dima_z_index=\u00a0\u00bb0&Prime; delay=\u00a0\u00bb\u00a0\u00bb animate_item=\u00a0\u00bb\u00a0\u00bb delay_duration=\u00a0\u00bb\u00a0\u00bb delay_offset=\u00a0\u00bb\u00a0\u00bb id=\u00a0\u00bb\u00a0\u00bb class=\u00a0\u00bb\u00a0\u00bb border_color=\u00a0\u00bb\u00a0\u00bb][vc_column min_height=\u00a0\u00bb\u00a0\u00bb bg_type=\u00a0\u00bb\u00a0\u00bb dima_canvas_style=\u00a0\u00bb\u00a0\u00bb translate_x=\u00a0\u00bb0&Prime; dima_z_index=\u00a0\u00bb0&Prime; delay=\u00a0\u00bb\u00a0\u00bb animate_item=\u00a0\u00bb\u00a0\u00bb delay_duration=\u00a0\u00bb\u00a0\u00bb delay_offset=\u00a0\u00bb\u00a0\u00bb width=\u00a0\u00bb1\/1&Prime;]<h4  class=\"dima-custom-heading\"   > <i class= \"fas fa-mouse-pointer\" > <\/i> Souris num\u00e9rique Jiggler<\/h4>[\/vc_column][\/vc_row][vc_row no_padding=\u00a0\u00bbtrue\u00a0\u00bb bg_type=\u00a0\u00bb\u00a0\u00bb dima_canvas_style=\u00a0\u00bb\u00a0\u00bb translate_x=\u00a0\u00bb0&Prime; dima_z_index=\u00a0\u00bb0&Prime; delay=\u00a0\u00bb\u00a0\u00bb animate_item=\u00a0\u00bb\u00a0\u00bb delay_duration=\u00a0\u00bb\u00a0\u00bb delay_offset=\u00a0\u00bb\u00a0\u00bb id=\u00a0\u00bb\u00a0\u00bb class=\u00a0\u00bb\u00a0\u00bb border_color=\u00a0\u00bb\u00a0\u00bb][vc_column min_height=\u00a0\u00bb\u00a0\u00bb bg_type=\u00a0\u00bb\u00a0\u00bb dima_canvas_style=\u00a0\u00bb\u00a0\u00bb translate_x=\u00a0\u00bb0&Prime; dima_z_index=\u00a0\u00bb0&Prime; delay=\u00a0\u00bb\u00a0\u00bb animate_item=\u00a0\u00bb\u00a0\u00bb delay_duration=\u00a0\u00bb\u00a0\u00bb delay_offset=\u00a0\u00bb\u00a0\u00bb width=\u00a0\u00bb1\/1&Prime;]<div  class=\"no-border dima-callout dima-callout-69f3277c73461 text-start dima-box-shadow\"  ><div class=\"dima-section-cover background-image-holder dima-color-mask-69f3277c73461\"><\/div><div class=\"background-image-hide background-cover\" data-bg-image=\"https:\/\/www.statusholder.com\/wp-content\/uploads\/2023\/05\/51yIS6ZqrDL._AC_SY879_.jpg\"><\/div><div class=\"dima-callout-clm1\"><h4 class=\"h-callout\" style=\"color:#ffffff;\">VAYDEER Mouse Jiggler USB<\/h4><p class=\"p-callout\" style=\"color:#ffffff;\">- Multitrack (Cursor automatisch in verschiedenen Flugbahnen) - On\/Off Button - 3 einstellbare Bewegungsmodi<\/p><\/div><div class=\"dima-callout-clm2 text-end\"><a href=\"https:\/\/amzn.to\/43Auzkb\" class=\"dima-button dima-waves di_white fill dima-btn-small dima-shadow\" target=\"_blank\" rel=\"noopener\" .fadeIn><i class=\"fas fa-shopping-cart\"><\/i>Acheter<\/a><\/div><\/div><style id=\"dima-shortcode-style-69f3277c73461\" type=\"text\/css\">.dima-callout-69f3277c73461 .dima-color-mask-69f3277c73461{background:}<\/style><div  class=\"dima-clear\" style=\"padding-bottom:15px\"><\/div>[\/vc_column][\/vc_row][vc_row no_padding=\u00a0\u00bbtrue\u00a0\u00bb bg_type=\u00a0\u00bb\u00a0\u00bb dima_canvas_style=\u00a0\u00bb\u00a0\u00bb translate_x=\u00a0\u00bb0&Prime; dima_z_index=\u00a0\u00bb0&Prime; delay=\u00a0\u00bb\u00a0\u00bb animate_item=\u00a0\u00bb\u00a0\u00bb delay_duration=\u00a0\u00bb\u00a0\u00bb delay_offset=\u00a0\u00bb\u00a0\u00bb id=\u00a0\u00bb\u00a0\u00bb class=\u00a0\u00bb\u00a0\u00bb border_color=\u00a0\u00bb\u00a0\u00bb][vc_column min_height=\u00a0\u00bb\u00a0\u00bb bg_type=\u00a0\u00bb\u00a0\u00bb dima_canvas_style=\u00a0\u00bb\u00a0\u00bb translate_x=\u00a0\u00bb0&Prime; dima_z_index=\u00a0\u00bb0&Prime; delay=\u00a0\u00bb\u00a0\u00bb animate_item=\u00a0\u00bb\u00a0\u00bb delay_duration=\u00a0\u00bb\u00a0\u00bb delay_offset=\u00a0\u00bb\u00a0\u00bb width=\u00a0\u00bb1\/1&Prime;]<div  class=\"no-border dima-callout dima-callout-69f3277c73a3b text-start dima-box-shadow\"  ><div class=\"dima-section-cover background-image-holder dima-color-mask-69f3277c73a3b\"><\/div><div class=\"background-image-hide background-cover\" data-bg-image=\"https:\/\/www.statusholder.com\/wp-content\/uploads\/2024\/12\/cooidea.jpg\"><\/div><div class=\"dima-callout-clm1\"><h4 class=\"h-callout\" style=\"color:#ffffff;\">Cooidea Mouse Jiggler avec USB-C<\/h4><p class=\"p-callout\" style=\"color:#ffffff;\">- EIN\/AUS Schalter - Verschiedene Mausbewegungen und Mausklicks - USB-C Anschluss<\/p><\/div><div class=\"dima-callout-clm2 text-end\"><a href=\"https:\/\/amzn.to\/4gS7Fvg\" class=\"dima-button dima-waves di_white fill dima-btn-small dima-shadow\" target=\"_blank\" rel=\"noopener\" .fadeIn><i class=\"fas fa-shopping-cart\"><\/i>Acheter<\/a><\/div><\/div><style id=\"dima-shortcode-style-69f3277c73a3b\" type=\"text\/css\">.dima-callout-69f3277c73a3b .dima-color-mask-69f3277c73a3b{background:}<\/style><div  class=\"dima-clear\" style=\"padding-bottom:50px\"><\/div>[\/vc_column][\/vc_row][vc_row no_padding=\u00a0\u00bbtrue\u00a0\u00bb bg_type=\u00a0\u00bb\u00a0\u00bb dima_canvas_style=\u00a0\u00bb\u00a0\u00bb translate_x=\u00a0\u00bb0&Prime; dima_z_index=\u00a0\u00bb0&Prime; delay=\u00a0\u00bb\u00a0\u00bb animate_item=\u00a0\u00bb\u00a0\u00bb delay_duration=\u00a0\u00bb\u00a0\u00bb delay_offset=\u00a0\u00bb\u00a0\u00bb id=\u00a0\u00bb\u00a0\u00bb class=\u00a0\u00bb\u00a0\u00bb border_color=\u00a0\u00bb\u00a0\u00bb][vc_column min_height=\u00a0\u00bb\u00a0\u00bb bg_type=\u00a0\u00bb\u00a0\u00bb dima_canvas_style=\u00a0\u00bb\u00a0\u00bb translate_x=\u00a0\u00bb0&Prime; dima_z_index=\u00a0\u00bb0&Prime; delay=\u00a0\u00bb\u00a0\u00bb animate_item=\u00a0\u00bb\u00a0\u00bb delay_duration=\u00a0\u00bb\u00a0\u00bb delay_offset=\u00a0\u00bb\u00a0\u00bb width=\u00a0\u00bb1\/1&Prime;]<h4  class=\"dima-custom-heading\"   > <i class= \"fas fa-sync\" > <\/i> Mouse Jiggler m\u00e9canique<\/h4>[\/vc_column][\/vc_row][vc_row no_padding=\u00a0\u00bbtrue\u00a0\u00bb bg_type=\u00a0\u00bb\u00a0\u00bb dima_canvas_style=\u00a0\u00bb\u00a0\u00bb translate_x=\u00a0\u00bb0&Prime; dima_z_index=\u00a0\u00bb0&Prime; delay=\u00a0\u00bb\u00a0\u00bb animate_item=\u00a0\u00bb\u00a0\u00bb delay_duration=\u00a0\u00bb\u00a0\u00bb delay_offset=\u00a0\u00bb\u00a0\u00bb id=\u00a0\u00bb\u00a0\u00bb class=\u00a0\u00bb\u00a0\u00bb border_color=\u00a0\u00bb\u00a0\u00bb][vc_column min_height=\u00a0\u00bb\u00a0\u00bb bg_type=\u00a0\u00bb\u00a0\u00bb dima_canvas_style=\u00a0\u00bb\u00a0\u00bb translate_x=\u00a0\u00bb0&Prime; dima_z_index=\u00a0\u00bb0&Prime; delay=\u00a0\u00bb\u00a0\u00bb animate_item=\u00a0\u00bb\u00a0\u00bb delay_duration=\u00a0\u00bb\u00a0\u00bb delay_offset=\u00a0\u00bb\u00a0\u00bb width=\u00a0\u00bb1\/1&Prime;]<div  class=\"no-border dima-callout dima-callout-69f3277c74326 text-start dima-box-shadow\"  ><div class=\"dima-section-cover background-image-holder dima-color-mask-69f3277c74326\"><\/div><div class=\"background-image-hide background-cover\" data-bg-image=\"https:\/\/www.statusholder.com\/wp-content\/uploads\/2024\/12\/vaydeer.jpg\"><\/div><div class=\"dima-callout-clm1\"><h4 class=\"h-callout\" style=\"color:#ffffff;\">Souris Vaydeer Jiggler<\/h4><p class=\"p-callout\" style=\"color:#ffffff;\">- EIN\/AUS Schalter - Mit USB Anschluss - Maus wird auf den MouseJiggler gelegt<\/p><\/div><div class=\"dima-callout-clm2 text-end\"><a href=\"https:\/\/amzn.to\/3BJ8LKT\" class=\"dima-button dima-waves di_white fill dima-btn-small dima-shadow\" target=\"_blank\" rel=\"noopener\" .fadeIn><i class=\"fas fa-shopping-cart\"><\/i>Acheter<\/a><\/div><\/div><style id=\"dima-shortcode-style-69f3277c74326\" type=\"text\/css\">.dima-callout-69f3277c74326 .dima-color-mask-69f3277c74326{background:}<\/style><div  class=\"dima-clear\" style=\"padding-bottom:15px\"><\/div>[\/vc_column][\/vc_row][vc_row no_padding=\u00a0\u00bbtrue\u00a0\u00bb bg_type=\u00a0\u00bb\u00a0\u00bb dima_canvas_style=\u00a0\u00bb\u00a0\u00bb translate_x=\u00a0\u00bb0&Prime; dima_z_index=\u00a0\u00bb0&Prime; delay=\u00a0\u00bb\u00a0\u00bb animate_item=\u00a0\u00bb\u00a0\u00bb delay_duration=\u00a0\u00bb\u00a0\u00bb delay_offset=\u00a0\u00bb\u00a0\u00bb id=\u00a0\u00bb\u00a0\u00bb class=\u00a0\u00bb\u00a0\u00bb border_color=\u00a0\u00bb\u00a0\u00bb][vc_column min_height=\u00a0\u00bb\u00a0\u00bb bg_type=\u00a0\u00bb\u00a0\u00bb dima_canvas_style=\u00a0\u00bb\u00a0\u00bb translate_x=\u00a0\u00bb0&Prime; dima_z_index=\u00a0\u00bb0&Prime; delay=\u00a0\u00bb\u00a0\u00bb animate_item=\u00a0\u00bb\u00a0\u00bb delay_duration=\u00a0\u00bb\u00a0\u00bb delay_offset=\u00a0\u00bb\u00a0\u00bb width=\u00a0\u00bb1\/1&Prime;]<div  class=\"no-border dima-callout dima-callout-69f3277c745fe text-start dima-box-shadow\"  ><div class=\"dima-section-cover background-image-holder dima-color-mask-69f3277c745fe\"><\/div><div class=\"background-image-hide background-cover\" data-bg-image=\"https:\/\/www.statusholder.com\/wp-content\/uploads\/2023\/05\/61MOiRTkihL._AC_SY879_.jpg\"><\/div><div class=\"dima-callout-clm1\"><h4 class=\"h-callout\" style=\"color:#ffffff;\">Meatanty Souris m\u00e9canique Jiggler<\/h4><p class=\"p-callout\" style=\"color:#ffffff;\">- Extrem leise - Auch gro\u00dfe M\u00e4use - Maus wird auf den MouseJiggler gelegt<\/p><\/div><div class=\"dima-callout-clm2 text-end\"><a href=\"https:\/\/amzn.to\/43cZ9jM\" class=\"dima-button dima-waves di_white fill dima-btn-small dima-shadow\" target=\"_blank\" rel=\"noopener\" .fadeIn><i class=\"fas fa-shopping-cart\"><\/i>Acheter<\/a><\/div><\/div><style id=\"dima-shortcode-style-69f3277c745fe\" type=\"text\/css\">.dima-callout-69f3277c745fe .dima-color-mask-69f3277c745fe{background:}<\/style><div  class=\"dima-clear\" style=\"padding-bottom:15px\"><\/div><div  class=\"dima-clear\" style=\"padding-bottom:70px\"><\/div>[\/vc_column][\/vc_row][vc_row no_padding=\u00a0\u00bbtrue\u00a0\u00bb bg_type=\u00a0\u00bb\u00a0\u00bb dima_canvas_style=\u00a0\u00bb\u00a0\u00bb translate_x=\u00a0\u00bb0&Prime; dima_z_index=\u00a0\u00bb0&Prime; delay=\u00a0\u00bb\u00a0\u00bb animate_item=\u00a0\u00bb\u00a0\u00bb delay_duration=\u00a0\u00bb\u00a0\u00bb delay_offset=\u00a0\u00bb\u00a0\u00bb id=\u00a0\u00bb\u00a0\u00bb class=\u00a0\u00bb\u00a0\u00bb border_color=\u00a0\u00bb\u00a0\u00bb][vc_column min_height=\u00a0\u00bb\u00a0\u00bb bg_type=\u00a0\u00bb\u00a0\u00bb dima_canvas_style=\u00a0\u00bb\u00a0\u00bb translate_x=\u00a0\u00bb0&Prime; dima_z_index=\u00a0\u00bb0&Prime; delay=\u00a0\u00bb\u00a0\u00bb animate_item=\u00a0\u00bb\u00a0\u00bb delay_duration=\u00a0\u00bb\u00a0\u00bb delay_offset=\u00a0\u00bb\u00a0\u00bb width=\u00a0\u00bb1\/1&Prime;]<h2  class=\"dima-custom-heading\"   >Qu&rsquo;est-ce qu&rsquo;un \u00ab\u00a0mouse jiggler\u00a0\u00bb ?<\/h2>\n\t<div class=\"wpb_content_element \" >\n\t\t<div class=\"wpb_wrapper\">\n\t\t\t<p>Un mouse jiggler est un logiciel ou un mat\u00e9riel qui permet de simuler le mouvement d&rsquo;une souris d&rsquo;ordinateur ou m\u00eame de la d\u00e9placer r\u00e9ellement.<\/p>\n\n\t\t<\/div> \n\t<\/div> [\/vc_column][\/vc_row][vc_row no_padding=\u00a0\u00bbtrue\u00a0\u00bb bg_type=\u00a0\u00bb\u00a0\u00bb dima_canvas_style=\u00a0\u00bb\u00a0\u00bb translate_x=\u00a0\u00bb0&Prime; dima_z_index=\u00a0\u00bb0&Prime; delay=\u00a0\u00bb\u00a0\u00bb animate_item=\u00a0\u00bb\u00a0\u00bb delay_duration=\u00a0\u00bb\u00a0\u00bb delay_offset=\u00a0\u00bb\u00a0\u00bb id=\u00a0\u00bb\u00a0\u00bb class=\u00a0\u00bb\u00a0\u00bb border_color=\u00a0\u00bb\u00a0\u00bb][vc_column min_height=\u00a0\u00bb\u00a0\u00bb bg_type=\u00a0\u00bb\u00a0\u00bb dima_canvas_style=\u00a0\u00bb\u00a0\u00bb translate_x=\u00a0\u00bb0&Prime; dima_z_index=\u00a0\u00bb0&Prime; delay=\u00a0\u00bb\u00a0\u00bb animate_item=\u00a0\u00bb\u00a0\u00bb delay_duration=\u00a0\u00bb\u00a0\u00bb delay_offset=\u00a0\u00bb\u00a0\u00bb width=\u00a0\u00bb1\/1&Prime;]<h2  class=\"dima-custom-heading\"   >\u00c0 quoi sert un Jiggler pour souris ?<\/h2>\n\t<div class=\"wpb_content_element \" >\n\t\t<div class=\"wpb_wrapper\">\n\t\t\t<p><strong>Les Mouse Jiggler sont utilis\u00e9s pour simuler l&rsquo;entr\u00e9e d&rsquo;un utilisateur dans l&rsquo;ordinateur \u00e0 l&rsquo;aide d&rsquo;une souris, m\u00eame si l&rsquo;utilisateur ne travaille pas sur l&rsquo;ordinateur.<\/strong><\/p>\n<p>Cela a l&rsquo;avantage de ne pas activer l&rsquo;\u00e9conomiseur d&rsquo;\u00e9cran.<br \/>\nIl est souvent impossible de d\u00e9sactiver cet \u00e9conomiseur d&rsquo;\u00e9cran sur les appareils de l&rsquo;entreprise. <\/p>\n<p>De plus, de nombreux programmes comme Microsoft Teams utilisent l&rsquo;horodatage de la derni\u00e8re saisie de l&rsquo;utilisateur pour le statut en ligne du collaborateur. C&rsquo;est bien s\u00fbr pratique lorsque les coll\u00e8gues voient si vous \u00eates disponible ou non. Toutefois, le sup\u00e9rieur hi\u00e9rarchique peut \u00e9galement surveiller le comportement de l&#8217;employ\u00e9 au travail. Avec un Mouse Jiggler adapt\u00e9, les collaborateurs \u00e9vitent cela. Ainsi, <a href=\"https:\/\/www.statusholder.com\/fr\/statut-des-equipes-toujours-vert-avec-2-etapes\/\">dans les \u00e9quipes, vous \u00eates toujours au vert<\/a>, m\u00eame si vous n&rsquo;\u00eates pas devant votre ordinateur.<\/p>\n\n\t\t<\/div> \n\t<\/div> <div  class=\"dima-img columns-2 text-center column-item overflow-hidden\"       ><div class=\"effect-julia\"><a data-caption=\"\" class=\"\" href=\"https:\/\/www.statusholder.com\/wp-content\/uploads\/2023\/05\/51yIS6ZqrDL._AC_SY879_.jpg\" data-fancybox><img decoding=\"async\" width=\"300\" height=\"267\" src=\"https:\/\/www.statusholder.com\/wp-content\/uploads\/2023\/05\/51yIS6ZqrDL._AC_SY879_-100x89.jpg\" class=\"dima_image-img dima-image attachment-medium lazyload js-lazy-image\" alt=\"\" data-src=\"https:\/\/www.statusholder.com\/wp-content\/uploads\/2023\/05\/51yIS6ZqrDL._AC_SY879_-300x267.jpg\" data-srcset=\"https:\/\/www.statusholder.com\/wp-content\/uploads\/2023\/05\/51yIS6ZqrDL._AC_SY879_-300x267.jpg 300w, https:\/\/www.statusholder.com\/wp-content\/uploads\/2023\/05\/51yIS6ZqrDL._AC_SY879_-768x685.jpg 768w, https:\/\/www.statusholder.com\/wp-content\/uploads\/2023\/05\/51yIS6ZqrDL._AC_SY879_-585x522.jpg 585w, https:\/\/www.statusholder.com\/wp-content\/uploads\/2023\/05\/51yIS6ZqrDL._AC_SY879_-100x89.jpg 100w, https:\/\/www.statusholder.com\/wp-content\/uploads\/2023\/05\/51yIS6ZqrDL._AC_SY879_.jpg 986w\" data-sizes=\"(max-width: 300px) 100vw, 300px\" \/><\/a><\/div><\/div><div  class=\"dima-clear\" style=\"padding-bottom:15px\"><\/div>[\/vc_column][\/vc_row][vc_row no_padding=\u00a0\u00bbtrue\u00a0\u00bb bg_type=\u00a0\u00bb\u00a0\u00bb dima_canvas_style=\u00a0\u00bb\u00a0\u00bb translate_x=\u00a0\u00bb0&Prime; dima_z_index=\u00a0\u00bb0&Prime; delay=\u00a0\u00bb\u00a0\u00bb animate_item=\u00a0\u00bb\u00a0\u00bb delay_duration=\u00a0\u00bb\u00a0\u00bb delay_offset=\u00a0\u00bb\u00a0\u00bb id=\u00a0\u00bb\u00a0\u00bb class=\u00a0\u00bb\u00a0\u00bb border_color=\u00a0\u00bb\u00a0\u00bb][vc_column min_height=\u00a0\u00bb\u00a0\u00bb bg_type=\u00a0\u00bb\u00a0\u00bb dima_canvas_style=\u00a0\u00bb\u00a0\u00bb translate_x=\u00a0\u00bb0&Prime; dima_z_index=\u00a0\u00bb0&Prime; delay=\u00a0\u00bb\u00a0\u00bb animate_item=\u00a0\u00bb\u00a0\u00bb delay_duration=\u00a0\u00bb\u00a0\u00bb delay_offset=\u00a0\u00bb\u00a0\u00bb width=\u00a0\u00bb1\/1&Prime;]<h2  class=\"dima-custom-heading\"   >Les diff\u00e9rentes variantes<\/h2>\n\t<div class=\"wpb_content_element \" >\n\t\t<div class=\"wpb_wrapper\">\n\t\t\t<p>En principe, on distingue les Mouse Jiggler mat\u00e9riels et logiciels.<br \/>\nLes deux ont leurs avantages et leurs inconv\u00e9nients. <\/p>\n\n\t\t<\/div> \n\t<\/div> <h3  class=\"dima-custom-heading\"   >Mat\u00e9riel informatique<\/h3>\n\t<div class=\"wpb_content_element \" >\n\t\t<div class=\"wpb_wrapper\">\n\t\t\t<p>Les Hardware Mouse Jiggler sont \u00e9galement diff\u00e9rents.<br \/>\nLa mani\u00e8re la plus simple est d&rsquo;utiliser un molette de souris USB qui se branche classiquement sur le port USB de l&rsquo;ordinateur.<br \/>\nLe Jiggler commence d\u00e9j\u00e0 \u00e0 faire des mouvements de souris et simule ainsi une saisie de l&rsquo;utilisateur, m\u00eame si la personne n&rsquo;est pas devant l&rsquo;ordinateur \u00e0 ce moment-l\u00e0.  <\/p>\n<p>Il existe \u00e9galement des <a href=\"https:\/\/www.itnator.net\/mouse-jiggler-mechanisch-das-sind-die-besten\/\" target=\"_blank\" rel=\"noopener\">souris m\u00e9caniques Mouse Jiggler<\/a>. Ceux-ci d\u00e9placent r\u00e9ellement la souris physique de l&rsquo;ordinateur en pla\u00e7ant la souris sur un plateau rotatif. Ceux-ci existent avec une batterie rechargeable, mais aussi avec une alimentation \u00e9lectrique par USB.<\/p>\n<p>L&rsquo;avantage de ces appareils est qu&rsquo;ils n&rsquo;ex\u00e9cutent aucun logiciel susceptible d&rsquo;\u00eatre d\u00e9tect\u00e9 dans certaines circonstances.<br \/>\nL&rsquo;inconv\u00e9nient est qu&rsquo;il n&rsquo;est pas tr\u00e8s pratique d&rsquo;avoir une cl\u00e9 USB sur soi.<br \/>\nCelui-ci peut aussi \u00eatre rapidement perdu et co\u00fbte de l&rsquo;argent.  <\/p>\n\n\t\t<\/div> \n\t<\/div> <h3  class=\"dima-custom-heading\"   >Logiciel<\/h3>\n\t<div class=\"wpb_content_element \" >\n\t\t<div class=\"wpb_wrapper\">\n\t\t\t<p>Entre-temps, il existe aussi de nombreux logiciels Mouose Jiggler qui font la m\u00eame chose.<br \/>\nIls simulent un mouvement de souris ou une saisie au clavier. <\/p>\n<p>L&rsquo;avantage des logiciels, c&rsquo;est qu&rsquo;il y a plus de possibilit\u00e9s et de r\u00e9glages.<br \/>\nPar exemple, le logiciel peut \u00eatre lanc\u00e9 automatiquement et arr\u00eater l&rsquo;ordinateur \u00e0 une heure donn\u00e9e.<br \/>\nC&rsquo;est du moins ce que permet le Status Holder, qui fait le bonheur de milliers d&rsquo;utilisateurs.  <\/p>\n<p><a href=\"https:\/\/www.statusholder.com\/fr\/telechargement\/\">T\u00e9l\u00e9charger Status Holder gratuitement<\/a><\/p>\n\n\t\t<\/div> \n\t<\/div> [\/vc_column][\/vc_row][vc_row no_padding=\u00a0\u00bbtrue\u00a0\u00bb bg_type=\u00a0\u00bb\u00a0\u00bb dima_canvas_style=\u00a0\u00bb\u00a0\u00bb translate_x=\u00a0\u00bb0&Prime; dima_z_index=\u00a0\u00bb0&Prime; delay=\u00a0\u00bb\u00a0\u00bb animate_item=\u00a0\u00bb\u00a0\u00bb delay_duration=\u00a0\u00bb\u00a0\u00bb delay_offset=\u00a0\u00bb\u00a0\u00bb id=\u00a0\u00bb\u00a0\u00bb class=\u00a0\u00bb\u00a0\u00bb border_color=\u00a0\u00bb\u00a0\u00bb][vc_column min_height=\u00a0\u00bb\u00a0\u00bb bg_type=\u00a0\u00bb\u00a0\u00bb dima_canvas_style=\u00a0\u00bb\u00a0\u00bb translate_x=\u00a0\u00bb0&Prime; dima_z_index=\u00a0\u00bb0&Prime; delay=\u00a0\u00bb\u00a0\u00bb animate_item=\u00a0\u00bb\u00a0\u00bb delay_duration=\u00a0\u00bb\u00a0\u00bb delay_offset=\u00a0\u00bb\u00a0\u00bb width=\u00a0\u00bb1\/1&Prime;]<h2  class=\"dima-custom-heading\"   >Les Mouse Jiggler sont-ils d\u00e9tect\u00e9s par le service informatique ?<\/h2>\n\t<div class=\"wpb_content_element \" >\n\t\t<div class=\"wpb_wrapper\">\n\t\t\t<p>Les Mouse Jiggler sont difficiles \u00e0 d\u00e9tecter en raison de leur fonctionnement tr\u00e8s simple, car l&rsquo;ordinateur ne les reconna\u00eet souvent que comme des souris.<br \/>\nC&rsquo;est du moins ce qui se passe avec les cl\u00e9s USB mat\u00e9rielles. <\/p>\n<p>Les logiciels Mouse Jiggler comme Status Holder ne doivent pas \u00eatre install\u00e9s et fonctionnent dans le contexte de l&rsquo;utilisateur, ce qui rend leur d\u00e9tection extr\u00eamement difficile.<\/p>\n<p>Il faut n\u00e9anmoins pr\u00e9ciser que le mat\u00e9riel et les logiciels peuvent tout de m\u00eame \u00eatre reconnus par l&rsquo;informatique interne, si on les recherche explicitement et si la situation juridique le permet &#8211; ce qui n&rsquo;est g\u00e9n\u00e9ralement pas le cas.<\/p>\n<p>https:\/\/www.itnator.net\/ist-ein-mouse-jiggler-nachweisbar-2-fakten\/<\/p>\n\n\t\t<\/div> \n\t<\/div> [\/vc_column][\/vc_row][vc_row no_padding=\u00a0\u00bbtrue\u00a0\u00bb bg_type=\u00a0\u00bb\u00a0\u00bb dima_canvas_style=\u00a0\u00bb\u00a0\u00bb translate_x=\u00a0\u00bb0&Prime; dima_z_index=\u00a0\u00bb0&Prime; delay=\u00a0\u00bb\u00a0\u00bb animate_item=\u00a0\u00bb\u00a0\u00bb delay_duration=\u00a0\u00bb\u00a0\u00bb delay_offset=\u00a0\u00bb\u00a0\u00bb id=\u00a0\u00bb\u00a0\u00bb class=\u00a0\u00bb\u00a0\u00bb border_color=\u00a0\u00bb\u00a0\u00bb][vc_column min_height=\u00a0\u00bb\u00a0\u00bb bg_type=\u00a0\u00bb\u00a0\u00bb dima_canvas_style=\u00a0\u00bb\u00a0\u00bb translate_x=\u00a0\u00bb0&Prime; dima_z_index=\u00a0\u00bb0&Prime; delay=\u00a0\u00bb\u00a0\u00bb animate_item=\u00a0\u00bb\u00a0\u00bb delay_duration=\u00a0\u00bb\u00a0\u00bb delay_offset=\u00a0\u00bb\u00a0\u00bb width=\u00a0\u00bb1\/1&Prime;]<h2  class=\"dima-custom-heading\"   >Quel est le meilleur d\u00e9m\u00e9nageur de souris ?<\/h2>\n\t<div class=\"wpb_content_element \" >\n\t\t<div class=\"wpb_wrapper\">\n\t\t\t<p>\u00c0 notre avis, il n&rsquo;y a pas de MEILLEUR JIGGER DE SOURIS.<br \/>\nTout d\u00e9pend du domaine d&rsquo;application et des exigences de l&rsquo;utilisateur.<br \/>\nLes logiciels Mouse Jiggler ont souvent de nombreuses possibilit\u00e9s de r\u00e9glage et sont gratuits dans les variantes de base.<br \/>\nLe mat\u00e9riel co\u00fbte de l&rsquo;argent une seule fois et a peu de fonctions &#8211; mais est le moins reconnu.   <\/p>\n<p>Nous avons mis un lien vers les bons USB Mouse Jiggler en haut de la page.<\/p>\n\n\t\t<\/div> \n\t<\/div> [\/vc_column][\/vc_row]<\/p>\n<\/div>","protected":false},"excerpt":{"rendered":"<p>[vc_row no_padding=\u00a0\u00bbtrue\u00a0\u00bb bg_type=\u00a0\u00bb\u00a0\u00bb dima_canvas_style=\u00a0\u00bb\u00a0\u00bb translate_x=\u00a0\u00bb0&Prime; dima_z_index=\u00a0\u00bb0&Prime; delay=\u00a0\u00bb\u00a0\u00bb animate_item=\u00a0\u00bb\u00a0\u00bb delay_duration=\u00a0\u00bb\u00a0\u00bb delay_offset=\u00a0\u00bb\u00a0\u00bb id=\u00a0\u00bb\u00a0\u00bb class=\u00a0\u00bb\u00a0\u00bb border_color=\u00a0\u00bb\u00a0\u00bb][vc_column min_height=\u00a0\u00bb\u00a0\u00bb bg_type=\u00a0\u00bb\u00a0\u00bb dima_canvas_style=\u00a0\u00bb\u00a0\u00bb translate_x=\u00a0\u00bb0&Prime; dima_z_index=\u00a0\u00bb0&Prime; delay=\u00a0\u00bb\u00a0\u00bb animate_item=\u00a0\u00bb\u00a0\u00bb delay_duration=\u00a0\u00bb\u00a0\u00bb delay_offset=\u00a0\u00bb\u00a0\u00bb width=\u00a0\u00bb1\/1&Prime;][\/vc_column][\/vc_row][vc_row no_padding=\u00a0\u00bbtrue\u00a0\u00bb bg_type=\u00a0\u00bb\u00a0\u00bb dima_canvas_style=\u00a0\u00bb\u00a0\u00bb translate_x=\u00a0\u00bb0&Prime; dima_z_index=\u00a0\u00bb0&Prime; delay=\u00a0\u00bb\u00a0\u00bb animate_item=\u00a0\u00bb\u00a0\u00bb delay_duration=\u00a0\u00bb\u00a0\u00bb delay_offset=\u00a0\u00bb\u00a0\u00bb id=\u00a0\u00bb\u00a0\u00bb class=\u00a0\u00bb\u00a0\u00bb border_color=\u00a0\u00bb\u00a0\u00bb][vc_column min_height=\u00a0\u00bb\u00a0\u00bb bg_type=\u00a0\u00bb\u00a0\u00bb dima_canvas_style=\u00a0\u00bb\u00a0\u00bb translate_x=\u00a0\u00bb0&Prime; dima_z_index=\u00a0\u00bb0&Prime; delay=\u00a0\u00bb\u00a0\u00bb animate_item=\u00a0\u00bb\u00a0\u00bb delay_duration=\u00a0\u00bb\u00a0\u00bb delay_offset=\u00a0\u00bb\u00a0\u00bb width=\u00a0\u00bb1\/1&Prime;][\/vc_column][\/vc_row][vc_row no_padding=\u00a0\u00bbtrue\u00a0\u00bb bg_type=\u00a0\u00bb\u00a0\u00bb dima_canvas_style=\u00a0\u00bb\u00a0\u00bb translate_x=\u00a0\u00bb0&Prime; dima_z_index=\u00a0\u00bb0&Prime; delay=\u00a0\u00bb\u00a0\u00bb animate_item=\u00a0\u00bb\u00a0\u00bb delay_duration=\u00a0\u00bb\u00a0\u00bb delay_offset=\u00a0\u00bb\u00a0\u00bb id=\u00a0\u00bb\u00a0\u00bb [&hellip;]<\/p>\n","protected":false},"author":1,"featured_media":0,"parent":16246,"menu_order":0,"comment_status":"closed","ping_status":"closed","template":"","meta":{"_monsterinsights_skip_tracking":false,"_monsterinsights_sitenote_active":false,"_monsterinsights_sitenote_note":"","_monsterinsights_sitenote_category":0,"footnotes":""},"class_list":["post-16328","page","type-page","status-publish","hentry","no-post-thumbnail"],"_links":{"self":[{"href":"https:\/\/www.statusholder.com\/fr\/wp-json\/wp\/v2\/pages\/16328","targetHints":{"allow":["GET"]}}],"collection":[{"href":"https:\/\/www.statusholder.com\/fr\/wp-json\/wp\/v2\/pages"}],"about":[{"href":"https:\/\/www.statusholder.com\/fr\/wp-json\/wp\/v2\/types\/page"}],"author":[{"embeddable":true,"href":"https:\/\/www.statusholder.com\/fr\/wp-json\/wp\/v2\/users\/1"}],"replies":[{"embeddable":true,"href":"https:\/\/www.statusholder.com\/fr\/wp-json\/wp\/v2\/comments?post=16328"}],"version-history":[{"count":8,"href":"https:\/\/www.statusholder.com\/fr\/wp-json\/wp\/v2\/pages\/16328\/revisions"}],"predecessor-version":[{"id":30478,"href":"https:\/\/www.statusholder.com\/fr\/wp-json\/wp\/v2\/pages\/16328\/revisions\/30478"}],"up":[{"embeddable":true,"href":"https:\/\/www.statusholder.com\/fr\/wp-json\/wp\/v2\/pages\/16246"}],"wp:attachment":[{"href":"https:\/\/www.statusholder.com\/fr\/wp-json\/wp\/v2\/media?parent=16328"}],"curies":[{"name":"wp","href":"https:\/\/api.w.org\/{rel}","templated":true}]}}