{"id":16421,"date":"2022-01-13T16:14:28","date_gmt":"2022-01-13T15:14:28","guid":{"rendered":"https:\/\/www.statusholder.com\/caracteristiques\/changelog\/"},"modified":"2026-01-10T22:05:55","modified_gmt":"2026-01-10T21:05:55","slug":"changelog","status":"publish","type":"page","link":"https:\/\/www.statusholder.com\/fr\/caracteristiques\/changelog\/","title":{"rendered":"Changelog"},"content":{"rendered":"<div class=\"wpb-content-wrapper\"><p>[vc_row bg_type=\u00a0\u00bb\u00a0\u00bb dima_canvas_style=\u00a0\u00bb\u00a0\u00bb translate_x=\u00a0\u00bb0&Prime; dima_z_index=\u00a0\u00bb0&Prime; delay=\u00a0\u00bb\u00a0\u00bb animate_item=\u00a0\u00bb\u00a0\u00bb delay_duration=\u00a0\u00bb\u00a0\u00bb delay_offset=\u00a0\u00bb\u00a0\u00bb][vc_column min_height=\u00a0\u00bb\u00a0\u00bb bg_type=\u00a0\u00bb\u00a0\u00bb dima_canvas_style=\u00a0\u00bb\u00a0\u00bb translate_x=\u00a0\u00bb0&Prime; dima_z_index=\u00a0\u00bb0&Prime; delay=\u00a0\u00bb\u00a0\u00bb animate_item=\u00a0\u00bb\u00a0\u00bb delay_duration=\u00a0\u00bb\u00a0\u00bb delay_offset=\u00a0\u00bb\u00a0\u00bb width=\u00a0\u00bb1\/1&Prime;]<div  class=\"dima-timeline clearfix dima-timeline-blog dima-timeline-date\" ><div class=\"h-line\"><\/div><div  class=\"timeline_element_start \"><article class=\"post\"><div class=\"box \"><p> <\/p>\n<ul>\n<li>Possibilit\u00e9 de maximiser (plein \u00e9cran)<\/li>\n<li>Nouvelles couleurs \/ designs<\/li>\n<li>Le d\u00e9placement de la position de la fen\u00eatre peut \u00eatre activ\u00e9 dans les param\u00e8tres<\/li>\n<li>Correction d&rsquo;un bug d&rsquo;arr\u00eat<\/li>\n<li>Correction d&rsquo;un bug de titre de fen\u00eatre<\/li>\n<li>Info bureau affiche d\u00e9sormais Pause<\/li>\n<\/ul>\n<p> <\/p><\/div><div class=\"date\"><h5>Version 9.1 (comming February 2026)<\/h5><\/div><\/article><\/div><div  class=\"timeline_element_end \"><article class=\"post\"><div class=\"box \"><p> <\/p>\n<ul>\n<li>Design fin et moderne<\/li>\n<li>Bouton Pause<\/li>\n<li>Correction de bugs<\/li>\n<\/ul>\n<p> <\/p><\/div><div class=\"date\"><h5>Version 9.0<\/h5><\/div><\/article><\/div><div  class=\"timeline_element_start \"><article class=\"post\"><div class=\"box \"><p> <\/p>\n<ul>\n<li>Nouveau certificat de s\u00e9curit\u00e9<\/li>\n<li>Correction de bugs<\/li>\n<\/ul>\n<p> <\/p><\/div><div class=\"date\"><h5>Version 8.4<\/h5><\/div><\/article><\/div><div  class=\"timeline_element_end \"><article class=\"post\"><div class=\"box \"><p> <\/p>\n<ul>\n<li>Nouveau certificat de s\u00e9curit\u00e9<\/li>\n<li>Lecture des \u00ab\u00a0d\u00e9tails de l&rsquo;\u00e9quipe\u00a0\u00bb : supprim\u00e9<\/li>\n<li>Si la fen\u00eatre est r\u00e9duite dans la barre d&rsquo;\u00e9tat syst\u00e8me, ALT+TAB ne l&rsquo;affiche plus.<\/li>\n<li>D\u00e9marrage plus rapide<\/li>\n<\/ul>\n<p> <\/p><\/div><div class=\"date\"><h5>Version 8.3<\/h5><\/div><\/article><\/div><div  class=\"timeline_element_start \"><article class=\"post\"><div class=\"box \"><p> <\/p>\n<ul>\n<li>Correction de s\u00e9curit\u00e9<\/li>\n<li>Plus de couleurs dans les param\u00e8tres<\/li>\n<li>Correction de bugs<\/li>\n<\/ul>\n<p> <\/p><\/div><div class=\"date\"><h5>Version 8.2<\/h5><\/div><\/article><\/div><div  class=\"timeline_element_end \"><article class=\"post\"><div class=\"box \"><p> <\/p>\n<ul>\n<li>Correction d&rsquo;un bug : Bouton R\u00e9duire non disponible au d\u00e9marrage automatique<\/li>\n<\/ul>\n<p> <\/p><\/div><div class=\"date\"><h5>Version 8.1<\/h5><\/div><\/article><\/div><div  class=\"timeline_element_start \"><article class=\"post\"><div class=\"box \"><p> <\/p>\n<ul>\n<li>Nouveau design : plus \u00e9troit\/plus mince\/plus rapide<\/li>\n<li>Langue : fran\u00e7ais<\/li>\n<li>Menu : sombre (optionnel)<\/li>\n<\/ul>\n<p> <\/p><\/div><div class=\"date\"><h5>Version 8.0<\/h5><\/div><\/article><\/div><div  class=\"timeline_element_end \"><article class=\"post\"><div class=\"box \"><p> <\/p>\n<ul>\n<li>PLUS DE PUBLICIT\u00c9S \ud83d\ude42<\/li>\n<\/ul>\n<p> <\/p><\/div><div class=\"date\"><h5>Version 7.3<\/h5><\/div><\/article><\/div><div  class=\"timeline_element_start \"><article class=\"post\"><div class=\"box \"><p> <\/p>\n<ul>\n<li>Correction de bugs<\/li>\n<\/ul>\n<p> <\/p><\/div><div class=\"date\"><h5>Version 7.2<\/h5><\/div><\/article><\/div><div  class=\"timeline_element_end \"><article class=\"post\"><div class=\"box \"><p> <\/p>\n<ul>\n<li>Ex\u00e9cution selon le calendrier<\/li>\n<li>Modifier le nom de l&rsquo;info-bulle<\/li>\n<li>Menu en info-bulle par clic droit<\/li>\n<li>Le param\u00e8tre \u00ab\u00a0Terminer les \u00e9quipes\u00a0\u00bb reste enregistr\u00e9<\/li>\n<li>Protocole L&#8217;emplacement peut \u00eatre d\u00e9fini par l&rsquo;utilisateur<\/li>\n<li>Le niveau de transparence peut \u00eatre modifi\u00e9<\/li>\n<li>Des offres attractives peuvent \u00eatre affich\u00e9es<\/li>\n<li>Correction de bugs<\/li>\n<\/ul>\n<p> <\/p><\/div><div class=\"date\"><h5>Version 7.1<\/h5><\/div><\/article><\/div><div  class=\"timeline_element_start \"><article class=\"post\"><div class=\"box \"><p> <\/p>\n<ul>\n<li>Design : nouveau design moderne<\/li>\n<li>Rapidit\u00e9 : chargement plus rapide de l&rsquo;application<\/li>\n<li>Soutient les \u00ab\u00a0nouvelles \u00e9quipes<\/li>\n<li>Renommer le titre de la fen\u00eatre<\/li>\n<li>En cas de fermeture : shutdown, reboot, standby ou logoff<\/li>\n<li>Corrections de bugs importants<\/li>\n<\/ul>\n<p> <\/p><\/div><div class=\"date\"><h5>Version 7.0<\/h5><\/div><\/article><\/div><div  class=\"timeline_element_end \"><article class=\"post\"><div class=\"box \"><p> <\/p>\n<ul>\n<li>Imiter l&rsquo;\u00e9cran de veille : Fermer avec la touche \u00ab\u00a0ESC<\/li>\n<li>Autonomie pour les non-Premium : 5 heures<\/li>\n<li>Premi\u00e8re annonce supprim\u00e9e<\/li>\n<li>Correction de bugs<\/li>\n<\/ul>\n<p> <\/p><\/div><div class=\"date\"><h5>Version 6.5.0.0<\/h5><\/div><\/article><\/div><div  class=\"timeline_element_start \"><article class=\"post\"><div class=\"box \"><p> <\/p>\n<ul>\n<li>Rapidit\u00e9 : chargement plus rapide de l&rsquo;application<\/li>\n<li>Param\u00e8tre : Modifier le titre de la fen\u00eatre<\/li>\n<li>Logiciel : lecture du logiciel uniquement manuelle, pas au d\u00e9marrage<\/li>\n<li>Premium : indication lorsqu&rsquo;il n&rsquo;y a pas de connexion au serveur<\/li>\n<li>Corrections de bugs importants<\/li>\n<\/ul>\n<p> <\/p><\/div><div class=\"date\"><h5>Version 6.4.0.0<\/h5><\/div><\/article><\/div><div  class=\"timeline_element_end \"><article class=\"post\"><div class=\"box \"><p> <\/p>\n<ul>\n<li>Langue : n\u00e9erlandais<\/li>\n<li>Stabilit\u00e9 : le code passe automatiquement en mode hors ligne<\/li>\n<li>Corrections de bugs importants<\/li>\n<\/ul>\n<p> <\/p><\/div><div class=\"date\"><h5>Version 6.3.0.0<\/h5><\/div><\/article><\/div><div  class=\"timeline_element_start \"><article class=\"post\"><div class=\"box \"><p> <\/p>\n<ul>\n<li>Corrections de bugs importants<\/li>\n<\/ul>\n<p> <\/p><\/div><div class=\"date\"><h5>Version 6.2.0.0<\/h5><\/div><\/article><\/div><div  class=\"timeline_element_end \"><article class=\"post\"><div class=\"box \"><p> <\/p>\n<ul>\n<li>Corrections de bugs importants<\/li>\n<\/ul>\n<p> <\/p><\/div><div class=\"date\"><h5>Version 6.1.0.0<\/h5><\/div><\/article><\/div><div  class=\"timeline_element_start \"><article class=\"post\"><div class=\"box \"><p> <\/p>\n<ul>\n<li>Nouveau logo<\/li>\n<li>Nouveau design<\/li>\n<li>Notification de mise \u00e0 jour sur le bureau<\/li>\n<li>Imiter l&rsquo;\u00e9cran de veille<\/li>\n<li>S\u00e9lection d&rsquo;ic\u00f4nes pour la zone de notification<\/li>\n<li>Prise en charge de Cisco Jabber<\/li>\n<li>Remarque si l&rsquo;ordinateur portable n&rsquo;est pas en charge<\/li>\n<li>Remarque si la batterie de l&rsquo;ordinateur portable est inf\u00e9rieure \u00e0 30%.<\/li>\n<li>Licences r\u00e9vis\u00e9es<\/li>\n<li>Nouveau site web<\/li>\n<\/ul>\n<p><a href=\"https:\/\/www.statusholder.com\/fr\/status-holder-6-0-0-0-quoi-de-neuf\/\" target=\"_blank\" rel=\"noopener\">Plus de d\u00e9tails<\/a> <\/p><\/div><div class=\"date\"><h5>Version 6.0.0.0<\/h5><\/div><\/article><\/div><div  class=\"timeline_element_end \"><article class=\"post\"><div class=\"box \"><p> <\/p>\n<ul>\n<li>Correction de bugs<\/li>\n<\/ul>\n<p> <\/p><\/div><div class=\"date\"><h5>Version 5.1<\/h5><\/div><\/article><\/div><div  class=\"timeline_element_start \"><article class=\"post\"><div class=\"box \"><p> <\/p>\n<ul>\n<li>Int\u00e9gration de Slack<\/li>\n<li>Correction de bugs<\/li>\n<li>Statistiques impl\u00e9ment\u00e9es (activables en option)<\/li>\n<li>Enregistrer le d\u00e9but &amp; la fin de l&rsquo;outil (temps de pointage \/ temps de travail)<\/li>\n<\/ul>\n<p> <\/p><\/div><div class=\"date\"><h5>Version 5.0<\/h5><\/div><\/article><\/div><div  class=\"timeline_element_end \"><article class=\"post\"><div class=\"box \"><p> <\/p>\n<ul>\n<li>Int\u00e9gration du zoom<\/li>\n<li>Correction de bugs<\/li>\n<\/ul>\n<p> <\/p><\/div><div class=\"date\"><h5>Version 4.1<\/h5><\/div><\/article><\/div><div  class=\"timeline_element_start \"><article class=\"post\"><div class=\"box \"><p> <\/p>\n<ul>\n<li>Infos sur le bureau<\/li>\n<li>Code Premium valable 1 an<\/li>\n<li>Correction de bugs<\/li>\n<li>Redesign<\/li>\n<\/ul>\n<p> <\/p><\/div><div class=\"date\"><h5>Version 4.0<\/h5><\/div><\/article><\/div><div  class=\"timeline_element_end \"><article class=\"post\"><div class=\"box \"><p> <\/p>\n<ul>\n<li>Redesign<\/li>\n<li>Signature num\u00e9rique (s\u00e9curit\u00e9)<\/li>\n<\/ul>\n<p> <\/p><\/div><div class=\"date\"><h5>Version 3.0<\/h5><\/div><\/article><\/div><div  class=\"timeline_element_start \"><article class=\"post\"><div class=\"box \"><p> <\/p>\n<ul>\n<li>Fonctions Premium<\/li>\n<\/ul>\n<p> <\/p><\/div><div class=\"date\"><h5>Version 2.0<\/h5><\/div><\/article><\/div><div  class=\"timeline_element_end \"><article class=\"post\"><div class=\"box \"><p> <\/p>\n<ul>\n<li>Reconnaissance de la langue utilis\u00e9e par le syst\u00e8me d&rsquo;exploitation<\/li>\n<\/ul>\n<p> <\/p><\/div><div class=\"date\"><h5>Version 1.9<\/h5><\/div><\/article><\/div><div  class=\"timeline_element_start \"><article class=\"post\"><div class=\"box \"><p> <\/p>\n<ul>\n<li>Les environnements Citrix sont pris en charge<\/li>\n<\/ul>\n<p> <\/p><\/div><div class=\"date\"><h5>Version 1.8<\/h5><\/div><\/article><\/div><div  class=\"timeline_element_end \"><article class=\"post\"><div class=\"box \"><p> <\/p>\n<ul>\n<li>Les param\u00e8tres sont enregistr\u00e9s<\/li>\n<\/ul>\n<p> <\/p><\/div><div class=\"date\"><h5>Version 1.7<\/h5><\/div><\/article><\/div><div  class=\"timeline_element_start \"><article class=\"post\"><div class=\"box \"><p> <\/p>\n<ul>\n<li>Peut \u00eatre r\u00e9duit dans la zone de notification<\/li>\n<\/ul>\n<p> <\/p><\/div><div class=\"date\"><h5>Version 1.6<\/h5><\/div><\/article><\/div><div  class=\"timeline_element_end \"><article class=\"post\"><div class=\"box \"><p> <\/p>\n<ul>\n<li>V\u00e9rifie les mises \u00e0 jour en ligne<\/li>\n<\/ul>\n<p> <\/p><\/div><div class=\"date\"><h5>Version 1.5<\/h5><\/div><\/article><\/div><div  class=\"timeline_element_start \"><article class=\"post\"><div class=\"box \"><p> <\/p>\n<ul>\n<li>Adaptations du design<\/li>\n<li>Traduction en anglais (en-US)<\/li>\n<\/ul>\n<p> <\/p><\/div><div class=\"date\"><h5>Version 1.4<\/h5><\/div><\/article><\/div><div  class=\"timeline_element_end \"><article class=\"post\"><div class=\"box \"><p> <\/p>\n<ul>\n<li>Adaptations du design<\/li>\n<li>Indication de la date et de l&rsquo;heure, pour l&rsquo;arr\u00eat automatique de l&rsquo;outil<\/li>\n<\/ul>\n<p> <\/p><\/div><div class=\"date\"><h5>Version 1.3<\/h5><\/div><\/article><\/div><div  class=\"timeline_element_start \"><article class=\"post\"><div class=\"box \"><p> <\/p>\n<ul>\n<li>Adaptations du design<\/li>\n<li>Correction de bugs<\/li>\n<\/ul>\n<p> <\/p><\/div><div class=\"date\"><h5>Version 1.2<\/h5><\/div><\/article><\/div><div  class=\"timeline_element_end \"><article class=\"post\"><div class=\"box \"><p> <\/p>\n<ul>\n<li>Adaptations du design<\/li>\n<li>Bouton de donation Paypal<\/li>\n<li>Conseils et informations<\/li>\n<\/ul>\n<p> <\/p><\/div><div class=\"date\"><h5>Version 1.1<\/h5><\/div><\/article><\/div><div  class=\"timeline_element_start \"><article class=\"post\"><div class=\"box \"><p> <\/p>\n<ul>\n<li>Garde le statut des \u00e9quipes en ligne en permanence (fonctionnalit\u00e9)<\/li>\n<\/ul>\n<p> <\/p><\/div><div class=\"date\"><h5>Version 1.0<\/h5><\/div><\/article><\/div><\/div>[\/vc_column][\/vc_row]<\/p>\n<\/div>","protected":false},"excerpt":{"rendered":"<p>[vc_row bg_type=\u00a0\u00bb\u00a0\u00bb dima_canvas_style=\u00a0\u00bb\u00a0\u00bb translate_x=\u00a0\u00bb0&Prime; dima_z_index=\u00a0\u00bb0&Prime; delay=\u00a0\u00bb\u00a0\u00bb animate_item=\u00a0\u00bb\u00a0\u00bb delay_duration=\u00a0\u00bb\u00a0\u00bb delay_offset=\u00a0\u00bb\u00a0\u00bb][vc_column min_height=\u00a0\u00bb\u00a0\u00bb bg_type=\u00a0\u00bb\u00a0\u00bb dima_canvas_style=\u00a0\u00bb\u00a0\u00bb translate_x=\u00a0\u00bb0&Prime; dima_z_index=\u00a0\u00bb0&Prime; delay=\u00a0\u00bb\u00a0\u00bb animate_item=\u00a0\u00bb\u00a0\u00bb delay_duration=\u00a0\u00bb\u00a0\u00bb delay_offset=\u00a0\u00bb\u00a0\u00bb width=\u00a0\u00bb1\/1&Prime;][\/vc_column][\/vc_row]<\/p>\n","protected":false},"author":4,"featured_media":0,"parent":16143,"menu_order":0,"comment_status":"closed","ping_status":"closed","template":"","meta":{"_monsterinsights_skip_tracking":false,"_monsterinsights_sitenote_active":false,"_monsterinsights_sitenote_note":"","_monsterinsights_sitenote_category":0,"footnotes":""},"class_list":["post-16421","page","type-page","status-publish","hentry","no-post-thumbnail"],"_links":{"self":[{"href":"https:\/\/www.statusholder.com\/fr\/wp-json\/wp\/v2\/pages\/16421","targetHints":{"allow":["GET"]}}],"collection":[{"href":"https:\/\/www.statusholder.com\/fr\/wp-json\/wp\/v2\/pages"}],"about":[{"href":"https:\/\/www.statusholder.com\/fr\/wp-json\/wp\/v2\/types\/page"}],"author":[{"embeddable":true,"href":"https:\/\/www.statusholder.com\/fr\/wp-json\/wp\/v2\/users\/4"}],"replies":[{"embeddable":true,"href":"https:\/\/www.statusholder.com\/fr\/wp-json\/wp\/v2\/comments?post=16421"}],"version-history":[{"count":47,"href":"https:\/\/www.statusholder.com\/fr\/wp-json\/wp\/v2\/pages\/16421\/revisions"}],"predecessor-version":[{"id":35595,"href":"https:\/\/www.statusholder.com\/fr\/wp-json\/wp\/v2\/pages\/16421\/revisions\/35595"}],"up":[{"embeddable":true,"href":"https:\/\/www.statusholder.com\/fr\/wp-json\/wp\/v2\/pages\/16143"}],"wp:attachment":[{"href":"https:\/\/www.statusholder.com\/fr\/wp-json\/wp\/v2\/media?parent=16421"}],"curies":[{"name":"wp","href":"https:\/\/api.w.org\/{rel}","templated":true}]}}