{"id":16439,"date":"2022-01-14T07:49:36","date_gmt":"2022-01-14T06:49:36","guid":{"rendered":"https:\/\/www.statusholder.com\/caracteristiques\/alternatives\/"},"modified":"2024-03-24T12:25:25","modified_gmt":"2024-03-24T11:25:25","slug":"alternatives","status":"publish","type":"page","link":"https:\/\/www.statusholder.com\/fr\/caracteristiques\/alternatives\/","title":{"rendered":"Alternatives"},"content":{"rendered":"<div class=\"wpb-content-wrapper\"><p>[vc_row bg_type=\u00a0\u00bb\u00a0\u00bb dima_canvas_style=\u00a0\u00bb\u00a0\u00bb translate_x=\u00a0\u00bb0&Prime; dima_z_index=\u00a0\u00bb0&Prime; delay=\u00a0\u00bb\u00a0\u00bb animate_item=\u00a0\u00bb\u00a0\u00bb delay_duration=\u00a0\u00bb\u00a0\u00bb delay_offset=\u00a0\u00bb\u00a0\u00bb top_and_bottom_padding=\u00a0\u00bb\u00a0\u00bb left_and_right_padding=\u00a0\u00bb\u00a0\u00bb id=\u00a0\u00bb\u00a0\u00bb class=\u00a0\u00bb\u00a0\u00bb css=\u00a0\u00bb.vc_custom_1498853594959{padding-top: 0px !important;}\u00a0\u00bb border_color=\u00a0\u00bb\u00a0\u00bb][vc_column min_height=\u00a0\u00bb\u00a0\u00bb bg_type=\u00a0\u00bb\u00a0\u00bb dima_canvas_style=\u00a0\u00bb\u00a0\u00bb translate_x=\u00a0\u00bb0&Prime; dima_z_index=\u00a0\u00bb0&Prime; delay=\u00a0\u00bb\u00a0\u00bb animate_item=\u00a0\u00bb\u00a0\u00bb delay_duration=\u00a0\u00bb\u00a0\u00bb delay_offset=\u00a0\u00bb\u00a0\u00bb top_and_bottom_padding=\u00a0\u00bb\u00a0\u00bb left_and_right_padding=\u00a0\u00bb\u00a0\u00bb width=\u00a0\u00bb2\/3&Prime;]<h2  class=\"dima-custom-heading\"   >Vous ne souhaitez pas utiliser de logiciel ?<\/h2>\n\t<div class=\"wpb_content_element \" >\n\t\t<div class=\"wpb_wrapper\">\n\t\t\t<p>Le Teams Status Holder est un logiciel qui ne doit pas \u00eatre install\u00e9. Ainsi, elle n&rsquo;appara\u00eet pas non plus dans les \u00ab\u00a0logiciels install\u00e9s\u00a0\u00bb pour votre service informatique. Vous ne souhaitez pas pour autant utiliser une solution logicielle et vous cherchez des alternatives ? Il existe une variante mat\u00e9rielle du Mouse-Jiggler, que vous pouvez acheter dans notre boutique.<\/p>\n\n\t\t<\/div> \n\t<\/div> <a   href=\"https:\/\/www.statusholder.com\/shop\/\"  class=\"dima-button dima-waves fill dima-btn-large dima-shadow float-start\"      ><i class=\"fas fa-shopping-bag\"><\/i>acc\u00e9der \u00e0 la boutique<\/a><div  class=\"dima-clear\" style=\"padding-bottom:30px\"><\/div>[\/vc_column][vc_column min_height=\u00a0\u00bb\u00a0\u00bb bg_type=\u00a0\u00bb\u00a0\u00bb dima_canvas_style=\u00a0\u00bb\u00a0\u00bb translate_x=\u00a0\u00bb0&Prime; dima_z_index=\u00a0\u00bb0&Prime; delay=\u00a0\u00bb\u00a0\u00bb animate_item=\u00a0\u00bb\u00a0\u00bb delay_duration=\u00a0\u00bb\u00a0\u00bb delay_offset=\u00a0\u00bb\u00a0\u00bb width=\u00a0\u00bb1\/3&Prime;]<div  class=\"dima-img text-center column-item overflow-hidden\"       ><img decoding=\"async\" width=\"640\" height=\"640\" src=\"https:\/\/www.statusholder.com\/wp-content\/uploads\/2022\/09\/usb-flash-drive-gd4ff81442_640-100x100.jpg\" class=\"dima_image-img dima-image attachment-full lazyload js-lazy-image\" alt=\"\" data-src=\"https:\/\/www.statusholder.com\/wp-content\/uploads\/2022\/09\/usb-flash-drive-gd4ff81442_640.jpg\" data-srcset=\"https:\/\/www.statusholder.com\/wp-content\/uploads\/2022\/09\/usb-flash-drive-gd4ff81442_640.jpg 640w, https:\/\/www.statusholder.com\/wp-content\/uploads\/2022\/09\/usb-flash-drive-gd4ff81442_640-300x300.jpg 300w, https:\/\/www.statusholder.com\/wp-content\/uploads\/2022\/09\/usb-flash-drive-gd4ff81442_640-150x150.jpg 150w, https:\/\/www.statusholder.com\/wp-content\/uploads\/2022\/09\/usb-flash-drive-gd4ff81442_640-585x585.jpg 585w, https:\/\/www.statusholder.com\/wp-content\/uploads\/2022\/09\/usb-flash-drive-gd4ff81442_640-100x100.jpg 100w, https:\/\/www.statusholder.com\/wp-content\/uploads\/2022\/09\/usb-flash-drive-gd4ff81442_640-128x128.jpg 128w, https:\/\/www.statusholder.com\/wp-content\/uploads\/2022\/09\/usb-flash-drive-gd4ff81442_640-256x256.jpg 256w\" data-sizes=\"(max-width: 640px) 100vw, 640px\" \/><\/div>\n\t<div class=\"wpb_content_element \" >\n\t\t<div class=\"wpb_wrapper\">\n\t\t\t<p>Alternatives mat\u00e9rielles pour le Staus Holder<\/p>\n\n\t\t<\/div> \n\t<\/div> [\/vc_column][\/vc_row][vc_row bg_type=\u00a0\u00bb\u00a0\u00bb dima_canvas_style=\u00a0\u00bb\u00a0\u00bb translate_x=\u00a0\u00bb0&Prime; dima_z_index=\u00a0\u00bb0&Prime; delay=\u00a0\u00bb\u00a0\u00bb animate_item=\u00a0\u00bb\u00a0\u00bb delay_duration=\u00a0\u00bb\u00a0\u00bb delay_offset=\u00a0\u00bb\u00a0\u00bb top_and_bottom_padding=\u00a0\u00bb\u00a0\u00bb left_and_right_padding=\u00a0\u00bb\u00a0\u00bb id=\u00a0\u00bb\u00a0\u00bb class=\u00a0\u00bb\u00a0\u00bb css=\u00a0\u00bb.vc_custom_1498853594959{padding-top: 0px !important;}\u00a0\u00bb border_color=\u00a0\u00bb\u00a0\u00bb][vc_column min_height=\u00a0\u00bb\u00a0\u00bb bg_type=\u00a0\u00bb\u00a0\u00bb dima_canvas_style=\u00a0\u00bb\u00a0\u00bb translate_x=\u00a0\u00bb0&Prime; dima_z_index=\u00a0\u00bb0&Prime; delay=\u00a0\u00bb\u00a0\u00bb animate_item=\u00a0\u00bb\u00a0\u00bb delay_duration=\u00a0\u00bb\u00a0\u00bb delay_offset=\u00a0\u00bb\u00a0\u00bb top_and_bottom_padding=\u00a0\u00bb\u00a0\u00bb left_and_right_padding=\u00a0\u00bb\u00a0\u00bb width=\u00a0\u00bb1\/1&Prime;]<h2  class=\"dima-custom-heading\"   >Status Holder Alternativen<\/h2>\n\t<div class=\"wpb_content_element \" >\n\t\t<div class=\"wpb_wrapper\">\n\t\t\t<p>Es gibt inzwischen ein paar Alternativen zu unserem Status Holder, um das gleiche Ergebnis zu erhalten: Man m\u00f6chte in Teams immer online angezeigt werden. Achten Sie dennoch auf den <a href=\"https:\/\/www.statusholder.com\/features\/\">Funktionsumfang<\/a>.<\/p>\n\n\t\t<\/div> \n\t<\/div> <div  class=\"dima-clear\" style=\"padding-bottom:30px\"><\/div>[vc_row_inner bg_type=\u00a0\u00bb\u00a0\u00bb dima_canvas_style=\u00a0\u00bb\u00a0\u00bb translate_x=\u00a0\u00bb0&Prime; dima_z_index=\u00a0\u00bb0&Prime; top_and_bottom_padding=\u00a0\u00bb\u00a0\u00bb left_and_right_padding=\u00a0\u00bb\u00a0\u00bb][vc_column_inner animation=\u00a0\u00bbtransition.slideRightBigIn\u00a0\u00bb delay=\u00a0\u00bb100&Prime; animate_item=\u00a0\u00bb\u00a0\u00bb delay_duration=\u00a0\u00bb500&Prime; delay_offset=\u00a0\u00bb\u00a0\u00bb translate_x=\u00a0\u00bb0&Prime; dima_z_index=\u00a0\u00bb0&Prime; width=\u00a0\u00bb1\/4&Prime; id=\u00a0\u00bb\u00a0\u00bb class=\u00a0\u00bb\u00a0\u00bb style=\u00a0\u00bb\u00a0\u00bb border_color=\u00a0\u00bb\u00a0\u00bb]<div  class=\"dima-pricing-table featured\" > <span class='featured_icon'><svg xmlns=\"http:\/\/www.w3.org\/2000\/svg\" width=\"48\" height=\"48\" viewBox=\"0 0 48 48\"><path d=\"M24 42.7l-2.9-2.63C10.8 30.72 4 24.55 4 17 4 10.83 8.83 6 15 6c3.48 0 6.82 1.62 9 4.17C26.18 7.62 29.52 6 33 6c6.17 0 11 4.83 11 11 0 7.55-6.8 13.72-17.1 23.07L24 42.7z\"\/><\/svg><\/span><div  class=\"dima-pricing-col\"><div class=\"dima-pricing-col-info box-with-shadow\" style=\"border-top-color:#333333;\"><div class=\"dima-header-col-info\"><h6 class=\"dima-table-title\">Titulaire du statut<\/h6><h2 class=\"dima-pricing-row\"><span class=\"pricing\"><span class=\"currency\"><\/span>Free<\/span><span class=\"interval\"><\/span><\/h2><\/div><div class=\"dima-table-content\"><ul  class=\"icon-list\" ><li   ><i  class=\"fas fa-check\"><\/i>Windows 10, 11<\/li><li   ><i  class=\"fas fa-check\"><\/i>Portable<\/li><li   ><i  class=\"fas fa-check\"><\/i>Facile \u00e0 utiliser<\/li><li   ><i  class=\"fas fa-check\"><\/i>Interface utilisateur graphique<\/li><li   ><i  class=\"fas fa-check\"><\/i>Gratuit<\/li><li   ><i style=\"color:#dd3333;\" class=\"fas fa-times\"><\/i>MacOS<\/li><li   ><i  class=\"fas fa-check\"><\/i>De nombreuses fonctionnalit\u00e9s et param\u00e8tres<\/li><li   ><i  class=\"fas fa-check\"><\/i>Statistiques<\/li><li   ><i  class=\"fas fa-check\"><\/i>Notification de mise \u00e0 jour<\/li><li   ><i  class=\"fas fa-check\"><\/i>Plusieurs langues<\/li><\/ul><a   href=\"https:\/\/www.statusholder.com\/download\/\"  class=\"dima-button dima-waves fill dima-btn-small\"      >t\u00e9l\u00e9charger maintenant<\/a><\/div><\/div><\/div> <\/div>[\/vc_column_inner][vc_column_inner animation=\u00a0\u00bbtransition.slideRightBigIn\u00a0\u00bb delay=\u00a0\u00bb300&Prime; animate_item=\u00a0\u00bb\u00a0\u00bb delay_duration=\u00a0\u00bb500&Prime; delay_offset=\u00a0\u00bb\u00a0\u00bb translate_x=\u00a0\u00bb0&Prime; dima_z_index=\u00a0\u00bb0&Prime; width=\u00a0\u00bb1\/4&Prime; id=\u00a0\u00bb\u00a0\u00bb class=\u00a0\u00bb\u00a0\u00bb style=\u00a0\u00bb\u00a0\u00bb border_color=\u00a0\u00bb\u00a0\u00bb]<div  class=\"dima-pricing-table\" > <div  class=\"dima-pricing-col\"><div class=\"dima-pricing-col-info\" style=\"border-top-color:#333333;\"><div class=\"dima-header-col-info\"><h6 class=\"dima-table-title\">Caffeine<\/h6><h2 class=\"dima-pricing-row\"><span class=\"pricing\"><span class=\"currency\"><\/span>Free<\/span><span class=\"interval\"><\/span><\/h2><\/div><div class=\"dima-table-content\"><ul  class=\"icon-list\" ><li   ><i  class=\"fas fa-check\"><\/i>Windows 10, 11<\/li><li   ><i  class=\"fas fa-check\"><\/i>Portable<\/li><li   ><i style=\"color:#dd3333;\" class=\"fas fa-times\"><\/i>Facile \u00e0 utiliser<\/li><li   ><i style=\"color:#dd3333;\" class=\"fas fa-times\"><\/i>Interface utilisateur graphique<\/li><li   ><i  class=\"fas fa-check\"><\/i>Gratuit<\/li><li   ><i style=\"color:#dd3333;\" class=\"fas fa-times\"><\/i>MacOS<\/li><li   ><i  class=\"fas fa-check\"><\/i>De nombreuses fonctionnalit\u00e9s et param\u00e8tres<\/li><li   ><i style=\"color:#dd3333;\" class=\"fas fa-times\"><\/i>Statistiques<\/li><li   ><i style=\"color:#dd3333;\" class=\"fas fa-times\"><\/i>Notification de mise \u00e0 jour<\/li><li   ><i style=\"color:#dd3333;\" class=\"fas fa-times\"><\/i>Plusieurs langues<\/li><\/ul><\/div><\/div><\/div> <\/div>[\/vc_column_inner][vc_column_inner animation=\u00a0\u00bbtransition.slideRightBigIn\u00a0\u00bb delay=\u00a0\u00bb500&Prime; animate_item=\u00a0\u00bb\u00a0\u00bb delay_duration=\u00a0\u00bb500&Prime; delay_offset=\u00a0\u00bb\u00a0\u00bb translate_x=\u00a0\u00bb0&Prime; dima_z_index=\u00a0\u00bb0&Prime; width=\u00a0\u00bb1\/4&Prime; id=\u00a0\u00bb\u00a0\u00bb class=\u00a0\u00bb\u00a0\u00bb style=\u00a0\u00bb\u00a0\u00bb border_color=\u00a0\u00bb\u00a0\u00bb]<div  class=\"dima-pricing-table\" > <div  class=\"dima-pricing-col\"><div class=\"dima-pricing-col-info\" style=\"border-top-color:#333333;\"><div class=\"dima-header-col-info\"><h6 class=\"dima-table-title\">Logiciel Mouse Jiggler<\/h6><h2 class=\"dima-pricing-row\"><span class=\"pricing\"><span class=\"currency\"><\/span>Free<\/span><span class=\"interval\"><\/span><\/h2><\/div><div class=\"dima-table-content\"><ul  class=\"icon-list\" ><li   ><i  class=\"fas fa-check\"><\/i>Windows 10, 11<\/li><li   ><i  class=\"fas fa-check\"><\/i>Portable<\/li><li   ><i  class=\"fas fa-check\"><\/i>Facile \u00e0 utiliser<\/li><li   ><i  class=\"fas fa-check\"><\/i>Interface utilisateur graphique<\/li><li   ><i  class=\"fas fa-check\"><\/i>Gratuit<\/li><li   ><i style=\"color:#dd3333;\" class=\"fas fa-times\"><\/i>MacOS<\/li><li   ><i style=\"color:#dd3333;\" class=\"fas fa-times\"><\/i>De nombreuses fonctionnalit\u00e9s et param\u00e8tres<\/li><li   ><i style=\"color:#dd3333;\" class=\"fas fa-times\"><\/i>Statistiques<\/li><li   ><i style=\"color:#dd3333;\" class=\"fas fa-times\"><\/i>Notification de mise \u00e0 jour<\/li><li   ><i style=\"color:#dd3333;\" class=\"fas fa-times\"><\/i>Plusieurs langues<\/li><\/ul><\/div><\/div><\/div> <\/div>[\/vc_column_inner][vc_column_inner animation=\u00a0\u00bbtransition.slideRightBigIn\u00a0\u00bb delay=\u00a0\u00bb700&Prime; animate_item=\u00a0\u00bb\u00a0\u00bb delay_duration=\u00a0\u00bb500&Prime; delay_offset=\u00a0\u00bb\u00a0\u00bb translate_x=\u00a0\u00bb0&Prime; dima_z_index=\u00a0\u00bb0&Prime; width=\u00a0\u00bb1\/4&Prime; id=\u00a0\u00bb\u00a0\u00bb class=\u00a0\u00bb\u00a0\u00bb style=\u00a0\u00bb\u00a0\u00bb border_color=\u00a0\u00bb\u00a0\u00bb]<div  class=\"dima-pricing-table\" > <div  class=\"dima-pricing-col\"><div class=\"dima-pricing-col-info\" style=\"border-top-color:#333333;\"><div class=\"dima-header-col-info\"><h6 class=\"dima-table-title\">Mouse Jiggler Hardware<\/h6><h2 class=\"dima-pricing-row\"><span class=\"pricing\"><span class=\"currency\"><\/span>Not Free<\/span><span class=\"interval\"><\/span><\/h2><\/div><div class=\"dima-table-content\"><ul  class=\"icon-list\" ><li   ><i  class=\"fas fa-check\"><\/i>Windows 10, 11<\/li><li   ><i  class=\"fas fa-check\"><\/i>Portable<\/li><li   ><i  class=\"fas fa-check\"><\/i>Facile \u00e0 utiliser<\/li><li   ><i style=\"color:#dd3333;\" class=\"fas fa-times\"><\/i>Interface utilisateur graphique<\/li><li   ><i style=\"color:#dd3333;\" class=\"fas fa-times\"><\/i>Gratuit<\/li><li   ><i  class=\"fas fa-check\"><\/i>MacOS<\/li><li   ><i style=\"color:#dd3333;\" class=\"fas fa-times\"><\/i>De nombreuses fonctionnalit\u00e9s et param\u00e8tres<\/li><li   ><i style=\"color:#dd3333;\" class=\"fas fa-times\"><\/i>Statistiques<\/li><li   ><i style=\"color:#dd3333;\" class=\"fas fa-times\"><\/i>Notification de mise \u00e0 jour<\/li><li   ><i style=\"color:#dd3333;\" class=\"fas fa-times\"><\/i>Plusieurs langues<\/li><\/ul><a   href=\"https:\/\/www.statusholder.com\/shop\/usb-mouse-jiggler\/\"  class=\"dima-button dima-waves fill dima-btn-small\"      >acc\u00e9der \u00e0 la boutique<\/a><\/div><\/div><\/div> <\/div>[\/vc_column_inner][\/vc_row_inner][\/vc_column][\/vc_row]<\/p>\n<\/div>","protected":false},"excerpt":{"rendered":"<p>[vc_row bg_type=\u00a0\u00bb\u00a0\u00bb dima_canvas_style=\u00a0\u00bb\u00a0\u00bb translate_x=\u00a0\u00bb0&Prime; dima_z_index=\u00a0\u00bb0&Prime; delay=\u00a0\u00bb\u00a0\u00bb animate_item=\u00a0\u00bb\u00a0\u00bb delay_duration=\u00a0\u00bb\u00a0\u00bb delay_offset=\u00a0\u00bb\u00a0\u00bb top_and_bottom_padding=\u00a0\u00bb\u00a0\u00bb left_and_right_padding=\u00a0\u00bb\u00a0\u00bb id=\u00a0\u00bb\u00a0\u00bb class=\u00a0\u00bb\u00a0\u00bb css=\u00a0\u00bb.vc_custom_1498853594959{padding-top: 0px !important;}\u00a0\u00bb border_color=\u00a0\u00bb\u00a0\u00bb][vc_column min_height=\u00a0\u00bb\u00a0\u00bb bg_type=\u00a0\u00bb\u00a0\u00bb dima_canvas_style=\u00a0\u00bb\u00a0\u00bb translate_x=\u00a0\u00bb0&Prime; dima_z_index=\u00a0\u00bb0&Prime; delay=\u00a0\u00bb\u00a0\u00bb animate_item=\u00a0\u00bb\u00a0\u00bb delay_duration=\u00a0\u00bb\u00a0\u00bb delay_offset=\u00a0\u00bb\u00a0\u00bb top_and_bottom_padding=\u00a0\u00bb\u00a0\u00bb left_and_right_padding=\u00a0\u00bb\u00a0\u00bb width=\u00a0\u00bb2\/3&Prime;][\/vc_column][vc_column min_height=\u00a0\u00bb\u00a0\u00bb bg_type=\u00a0\u00bb\u00a0\u00bb dima_canvas_style=\u00a0\u00bb\u00a0\u00bb translate_x=\u00a0\u00bb0&Prime; dima_z_index=\u00a0\u00bb0&Prime; delay=\u00a0\u00bb\u00a0\u00bb animate_item=\u00a0\u00bb\u00a0\u00bb delay_duration=\u00a0\u00bb\u00a0\u00bb delay_offset=\u00a0\u00bb\u00a0\u00bb width=\u00a0\u00bb1\/3&Prime;][\/vc_column][\/vc_row][vc_row bg_type=\u00a0\u00bb\u00a0\u00bb dima_canvas_style=\u00a0\u00bb\u00a0\u00bb translate_x=\u00a0\u00bb0&Prime; dima_z_index=\u00a0\u00bb0&Prime; delay=\u00a0\u00bb\u00a0\u00bb animate_item=\u00a0\u00bb\u00a0\u00bb delay_duration=\u00a0\u00bb\u00a0\u00bb delay_offset=\u00a0\u00bb\u00a0\u00bb top_and_bottom_padding=\u00a0\u00bb\u00a0\u00bb left_and_right_padding=\u00a0\u00bb\u00a0\u00bb id=\u00a0\u00bb\u00a0\u00bb class=\u00a0\u00bb\u00a0\u00bb css=\u00a0\u00bb.vc_custom_1498853594959{padding-top: 0px !important;}\u00a0\u00bb border_color=\u00a0\u00bb\u00a0\u00bb][vc_column [&hellip;]<\/p>\n","protected":false},"author":4,"featured_media":0,"parent":16143,"menu_order":0,"comment_status":"closed","ping_status":"closed","template":"","meta":{"_monsterinsights_skip_tracking":false,"_monsterinsights_sitenote_active":false,"_monsterinsights_sitenote_note":"","_monsterinsights_sitenote_category":0,"footnotes":""},"class_list":["post-16439","page","type-page","status-publish","hentry","no-post-thumbnail"],"_links":{"self":[{"href":"https:\/\/www.statusholder.com\/fr\/wp-json\/wp\/v2\/pages\/16439","targetHints":{"allow":["GET"]}}],"collection":[{"href":"https:\/\/www.statusholder.com\/fr\/wp-json\/wp\/v2\/pages"}],"about":[{"href":"https:\/\/www.statusholder.com\/fr\/wp-json\/wp\/v2\/types\/page"}],"author":[{"embeddable":true,"href":"https:\/\/www.statusholder.com\/fr\/wp-json\/wp\/v2\/users\/4"}],"replies":[{"embeddable":true,"href":"https:\/\/www.statusholder.com\/fr\/wp-json\/wp\/v2\/comments?post=16439"}],"version-history":[{"count":2,"href":"https:\/\/www.statusholder.com\/fr\/wp-json\/wp\/v2\/pages\/16439\/revisions"}],"predecessor-version":[{"id":16447,"href":"https:\/\/www.statusholder.com\/fr\/wp-json\/wp\/v2\/pages\/16439\/revisions\/16447"}],"up":[{"embeddable":true,"href":"https:\/\/www.statusholder.com\/fr\/wp-json\/wp\/v2\/pages\/16143"}],"wp:attachment":[{"href":"https:\/\/www.statusholder.com\/fr\/wp-json\/wp\/v2\/media?parent=16439"}],"curies":[{"name":"wp","href":"https:\/\/api.w.org\/{rel}","templated":true}]}}