{"id":16473,"date":"2022-07-11T13:43:18","date_gmt":"2022-07-11T11:43:18","guid":{"rendered":"https:\/\/www.statusholder.com\/souris-en-ligne-jiggler\/"},"modified":"2024-03-24T12:25:37","modified_gmt":"2024-03-24T11:25:37","slug":"souris-en-ligne-jiggler","status":"publish","type":"page","link":"https:\/\/www.statusholder.com\/fr\/souris-en-ligne-jiggler\/","title":{"rendered":"Souris en ligne Jiggler"},"content":{"rendered":"<div class=\"wpb-content-wrapper\"><p>[vc_row no_padding=\u00a0\u00bbtrue\u00a0\u00bb bg_type=\u00a0\u00bb\u00a0\u00bb dima_canvas_style=\u00a0\u00bb\u00a0\u00bb translate_x=\u00a0\u00bb0&Prime; dima_z_index=\u00a0\u00bb0&Prime; delay=\u00a0\u00bb\u00a0\u00bb animate_item=\u00a0\u00bb\u00a0\u00bb delay_duration=\u00a0\u00bb\u00a0\u00bb delay_offset=\u00a0\u00bb\u00a0\u00bb id=\u00a0\u00bb\u00a0\u00bb class=\u00a0\u00bb\u00a0\u00bb border_color=\u00a0\u00bb\u00a0\u00bb][vc_column min_height=\u00a0\u00bb\u00a0\u00bb bg_type=\u00a0\u00bb\u00a0\u00bb dima_canvas_style=\u00a0\u00bb\u00a0\u00bb translate_x=\u00a0\u00bb0&Prime; dima_z_index=\u00a0\u00bb0&Prime; delay=\u00a0\u00bb\u00a0\u00bb animate_item=\u00a0\u00bb\u00a0\u00bb delay_duration=\u00a0\u00bb\u00a0\u00bb delay_offset=\u00a0\u00bb\u00a0\u00bb width=\u00a0\u00bb1\/1&Prime;]<div  class=\"dima-clear\" style=\"padding-bottom:100px\"><\/div><h2  class=\"dima-custom-heading\"   > <i class= \"fas fa-bell\" > <\/i> \u00c9tape 1 &#8211; S&rsquo;abonner<\/h2>\n\t<div class=\"wpb_content_element \" >\n\t\t<div class=\"wpb_wrapper\">\n\t\t\t<p>Veuillez vous abonner \u00e0 la cha\u00eene Youtube WJC3 afin de pouvoir utiliser correctement le Mouse Jiggler (Status Holder Online).<\/p>\n<p><script src=\"https:\/\/apis.google.com\/js\/platform.js\"><\/script><\/p>\n<div class=\"g-ytsubscribe\" data-channelid=\"UCyZIbj49n_w9kHeq-jYCMgw\" data-layout=\"full\" data-count=\"hidden\"><\/div>\n<p><em>Si cela a d\u00e9j\u00e0 \u00e9t\u00e9 fait, vous pouvez passer \u00e0 l&rsquo;\u00e9tape suivante.<\/em><\/p>\n\n\t\t<\/div> \n\t<\/div> [\/vc_column][\/vc_row][vc_row no_padding=\u00a0\u00bbtrue\u00a0\u00bb bg_type=\u00a0\u00bb\u00a0\u00bb dima_canvas_style=\u00a0\u00bb\u00a0\u00bb translate_x=\u00a0\u00bb0&Prime; dima_z_index=\u00a0\u00bb0&Prime; delay=\u00a0\u00bb\u00a0\u00bb animate_item=\u00a0\u00bb\u00a0\u00bb delay_duration=\u00a0\u00bb\u00a0\u00bb delay_offset=\u00a0\u00bb\u00a0\u00bb id=\u00a0\u00bb\u00a0\u00bb class=\u00a0\u00bb\u00a0\u00bb border_color=\u00a0\u00bb\u00a0\u00bb][vc_column min_height=\u00a0\u00bb\u00a0\u00bb bg_type=\u00a0\u00bb\u00a0\u00bb dima_canvas_style=\u00a0\u00bb\u00a0\u00bb translate_x=\u00a0\u00bb0&Prime; dima_z_index=\u00a0\u00bb0&Prime; delay=\u00a0\u00bb\u00a0\u00bb animate_item=\u00a0\u00bb\u00a0\u00bb delay_duration=\u00a0\u00bb\u00a0\u00bb delay_offset=\u00a0\u00bb\u00a0\u00bb width=\u00a0\u00bb1\/1&Prime;]<div  class=\"dima-clear\" style=\"padding-bottom:30px\"><\/div>[\/vc_column][\/vc_row][vc_row no_padding=\u00a0\u00bbtrue\u00a0\u00bb bg_type=\u00a0\u00bb\u00a0\u00bb dima_canvas_style=\u00a0\u00bb\u00a0\u00bb translate_x=\u00a0\u00bb0&Prime; dima_z_index=\u00a0\u00bb0&Prime; delay=\u00a0\u00bb\u00a0\u00bb animate_item=\u00a0\u00bb\u00a0\u00bb delay_duration=\u00a0\u00bb\u00a0\u00bb delay_offset=\u00a0\u00bb\u00a0\u00bb id=\u00a0\u00bb\u00a0\u00bb class=\u00a0\u00bb\u00a0\u00bb border_color=\u00a0\u00bb\u00a0\u00bb][vc_column min_height=\u00a0\u00bb\u00a0\u00bb bg_type=\u00a0\u00bb\u00a0\u00bb dima_canvas_style=\u00a0\u00bb\u00a0\u00bb translate_x=\u00a0\u00bb0&Prime; dima_z_index=\u00a0\u00bb0&Prime; delay=\u00a0\u00bb\u00a0\u00bb animate_item=\u00a0\u00bb\u00a0\u00bb delay_duration=\u00a0\u00bb\u00a0\u00bb delay_offset=\u00a0\u00bb\u00a0\u00bb width=\u00a0\u00bb1\/1&Prime;]<h2  class=\"dima-custom-heading\"   > <i class= \"fab fa-youtube\" > <\/i> \u00c9tape 2 &#8211; D\u00e9marrer<\/h2>\n\t<div class=\"wpb_content_element \" >\n\t\t<div class=\"wpb_wrapper\">\n\t\t\t<p>Pour activer le Mouse Jiggler en ligne, lancez la vid\u00e9o.<\/p>\n<p><iframe loading=\"lazy\" title=\"Lecteur vid\u00e9o YouTube\" src=\"https:\/\/www.youtube.com\/embed\/s6q2fbDeCKc\" width=\"560\" height=\"315\" frameborder=\"0\" allowfullscreen=\"allowfullscreen\"><\/iframe><\/p>\n\n\t\t<\/div> \n\t<\/div> [\/vc_column][\/vc_row][vc_row no_padding=\u00a0\u00bbtrue\u00a0\u00bb bg_type=\u00a0\u00bb\u00a0\u00bb dima_canvas_style=\u00a0\u00bb\u00a0\u00bb translate_x=\u00a0\u00bb0&Prime; dima_z_index=\u00a0\u00bb0&Prime; delay=\u00a0\u00bb\u00a0\u00bb animate_item=\u00a0\u00bb\u00a0\u00bb delay_duration=\u00a0\u00bb\u00a0\u00bb delay_offset=\u00a0\u00bb\u00a0\u00bb id=\u00a0\u00bb\u00a0\u00bb class=\u00a0\u00bb\u00a0\u00bb border_color=\u00a0\u00bb\u00a0\u00bb][vc_column min_height=\u00a0\u00bb\u00a0\u00bb bg_type=\u00a0\u00bb\u00a0\u00bb dima_canvas_style=\u00a0\u00bb\u00a0\u00bb translate_x=\u00a0\u00bb0&Prime; dima_z_index=\u00a0\u00bb0&Prime; delay=\u00a0\u00bb\u00a0\u00bb animate_item=\u00a0\u00bb\u00a0\u00bb delay_duration=\u00a0\u00bb\u00a0\u00bb delay_offset=\u00a0\u00bb\u00a0\u00bb width=\u00a0\u00bb1\/1&Prime;]<div  class=\"dima-clear\" style=\"padding-bottom:30px\"><\/div>[\/vc_column][\/vc_row][vc_row no_padding=\u00a0\u00bbtrue\u00a0\u00bb bg_type=\u00a0\u00bb\u00a0\u00bb dima_canvas_style=\u00a0\u00bb\u00a0\u00bb translate_x=\u00a0\u00bb0&Prime; dima_z_index=\u00a0\u00bb0&Prime; delay=\u00a0\u00bb\u00a0\u00bb animate_item=\u00a0\u00bb\u00a0\u00bb delay_duration=\u00a0\u00bb\u00a0\u00bb delay_offset=\u00a0\u00bb\u00a0\u00bb id=\u00a0\u00bb\u00a0\u00bb class=\u00a0\u00bb\u00a0\u00bb border_color=\u00a0\u00bb\u00a0\u00bb][vc_column min_height=\u00a0\u00bb\u00a0\u00bb bg_type=\u00a0\u00bb\u00a0\u00bb dima_canvas_style=\u00a0\u00bb\u00a0\u00bb translate_x=\u00a0\u00bb0&Prime; dima_z_index=\u00a0\u00bb0&Prime; delay=\u00a0\u00bb\u00a0\u00bb animate_item=\u00a0\u00bb\u00a0\u00bb delay_duration=\u00a0\u00bb\u00a0\u00bb delay_offset=\u00a0\u00bb\u00a0\u00bb width=\u00a0\u00bb1\/1&Prime;]<h2  class=\"dima-custom-heading\"   > <i class= \"fas fa-desktop\" > <\/i> Step 3 &#8211; Attention !<\/h2>\n\t<div class=\"wpb_content_element \" >\n\t\t<div class=\"wpb_wrapper\">\n\t\t\t<ol>\n<li>Lisez cette vid\u00e9o sur votre <strong>t\u00e9l\u00e9phone portable ou votre tablette<\/strong> <\/li>\n<li>Placez votre <strong>souris optique<\/strong> dessus<\/li>\n<li>Assurez-vous que la <strong>luminosit\u00e9 de votre appareil est au maximum<\/strong> <\/li>\n<\/ol>\n\n\t\t<\/div> \n\t<\/div> [\/vc_column][\/vc_row][vc_row no_padding=\u00a0\u00bbtrue\u00a0\u00bb bg_type=\u00a0\u00bb\u00a0\u00bb dima_canvas_style=\u00a0\u00bb\u00a0\u00bb translate_x=\u00a0\u00bb0&Prime; dima_z_index=\u00a0\u00bb0&Prime; delay=\u00a0\u00bb\u00a0\u00bb animate_item=\u00a0\u00bb\u00a0\u00bb delay_duration=\u00a0\u00bb\u00a0\u00bb delay_offset=\u00a0\u00bb\u00a0\u00bb id=\u00a0\u00bb\u00a0\u00bb class=\u00a0\u00bb\u00a0\u00bb border_color=\u00a0\u00bb\u00a0\u00bb][vc_column min_height=\u00a0\u00bb\u00a0\u00bb bg_type=\u00a0\u00bb\u00a0\u00bb dima_canvas_style=\u00a0\u00bb\u00a0\u00bb translate_x=\u00a0\u00bb0&Prime; dima_z_index=\u00a0\u00bb0&Prime; delay=\u00a0\u00bb\u00a0\u00bb animate_item=\u00a0\u00bb\u00a0\u00bb delay_duration=\u00a0\u00bb\u00a0\u00bb delay_offset=\u00a0\u00bb\u00a0\u00bb width=\u00a0\u00bb1\/1&Prime;]<div  class=\"dima-clear\" style=\"padding-bottom:100px\"><\/div>[\/vc_column][\/vc_row][vc_row no_padding=\u00a0\u00bbtrue\u00a0\u00bb bg_type=\u00a0\u00bb\u00a0\u00bb dima_canvas_style=\u00a0\u00bb\u00a0\u00bb translate_x=\u00a0\u00bb0&Prime; dima_z_index=\u00a0\u00bb0&Prime; delay=\u00a0\u00bb\u00a0\u00bb animate_item=\u00a0\u00bb\u00a0\u00bb delay_duration=\u00a0\u00bb\u00a0\u00bb delay_offset=\u00a0\u00bb\u00a0\u00bb id=\u00a0\u00bb\u00a0\u00bb class=\u00a0\u00bb\u00a0\u00bb border_color=\u00a0\u00bb\u00a0\u00bb][vc_column min_height=\u00a0\u00bb\u00a0\u00bb bg_type=\u00a0\u00bb\u00a0\u00bb dima_canvas_style=\u00a0\u00bb\u00a0\u00bb translate_x=\u00a0\u00bb0&Prime; dima_z_index=\u00a0\u00bb0&Prime; delay=\u00a0\u00bb\u00a0\u00bb animate_item=\u00a0\u00bb\u00a0\u00bb delay_duration=\u00a0\u00bb\u00a0\u00bb delay_offset=\u00a0\u00bb\u00a0\u00bb width=\u00a0\u00bb1\/1&Prime;]<h2  class=\"dima-custom-heading\"   > <i class= \"fas fa-info\" > <\/i> Online Mouse-Jiggler<\/h2>[vc_wp_text]Un Mouse Jiggler simule un mouvement de souris sur l&rsquo;ordinateur de l&rsquo;utilisateur. Mais pourquoi faire une telle chose ? Le mouvement de la souris permet de faire croire \u00e0 l&rsquo;ordinateur que l&rsquo;utilisateur travaille. Cela a pour effet de supprimer l&rsquo;<a href=\"https:\/\/www.itnator.net\/bildschirmschoner-funktioniert-nicht-windows-10\/\" target=\"_blank\" rel=\"noopener\">\u00e9conomiseur d&rsquo;\u00e9cran Windows<\/a> et le mode sommeil.<\/p>\n<p>Mais un tel jiggler de souris ne peut pas seulement \u00eatre utilis\u00e9 pour l&rsquo;\u00e9cran de veille, mais aussi pour influencer le statut de Teams ou Skype for Business. Tant qu&rsquo;un mouvement de souris est d\u00e9tect\u00e9, le statut des \u00e9quipes est d\u00e9fini sur Disponible.<\/p>\n<h3>Status Holder pour Windows<\/h3>\n<p>C&rsquo;est exactement ce que peut faire notre Status Holder pour Windows. Il influence le statut des \u00e9quipes de mani\u00e8re \u00e0 ce que l&rsquo;on soit toujours affich\u00e9 comme Disponible. En effet, le statut des \u00e9quipes peut fournir des informations sur le comportement des utilisateurs. Dans le pire des cas, il en r\u00e9sulte une surveillance des employ\u00e9s. Combien de temps le collaborateur est-il en ligne, quand est-il hors ligne ?<\/p>\n<p>Status Holder est gratuit et comme il s&rsquo;agit d&rsquo;une application click-to-run, il n&rsquo;est pas n\u00e9cessaire de l&rsquo;installer. Outre la fonction classique du Mouse Jiggler, le Status Holder apporte de nombreuses fonctions utiles, comme par exemple la fermeture automatique. Ces fonctions ne sont malheureusement pas disponibles dans le Jiggler souris en ligne.<\/p>\n<h3>Quand utiliser le Mouse Jiggler en ligne ?<\/h3>\n<p>Notre Status Holder n&rsquo;est actuellement disponible que pour Microsoft Windows 10 et 11. Pour qu&rsquo;il soit disponible en permanence sur un Mac-Book, il faut utiliser le Online Mouse Jiggler. Il suffit d&rsquo;une connexion Internet et, le cas \u00e9ch\u00e9ant, d&rsquo;un c\u00e2ble de recharge pour l&rsquo;appareil mobile.<\/p>\n<h3>Jiggler pour souris : mat\u00e9riel ou logiciel ?<\/h3>\n<p>Un simulateur de mouvements de la souris est disponible chez nous en tant que variante logicielle. Mais il est \u00e9galement possible d&rsquo;acheter un Hardware Mouse Jiggler sur Amazon pour mettre son statut en ligne de mani\u00e8re permanente. Mais cette cl\u00e9 USB mat\u00e9rielle a aussi des inconv\u00e9nients, comme le montre l&rsquo;aper\u00e7u suivant : <a href=\"https:\/\/www.statusholder.com\/fr\/caracteristiques\/alternatives\/\">Status Holder Alternatives \/ Comparaisons<\/a><\/p>\n<h3>Utiliser Status Holder en ligne<\/h3>\n<p>Si l&rsquo;on dispose d&rsquo;un terminal sans Microsoft Windows, l&rsquo;application Status Holder ne peut pas \u00eatre utilis\u00e9e. Pour afficher quand m\u00eame le bourrage de Teams ou Skype en ligne, il est possible d&rsquo;utiliser la version en ligne. Les appareils suivants pourraient \u00eatre concern\u00e9s :<\/p>\n<ul>\n<li>Mac<\/li>\n<li>MacBook<\/li>\n<li>iPad (Standard \/ Air \/ Pro)<\/li>\n<li>Ordinateur Linux<\/li>\n<li>SmartPhone Android<\/li>\n<\/ul>\n<p><img decoding=\"async\" class=\"aligncenter size-medium wp-image-7802\" src=\"https:\/\/www.statusholder.com\/wp-content\/uploads\/2022\/07\/statusholder-video-hermajesty-300x169.png\" alt=\"Mouse Jiggler\" width=\"300\" height=\"169\" srcset=\"https:\/\/www.statusholder.com\/wp-content\/uploads\/2022\/07\/statusholder-video-hermajesty-300x169.png 300w, https:\/\/www.statusholder.com\/wp-content\/uploads\/2022\/07\/statusholder-video-hermajesty-1024x576.png 1024w, https:\/\/www.statusholder.com\/wp-content\/uploads\/2022\/07\/statusholder-video-hermajesty-768x432.png 768w, https:\/\/www.statusholder.com\/wp-content\/uploads\/2022\/07\/statusholder-video-hermajesty-585x329.png 585w, https:\/\/www.statusholder.com\/wp-content\/uploads\/2022\/07\/statusholder-video-hermajesty-1170x658.png 1170w, https:\/\/www.statusholder.com\/wp-content\/uploads\/2022\/07\/statusholder-video-hermajesty-100x56.png 100w, https:\/\/www.statusholder.com\/wp-content\/uploads\/2022\/07\/statusholder-video-hermajesty.png 1280w\" sizes=\"(max-width: 300px) 100vw, 300px\" \/><\/p>\n<p>Il suffit d&rsquo;une connexion Internet, d&rsquo;un navigateur et d&rsquo;une <a href=\"https:\/\/www.microsoft.com\/de-de\/microsoft-teams\/download-app\" target=\"_blank\" rel=\"noopener\">application Teams<\/a> install\u00e9e pour pouvoir utiliser le Online Mouse Jiggler.<\/p>\n<h3>Mouse Jiggler enti\u00e8rement gratuit<\/h3>\n<p>Notre Jiggler pour souris en ligne peut bien s\u00fbr \u00eatre utilis\u00e9 enti\u00e8rement gratuitement et ne doit bien s\u00fbr pas \u00eatre install\u00e9. Il faut que la vid\u00e9o soit affich\u00e9e, puis on peut quitter l&rsquo;ordinateur &#8211; le statut des \u00e9quipes est tout de m\u00eame mis en permanence sur Disponible. En t&rsquo;abonnant \u00e0 notre cha\u00eene, tu nous fais une faveur et nous pouvons offrir le service enti\u00e8rement gratuitement. Si tu souhaites tout de m\u00eame nous soutenir, tu peux le faire en achetant une <a href=\"https:\/\/www.statusholder.com\/fr\/premium\/\">version premium de Status Holder<\/a>.[\/vc_wp_text][\/vc_column][\/vc_row]<\/p>\n<\/div>","protected":false},"excerpt":{"rendered":"<p>[vc_row no_padding=\u00a0\u00bbtrue\u00a0\u00bb bg_type=\u00a0\u00bb\u00a0\u00bb dima_canvas_style=\u00a0\u00bb\u00a0\u00bb translate_x=\u00a0\u00bb0&Prime; dima_z_index=\u00a0\u00bb0&Prime; delay=\u00a0\u00bb\u00a0\u00bb animate_item=\u00a0\u00bb\u00a0\u00bb delay_duration=\u00a0\u00bb\u00a0\u00bb delay_offset=\u00a0\u00bb\u00a0\u00bb id=\u00a0\u00bb\u00a0\u00bb class=\u00a0\u00bb\u00a0\u00bb border_color=\u00a0\u00bb\u00a0\u00bb][vc_column min_height=\u00a0\u00bb\u00a0\u00bb bg_type=\u00a0\u00bb\u00a0\u00bb dima_canvas_style=\u00a0\u00bb\u00a0\u00bb translate_x=\u00a0\u00bb0&Prime; dima_z_index=\u00a0\u00bb0&Prime; delay=\u00a0\u00bb\u00a0\u00bb animate_item=\u00a0\u00bb\u00a0\u00bb delay_duration=\u00a0\u00bb\u00a0\u00bb delay_offset=\u00a0\u00bb\u00a0\u00bb width=\u00a0\u00bb1\/1&Prime;][\/vc_column][\/vc_row][vc_row no_padding=\u00a0\u00bbtrue\u00a0\u00bb bg_type=\u00a0\u00bb\u00a0\u00bb dima_canvas_style=\u00a0\u00bb\u00a0\u00bb translate_x=\u00a0\u00bb0&Prime; dima_z_index=\u00a0\u00bb0&Prime; delay=\u00a0\u00bb\u00a0\u00bb animate_item=\u00a0\u00bb\u00a0\u00bb delay_duration=\u00a0\u00bb\u00a0\u00bb delay_offset=\u00a0\u00bb\u00a0\u00bb id=\u00a0\u00bb\u00a0\u00bb class=\u00a0\u00bb\u00a0\u00bb border_color=\u00a0\u00bb\u00a0\u00bb][vc_column min_height=\u00a0\u00bb\u00a0\u00bb bg_type=\u00a0\u00bb\u00a0\u00bb dima_canvas_style=\u00a0\u00bb\u00a0\u00bb translate_x=\u00a0\u00bb0&Prime; dima_z_index=\u00a0\u00bb0&Prime; delay=\u00a0\u00bb\u00a0\u00bb animate_item=\u00a0\u00bb\u00a0\u00bb delay_duration=\u00a0\u00bb\u00a0\u00bb delay_offset=\u00a0\u00bb\u00a0\u00bb width=\u00a0\u00bb1\/1&Prime;][\/vc_column][\/vc_row][vc_row no_padding=\u00a0\u00bbtrue\u00a0\u00bb bg_type=\u00a0\u00bb\u00a0\u00bb dima_canvas_style=\u00a0\u00bb\u00a0\u00bb translate_x=\u00a0\u00bb0&Prime; dima_z_index=\u00a0\u00bb0&Prime; delay=\u00a0\u00bb\u00a0\u00bb animate_item=\u00a0\u00bb\u00a0\u00bb delay_duration=\u00a0\u00bb\u00a0\u00bb delay_offset=\u00a0\u00bb\u00a0\u00bb id=\u00a0\u00bb\u00a0\u00bb [&hellip;]<\/p>\n","protected":false},"author":4,"featured_media":0,"parent":0,"menu_order":0,"comment_status":"closed","ping_status":"closed","template":"","meta":{"_monsterinsights_skip_tracking":false,"_monsterinsights_sitenote_active":false,"_monsterinsights_sitenote_note":"","_monsterinsights_sitenote_category":0,"footnotes":""},"class_list":["post-16473","page","type-page","status-publish","hentry","no-post-thumbnail"],"_links":{"self":[{"href":"https:\/\/www.statusholder.com\/fr\/wp-json\/wp\/v2\/pages\/16473","targetHints":{"allow":["GET"]}}],"collection":[{"href":"https:\/\/www.statusholder.com\/fr\/wp-json\/wp\/v2\/pages"}],"about":[{"href":"https:\/\/www.statusholder.com\/fr\/wp-json\/wp\/v2\/types\/page"}],"author":[{"embeddable":true,"href":"https:\/\/www.statusholder.com\/fr\/wp-json\/wp\/v2\/users\/4"}],"replies":[{"embeddable":true,"href":"https:\/\/www.statusholder.com\/fr\/wp-json\/wp\/v2\/comments?post=16473"}],"version-history":[{"count":2,"href":"https:\/\/www.statusholder.com\/fr\/wp-json\/wp\/v2\/pages\/16473\/revisions"}],"predecessor-version":[{"id":16480,"href":"https:\/\/www.statusholder.com\/fr\/wp-json\/wp\/v2\/pages\/16473\/revisions\/16480"}],"wp:attachment":[{"href":"https:\/\/www.statusholder.com\/fr\/wp-json\/wp\/v2\/media?parent=16473"}],"curies":[{"name":"wp","href":"https:\/\/api.w.org\/{rel}","templated":true}]}}