{"id":24276,"date":"2024-10-15T21:48:26","date_gmt":"2024-10-15T19:48:26","guid":{"rendered":"https:\/\/www.statusholder.com\/premium\/activation-howto\/"},"modified":"2025-09-15T21:44:40","modified_gmt":"2025-09-15T19:44:40","slug":"activation-howto","status":"publish","type":"page","link":"https:\/\/www.statusholder.com\/fr\/premium\/activation-howto\/","title":{"rendered":"Activation &#8211; HowTo"},"content":{"rendered":"<div class=\"wpb-content-wrapper\"><p>[vc_row no_padding=\u00a0\u00bbtrue\u00a0\u00bb bg_type=\u00a0\u00bb\u00a0\u00bb dima_canvas_style=\u00a0\u00bb\u00a0\u00bb translate_x=\u00a0\u00bb0&Prime; dima_z_index=\u00a0\u00bb0&Prime; delay=\u00a0\u00bb\u00a0\u00bb animate_item=\u00a0\u00bb\u00a0\u00bb delay_duration=\u00a0\u00bb\u00a0\u00bb delay_offset=\u00a0\u00bb\u00a0\u00bb id=\u00a0\u00bb\u00a0\u00bb class=\u00a0\u00bb\u00a0\u00bb border_color=\u00a0\u00bb\u00a0\u00bb][vc_column min_height=\u00a0\u00bb\u00a0\u00bb bg_type=\u00a0\u00bb\u00a0\u00bb dima_canvas_style=\u00a0\u00bb\u00a0\u00bb translate_x=\u00a0\u00bb0&Prime; dima_z_index=\u00a0\u00bb0&Prime; delay=\u00a0\u00bb\u00a0\u00bb animate_item=\u00a0\u00bb\u00a0\u00bb delay_duration=\u00a0\u00bb\u00a0\u00bb delay_offset=\u00a0\u00bb\u00a0\u00bb width=\u00a0\u00bb1\/1&Prime;]<div  class=\"alert_style_two dima-alert dima-alert-success alert-close-block\"  ><em class=\"header-alert\">DANKE !<\/em>Nous sommes heureux que vous ayez choisi une version <a href=\"https:\/\/www.statusholder.com\/fr\/premium\/\">Premium<\/a> de Status Holder \ud83d\ude42 !<br \/>Pour que vous puissiez utiliser tous les <a href=\"https:\/\/www.statusholder.com\/fr\/caracteristiques\/\">param\u00e8tres Premium<\/a>, nous vous proposons un HowTo en r\u00e9sum\u00e9.<\/div><div  class=\"dima-timeline-list process-v\" ><div  class=\"dima-iconbox dima-iconbox-shadow shadow-hover features-box text-start features-start\" data-animate=transition.fadeIn style=\"\"><div  class=\"features-content\"  ><h5 class=\"features-title\" >1. acheter<\/h5><span class=\"dima-divider line-center line-hr small-line\"><\/span>Achetez une <a href=\"https:\/\/www.statusholder.com\/fr\/premium\/\">licence Premium<\/a> qui vous convient sur notre site Status Holder,<br \/>ou directement ici en cliquant ici :<br \/>\t<form id=\"edd_purchase_7206\" class=\"edd_download_purchase_form edd_purchase_7206\" method=\"post\">\n\n\t\t\n\t\t<div class=\"edd_purchase_submit_wrapper\">\n\t\t\t<button class=\"edd-add-to-cart button blue edd-submit\" data-nonce=\"ee8bc4e87c\" data-timestamp=\"1777553002\" data-token=\"5fc7caf40954bedd92a854a1156a111b9eba279f80872576fc5e65e0299ca1f9\" data-action=\"edd_add_to_cart\" data-download-id=\"7206\" data-variable-price=\"no\" data-price-mode=single data-price=\"12.00\" ><span class=\"edd-add-to-cart-label\">12.00&euro;&nbsp;&ndash;&nbsp;Acheter<\/span> <span class=\"edd-loading\" aria-label=\"Chargement en cours\"><\/span><\/button><input type=\"submit\" class=\"edd-add-to-cart edd-no-js button blue edd-submit\" name=\"edd_purchase_download\" value=\"12.00&euro;&nbsp;&ndash;&nbsp;Acheter\" data-action=\"edd_add_to_cart\" data-download-id=\"7206\" data-variable-price=\"no\" data-price-mode=single \/><a href=\"https:\/\/www.statusholder.com\/fr\/caisse\/?nocache=true\" class=\"edd_go_to_checkout button blue edd-submit\" style=\"display:none;\">Validation de la commande<\/a>\n\t\t\t\t\t\t\t<span class=\"edd-cart-ajax-alert\" aria-live=\"assertive\">\n\t\t\t\t\t<span class=\"edd-cart-added-alert\" style=\"display: none;\">\n\t\t\t\t\t\t<svg class=\"edd-icon edd-icon-check\" xmlns=\"http:\/\/www.w3.org\/2000\/svg\" width=\"28\" height=\"28\" viewBox=\"0 0 28 28\" aria-hidden=\"true\">\n\t\t\t\t\t\t\t<path d=\"M26.11 8.844c0 .39-.157.78-.44 1.062L12.234 23.344c-.28.28-.672.438-1.062.438s-.78-.156-1.06-.438l-7.782-7.78c-.28-.282-.438-.673-.438-1.063s.156-.78.438-1.06l2.125-2.126c.28-.28.672-.438 1.062-.438s.78.156 1.062.438l4.594 4.61L21.42 5.656c.282-.28.673-.438 1.063-.438s.78.155 1.062.437l2.125 2.125c.28.28.438.672.438 1.062z\"\/>\n\t\t\t\t\t\t<\/svg>\n\t\t\t\t\t\tAjout\u00e9 au panier\t\t\t\t\t<\/span>\n\t\t\t\t<\/span>\n\t\t\t\t\t\t\t\t\t\t\t\t\t\t\t<\/div><!--end .edd_purchase_submit_wrapper-->\n\n\t\t<input type=\"hidden\" name=\"download_id\" value=\"7206\">\n\t\t\t\t\t\t\t<input type=\"hidden\" name=\"edd_action\" class=\"edd_action_input\" value=\"add_to_cart\">\n\t\t\n\t\t\t\t\t<input type=\"hidden\" name=\"edd_redirect_to_checkout\" value=\"1\">\n\t\t\n\t\t\n\t\t\n\t<\/form><!--end #edd_purchase_7206-->\n\t<\/div><\/div><div  class=\"dima-iconbox dima-iconbox-shadow shadow-hover features-box text-start features-start\" data-animate=transition.fadeIn style=\"\"><div  class=\"features-content\"  ><h5 class=\"features-title\" >2. courrier<\/h5><span class=\"dima-divider line-center line-hr small-line\"><\/span>Vous recevrez deux e-mails.<br \/>Une facture et une confirmation de commande contenant votre code Premium.<\/p>\n<p><span style=\"color: #993300;\">Si vous n&rsquo;avez pas re\u00e7u la confirmation de commande par e-mail, veuillez nous contacter directement via le <a style=\"color: #993300;\" href=\"https:\/\/www.statusholder.com\/fr\/contact\/\">formulaire de support<\/a>!<\/span><\/div><\/div><div  class=\"dima-iconbox dima-iconbox-shadow shadow-hover features-box text-start features-start\" data-animate=transition.fadeIn style=\"\"><div  class=\"features-content\"  ><h5 class=\"features-title\" >3. d\u00e9marrer Status Holder<\/h5><span class=\"dima-divider line-center line-hr small-line\"><\/span>D\u00e9marrez Status Holder sur votre ordinateur et s\u00e9lectionnez <em>Premium<\/em> dans le menu de gauche.<br \/><a href=\"https:\/\/www.statusholder.com\/wp-content\/uploads\/2024\/10\/premium-howto-300x140.png\" target=\"_blank\" rel=\"noopener\"><img decoding=\"async\" class=\"alignnone wp-image-24265 size-medium\" src=\"https:\/\/www.statusholder.com\/wp-content\/uploads\/2024\/10\/premium-howto-300x140.png\" alt=\"Mode d'emploi Premium\" width=\"300\" height=\"140\" srcset=\"https:\/\/www.statusholder.com\/wp-content\/uploads\/2024\/10\/premium-howto-300x140.png 300w, https:\/\/www.statusholder.com\/wp-content\/uploads\/2024\/10\/premium-howto-1024x478.png 1024w, https:\/\/www.statusholder.com\/wp-content\/uploads\/2024\/10\/premium-howto-768x359.png 768w, https:\/\/www.statusholder.com\/wp-content\/uploads\/2024\/10\/premium-howto-1536x717.png 1536w, https:\/\/www.statusholder.com\/wp-content\/uploads\/2024\/10\/premium-howto-2048x956.png 2048w, https:\/\/www.statusholder.com\/wp-content\/uploads\/2024\/10\/premium-howto-585x273.png 585w, https:\/\/www.statusholder.com\/wp-content\/uploads\/2024\/10\/premium-howto-1170x546.png 1170w, https:\/\/www.statusholder.com\/wp-content\/uploads\/2024\/10\/premium-howto-100x47.png 100w\" sizes=\"(max-width: 300px) 100vw, 300px\" \/><\/a><\/div><\/div><div  class=\"dima-iconbox dima-iconbox-shadow shadow-hover features-box text-start features-start\" data-animate=transition.fadeIn style=\"\"><div  class=\"features-content\"  ><h5 class=\"features-title\" >4. activer le premium<\/h5><span class=\"dima-divider line-center line-hr small-line\"><\/span>Copiez le code \u00e0 32 chiffres de l&rsquo;e-mail et collez-le dans le champ de texte du programme. En cliquant sur <em>V\u00e9rifier le code<\/em>, le Status Holder Premium est activ\u00e9. <\/p>\n<p><a href=\"https:\/\/www.statusholder.com\/wp-content\/uploads\/2024\/10\/code-300x222.png\" target=\"_blank\" rel=\"noopener\"><img decoding=\"async\" class=\"alignnone wp-image-24292 size-medium\" src=\"https:\/\/www.statusholder.com\/wp-content\/uploads\/2024\/10\/code-300x222.png\" alt=\"Code dans Mail\" width=\"300\" height=\"222\" srcset=\"https:\/\/www.statusholder.com\/wp-content\/uploads\/2024\/10\/code-300x222.png 300w, https:\/\/www.statusholder.com\/wp-content\/uploads\/2024\/10\/code-1024x758.png 1024w, https:\/\/www.statusholder.com\/wp-content\/uploads\/2024\/10\/code-768x568.png 768w, https:\/\/www.statusholder.com\/wp-content\/uploads\/2024\/10\/code-585x433.png 585w, https:\/\/www.statusholder.com\/wp-content\/uploads\/2024\/10\/code-1170x866.png 1170w, https:\/\/www.statusholder.com\/wp-content\/uploads\/2024\/10\/code-100x74.png 100w, https:\/\/www.statusholder.com\/wp-content\/uploads\/2024\/10\/code.png 1431w\" sizes=\"(max-width: 300px) 100vw, 300px\" \/><\/a><\/p>\n<p>Pour v\u00e9rifier le code, une connexion \u00e0 notre serveur doit \u00eatre disponible.<br \/>Sur certains r\u00e9seaux, cela est automatiquement bloqu\u00e9. Pour que vous puissiez quand m\u00eame activer le Status Holder, le code peut \u00eatre converti en un code hors ligne. Celui-ci peut effectuer l&rsquo;activation sans aucune connexion \u00e0 Internet.    <a href=\"https:\/\/www.statusholder.com\/fr\/convertisseur-en-ligne-vers-hors-ligne\/\" target=\"_blank\" rel=\"nofollow noopener\">Cliquez ici.<\/a><\/div><\/div><div  class=\"dima-iconbox dima-iconbox-shadow shadow-hover features-box text-start features-start\" data-animate=transition.fadeIn style=\"\"><div  class=\"features-content\"  ><h5 class=\"features-title\" >5. utiliser les param\u00e8tres<\/h5><span class=\"dima-divider line-center line-hr small-line\"><\/span>Les param\u00e8tres sont maintenant disponibles dans Status Holder \ud83d\ude42<\/div><\/div><\/div>[\/vc_column][\/vc_row]<\/p>\n<\/div>","protected":false},"excerpt":{"rendered":"<p>[vc_row no_padding=\u00a0\u00bbtrue\u00a0\u00bb bg_type=\u00a0\u00bb\u00a0\u00bb dima_canvas_style=\u00a0\u00bb\u00a0\u00bb translate_x=\u00a0\u00bb0&Prime; dima_z_index=\u00a0\u00bb0&Prime; delay=\u00a0\u00bb\u00a0\u00bb animate_item=\u00a0\u00bb\u00a0\u00bb delay_duration=\u00a0\u00bb\u00a0\u00bb delay_offset=\u00a0\u00bb\u00a0\u00bb id=\u00a0\u00bb\u00a0\u00bb class=\u00a0\u00bb\u00a0\u00bb border_color=\u00a0\u00bb\u00a0\u00bb][vc_column min_height=\u00a0\u00bb\u00a0\u00bb bg_type=\u00a0\u00bb\u00a0\u00bb dima_canvas_style=\u00a0\u00bb\u00a0\u00bb translate_x=\u00a0\u00bb0&Prime; dima_z_index=\u00a0\u00bb0&Prime; delay=\u00a0\u00bb\u00a0\u00bb animate_item=\u00a0\u00bb\u00a0\u00bb delay_duration=\u00a0\u00bb\u00a0\u00bb delay_offset=\u00a0\u00bb\u00a0\u00bb width=\u00a0\u00bb1\/1&Prime;][\/vc_column][\/vc_row]<\/p>\n","protected":false},"author":1,"featured_media":0,"parent":16220,"menu_order":0,"comment_status":"closed","ping_status":"closed","template":"","meta":{"_monsterinsights_skip_tracking":false,"_monsterinsights_sitenote_active":false,"_monsterinsights_sitenote_note":"","_monsterinsights_sitenote_category":0,"footnotes":""},"class_list":["post-24276","page","type-page","status-publish","hentry","no-post-thumbnail"],"_links":{"self":[{"href":"https:\/\/www.statusholder.com\/fr\/wp-json\/wp\/v2\/pages\/24276","targetHints":{"allow":["GET"]}}],"collection":[{"href":"https:\/\/www.statusholder.com\/fr\/wp-json\/wp\/v2\/pages"}],"about":[{"href":"https:\/\/www.statusholder.com\/fr\/wp-json\/wp\/v2\/types\/page"}],"author":[{"embeddable":true,"href":"https:\/\/www.statusholder.com\/fr\/wp-json\/wp\/v2\/users\/1"}],"replies":[{"embeddable":true,"href":"https:\/\/www.statusholder.com\/fr\/wp-json\/wp\/v2\/comments?post=24276"}],"version-history":[{"count":20,"href":"https:\/\/www.statusholder.com\/fr\/wp-json\/wp\/v2\/pages\/24276\/revisions"}],"predecessor-version":[{"id":35110,"href":"https:\/\/www.statusholder.com\/fr\/wp-json\/wp\/v2\/pages\/24276\/revisions\/35110"}],"up":[{"embeddable":true,"href":"https:\/\/www.statusholder.com\/fr\/wp-json\/wp\/v2\/pages\/16220"}],"wp:attachment":[{"href":"https:\/\/www.statusholder.com\/fr\/wp-json\/wp\/v2\/media?parent=24276"}],"curies":[{"name":"wp","href":"https:\/\/api.w.org\/{rel}","templated":true}]}}