{"id":27250,"date":"2025-01-15T21:39:21","date_gmt":"2025-01-15T20:39:21","guid":{"rendered":"https:\/\/www.statusholder.com\/business\/"},"modified":"2025-02-03T21:14:44","modified_gmt":"2025-02-03T20:14:44","slug":"business","status":"publish","type":"page","link":"https:\/\/www.statusholder.com\/fr\/business\/","title":{"rendered":"Business"},"content":{"rendered":"<div class=\"wpb-content-wrapper\"><p>[vc_row full_w_bg=\u00a0\u00bbtrue\u00a0\u00bb no_padding=\u00a0\u00bbtrue\u00a0\u00bb bg_type=\u00a0\u00bb\u00a0\u00bb dima_canvas_style=\u00a0\u00bb\u00a0\u00bb translate_x=\u00a0\u00bb0&Prime; dima_z_index=\u00a0\u00bb0&Prime; delay=\u00a0\u00bb\u00a0\u00bb animate_item=\u00a0\u00bb\u00a0\u00bb delay_duration=\u00a0\u00bb\u00a0\u00bb delay_offset=\u00a0\u00bb\u00a0\u00bb di_bg_color=\u00a0\u00bb#fafafa\u00a0\u00bb border_color=\u00a0\u00bb\u00a0\u00bb id=\u00a0\u00bb\u00a0\u00bb class=\u00a0\u00bb\u00a0\u00bb][vc_column min_height=\u00a0\u00bb\u00a0\u00bb bg_type=\u00a0\u00bb\u00a0\u00bb dima_canvas_style=\u00a0\u00bb\u00a0\u00bb translate_x=\u00a0\u00bb0&Prime; dima_z_index=\u00a0\u00bb0&Prime; sd=\u00a0\u00bb12&Prime; delay=\u00a0\u00bb\u00a0\u00bb animate_item=\u00a0\u00bb\u00a0\u00bb delay_duration=\u00a0\u00bb\u00a0\u00bb delay_offset=\u00a0\u00bb\u00a0\u00bb width=\u00a0\u00bb1\/2&Prime; id=\u00a0\u00bb\u00a0\u00bb class=\u00a0\u00bb\u00a0\u00bb style=\u00a0\u00bb\u00a0\u00bb border_color=\u00a0\u00bb\u00a0\u00bb]<div id=\"dima-image-layers-69ea7d6a8213a-7366\" class=\"dima-image-layers-wrap  layers-center\"><div class=\"dima-layer-container\" data-animate=transition.slideLeftIn data-delay=\"600\" data-duration=700><div class=\"dima-layer-centered\" style=\"-webkit-transform: translate(0%, 0%);\n\t\t\t\t\t-moz-transform: translate(0%, 0%);\n\t\t\t\t\t-o-transform: translate(0%, 0%);\n\t\t\t\t\ttransform: translate(0%, 0%); \"><div class=\"dima-layer-item\"><img decoding=\"async\" src=\"https:\/\/www.statusholder.com\/wp-content\/uploads\/2025\/01\/status-holder-for-business.png\" alt=\"Calque\" src=\"https:\/\/www.statusholder.com\/wp-content\/uploads\/2025\/01\/status-holder-for-business.png\" width=\"991\" height=\"445\" width=\"991\" height=\"445\"><\/div><\/div><\/div><div class=\"dima-layer-container\" data-animate=transition.slideRightIn data-delay=\"800\" data-duration=700><div class=\"dima-layer-centered\" style=\"-webkit-transform: translate(0%, 0%);\n\t\t\t\t\t-moz-transform: translate(0%, 0%);\n\t\t\t\t\t-o-transform: translate(0%, 0%);\n\t\t\t\t\ttransform: translate(0%, 0%); \"><div class=\"dima-layer-item\"><img decoding=\"async\" src=\"https:\/\/www.statusholder.com\/wp-content\/uploads\/2017\/10\/pen.png\" alt=\"Calque\" src=\"https:\/\/www.statusholder.com\/wp-content\/uploads\/2017\/10\/pen.png\" width=\"537\" height=\"458\" width=\"537\" height=\"458\"><\/div><\/div><\/div><div class=\"dima-layer-container\" data-animate=transition.slideUpIn data-delay=\"1000\" data-duration=700><div class=\"dima-layer-centered\" style=\"-webkit-transform: translate(0%, 0%);\n\t\t\t\t\t-moz-transform: translate(0%, 0%);\n\t\t\t\t\t-o-transform: translate(0%, 0%);\n\t\t\t\t\ttransform: translate(0%, 0%); \"><div class=\"dima-layer-item\"><img decoding=\"async\" src=\"https:\/\/www.statusholder.com\/wp-content\/uploads\/2017\/10\/arrow.png\" alt=\"Calque\" src=\"https:\/\/www.statusholder.com\/wp-content\/uploads\/2017\/10\/arrow.png\" width=\"537\" height=\"458\" width=\"537\" height=\"458\"><\/div><\/div><\/div><div class=\"dima-layer-container\" data-animate=transition.slideUpIn data-delay=\"1200\" data-duration=700><div class=\"dima-layer-centered\" style=\"-webkit-transform: translate(0%, 0%);\n\t\t\t\t\t-moz-transform: translate(0%, 0%);\n\t\t\t\t\t-o-transform: translate(0%, 0%);\n\t\t\t\t\ttransform: translate(0%, 0%); \"><div class=\"dima-layer-item\"><img decoding=\"async\" src=\"https:\/\/www.statusholder.com\/wp-content\/uploads\/2017\/10\/arrow.png\" alt=\"Calque\" src=\"https:\/\/www.statusholder.com\/wp-content\/uploads\/2017\/10\/arrow.png\" width=\"537\" height=\"458\" width=\"537\" height=\"458\"><\/div><\/div><\/div><div class=\"dima-layer-container\" data-animate=transition.slideRightIn data-delay=\"1400\" data-duration=700><div class=\"dima-layer-centered\" style=\"-webkit-transform: translate(0%, 0%);\n\t\t\t\t\t-moz-transform: translate(0%, 0%);\n\t\t\t\t\t-o-transform: translate(0%, 0%);\n\t\t\t\t\ttransform: translate(0%, 0%); \"><div class=\"dima-layer-item\"><img decoding=\"async\" src=\"https:\/\/www.statusholder.com\/wp-content\/uploads\/2017\/10\/pk.png\" alt=\"Calque\" src=\"https:\/\/www.statusholder.com\/wp-content\/uploads\/2017\/10\/pk.png\" width=\"537\" height=\"458\" width=\"537\" height=\"458\"><\/div><\/div><\/div><\/div>[\/vc_column][vc_column min_height=\u00a0\u00bb\u00a0\u00bb bg_type=\u00a0\u00bb\u00a0\u00bb dima_canvas_style=\u00a0\u00bb\u00a0\u00bb translate_x=\u00a0\u00bb0&Prime; dima_z_index=\u00a0\u00bb0&Prime; sd=\u00a0\u00bb12&Prime; delay=\u00a0\u00bb\u00a0\u00bb animate_item=\u00a0\u00bb\u00a0\u00bb delay_duration=\u00a0\u00bb\u00a0\u00bb delay_offset=\u00a0\u00bb\u00a0\u00bb width=\u00a0\u00bb1\/2&Prime; id=\u00a0\u00bb\u00a0\u00bb class=\u00a0\u00bb\u00a0\u00bb style=\u00a0\u00bb\u00a0\u00bb border_color=\u00a0\u00bb\u00a0\u00bb]<h3  class=\"dima-custom-heading\"  data-animate        = transition.slideRightBigIn data-delay             = 100 data-duration = 500 ><\/p>\n<h2>D\u00e9tenteur de statut pour l&rsquo;entreprise<\/h2>\n<p><\/h3>\n\t<div class=\"wpb_content_element \" data-animate=transition.slideRightBigIn data-delay=300 data-duration=500>\n\t\t<div class=\"wpb_wrapper\">\n\t\t\t<p>Sp\u00e9cialement con\u00e7u pour les comit\u00e9s d&rsquo;entreprise et les entreprises : Mettez le Status Holder \u00e0 la disposition de vos collaborateurs &#8211; de mani\u00e8re \u00e0 ce que tout le monde se sente bien ! En toute s\u00e9curit\u00e9, de mani\u00e8re contr\u00f4l\u00e9e et avec toutes les libert\u00e9s. <\/p>\n\n\t\t<\/div> \n\t<\/div> <h6 class=\"h-skill\" data-animate=transition.fadeIn data-delay=100 data-duration=1000 >Gutes Gef\u00fchl der Mitarbeiter<span class=\"percent-end\">100%<\/span><\/h6><div class=\"dima-progressbar\" data-animate=transition.fadeIn data-delay=100 data-duration=1000><div  class=\"progress\" data-color-val=\"\"  ><div class=\"progress-bar \" role=\"progressbar\" aria-valuenow=\"100\" aria-valuemin=\"0\" aria-valuemax=\"100\"><\/div><\/div><\/div><h6 class=\"h-skill\" data-animate=transition.fadeIn data-delay=200 data-duration=1000 >Gutes Gef\u00fchl der IT<span class=\"percent-end\">100%<\/span><\/h6><div class=\"dima-progressbar\" data-animate=transition.fadeIn data-delay=200 data-duration=1000><div  class=\"progress\" data-color-val=\"\"  ><div class=\"progress-bar \" role=\"progressbar\" aria-valuenow=\"100\" aria-valuemin=\"0\" aria-valuemax=\"100\"><\/div><\/div><\/div>[\/vc_column][\/vc_row][vc_row bg_type=\u00a0\u00bb\u00a0\u00bb dima_canvas_style=\u00a0\u00bb\u00a0\u00bb translate_x=\u00a0\u00bb0&Prime; dima_z_index=\u00a0\u00bb0&Prime; delay=\u00a0\u00bb\u00a0\u00bb animate_item=\u00a0\u00bb\u00a0\u00bb delay_duration=\u00a0\u00bb\u00a0\u00bb delay_offset=\u00a0\u00bb\u00a0\u00bb top_and_bottom_padding=\u00a0\u00bb\u00a0\u00bb left_and_right_padding=\u00a0\u00bb\u00a0\u00bb][vc_column min_height=\u00a0\u00bb\u00a0\u00bb bg_type=\u00a0\u00bb\u00a0\u00bb dima_canvas_style=\u00a0\u00bb\u00a0\u00bb translate_x=\u00a0\u00bb0&Prime; dima_z_index=\u00a0\u00bb0&Prime; delay=\u00a0\u00bb\u00a0\u00bb animate_item=\u00a0\u00bb\u00a0\u00bb delay_duration=\u00a0\u00bb\u00a0\u00bb delay_offset=\u00a0\u00bb\u00a0\u00bb width=\u00a0\u00bb1\/1&Prime;]<h2  class=\"dima-custom-heading\"   >L&rsquo;essentiel en bref :<\/h2><ul id=\"FAQ\" class=\"dima-accordion dima-acc-clear\" data-animate=transition.slideUpIn data-delay=\"70\" data-offset=\"98%\" data-dima-animate-item=\".dima-accordion-group\" ><li  class=\"panel dima-accordion-group double_icon\" ><div class=\"dima-accordion-header\"><a class=\"dima-accordion-toggle collapsed\" data-toggle=\"collapse\" data-parent=\"#FAQ\" href=\"#collapse-1\"><span class=\"dima-accordion-title\">Qu'est-ce qui diff\u00e9rencie le Status Holder for business du Status Holder ?<\/span><span class='icon_one' ><svg xmlns=\"http:\/\/www.w3.org\/2000\/svg\" width=\"48\" height=\"48\" viewBox=\"0 0 48 48\"><path d=\"M38 26H26v12h-4V26H10v-4h12V10h4v12h12v4z\"\/><\/svg><\/span><span class='icon_two' ><svg xmlns=\"http:\/\/www.w3.org\/2000\/svg\" width=\"48\" height=\"48\" viewBox=\"0 0 48 48\"><path d=\"M38 26H10v-4h28v4z\"\/><\/svg><\/span><\/a><\/div><div id=\"collapse-1\" class=\"dima-accordion-content collapse\"><div class=\"dima-accordion-inner\"><p>Le Status Holder for business a \u00e9t\u00e9 sp\u00e9cialement con\u00e7u pour une utilisation en entreprise. Son utilisation a \u00e9t\u00e9 rendue aussi simple que possible. En outre, les points suivants sont diff\u00e9rents :  <\/p>\n<p>&nbsp;<\/p>\n<ul>\n<li>L&#8217;employ\u00e9 ne peut pas faire de r\u00e9glages<\/li>\n<li>Les param\u00e8tres et les fonctionnalit\u00e9s ont \u00e9t\u00e9 supprim\u00e9s<\/li>\n<li>Le Status Holder peut \u00eatre d\u00e9marr\u00e9 ou mis en pause par l&#8217;employ\u00e9.<\/li>\n<li>Le service informatique peut distribuer les param\u00e8tres et la licence via XML ou GPO.<\/li>\n<\/ul>\n<\/div><\/div><\/li><li  class=\"panel dima-accordion-group double_icon\" ><div class=\"dima-accordion-header\"><a class=\"dima-accordion-toggle collapsed\" data-toggle=\"collapse\" data-parent=\"#FAQ\" href=\"#collapse-2\"><span class=\"dima-accordion-title\">Quels sont les avantages de l'entreprise ?<\/span><span class='icon_one' ><svg xmlns=\"http:\/\/www.w3.org\/2000\/svg\" width=\"48\" height=\"48\" viewBox=\"0 0 48 48\"><path d=\"M38 26H26v12h-4V26H10v-4h12V10h4v12h12v4z\"\/><\/svg><\/span><span class='icon_two' ><svg xmlns=\"http:\/\/www.w3.org\/2000\/svg\" width=\"48\" height=\"48\" viewBox=\"0 0 48 48\"><path d=\"M38 26H10v-4h28v4z\"\/><\/svg><\/span><\/a><\/div><div id=\"collapse-2\" class=\"dima-accordion-content collapse\"><div class=\"dima-accordion-inner\"><p>L&rsquo;entreprise peut mettre Status Holder for business \u00e0 la disposition des employ\u00e9s. Gr\u00e2ce aux avantages du contr\u00f4le GPO, le service informatique conserve une vue d&rsquo;ensemble des param\u00e8tres utilis\u00e9s, tout en permettant aux employ\u00e9s de profiter des avantages de Status Holder. Gagnant-gagnant !  <\/p>\n<\/div><\/div><\/li><li  class=\"panel dima-accordion-group double_icon\" ><div class=\"dima-accordion-header\"><a class=\"dima-accordion-toggle collapsed\" data-toggle=\"collapse\" data-parent=\"#FAQ\" href=\"#collapse-3\"><span class=\"dima-accordion-title\">Nous sommes une banque - pouvons-nous utiliser le statut de d\u00e9tenteur ?<\/span><span class='icon_one' ><svg xmlns=\"http:\/\/www.w3.org\/2000\/svg\" width=\"48\" height=\"48\" viewBox=\"0 0 48 48\"><path d=\"M38 26H26v12h-4V26H10v-4h12V10h4v12h12v4z\"\/><\/svg><\/span><span class='icon_two' ><svg xmlns=\"http:\/\/www.w3.org\/2000\/svg\" width=\"48\" height=\"48\" viewBox=\"0 0 48 48\"><path d=\"M38 26H10v-4h28v4z\"\/><\/svg><\/span><\/a><\/div><div id=\"collapse-3\" class=\"dima-accordion-content collapse\"><div class=\"dima-accordion-inner\"><p>Status Holder for business r\u00e9pond \u00e0 toutes les exigences qu&rsquo;un logiciel bancaire doit remplir.<br \/>\nLe fait que Staus Holder for business puisse \u00eatre mis en pause permet par exemple \u00e0 l&rsquo;\u00e9conomiseur d&rsquo;\u00e9cran de fonctionner. L&rsquo;\u00e9conomiseur d&rsquo;\u00e9cran est \u00e9galement activ\u00e9 si l&rsquo;utilisateur n&rsquo;est pas pr\u00e9sent sur l&rsquo;ordinateur pendant un certain temps. Notre logiciel n&rsquo;est pas essentiel et le code peut \u00eatre consult\u00e9 sur demande. <\/p>\n<\/div><\/div><\/li><li  class=\"panel dima-accordion-group double_icon\" ><div class=\"dima-accordion-header\"><a class=\"dima-accordion-toggle collapsed\" data-toggle=\"collapse\" data-parent=\"#FAQ\" href=\"#collapse-4\"><span class=\"dima-accordion-title\">L'\u00e9conomiseur d'\u00e9cran est-il activ\u00e9 malgr\u00e9 la pr\u00e9sence de Status Holder ?<\/span><span class='icon_one' ><svg xmlns=\"http:\/\/www.w3.org\/2000\/svg\" width=\"48\" height=\"48\" viewBox=\"0 0 48 48\"><path d=\"M38 26H26v12h-4V26H10v-4h12V10h4v12h12v4z\"\/><\/svg><\/span><span class='icon_two' ><svg xmlns=\"http:\/\/www.w3.org\/2000\/svg\" width=\"48\" height=\"48\" viewBox=\"0 0 48 48\"><path d=\"M38 26H10v-4h28v4z\"\/><\/svg><\/span><\/a><\/div><div id=\"collapse-4\" class=\"dima-accordion-content collapse\"><div class=\"dima-accordion-inner\"><p>Oui !<\/p>\n<p>Pour prot\u00e9ger votre s\u00e9curit\u00e9 et votre vie priv\u00e9e, nous activons l&rsquo;\u00e9conomiseur d&rsquo;\u00e9cran et verrouillons le PC en cas d&rsquo;inactivit\u00e9 prolong\u00e9e.<\/p>\n<p>Cette fonction peut \u00eatre activ\u00e9e ou d\u00e9sactiv\u00e9e.<\/p>\n<\/div><\/div><\/li><li  class=\"panel dima-accordion-group double_icon\" ><div class=\"dima-accordion-header\"><a class=\"dima-accordion-toggle collapsed\" data-toggle=\"collapse\" data-parent=\"#FAQ\" href=\"#collapse-5\"><span class=\"dima-accordion-title\">Puis-je faire d\u00e9marrer Status Holder automatiquement ?<\/span><span class='icon_one' ><svg xmlns=\"http:\/\/www.w3.org\/2000\/svg\" width=\"48\" height=\"48\" viewBox=\"0 0 48 48\"><path d=\"M38 26H26v12h-4V26H10v-4h12V10h4v12h12v4z\"\/><\/svg><\/span><span class='icon_two' ><svg xmlns=\"http:\/\/www.w3.org\/2000\/svg\" width=\"48\" height=\"48\" viewBox=\"0 0 48 48\"><path d=\"M38 26H10v-4h28v4z\"\/><\/svg><\/span><\/a><\/div><div id=\"collapse-5\" class=\"dima-accordion-content collapse\"><div class=\"dima-accordion-inner\"><p>Oui !<br \/>\nIl est possible de faire d\u00e9marrer Status Holder automatiquement.<br \/>\nIl existe des param\u00e8tres que les administrateurs peuvent d\u00e9finir \u00e0 cet effet. <\/p>\n<\/div><\/div><\/li><li  class=\"panel dima-accordion-group double_icon\" ><div class=\"dima-accordion-header\"><a class=\"dima-accordion-toggle collapsed\" data-toggle=\"collapse\" data-parent=\"#FAQ\" href=\"#collapse-6\"><span class=\"dima-accordion-title\">Puis-je faire fonctionner le Status Holder de mani\u00e8re invisible ?<\/span><span class='icon_one' ><svg xmlns=\"http:\/\/www.w3.org\/2000\/svg\" width=\"48\" height=\"48\" viewBox=\"0 0 48 48\"><path d=\"M38 26H26v12h-4V26H10v-4h12V10h4v12h12v4z\"\/><\/svg><\/span><span class='icon_two' ><svg xmlns=\"http:\/\/www.w3.org\/2000\/svg\" width=\"48\" height=\"48\" viewBox=\"0 0 48 48\"><path d=\"M38 26H10v-4h28v4z\"\/><\/svg><\/span><\/a><\/div><div id=\"collapse-6\" class=\"dima-accordion-content collapse\"><div class=\"dima-accordion-inner\"><p>Oui !<br \/>\nIl est possible de r\u00e9duire l&rsquo;outil dans la zone de notification de Windows.<br \/>\nDans les param\u00e8tres, il est possible de r\u00e9duire l&rsquo;outil dans la zone de notification de Windows.<br \/>\nAinsi, l&rsquo;outil dispara\u00eet de la barre des t\u00e2ches et ne g\u00eane pas les pr\u00e9sentations ou autres activit\u00e9s.  <\/p>\n<\/div><\/div><\/li><li  class=\"panel dima-accordion-group double_icon\" ><div class=\"dima-accordion-header\"><a class=\"dima-accordion-toggle collapsed\" data-toggle=\"collapse\" data-parent=\"#FAQ\" href=\"#collapse-7\"><span class=\"dima-accordion-title\">Un journal est-il cr\u00e9\u00e9 ?<\/span><span class='icon_one' ><svg xmlns=\"http:\/\/www.w3.org\/2000\/svg\" width=\"48\" height=\"48\" viewBox=\"0 0 48 48\"><path d=\"M38 26H26v12h-4V26H10v-4h12V10h4v12h12v4z\"\/><\/svg><\/span><span class='icon_two' ><svg xmlns=\"http:\/\/www.w3.org\/2000\/svg\" width=\"48\" height=\"48\" viewBox=\"0 0 48 48\"><path d=\"M38 26H10v-4h28v4z\"\/><\/svg><\/span><\/a><\/div><div id=\"collapse-7\" class=\"dima-accordion-content collapse\"><div class=\"dima-accordion-inner\"><p>Oui !<br \/>\nUn journal est possible.<br \/>\nCelui-ci peut \u00eatre compl\u00e8tement d\u00e9sactiv\u00e9, activ\u00e9 ou seules les erreurs peuvent \u00eatre consign\u00e9es. <\/p>\n<\/div><\/div><\/li><li  class=\"panel dima-accordion-group double_icon\" ><div class=\"dima-accordion-header\"><a class=\"dima-accordion-toggle collapsed\" data-toggle=\"collapse\" data-parent=\"#FAQ\" href=\"#collapse-8\"><span class=\"dima-accordion-title\">Serai-je inform\u00e9 de la disponibilit\u00e9 d'une nouvelle version ?<\/span><span class='icon_one' ><svg xmlns=\"http:\/\/www.w3.org\/2000\/svg\" width=\"48\" height=\"48\" viewBox=\"0 0 48 48\"><path d=\"M38 26H26v12h-4V26H10v-4h12V10h4v12h12v4z\"\/><\/svg><\/span><span class='icon_two' ><svg xmlns=\"http:\/\/www.w3.org\/2000\/svg\" width=\"48\" height=\"48\" viewBox=\"0 0 48 48\"><path d=\"M38 26H10v-4h28v4z\"\/><\/svg><\/span><\/a><\/div><div id=\"collapse-8\" class=\"dima-accordion-content collapse\"><div class=\"dima-accordion-inner\"><p>Une notification n&rsquo;appara\u00eet pas sur le bureau.<br \/>\nL&rsquo;administrateur syst\u00e8me est inform\u00e9 par courrier \u00e9lectronique.<\/p>\n<\/div><\/div><\/li><\/ul>[\/vc_column][\/vc_row][vc_row no_padding=\u00a0\u00bbtrue\u00a0\u00bb bg_type=\u00a0\u00bb\u00a0\u00bb dima_canvas_style=\u00a0\u00bb\u00a0\u00bb translate_x=\u00a0\u00bb0&Prime; dima_z_index=\u00a0\u00bb0&Prime; delay=\u00a0\u00bb\u00a0\u00bb animate_item=\u00a0\u00bb\u00a0\u00bb delay_duration=\u00a0\u00bb\u00a0\u00bb delay_offset=\u00a0\u00bb\u00a0\u00bb id=\u00a0\u00bb\u00a0\u00bb class=\u00a0\u00bb\u00a0\u00bb border_color=\u00a0\u00bb\u00a0\u00bb][vc_column min_height=\u00a0\u00bb\u00a0\u00bb bg_type=\u00a0\u00bb\u00a0\u00bb dima_canvas_style=\u00a0\u00bb\u00a0\u00bb translate_x=\u00a0\u00bb0&Prime; dima_z_index=\u00a0\u00bb0&Prime; delay=\u00a0\u00bb\u00a0\u00bb animate_item=\u00a0\u00bb\u00a0\u00bb delay_duration=\u00a0\u00bb\u00a0\u00bb delay_offset=\u00a0\u00bb\u00a0\u00bb width=\u00a0\u00bb1\/1&Prime;]<div  class=\"dima-img text-center column-item overflow-hidden\"       ><a data-fancybox  data-caption = \"\" class=\"\"   href=\"https:\/\/www.statusholder.com\/wp-content\/uploads\/2025\/01\/status-holder-for-business.png\" ><img decoding=\"async\" width=\"991\" height=\"445\" src=\"https:\/\/www.statusholder.com\/wp-content\/uploads\/2025\/01\/status-holder-for-business-100x45.png\" class=\"dima_image-img dima-image attachment-full lazyload js-lazy-image\" alt=\"\" data-src=\"https:\/\/www.statusholder.com\/wp-content\/uploads\/2025\/01\/status-holder-for-business.png\" data-srcset=\"https:\/\/www.statusholder.com\/wp-content\/uploads\/2025\/01\/status-holder-for-business.png 991w, https:\/\/www.statusholder.com\/wp-content\/uploads\/2025\/01\/status-holder-for-business-300x135.png 300w, https:\/\/www.statusholder.com\/wp-content\/uploads\/2025\/01\/status-holder-for-business-768x345.png 768w, https:\/\/www.statusholder.com\/wp-content\/uploads\/2025\/01\/status-holder-for-business-585x263.png 585w, https:\/\/www.statusholder.com\/wp-content\/uploads\/2025\/01\/status-holder-for-business-100x45.png 100w\" data-sizes=\"(max-width: 991px) 100vw, 991px\" \/><\/a><\/div><div  class=\"dima-spacer-module\"  data-units=\"px\" data-all_size=\"150\" data-xld_resolution=\"1600\" data-xld_size=\"150\" data-ld_resolution=\"1400\" data-ld_size=\"150\" data-md_resolution=\"1170\" data-md_size=\"120\" data-sd_resolution=\"969\" data-sd_size=\"100\" data-xsd_resolution=\"480\" data-xsd_size=\"100\" style=\"height: 150px;\"><\/div>[\/vc_column][\/vc_row][vc_row no_padding=\u00a0\u00bbtrue\u00a0\u00bb bg_type=\u00a0\u00bb\u00a0\u00bb dima_canvas_style=\u00a0\u00bb\u00a0\u00bb translate_x=\u00a0\u00bb0&Prime; dima_z_index=\u00a0\u00bb0&Prime; delay=\u00a0\u00bb\u00a0\u00bb animate_item=\u00a0\u00bb\u00a0\u00bb delay_duration=\u00a0\u00bb\u00a0\u00bb delay_offset=\u00a0\u00bb\u00a0\u00bb id=\u00a0\u00bb\u00a0\u00bb class=\u00a0\u00bb\u00a0\u00bb border_color=\u00a0\u00bb\u00a0\u00bb][vc_column min_height=\u00a0\u00bb\u00a0\u00bb bg_type=\u00a0\u00bb\u00a0\u00bb dima_canvas_style=\u00a0\u00bb\u00a0\u00bb translate_x=\u00a0\u00bb0&Prime; dima_z_index=\u00a0\u00bb0&Prime; delay=\u00a0\u00bb\u00a0\u00bb animate_item=\u00a0\u00bb\u00a0\u00bb delay_duration=\u00a0\u00bb\u00a0\u00bb delay_offset=\u00a0\u00bb\u00a0\u00bb width=\u00a0\u00bb1\/1&Prime;]<div  class=\"dima-img text-center column-item overflow-hidden\"       ><a data-fancybox  data-caption = \"\" class=\"\"   href=\"https:\/\/www.statusholder.com\/wp-content\/uploads\/2025\/01\/still-there-1.png\" ><img decoding=\"async\" width=\"843\" height=\"434\" src=\"https:\/\/www.statusholder.com\/wp-content\/uploads\/2025\/01\/still-there-1-100x51.png\" class=\"dima_image-img dima-image attachment-full lazyload js-lazy-image\" alt=\"\" data-src=\"https:\/\/www.statusholder.com\/wp-content\/uploads\/2025\/01\/still-there-1.png\" data-srcset=\"https:\/\/www.statusholder.com\/wp-content\/uploads\/2025\/01\/still-there-1.png 843w, https:\/\/www.statusholder.com\/wp-content\/uploads\/2025\/01\/still-there-1-300x154.png 300w, https:\/\/www.statusholder.com\/wp-content\/uploads\/2025\/01\/still-there-1-768x395.png 768w, https:\/\/www.statusholder.com\/wp-content\/uploads\/2025\/01\/still-there-1-585x301.png 585w, https:\/\/www.statusholder.com\/wp-content\/uploads\/2025\/01\/still-there-1-100x51.png 100w\" data-sizes=\"(max-width: 843px) 100vw, 843px\" \/><\/a><\/div>[\/vc_column][\/vc_row][vc_row no_padding=\u00a0\u00bbtrue\u00a0\u00bb content_position=\u00a0\u00bbstart\u00a0\u00bb bg_type=\u00a0\u00bb\u00a0\u00bb dima_canvas_style=\u00a0\u00bb\u00a0\u00bb translate_x=\u00a0\u00bb0&Prime; dima_z_index=\u00a0\u00bb0&Prime; delay=\u00a0\u00bb\u00a0\u00bb animate_item=\u00a0\u00bb\u00a0\u00bb delay_duration=\u00a0\u00bb\u00a0\u00bb delay_offset=\u00a0\u00bb\u00a0\u00bb id=\u00a0\u00bb\u00a0\u00bb class=\u00a0\u00bb\u00a0\u00bb border_color=\u00a0\u00bb\u00a0\u00bb][vc_column min_height=\u00a0\u00bb\u00a0\u00bb bg_type=\u00a0\u00bb\u00a0\u00bb dima_canvas_style=\u00a0\u00bb\u00a0\u00bb translate_x=\u00a0\u00bb0&Prime; dima_z_index=\u00a0\u00bb0&Prime; delay=\u00a0\u00bb\u00a0\u00bb animate_item=\u00a0\u00bb\u00a0\u00bb delay_duration=\u00a0\u00bb\u00a0\u00bb delay_offset=\u00a0\u00bb\u00a0\u00bb width=\u00a0\u00bb1\/6&Prime;][\/vc_column][vc_column min_height=\u00a0\u00bb\u00a0\u00bb bg_type=\u00a0\u00bb\u00a0\u00bb dima_canvas_style=\u00a0\u00bb\u00a0\u00bb translate_x=\u00a0\u00bb0&Prime; dima_z_index=\u00a0\u00bb0&Prime; delay=\u00a0\u00bb\u00a0\u00bb animate_item=\u00a0\u00bb\u00a0\u00bb delay_duration=\u00a0\u00bb\u00a0\u00bb delay_offset=\u00a0\u00bb\u00a0\u00bb width=\u00a0\u00bb2\/3&Prime;]<div  class=\"dima-spacer-module\"  data-units=\"px\" data-all_size=\"150\" data-xld_resolution=\"1600\" data-xld_size=\"150\" data-ld_resolution=\"1400\" data-ld_size=\"150\" data-md_resolution=\"1170\" data-md_size=\"120\" data-sd_resolution=\"969\" data-sd_size=\"100\" data-xsd_resolution=\"480\" data-xsd_size=\"100\" style=\"height: 150px;\"><\/div>[vc_cta h2=\u00a0\u00bbStatus Holder for business &#8211; Plus petit, plus fin, plus contr\u00f4lable !\u00a0\u00bb add_button=\u00a0\u00bbbottom\u00a0\u00bb btn_title=\u00a0\u00bbDEMANDEZ MAINTENANT\u00a0\u00bb css=\u00a0\u00bb\u00a0\u00bb btn_link=\u00a0\u00bburl:https%3A%2F%2Fwww.statusholder.com%2Ffr%2Fcontact%2F|\u00a0\u00bb][\/vc_cta][\/vc_column][vc_column min_height=\u00a0\u00bb\u00a0\u00bb bg_type=\u00a0\u00bb\u00a0\u00bb dima_canvas_style=\u00a0\u00bb\u00a0\u00bb translate_x=\u00a0\u00bb0&Prime; dima_z_index=\u00a0\u00bb0&Prime; delay=\u00a0\u00bb\u00a0\u00bb animate_item=\u00a0\u00bb\u00a0\u00bb delay_duration=\u00a0\u00bb\u00a0\u00bb delay_offset=\u00a0\u00bb\u00a0\u00bb width=\u00a0\u00bb1\/6&Prime;][\/vc_column][\/vc_row]<\/p>\n<\/div>","protected":false},"excerpt":{"rendered":"<p>[vc_row full_w_bg=\u00a0\u00bbtrue\u00a0\u00bb no_padding=\u00a0\u00bbtrue\u00a0\u00bb bg_type=\u00a0\u00bb\u00a0\u00bb dima_canvas_style=\u00a0\u00bb\u00a0\u00bb translate_x=\u00a0\u00bb0&Prime; dima_z_index=\u00a0\u00bb0&Prime; delay=\u00a0\u00bb\u00a0\u00bb animate_item=\u00a0\u00bb\u00a0\u00bb delay_duration=\u00a0\u00bb\u00a0\u00bb delay_offset=\u00a0\u00bb\u00a0\u00bb di_bg_color=\u00a0\u00bb#fafafa\u00a0\u00bb border_color=\u00a0\u00bb\u00a0\u00bb id=\u00a0\u00bb\u00a0\u00bb class=\u00a0\u00bb\u00a0\u00bb][vc_column min_height=\u00a0\u00bb\u00a0\u00bb bg_type=\u00a0\u00bb\u00a0\u00bb dima_canvas_style=\u00a0\u00bb\u00a0\u00bb translate_x=\u00a0\u00bb0&Prime; dima_z_index=\u00a0\u00bb0&Prime; sd=\u00a0\u00bb12&Prime; delay=\u00a0\u00bb\u00a0\u00bb animate_item=\u00a0\u00bb\u00a0\u00bb delay_duration=\u00a0\u00bb\u00a0\u00bb delay_offset=\u00a0\u00bb\u00a0\u00bb width=\u00a0\u00bb1\/2&Prime; id=\u00a0\u00bb\u00a0\u00bb class=\u00a0\u00bb\u00a0\u00bb style=\u00a0\u00bb\u00a0\u00bb border_color=\u00a0\u00bb\u00a0\u00bb][\/vc_column][vc_column min_height=\u00a0\u00bb\u00a0\u00bb bg_type=\u00a0\u00bb\u00a0\u00bb dima_canvas_style=\u00a0\u00bb\u00a0\u00bb translate_x=\u00a0\u00bb0&Prime; dima_z_index=\u00a0\u00bb0&Prime; sd=\u00a0\u00bb12&Prime; delay=\u00a0\u00bb\u00a0\u00bb animate_item=\u00a0\u00bb\u00a0\u00bb delay_duration=\u00a0\u00bb\u00a0\u00bb delay_offset=\u00a0\u00bb\u00a0\u00bb width=\u00a0\u00bb1\/2&Prime; id=\u00a0\u00bb\u00a0\u00bb class=\u00a0\u00bb\u00a0\u00bb style=\u00a0\u00bb\u00a0\u00bb border_color=\u00a0\u00bb\u00a0\u00bb][\/vc_column][\/vc_row][vc_row bg_type=\u00a0\u00bb\u00a0\u00bb dima_canvas_style=\u00a0\u00bb\u00a0\u00bb translate_x=\u00a0\u00bb0&Prime; dima_z_index=\u00a0\u00bb0&Prime; delay=\u00a0\u00bb\u00a0\u00bb animate_item=\u00a0\u00bb\u00a0\u00bb delay_duration=\u00a0\u00bb\u00a0\u00bb delay_offset=\u00a0\u00bb\u00a0\u00bb top_and_bottom_padding=\u00a0\u00bb\u00a0\u00bb left_and_right_padding=\u00a0\u00bb\u00a0\u00bb][vc_column [&hellip;]<\/p>\n","protected":false},"author":1,"featured_media":0,"parent":0,"menu_order":0,"comment_status":"closed","ping_status":"closed","template":"","meta":{"_monsterinsights_skip_tracking":false,"_monsterinsights_sitenote_active":false,"_monsterinsights_sitenote_note":"","_monsterinsights_sitenote_category":0,"footnotes":""},"class_list":["post-27250","page","type-page","status-publish","hentry","no-post-thumbnail"],"_links":{"self":[{"href":"https:\/\/www.statusholder.com\/fr\/wp-json\/wp\/v2\/pages\/27250","targetHints":{"allow":["GET"]}}],"collection":[{"href":"https:\/\/www.statusholder.com\/fr\/wp-json\/wp\/v2\/pages"}],"about":[{"href":"https:\/\/www.statusholder.com\/fr\/wp-json\/wp\/v2\/types\/page"}],"author":[{"embeddable":true,"href":"https:\/\/www.statusholder.com\/fr\/wp-json\/wp\/v2\/users\/1"}],"replies":[{"embeddable":true,"href":"https:\/\/www.statusholder.com\/fr\/wp-json\/wp\/v2\/comments?post=27250"}],"version-history":[{"count":8,"href":"https:\/\/www.statusholder.com\/fr\/wp-json\/wp\/v2\/pages\/27250\/revisions"}],"predecessor-version":[{"id":27779,"href":"https:\/\/www.statusholder.com\/fr\/wp-json\/wp\/v2\/pages\/27250\/revisions\/27779"}],"wp:attachment":[{"href":"https:\/\/www.statusholder.com\/fr\/wp-json\/wp\/v2\/media?parent=27250"}],"curies":[{"name":"wp","href":"https:\/\/api.w.org\/{rel}","templated":true}]}}