{"id":32254,"date":"2025-07-01T22:40:38","date_gmt":"2025-07-01T20:40:38","guid":{"rendered":"https:\/\/www.statusholder.com\/boutique\/assistant-a-domicile\/"},"modified":"2025-07-01T22:40:49","modified_gmt":"2025-07-01T20:40:49","slug":"assistant-a-domicile","status":"publish","type":"page","link":"https:\/\/www.statusholder.com\/fr\/boutique\/assistant-a-domicile\/","title":{"rendered":"Assistant \u00e0 domicile"},"content":{"rendered":"<div class=\"wpb-content-wrapper\"><p>[vc_row no_padding=\u00a0\u00bbtrue\u00a0\u00bb bg_type=\u00a0\u00bb\u00a0\u00bb dima_canvas_style=\u00a0\u00bb\u00a0\u00bb translate_x=\u00a0\u00bb0&Prime; dima_z_index=\u00a0\u00bb0&Prime; delay=\u00a0\u00bb\u00a0\u00bb animate_item=\u00a0\u00bb\u00a0\u00bb delay_duration=\u00a0\u00bb\u00a0\u00bb delay_offset=\u00a0\u00bb\u00a0\u00bb id=\u00a0\u00bb\u00a0\u00bb class=\u00a0\u00bb\u00a0\u00bb border_color=\u00a0\u00bb\u00a0\u00bb][vc_column min_height=\u00a0\u00bb\u00a0\u00bb bg_type=\u00a0\u00bb\u00a0\u00bb dima_canvas_style=\u00a0\u00bb\u00a0\u00bb translate_x=\u00a0\u00bb0&Prime; dima_z_index=\u00a0\u00bb0&Prime; delay=\u00a0\u00bb\u00a0\u00bb animate_item=\u00a0\u00bb\u00a0\u00bb delay_duration=\u00a0\u00bb\u00a0\u00bb delay_offset=\u00a0\u00bb\u00a0\u00bb width=\u00a0\u00bb1\/1&Prime;]<h4  class=\"dima-custom-heading\"   >Couverture de confidentialit\u00e9 pour webcam<\/h4>[\/vc_column][\/vc_row][vc_row no_padding=\u00a0\u00bbtrue\u00a0\u00bb bg_type=\u00a0\u00bb\u00a0\u00bb dima_canvas_style=\u00a0\u00bb\u00a0\u00bb translate_x=\u00a0\u00bb0&Prime; dima_z_index=\u00a0\u00bb0&Prime; delay=\u00a0\u00bb\u00a0\u00bb animate_item=\u00a0\u00bb\u00a0\u00bb delay_duration=\u00a0\u00bb\u00a0\u00bb delay_offset=\u00a0\u00bb\u00a0\u00bb id=\u00a0\u00bb\u00a0\u00bb class=\u00a0\u00bb\u00a0\u00bb border_color=\u00a0\u00bb\u00a0\u00bb][vc_column min_height=\u00a0\u00bb\u00a0\u00bb bg_type=\u00a0\u00bb\u00a0\u00bb dima_canvas_style=\u00a0\u00bb\u00a0\u00bb translate_x=\u00a0\u00bb0&Prime; dima_z_index=\u00a0\u00bb0&Prime; delay=\u00a0\u00bb\u00a0\u00bb animate_item=\u00a0\u00bb\u00a0\u00bb delay_duration=\u00a0\u00bb\u00a0\u00bb delay_offset=\u00a0\u00bb\u00a0\u00bb width=\u00a0\u00bb1\/1&Prime;]<div  class=\"no-border dima-callout dima-callout-69d34f3acba42 text-start dima-box-shadow\"  ><div class=\"dima-section-cover background-image-holder dima-color-mask-69d34f3acba42\"><\/div><div class=\"background-image-hide background-cover\" data-bg-image=\"https:\/\/www.statusholder.com\/wp-content\/uploads\/2025\/07\/615owEFqiwL._AC_SL1500_.jpg\"><\/div><div class=\"dima-callout-clm1\"><h4 class=\"h-callout\" style=\"color:#ffffff;\">couverture webcam lululeague<\/h4><p class=\"p-callout\" style=\"color:#ffffff;\">- Ultra d\u00fcnn - 8 St\u00fcck - F\u00fcr Laptop und Smartphone<\/p><\/div><div class=\"dima-callout-clm2 text-end\"><a href=\"https:\/\/amzn.to\/4lCq2GY\" class=\"dima-button dima-waves di_white fill dima-btn-small dima-shadow\" target=\"_blank\" rel=\"noopener\" .fadeIn>Acheter<\/a><\/div><\/div><style id=\"dima-shortcode-style-69d34f3acba42\" type=\"text\/css\">.dima-callout-69d34f3acba42 .dima-color-mask-69d34f3acba42{background:}<\/style><div  class=\"dima-clear\" style=\"padding-bottom:15px\"><\/div>[\/vc_column][\/vc_row][vc_row no_padding=\u00a0\u00bbtrue\u00a0\u00bb bg_type=\u00a0\u00bb\u00a0\u00bb dima_canvas_style=\u00a0\u00bb\u00a0\u00bb translate_x=\u00a0\u00bb0&Prime; dima_z_index=\u00a0\u00bb0&Prime; delay=\u00a0\u00bb\u00a0\u00bb animate_item=\u00a0\u00bb\u00a0\u00bb delay_duration=\u00a0\u00bb\u00a0\u00bb delay_offset=\u00a0\u00bb\u00a0\u00bb id=\u00a0\u00bb\u00a0\u00bb class=\u00a0\u00bb\u00a0\u00bb border_color=\u00a0\u00bb\u00a0\u00bb][vc_column min_height=\u00a0\u00bb\u00a0\u00bb bg_type=\u00a0\u00bb\u00a0\u00bb dima_canvas_style=\u00a0\u00bb\u00a0\u00bb translate_x=\u00a0\u00bb0&Prime; dima_z_index=\u00a0\u00bb0&Prime; delay=\u00a0\u00bb\u00a0\u00bb animate_item=\u00a0\u00bb\u00a0\u00bb delay_duration=\u00a0\u00bb\u00a0\u00bb delay_offset=\u00a0\u00bb\u00a0\u00bb width=\u00a0\u00bb1\/1&Prime;]<h4  class=\"dima-custom-heading\"   >Bouton Mute<\/h4>[\/vc_column][\/vc_row][vc_row no_padding=\u00a0\u00bbtrue\u00a0\u00bb bg_type=\u00a0\u00bb\u00a0\u00bb dima_canvas_style=\u00a0\u00bb\u00a0\u00bb translate_x=\u00a0\u00bb0&Prime; dima_z_index=\u00a0\u00bb0&Prime; delay=\u00a0\u00bb\u00a0\u00bb animate_item=\u00a0\u00bb\u00a0\u00bb delay_duration=\u00a0\u00bb\u00a0\u00bb delay_offset=\u00a0\u00bb\u00a0\u00bb id=\u00a0\u00bb\u00a0\u00bb class=\u00a0\u00bb\u00a0\u00bb border_color=\u00a0\u00bb\u00a0\u00bb][vc_column min_height=\u00a0\u00bb\u00a0\u00bb bg_type=\u00a0\u00bb\u00a0\u00bb dima_canvas_style=\u00a0\u00bb\u00a0\u00bb translate_x=\u00a0\u00bb0&Prime; dima_z_index=\u00a0\u00bb0&Prime; delay=\u00a0\u00bb\u00a0\u00bb animate_item=\u00a0\u00bb\u00a0\u00bb delay_duration=\u00a0\u00bb\u00a0\u00bb delay_offset=\u00a0\u00bb\u00a0\u00bb width=\u00a0\u00bb1\/1&Prime;]<div  class=\"no-border dima-callout dima-callout-69d34f3acbe5e text-start dima-box-shadow\"  ><div class=\"dima-section-cover background-image-holder dima-color-mask-69d34f3acbe5e\"><\/div><div class=\"background-image-hide background-cover\" data-bg-image=\"https:\/\/www.statusholder.com\/wp-content\/uploads\/2025\/07\/mutebutton.jpg\"><\/div><div class=\"dima-callout-clm1\"><h4 class=\"h-callout\" style=\"color:#ffffff;\">Microphone USB AIRHUG<\/h4><p class=\"p-callout\" style=\"color:#ffffff;\">- Hochwertiges externes Mikrofon - Mit Mute-Button (Stummschaltung) - F\u00fcr Teams, etc.<\/p><\/div><div class=\"dima-callout-clm2 text-end\"><a href=\"https:\/\/amzn.to\/4eyitif\" class=\"dima-button dima-waves di_white fill dima-btn-small dima-shadow\" target=\"_blank\" rel=\"noopener\" .fadeIn>Acheter<\/a><\/div><\/div><style id=\"dima-shortcode-style-69d34f3acbe5e\" type=\"text\/css\">.dima-callout-69d34f3acbe5e .dima-color-mask-69d34f3acbe5e{background:}<\/style><div  class=\"dima-clear\" style=\"padding-bottom:15px\"><\/div>[\/vc_column][\/vc_row]<\/p>\n<\/div>","protected":false},"excerpt":{"rendered":"<p>[vc_row no_padding=\u00a0\u00bbtrue\u00a0\u00bb bg_type=\u00a0\u00bb\u00a0\u00bb dima_canvas_style=\u00a0\u00bb\u00a0\u00bb translate_x=\u00a0\u00bb0&Prime; dima_z_index=\u00a0\u00bb0&Prime; delay=\u00a0\u00bb\u00a0\u00bb animate_item=\u00a0\u00bb\u00a0\u00bb delay_duration=\u00a0\u00bb\u00a0\u00bb delay_offset=\u00a0\u00bb\u00a0\u00bb id=\u00a0\u00bb\u00a0\u00bb class=\u00a0\u00bb\u00a0\u00bb border_color=\u00a0\u00bb\u00a0\u00bb][vc_column min_height=\u00a0\u00bb\u00a0\u00bb bg_type=\u00a0\u00bb\u00a0\u00bb dima_canvas_style=\u00a0\u00bb\u00a0\u00bb translate_x=\u00a0\u00bb0&Prime; dima_z_index=\u00a0\u00bb0&Prime; delay=\u00a0\u00bb\u00a0\u00bb animate_item=\u00a0\u00bb\u00a0\u00bb delay_duration=\u00a0\u00bb\u00a0\u00bb delay_offset=\u00a0\u00bb\u00a0\u00bb width=\u00a0\u00bb1\/1&Prime;][\/vc_column][\/vc_row][vc_row no_padding=\u00a0\u00bbtrue\u00a0\u00bb bg_type=\u00a0\u00bb\u00a0\u00bb dima_canvas_style=\u00a0\u00bb\u00a0\u00bb translate_x=\u00a0\u00bb0&Prime; dima_z_index=\u00a0\u00bb0&Prime; delay=\u00a0\u00bb\u00a0\u00bb animate_item=\u00a0\u00bb\u00a0\u00bb delay_duration=\u00a0\u00bb\u00a0\u00bb delay_offset=\u00a0\u00bb\u00a0\u00bb id=\u00a0\u00bb\u00a0\u00bb class=\u00a0\u00bb\u00a0\u00bb border_color=\u00a0\u00bb\u00a0\u00bb][vc_column min_height=\u00a0\u00bb\u00a0\u00bb bg_type=\u00a0\u00bb\u00a0\u00bb dima_canvas_style=\u00a0\u00bb\u00a0\u00bb translate_x=\u00a0\u00bb0&Prime; dima_z_index=\u00a0\u00bb0&Prime; delay=\u00a0\u00bb\u00a0\u00bb animate_item=\u00a0\u00bb\u00a0\u00bb delay_duration=\u00a0\u00bb\u00a0\u00bb delay_offset=\u00a0\u00bb\u00a0\u00bb width=\u00a0\u00bb1\/1&Prime;][\/vc_column][\/vc_row][vc_row no_padding=\u00a0\u00bbtrue\u00a0\u00bb bg_type=\u00a0\u00bb\u00a0\u00bb dima_canvas_style=\u00a0\u00bb\u00a0\u00bb translate_x=\u00a0\u00bb0&Prime; dima_z_index=\u00a0\u00bb0&Prime; delay=\u00a0\u00bb\u00a0\u00bb animate_item=\u00a0\u00bb\u00a0\u00bb delay_duration=\u00a0\u00bb\u00a0\u00bb delay_offset=\u00a0\u00bb\u00a0\u00bb id=\u00a0\u00bb\u00a0\u00bb [&hellip;]<\/p>\n","protected":false},"author":1,"featured_media":0,"parent":16246,"menu_order":0,"comment_status":"closed","ping_status":"closed","template":"","meta":{"_monsterinsights_skip_tracking":false,"_monsterinsights_sitenote_active":false,"_monsterinsights_sitenote_note":"","_monsterinsights_sitenote_category":0,"footnotes":""},"class_list":["post-32254","page","type-page","status-publish","hentry","no-post-thumbnail"],"_links":{"self":[{"href":"https:\/\/www.statusholder.com\/fr\/wp-json\/wp\/v2\/pages\/32254","targetHints":{"allow":["GET"]}}],"collection":[{"href":"https:\/\/www.statusholder.com\/fr\/wp-json\/wp\/v2\/pages"}],"about":[{"href":"https:\/\/www.statusholder.com\/fr\/wp-json\/wp\/v2\/types\/page"}],"author":[{"embeddable":true,"href":"https:\/\/www.statusholder.com\/fr\/wp-json\/wp\/v2\/users\/1"}],"replies":[{"embeddable":true,"href":"https:\/\/www.statusholder.com\/fr\/wp-json\/wp\/v2\/comments?post=32254"}],"version-history":[{"count":2,"href":"https:\/\/www.statusholder.com\/fr\/wp-json\/wp\/v2\/pages\/32254\/revisions"}],"predecessor-version":[{"id":32257,"href":"https:\/\/www.statusholder.com\/fr\/wp-json\/wp\/v2\/pages\/32254\/revisions\/32257"}],"up":[{"embeddable":true,"href":"https:\/\/www.statusholder.com\/fr\/wp-json\/wp\/v2\/pages\/16246"}],"wp:attachment":[{"href":"https:\/\/www.statusholder.com\/fr\/wp-json\/wp\/v2\/media?parent=32254"}],"curies":[{"name":"wp","href":"https:\/\/api.w.org\/{rel}","templated":true}]}}