{"id":16859,"date":"2017-04-25T07:10:37","date_gmt":"2017-04-25T05:10:37","guid":{"rendered":"https:\/\/www.statusholder.com\/faq\/"},"modified":"2025-05-16T12:07:16","modified_gmt":"2025-05-16T10:07:16","slug":"faq","status":"publish","type":"page","link":"https:\/\/www.statusholder.com\/it\/caratteristiche\/faq\/","title":{"rendered":"FAQ"},"content":{"rendered":"<div class=\"wpb-content-wrapper\"><p>[vc_row bg_type=&#8221;&#8221; dima_canvas_style=&#8221;&#8221; translate_x=&#8221;0&#8243; dima_z_index=&#8221;0&#8243; delay=&#8221;&#8221; animate_item=&#8221;&#8221; delay_duration=&#8221;&#8221; delay_offset=&#8221;&#8221; top_and_bottom_padding=&#8221;&#8221; left_and_right_padding=&#8221;&#8221; id=&#8221;&#8221; class=&#8221;&#8221; border_color=&#8221;&#8221;][vc_column min_height=&#8221;&#8221; bg_type=&#8221;&#8221; dima_canvas_style=&#8221;&#8221; translate_x=&#8221;0&#8243; dima_z_index=&#8221;0&#8243; delay=&#8221;&#8221; animate_item=&#8221;&#8221; delay_duration=&#8221;&#8221; delay_offset=&#8221;&#8221; width=&#8221;1\/1&#8243;]<h3  class=\"dima-custom-heading\"   >Ti forniamo le risposte a 11 domande che potrebbero interessarti.<\/h3><ul id=\"FAQ\" class=\"dima-accordion dima-acc-clear\" data-animate=transition.slideUpIn data-delay=\"70\" data-offset=\"98%\" data-dima-animate-item=\".dima-accordion-group\" ><li  class=\"panel dima-accordion-group double_icon\" ><div class=\"dima-accordion-header\"><a class=\"dima-accordion-toggle collapsed\" data-toggle=\"collapse\" data-parent=\"#FAQ\" href=\"#collapse-1\"><span class=\"dima-accordion-title\">Lo Status Holder \u00e8 gratuito?<\/span><span class='icon_one' ><svg xmlns=\"http:\/\/www.w3.org\/2000\/svg\" width=\"48\" height=\"48\" viewBox=\"0 0 48 48\"><path d=\"M38 26H26v12h-4V26H10v-4h12V10h4v12h12v4z\"\/><\/svg><\/span><span class='icon_two' ><svg xmlns=\"http:\/\/www.w3.org\/2000\/svg\" width=\"48\" height=\"48\" viewBox=\"0 0 48 48\"><path d=\"M38 26H10v-4h28v4z\"\/><\/svg><\/span><\/a><\/div><div id=\"collapse-1\" class=\"dima-accordion-content collapse\"><div class=\"dima-accordion-inner\"><p>S\u00ec! Il Titolare di Stato pu\u00f2 essere utilizzato gratuitamente.<br \/>\nTuttavia, per poter utilizzare le impostazioni \u00e8 necessario disporre di <a href=\"https:\/\/www.statusholder.com\/it\/premio\/\">Premium<\/a>. <\/p>\n<\/div><\/div><\/li><li  class=\"panel dima-accordion-group double_icon\" ><div class=\"dima-accordion-header\"><a class=\"dima-accordion-toggle collapsed\" data-toggle=\"collapse\" data-parent=\"#FAQ\" href=\"#collapse-2\"><span class=\"dima-accordion-title\">Il supporto di stato deve essere installato?<\/span><span class='icon_one' ><svg xmlns=\"http:\/\/www.w3.org\/2000\/svg\" width=\"48\" height=\"48\" viewBox=\"0 0 48 48\"><path d=\"M38 26H26v12h-4V26H10v-4h12V10h4v12h12v4z\"\/><\/svg><\/span><span class='icon_two' ><svg xmlns=\"http:\/\/www.w3.org\/2000\/svg\" width=\"48\" height=\"48\" viewBox=\"0 0 48 48\"><path d=\"M38 26H10v-4h28v4z\"\/><\/svg><\/span><\/a><\/div><div id=\"collapse-2\" class=\"dima-accordion-content collapse\"><div class=\"dima-accordion-inner\"><p>No. Il Titolare di Stato non deve essere installato.<br \/>\nQuesta \u00e8 un&#8217;applicazione da eseguire con un clic. Ci\u00f2 significa che per l&#8217;installazione non sono necessarie <a href=\"https:\/\/www.computerhilfen.de\/info\/software-als-administrator-installieren-oder-starten.html\" target=\"_blank\" rel=\"noopener\">autorizzazioni di amministratore<\/a> e che il software pu\u00f2 essere avviato con un semplice doppio clic.  <\/p>\n<\/div><\/div><\/li><li  class=\"panel dima-accordion-group double_icon\" ><div class=\"dima-accordion-header\"><a class=\"dima-accordion-toggle collapsed\" data-toggle=\"collapse\" data-parent=\"#FAQ\" href=\"#collapse-3\"><span class=\"dima-accordion-title\">Il Titolare di Stato pu\u00f2 essere rilevato dal mio reparto IT?<\/span><span class='icon_one' ><svg xmlns=\"http:\/\/www.w3.org\/2000\/svg\" width=\"48\" height=\"48\" viewBox=\"0 0 48 48\"><path d=\"M38 26H26v12h-4V26H10v-4h12V10h4v12h12v4z\"\/><\/svg><\/span><span class='icon_two' ><svg xmlns=\"http:\/\/www.w3.org\/2000\/svg\" width=\"48\" height=\"48\" viewBox=\"0 0 48 48\"><path d=\"M38 26H10v-4h28v4z\"\/><\/svg><\/span><\/a><\/div><div id=\"collapse-3\" class=\"dima-accordion-content collapse\"><div class=\"dima-accordion-inner\"><p>In teoria, s\u00ec. Tuttavia, la probabilit\u00e0 \u00e8 molto bassa.<br \/>\nPoich\u00e9 si tratta di un&#8217;<a href=\"https:\/\/www.computerweekly.com\/de\/definition\/Microsoft-Click-To-Run\" target=\"_blank\" rel=\"noopener\">applicazione da eseguire con un clic<\/a>, non \u00e8 necessario installarla e quindi non compare nell&#8217;elenco dei &#8220;Software installati&#8221;. <\/p>\n<p>Anche se lo strumento viene scoperto: Non state facendo nulla di proibito \ud83d\ude42<\/p>\n<\/div><\/div><\/li><li  class=\"panel dima-accordion-group double_icon\" ><div class=\"dima-accordion-header\"><a class=\"dima-accordion-toggle collapsed\" data-toggle=\"collapse\" data-parent=\"#FAQ\" href=\"#collapse-4\"><span class=\"dima-accordion-title\">Quale software \u00e8 supportato?<\/span><span class='icon_one' ><svg xmlns=\"http:\/\/www.w3.org\/2000\/svg\" width=\"48\" height=\"48\" viewBox=\"0 0 48 48\"><path d=\"M38 26H26v12h-4V26H10v-4h12V10h4v12h12v4z\"\/><\/svg><\/span><span class='icon_two' ><svg xmlns=\"http:\/\/www.w3.org\/2000\/svg\" width=\"48\" height=\"48\" viewBox=\"0 0 48 48\"><path d=\"M38 26H10v-4h28v4z\"\/><\/svg><\/span><\/a><\/div><div id=\"collapse-4\" class=\"dima-accordion-content collapse\"><div class=\"dima-accordion-inner\"><p>Il Titolare di Stato supporta attualmente i seguenti software:<\/p>\n<ul>\n<li>Microsoft Teams<\/li>\n<li>Skype<\/li>\n<li>Skype per le aziende<\/li>\n<li>Cisco WebEx<\/li>\n<li>Zoom<\/li>\n<li>Slack<\/li>\n<\/ul>\n<p>L&#8217;elenco \u00e8 in continuo ampliamento e molti prodotti sono gi\u00e0 supportati ma non sono ancora stati inseriti nell&#8217;elenco.<\/p>\n<\/div><\/div><\/li><li  class=\"panel dima-accordion-group double_icon\" ><div class=\"dima-accordion-header\"><a class=\"dima-accordion-toggle collapsed\" data-toggle=\"collapse\" data-parent=\"#FAQ\" href=\"#collapse-5\"><span class=\"dima-accordion-title\">Posso avviare automaticamente il Titolare di Stato?<\/span><span class='icon_one' ><svg xmlns=\"http:\/\/www.w3.org\/2000\/svg\" width=\"48\" height=\"48\" viewBox=\"0 0 48 48\"><path d=\"M38 26H26v12h-4V26H10v-4h12V10h4v12h12v4z\"\/><\/svg><\/span><span class='icon_two' ><svg xmlns=\"http:\/\/www.w3.org\/2000\/svg\" width=\"48\" height=\"48\" viewBox=\"0 0 48 48\"><path d=\"M38 26H10v-4h28v4z\"\/><\/svg><\/span><\/a><\/div><div id=\"collapse-5\" class=\"dima-accordion-content collapse\"><div class=\"dima-accordion-inner\"><p>S\u00ec! \u00c8 possibile avviare automaticamente il titolare dello stato.<br \/>\nPer fare ci\u00f2, \u00e8 necessario impostare il segno di spunta appropriato nelle impostazioni. Lo strumento viene quindi aggiunto all&#8217;avvio automatico.  <\/p>\n<p>Per impostare le impostazioni \u00e8 necessario il servizio <a href=\"https:\/\/www.statusholder.com\/it\/premio\/\">Premium<\/a>. <a href=\"https:\/\/www.statusholder.com\/it\/caratteristiche\/\">Ulteriori funzioni sono disponibili qui.<\/a><\/p>\n<\/div><\/div><\/li><li  class=\"panel dima-accordion-group double_icon\" ><div class=\"dima-accordion-header\"><a class=\"dima-accordion-toggle collapsed\" data-toggle=\"collapse\" data-parent=\"#FAQ\" href=\"#collapse-6\"><span class=\"dima-accordion-title\">\u00c8 possibile far funzionare il titolare dello stato in modo invisibile?<\/span><span class='icon_one' ><svg xmlns=\"http:\/\/www.w3.org\/2000\/svg\" width=\"48\" height=\"48\" viewBox=\"0 0 48 48\"><path d=\"M38 26H26v12h-4V26H10v-4h12V10h4v12h12v4z\"\/><\/svg><\/span><span class='icon_two' ><svg xmlns=\"http:\/\/www.w3.org\/2000\/svg\" width=\"48\" height=\"48\" viewBox=\"0 0 48 48\"><path d=\"M38 26H10v-4h28v4z\"\/><\/svg><\/span><\/a><\/div><div id=\"collapse-6\" class=\"dima-accordion-content collapse\"><div class=\"dima-accordion-inner\"><p>S\u00ec!<\/p>\n<p>\u00c8 possibile ridurre a icona lo strumento nell&#8217;area di notifica di Windows. Lo strumento pu\u00f2 essere ridotto a icona nell&#8217;area di notifica di Windows nelle impostazioni.<br \/>\nCi\u00f2 significa che lo strumento \u00e8 scomparso dalla barra delle applicazioni e non interferisce con le presentazioni o altre attivit\u00e0.  <\/p>\n<p>Per impostare le impostazioni \u00e8 necessario il servizio <a href=\"https:\/\/www.statusholder.com\/it\/premio\/\">Premium<\/a>. <a href=\"https:\/\/www.statusholder.com\/it\/caratteristiche\/\">Ulteriori funzioni sono disponibili qui.<\/a><\/p>\n<\/div><\/div><\/li><li  class=\"panel dima-accordion-group double_icon\" ><div class=\"dima-accordion-header\"><a class=\"dima-accordion-toggle collapsed\" data-toggle=\"collapse\" data-parent=\"#FAQ\" href=\"#collapse-7\"><span class=\"dima-accordion-title\">Posso far registrare l'inizio e la fine?<\/span><span class='icon_one' ><svg xmlns=\"http:\/\/www.w3.org\/2000\/svg\" width=\"48\" height=\"48\" viewBox=\"0 0 48 48\"><path d=\"M38 26H26v12h-4V26H10v-4h12V10h4v12h12v4z\"\/><\/svg><\/span><span class='icon_two' ><svg xmlns=\"http:\/\/www.w3.org\/2000\/svg\" width=\"48\" height=\"48\" viewBox=\"0 0 48 48\"><path d=\"M38 26H10v-4h28v4z\"\/><\/svg><\/span><\/a><\/div><div id=\"collapse-7\" class=\"dima-accordion-content collapse\"><div class=\"dima-accordion-inner\"><p>S\u00ec! \u00c8 possibile creare un registro.<br \/>\nA questo scopo, sul desktop viene creato un file di registro in cui vengono registrate la data e l&#8217;ora di inizio e di fine del supporto di stato. Ci\u00f2 consente di registrare le proprie ore di lavoro.  <\/p>\n<p>Per impostare le impostazioni \u00e8 necessario il servizio <a href=\"https:\/\/www.statusholder.com\/it\/premio\/\">Premium<\/a>. <a href=\"https:\/\/www.statusholder.com\/it\/caratteristiche\/\">Ulteriori funzioni sono disponibili qui.<\/a><\/p>\n<\/div><\/div><\/li><li  class=\"panel dima-accordion-group double_icon\" ><div class=\"dima-accordion-header\"><a class=\"dima-accordion-toggle collapsed\" data-toggle=\"collapse\" data-parent=\"#FAQ\" href=\"#collapse-8\"><span class=\"dima-accordion-title\">Lo status di Titolare pu\u00f2 essere cancellato automaticamente?<\/span><span class='icon_one' ><svg xmlns=\"http:\/\/www.w3.org\/2000\/svg\" width=\"48\" height=\"48\" viewBox=\"0 0 48 48\"><path d=\"M38 26H26v12h-4V26H10v-4h12V10h4v12h12v4z\"\/><\/svg><\/span><span class='icon_two' ><svg xmlns=\"http:\/\/www.w3.org\/2000\/svg\" width=\"48\" height=\"48\" viewBox=\"0 0 48 48\"><path d=\"M38 26H10v-4h28v4z\"\/><\/svg><\/span><\/a><\/div><div id=\"collapse-8\" class=\"dima-accordion-content collapse\"><div class=\"dima-accordion-inner\"><p>S\u00ec! Il Titolare di Stato pu\u00f2 essere terminato automaticamente.<br \/>\n\u00c8 possibile terminare lo strumento a una data e un&#8217;ora specifiche, oppure ogni giorno a un&#8217;ora specifica. \u00c8 possibile selezionare come opzione la terminazione automatica di Teams o lo spegnimento del computer.  <\/p>\n<p>Per impostare le impostazioni \u00e8 necessario il servizio <a href=\"https:\/\/www.statusholder.com\/it\/premio\/\">Premium<\/a>. <a href=\"https:\/\/www.statusholder.com\/it\/caratteristiche\/\">Ulteriori funzioni sono disponibili qui.<\/a><\/p>\n<\/div><\/div><\/li><li  class=\"panel dima-accordion-group double_icon\" ><div class=\"dima-accordion-header\"><a class=\"dima-accordion-toggle collapsed\" data-toggle=\"collapse\" data-parent=\"#FAQ\" href=\"#collapse-9\"><span class=\"dima-accordion-title\">Sar\u00f2 informato se \u00e8 disponibile una nuova versione?<\/span><span class='icon_one' ><svg xmlns=\"http:\/\/www.w3.org\/2000\/svg\" width=\"48\" height=\"48\" viewBox=\"0 0 48 48\"><path d=\"M38 26H26v12h-4V26H10v-4h12V10h4v12h12v4z\"\/><\/svg><\/span><span class='icon_two' ><svg xmlns=\"http:\/\/www.w3.org\/2000\/svg\" width=\"48\" height=\"48\" viewBox=\"0 0 48 48\"><path d=\"M38 26H10v-4h28v4z\"\/><\/svg><\/span><\/a><\/div><div id=\"collapse-9\" class=\"dima-accordion-content collapse\"><div class=\"dima-accordion-inner\"><p>S\u00ec! Appare una notifica.<br \/>\nSe \u00e8 disponibile una nuova versione del Titolare di Stato, appare una notifica all&#8217;avvio dello strumento. <\/p>\n<\/div><\/div><\/li><li  class=\"panel dima-accordion-group double_icon\" ><div class=\"dima-accordion-header\"><a class=\"dima-accordion-toggle collapsed\" data-toggle=\"collapse\" data-parent=\"#FAQ\" href=\"#collapse-10\"><span class=\"dima-accordion-title\">Le mie impostazioni vengono sempre resettate, perch\u00e9?<\/span><span class='icon_one' ><svg xmlns=\"http:\/\/www.w3.org\/2000\/svg\" width=\"48\" height=\"48\" viewBox=\"0 0 48 48\"><path d=\"M38 26H26v12h-4V26H10v-4h12V10h4v12h12v4z\"\/><\/svg><\/span><span class='icon_two' ><svg xmlns=\"http:\/\/www.w3.org\/2000\/svg\" width=\"48\" height=\"48\" viewBox=\"0 0 48 48\"><path d=\"M38 26H10v-4h28v4z\"\/><\/svg><\/span><\/a><\/div><div id=\"collapse-10\" class=\"dima-accordion-content collapse\"><div class=\"dima-accordion-inner\"><p>Questo \u00e8 ben noto. Dai un&#8217;occhiata alla nostra <a href=\"https:\/\/www.statusholder.com\/it\/scaricare\/istruzioni\/\"><strong>guida<\/strong><\/a>. <\/p>\n<\/div><\/div><\/li><li  class=\"panel dima-accordion-group double_icon\" ><div class=\"dima-accordion-header\"><a class=\"dima-accordion-toggle collapsed\" data-toggle=\"collapse\" data-parent=\"#FAQ\" href=\"#collapse-11\"><span class=\"dima-accordion-title\">Devo acquistare un nuovo codice\/licenza per una nuova versione?<\/span><span class='icon_one' ><svg xmlns=\"http:\/\/www.w3.org\/2000\/svg\" width=\"48\" height=\"48\" viewBox=\"0 0 48 48\"><path d=\"M38 26H26v12h-4V26H10v-4h12V10h4v12h12v4z\"\/><\/svg><\/span><span class='icon_two' ><svg xmlns=\"http:\/\/www.w3.org\/2000\/svg\" width=\"48\" height=\"48\" viewBox=\"0 0 48 48\"><path d=\"M38 26H10v-4h28v4z\"\/><\/svg><\/span><\/a><\/div><div id=\"collapse-11\" class=\"dima-accordion-content collapse\"><div class=\"dima-accordion-inner\"><p>Un codice o una licenza gi\u00e0 acquistati sono validi per ogni versione del Titolare di Stato. <\/p>\n<\/div><\/div><\/li><\/ul>[\/vc_column][\/vc_row][vc_row bg_type=&#8221;&#8221; dima_canvas_style=&#8221;&#8221; cover=&#8221;true&#8221; cover_color=&#8221;#f7f7f7&#8243; translate_x=&#8221;0&#8243; dima_z_index=&#8221;0&#8243; delay=&#8221;&#8221; animate_item=&#8221;&#8221; delay_duration=&#8221;&#8221; delay_offset=&#8221;&#8221; di_bg_color=&#8221;#fafafa&#8221; top_and_bottom_padding=&#8221;&#8221; left_and_right_padding=&#8221;&#8221; class=&#8221;&#8221; style=&#8221;&#8221; css=&#8221;.vc_custom_1519122440983{background-color: #fafafa !important;}&#8221; border_color=&#8221;&#8221; id=&#8221;&#8221;][vc_column min_height=&#8221;&#8221; bg_type=&#8221;&#8221; dima_canvas_style=&#8221;&#8221; translate_x=&#8221;0&#8243; dima_z_index=&#8221;0&#8243; delay=&#8221;&#8221; animate_item=&#8221;&#8221; delay_duration=&#8221;&#8221; delay_offset=&#8221;&#8221; width=&#8221;1\/1&#8243;]<h3  class=\"dima-custom-heading text-center\"  data-animate        = transition.slideUpBigIn data-delay             = 100 data-duration = 500 >Weitere Informationen<\/h3><div  class=\"dima-clear\" style=\"padding-bottom:20px\"><\/div><div  class=\"dima-divider   line-hr line-center\" data-animate=transition.expandIn data-delay=300 data-duration=500  ><\/div><div  class=\"dima-clear\" style=\"padding-bottom:50px\"><\/div>[vc_row_inner bg_type=&#8221;bg_color&#8221; dima_canvas_style=&#8221;&#8221; translate_x=&#8221;0&#8243; dima_z_index=&#8221;0&#8243; top_and_bottom_padding=&#8221;&#8221; left_and_right_padding=&#8221;&#8221; id=&#8221;&#8221; class=&#8221;&#8221; style=&#8221;&#8221; di_bg_color=&#8221;#fafafa&#8221; border_color=&#8221;&#8221;][vc_column_inner animation=&#8221;transition.slideUpBigIn&#8221; delay=&#8221;100&#8243; animate_item=&#8221;&#8221; delay_duration=&#8221;500&#8243; delay_offset=&#8221;&#8221; translate_x=&#8221;0&#8243; dima_z_index=&#8221;0&#8243; width=&#8221;1\/3&#8243; id=&#8221;&#8221; class=&#8221;&#8221; style=&#8221;&#8221; border_color=&#8221;&#8221;]<a href=\"https:\/\/www.statusholder.com\/features\/\"><div  class=\"dima-iconbox dima-iconbox-shadow shadow-hover features-box text-center\" data-animate=transition.slideUpBigIn data-delay=100 data-duration=500 style=\"background-color:#ffffff;\"><header  class=\"icon-box-header  box-none\"  ><span  class=\"svg_icon  icon-box-small  \" ><svg version=\"1.1\" xmlns=\"http:\/\/www.w3.org\/2000\/svg\" xmlns:xlink=\"http:\/\/www.w3.org\/1999\/xlink\" width=\"32\" height=\"32\" viewBox=\"0 0 32 32\">\n<g>\n<\/g>\n\t<path d=\"M24 28h-22v-28h22v28zM4 26h18v-24h-18v24z\" fill=\"#000000\" \/>\n\t<path d=\"M7 12h12v2h-12v-2z\" fill=\"#000000\" \/>\n\t<path d=\"M7 16h12v2h-12v-2z\" fill=\"#000000\" \/>\n\t<path d=\"M7 20h12v2h-12v-2z\" fill=\"#000000\" \/>\n\t<path d=\"M7 7.983h6v2h-6v-2z\" fill=\"#000000\" \/>\n\t<path d=\"M30 32h-21v-2h19v-24h-1.945v-2h3.945z\" fill=\"#000000\" \/>\n<\/svg>\n<\/span><\/header><div  class=\"features-content\"  ><h5 class=\"features-title\" >Tutte le caratteristiche<\/h5><span class=\"dima-divider line-center line-hr small-line\"><\/span>Il Titolare di stato ha molte impostazioni e funzioni che possono essere utilizzate.<\/div><\/div><\/a>[\/vc_column_inner][vc_column_inner animation=&#8221;transition.slideUpBigIn&#8221; delay=&#8221;300&#8243; animate_item=&#8221;&#8221; delay_duration=&#8221;500&#8243; delay_offset=&#8221;&#8221; translate_x=&#8221;0&#8243; dima_z_index=&#8221;0&#8243; width=&#8221;1\/3&#8243; id=&#8221;&#8221; class=&#8221;&#8221; style=&#8221;&#8221; border_color=&#8221;&#8221;]<a href=\"https:\/\/www.statusholder.com\/premium\/\"><div  class=\"dima-iconbox dima-iconbox-shadow shadow-hover features-box text-center\" data-animate=transition.slideUpBigIn data-delay=300 data-duration=500 style=\"background-color:#ffffff;\"><header  class=\"icon-box-header  box-none\"  ><span  class=\"svg_icon  icon-box-small  \" ><svg version=\"1.1\" xmlns=\"http:\/\/www.w3.org\/2000\/svg\" xmlns:xlink=\"http:\/\/www.w3.org\/1999\/xlink\" width=\"32\" height=\"32\" viewBox=\"0 0 32 32\">\n<g>\n<\/g>\n\t<path d=\"M16 14h12v2h-12v-2z\" fill=\"#000000\" \/>\n\t<path d=\"M16 18.020h8v2h-8v-2z\" fill=\"#000000\" \/>\n\t<path d=\"M10 20h-10v-16h20v2.984h-2v-0.984h-16v12h8z\" fill=\"#000000\" \/>\n\t<path d=\"M3.971 8.984h6v2h-6v-2z\" fill=\"#000000\" \/>\n\t<path d=\"M3.971 13.004h6.029v2h-6.029v-2z\" fill=\"#000000\" \/>\n\t<path d=\"M12 31v-22h20v16h-13v-2h11v-12h-16v14l1.2-1.6 1.6 1.2z\" fill=\"#000000\" \/>\n<\/svg>\n<\/span><\/header><div  class=\"features-content\"  ><h5 class=\"features-title\" >Premio<\/h5><span class=\"dima-divider line-center line-hr small-line\"><\/span>Lo strumento pu\u00f2 essere utilizzato gratuitamente. Tuttavia, le impostazioni sono disponibili solo con una licenza Premium.<\/div><\/div><\/a>[\/vc_column_inner][vc_column_inner animation=&#8221;transition.slideUpBigIn&#8221; delay=&#8221;500&#8243; animate_item=&#8221;&#8221; delay_duration=&#8221;500&#8243; delay_offset=&#8221;&#8221; translate_x=&#8221;0&#8243; dima_z_index=&#8221;0&#8243; width=&#8221;1\/3&#8243; id=&#8221;&#8221; class=&#8221;&#8221; style=&#8221;&#8221; border_color=&#8221;&#8221;]<a href=\"https:\/\/www.statusholder.com\/download\/\"><div  class=\"dima-iconbox dima-iconbox-shadow shadow-hover features-box text-center\"  data-delay=500 data-duration=500 style=\"background-color:#ffffff;\"><header  class=\"icon-box-header  box-none\"  ><span  class=\"svg_icon  icon-box-small  \" ><svg version=\"1.1\" xmlns=\"http:\/\/www.w3.org\/2000\/svg\" xmlns:xlink=\"http:\/\/www.w3.org\/1999\/xlink\" width=\"32\" height=\"32\" viewBox=\"0 0 32 32\">\n<g>\n<\/g>\n\t<path d=\"M9 14h13v2h-13v-2z\" fill=\"#000000\" \/>\n\t<path d=\"M9 18h13v2h-13v-2z\" fill=\"#000000\" \/>\n\t<path d=\"M9 22h13v2h-13v-2z\" fill=\"#000000\" \/>\n\t<path d=\"M9 8h6v2h-6v-2z\" fill=\"#000000\" \/>\n\t<path d=\"M29 32h-27v-28h2v26h23v-28h-25v-2h27z\" fill=\"#000000\" \/>\n<\/svg>\n<\/span><\/header><div  class=\"features-content\"  ><h5 class=\"features-title\" >Scaricare<\/h5><span class=\"dima-divider line-center line-hr small-line\"><\/span>Il Titolare di stato \u00e8 attualmente disponibile per tutte le versioni di Windows e non deve essere installato.<\/div><\/div><\/a>[\/vc_column_inner][\/vc_row_inner][\/vc_column][\/vc_row]<\/p>\n<\/div>","protected":false},"excerpt":{"rendered":"<p>[vc_row bg_type=&#8221;&#8221; dima_canvas_style=&#8221;&#8221; translate_x=&#8221;0&#8243; dima_z_index=&#8221;0&#8243; delay=&#8221;&#8221; animate_item=&#8221;&#8221; delay_duration=&#8221;&#8221; delay_offset=&#8221;&#8221; top_and_bottom_padding=&#8221;&#8221; left_and_right_padding=&#8221;&#8221; id=&#8221;&#8221; class=&#8221;&#8221; border_color=&#8221;&#8221;][vc_column min_height=&#8221;&#8221; bg_type=&#8221;&#8221; dima_canvas_style=&#8221;&#8221; translate_x=&#8221;0&#8243; dima_z_index=&#8221;0&#8243; delay=&#8221;&#8221; animate_item=&#8221;&#8221; delay_duration=&#8221;&#8221; delay_offset=&#8221;&#8221; width=&#8221;1\/1&#8243;][\/vc_column][\/vc_row][vc_row bg_type=&#8221;&#8221; dima_canvas_style=&#8221;&#8221; cover=&#8221;true&#8221; cover_color=&#8221;#f7f7f7&#8243; translate_x=&#8221;0&#8243; dima_z_index=&#8221;0&#8243; delay=&#8221;&#8221; animate_item=&#8221;&#8221; delay_duration=&#8221;&#8221; delay_offset=&#8221;&#8221; di_bg_color=&#8221;#fafafa&#8221; top_and_bottom_padding=&#8221;&#8221; left_and_right_padding=&#8221;&#8221; class=&#8221;&#8221; style=&#8221;&#8221; css=&#8221;.vc_custom_1519122440983{background-color: #fafafa !important;}&#8221; border_color=&#8221;&#8221; id=&#8221;&#8221;][vc_column min_height=&#8221;&#8221; bg_type=&#8221;&#8221; dima_canvas_style=&#8221;&#8221; translate_x=&#8221;0&#8243; dima_z_index=&#8221;0&#8243; delay=&#8221;&#8221; animate_item=&#8221;&#8221; delay_duration=&#8221;&#8221; delay_offset=&#8221;&#8221; width=&#8221;1\/1&#8243;][vc_row_inner bg_type=&#8221;bg_color&#8221; [&hellip;]<\/p>\n","protected":false},"author":1,"featured_media":0,"parent":16863,"menu_order":0,"comment_status":"closed","ping_status":"closed","template":"","meta":{"_monsterinsights_skip_tracking":false,"_monsterinsights_sitenote_active":false,"_monsterinsights_sitenote_note":"","_monsterinsights_sitenote_category":0,"footnotes":""},"class_list":["post-16859","page","type-page","status-publish","hentry","no-post-thumbnail"],"_links":{"self":[{"href":"https:\/\/www.statusholder.com\/it\/wp-json\/wp\/v2\/pages\/16859","targetHints":{"allow":["GET"]}}],"collection":[{"href":"https:\/\/www.statusholder.com\/it\/wp-json\/wp\/v2\/pages"}],"about":[{"href":"https:\/\/www.statusholder.com\/it\/wp-json\/wp\/v2\/types\/page"}],"author":[{"embeddable":true,"href":"https:\/\/www.statusholder.com\/it\/wp-json\/wp\/v2\/users\/1"}],"replies":[{"embeddable":true,"href":"https:\/\/www.statusholder.com\/it\/wp-json\/wp\/v2\/comments?post=16859"}],"version-history":[{"count":20,"href":"https:\/\/www.statusholder.com\/it\/wp-json\/wp\/v2\/pages\/16859\/revisions"}],"predecessor-version":[{"id":30714,"href":"https:\/\/www.statusholder.com\/it\/wp-json\/wp\/v2\/pages\/16859\/revisions\/30714"}],"up":[{"embeddable":true,"href":"https:\/\/www.statusholder.com\/it\/wp-json\/wp\/v2\/pages\/16863"}],"wp:attachment":[{"href":"https:\/\/www.statusholder.com\/it\/wp-json\/wp\/v2\/media?parent=16859"}],"curies":[{"name":"wp","href":"https:\/\/api.w.org\/{rel}","templated":true}]}}