{"id":17111,"date":"2023-06-16T11:05:37","date_gmt":"2023-06-16T09:05:37","guid":{"rendered":"https:\/\/www.statusholder.com\/titolare-di-stato-per-mac-os\/"},"modified":"2024-03-24T13:10:45","modified_gmt":"2024-03-24T12:10:45","slug":"titolare-di-stato-per-mac-os","status":"publish","type":"page","link":"https:\/\/www.statusholder.com\/it\/titolare-di-stato-per-mac-os\/","title":{"rendered":"Titolare di stato per Mac OS"},"content":{"rendered":"\n<p>Il Titolare di Stato \u00e8 ora dotato di una serie di <a href=\"https:\/\/www.statusholder.com\/it\/caratteristiche\/\" target=\"_blank\" data-type=\"page\" data-id=\"2131\" rel=\"noreferrer noopener\">funzioni<\/a>. Tuttavia, la funzione principale \u00e8 quella di essere sempre online in squadre. Status Holder \u00e8 stato sviluppato per Windows e <strong>non \u00e8 attualmente disponibile per Mac OS<\/strong>.<\/p>\n\n<div class=\"wp-block-buttons is-layout-flex wp-block-buttons-is-layout-flex\">\n<div class=\"wp-block-button has-custom-width wp-block-button__width-100\"><a class=\"wp-block-button__link has-white-color has-vivid-cyan-blue-background-color has-text-color has-background wp-element-button\" href=\"https:\/\/www.statusholder.com\/download\/\">Scarica per Windows<\/a><\/div>\n<\/div>\n\n<div style=\"height:30px\" aria-hidden=\"true\" class=\"wp-block-spacer\"><\/div>\n\n<h2 class=\"wp-block-heading\">Alternative per Mac OS<\/h2>\n\n<p>Il 95% degli utenti di Status Holder sono utenti di Microsoft Windows. Lo sforzo di sviluppo di un&#8217;applicazione per Mac OS da parte nostra \u00e8 enorme. Ecco perch\u00e9 abbiamo deciso di non creare un&#8217;applicazione per MacOS.<\/p>\n<div class=\"wp-block-image\">\n<figure class=\"aligncenter size-full is-resized\"><img decoding=\"async\" width=\"640\" height=\"380\" src=\"https:\/\/www.statusholder.com\/wp-content\/uploads\/2023\/06\/home-office-g2729e3ea2_640-1.png\" alt=\"Titolare di stato Mac OS\" class=\"wp-image-9552\" style=\"width:480px;height:285px\" srcset=\"https:\/\/www.statusholder.com\/wp-content\/uploads\/2023\/06\/home-office-g2729e3ea2_640-1.png 640w, https:\/\/www.statusholder.com\/wp-content\/uploads\/2023\/06\/home-office-g2729e3ea2_640-1-300x178.png 300w, https:\/\/www.statusholder.com\/wp-content\/uploads\/2023\/06\/home-office-g2729e3ea2_640-1-585x347.png 585w, https:\/\/www.statusholder.com\/wp-content\/uploads\/2023\/06\/home-office-g2729e3ea2_640-1-100x59.png 100w\" sizes=\"(max-width: 640px) 100vw, 640px\" \/><\/figure>\n<\/div>\n<p>Affinch\u00e9 anche gli utenti con un Apple MacBook possano evitare i problemi di protezione dei dati e di <a href=\"https:\/\/www.statusholder.com\/ueberwachung-verhindern\/\" target=\"_blank\" data-type=\"post\" data-id=\"7375\" rel=\"noreferrer noopener\">monitoraggio dei dipendenti<\/a>, esistono <a href=\"https:\/\/support.apple.com\/de-de\/guide\/mac-help\/mchl110b00b7\/mac\" target=\"_blank\" rel=\"noreferrer noopener\">applicazioni per Mac OS<\/a> con le quali non siamo in alcun modo collegati.<\/p>\n\n<p>Vediamo due alternative al nostro titolare. Esiste un software per Mac OS che consente di spostare il puntatore del mouse in modo da essere sempre visualizzati online. Un altro metodo consiste nell&#8217;utilizzare un mouse jiggler USB per simulare l&#8217;input del mouse. La versione hardware funziona per Windows e MacOS.<\/p>\n\n<div class=\"wp-block-buttons is-layout-flex wp-block-buttons-is-layout-flex\">\n<div class=\"wp-block-button has-custom-width wp-block-button__width-100\"><a class=\"wp-block-button__link has-white-color has-vivid-cyan-blue-background-color has-text-color has-background wp-element-button\" href=\"http:\/\/www.sticksoftware.com\/software\/Jiggler.html\" target=\"_blank\" rel=\"noreferrer noopener\">Mouse Jiggler per MacOS (esterno)<\/a><\/div>\n<\/div>\n\n<div style=\"height:10px\" aria-hidden=\"true\" class=\"wp-block-spacer\"><\/div>\n\n<div class=\"wp-block-buttons is-layout-flex wp-block-buttons-is-layout-flex\">\n<div class=\"wp-block-button has-custom-width wp-block-button__width-100\"><a class=\"wp-block-button__link has-white-color has-vivid-cyan-blue-background-color has-text-color has-background wp-element-button\" href=\"https:\/\/www.statusholder.com\/shop\/usb-mouse-jiggler\/\" target=\"_blank\" rel=\"noreferrer noopener\">Mouse Jiggler USB (Hardware)<\/a><\/div>\n<\/div>\n\n<p>Raccomandiamo i Mouse Jigger USB perch\u00e9 funzionano con ogni versione di Mac OS e ne esistono molte varianti.<\/p>\n","protected":false},"excerpt":{"rendered":"<p>Il Titolare di Stato \u00e8 ora dotato di una serie di funzioni. Tuttavia, la funzione principale \u00e8 quella di essere sempre online in squadre. Status Holder \u00e8 stato sviluppato per Windows e non \u00e8 attualmente disponibile per Mac OS. Alternative per Mac OS Il 95% degli utenti di Status Holder sono utenti di Microsoft Windows. [&hellip;]<\/p>\n","protected":false},"author":1,"featured_media":17118,"parent":0,"menu_order":0,"comment_status":"closed","ping_status":"closed","template":"","meta":{"_monsterinsights_skip_tracking":false,"_monsterinsights_sitenote_active":false,"_monsterinsights_sitenote_note":"","_monsterinsights_sitenote_category":0,"footnotes":""},"class_list":["post-17111","page","type-page","status-publish","has-post-thumbnail","hentry"],"_links":{"self":[{"href":"https:\/\/www.statusholder.com\/it\/wp-json\/wp\/v2\/pages\/17111","targetHints":{"allow":["GET"]}}],"collection":[{"href":"https:\/\/www.statusholder.com\/it\/wp-json\/wp\/v2\/pages"}],"about":[{"href":"https:\/\/www.statusholder.com\/it\/wp-json\/wp\/v2\/types\/page"}],"author":[{"embeddable":true,"href":"https:\/\/www.statusholder.com\/it\/wp-json\/wp\/v2\/users\/1"}],"replies":[{"embeddable":true,"href":"https:\/\/www.statusholder.com\/it\/wp-json\/wp\/v2\/comments?post=17111"}],"version-history":[{"count":1,"href":"https:\/\/www.statusholder.com\/it\/wp-json\/wp\/v2\/pages\/17111\/revisions"}],"predecessor-version":[{"id":17121,"href":"https:\/\/www.statusholder.com\/it\/wp-json\/wp\/v2\/pages\/17111\/revisions\/17121"}],"wp:featuredmedia":[{"embeddable":true,"href":"https:\/\/www.statusholder.com\/it\/wp-json\/wp\/v2\/media\/17118"}],"wp:attachment":[{"href":"https:\/\/www.statusholder.com\/it\/wp-json\/wp\/v2\/media?parent=17111"}],"curies":[{"name":"wp","href":"https:\/\/api.w.org\/{rel}","templated":true}]}}