{"id":17167,"date":"2023-05-05T10:23:00","date_gmt":"2023-05-05T08:23:00","guid":{"rendered":"https:\/\/www.statusholder.com\/negozio\/"},"modified":"2024-03-24T13:11:01","modified_gmt":"2024-03-24T12:11:01","slug":"negozio","status":"publish","type":"page","link":"https:\/\/www.statusholder.com\/it\/negozio\/","title":{"rendered":"Negozio"},"content":{"rendered":"<div class=\"wpb-content-wrapper\"><p>[vc_row no_padding=&#8221;true&#8221; bg_type=&#8221;&#8221; dima_canvas_style=&#8221;&#8221; translate_x=&#8221;0&#8243; dima_z_index=&#8221;0&#8243; delay=&#8221;&#8221; animate_item=&#8221;&#8221; delay_duration=&#8221;&#8221; delay_offset=&#8221;&#8221; id=&#8221;&#8221; class=&#8221;&#8221; border_color=&#8221;&#8221;][vc_column min_height=&#8221;&#8221; content_position=&#8221;start&#8221; bg_type=&#8221;&#8221; dima_canvas_style=&#8221;&#8221; translate_x=&#8221;0&#8243; dima_z_index=&#8221;0&#8243; delay=&#8221;&#8221; animate_item=&#8221;&#8221; delay_duration=&#8221;&#8221; delay_offset=&#8221;&#8221; width=&#8221;1\/1&#8243; id=&#8221;&#8221; class=&#8221;&#8221; style=&#8221;&#8221; border_color=&#8221;&#8221;]<div  class=\"dima-callout-btn-bottom no-border dima-callout dima-callout-6a0950b1e71fb text-start\"  ><div class=\"dima-section-cover background-image-holder dima-color-mask-6a0950b1e71fb\"><\/div><div class=\"background-image-hide background-cover\" data-bg-image=\"https:\/\/www.statusholder.com\/wp-content\/uploads\/2023\/05\/usb-flash-drive-gd83e9f1ed_1280.jpg\"><\/div><h4 class=\"h-callout\" style=\"color:#ffffff;\">Hardware Mouse Jiggler<\/h4><p class=\"p-callout\" style=\"color:#ffffff;\">Der USB Mouse Jiggler imitieren eine Mausbewegung am Computer. Somit wird man immer Online angezeigt.<\/p><a   href=\"https:\/\/www.statusholder.com\/shop\/usb-mouse-jiggler\/\"  class=\"dima-button dima-waves fill dima-btn-small dima-shadow dima-btn-no-rounded\"      >Acquista il mouse USB Jiggler<\/a><\/div><style id=\"dima-shortcode-style-6a0950b1e71fb\" type=\"text\/css\">.dima-callout-6a0950b1e71fb .dima-color-mask-6a0950b1e71fb{background:}<\/style><div  class=\"dima-clear\" style=\"padding-bottom:20px\"><\/div>[\/vc_column][\/vc_row][vc_row no_padding=&#8221;true&#8221; bg_type=&#8221;&#8221; dima_canvas_style=&#8221;&#8221; translate_x=&#8221;0&#8243; dima_z_index=&#8221;0&#8243; delay=&#8221;&#8221; animate_item=&#8221;&#8221; delay_duration=&#8221;&#8221; delay_offset=&#8221;&#8221; id=&#8221;&#8221; class=&#8221;&#8221; border_color=&#8221;&#8221;][vc_column min_height=&#8221;&#8221; content_position=&#8221;start&#8221; bg_type=&#8221;&#8221; dima_canvas_style=&#8221;&#8221; translate_x=&#8221;0&#8243; dima_z_index=&#8221;0&#8243; delay=&#8221;&#8221; animate_item=&#8221;&#8221; delay_duration=&#8221;&#8221; delay_offset=&#8221;&#8221; width=&#8221;1\/1&#8243; id=&#8221;&#8221; class=&#8221;&#8221; style=&#8221;&#8221; border_color=&#8221;&#8221;]<div  class=\"dima-callout-btn-bottom no-border dima-callout dima-callout-6a0950b1e7617 text-start\"  ><div class=\"dima-section-cover background-image-holder dima-color-mask-6a0950b1e7617\"><\/div><div class=\"background-image-hide background-cover\" data-bg-image=\"https:\/\/www.statusholder.com\/wp-content\/uploads\/2023\/05\/woman-g3338b820f_1280.jpg\"><\/div><h4 class=\"h-callout\" style=\"color:#ffffff;\">Luci d'emergenza<\/h4><p class=\"p-callout\" style=\"color:#ffffff;\">Busy Lights sind ideal f\u00fcr Gro\u00dfraumb\u00fcros. Diese zeigen anderen Mitarbeitern von Weitem an, dass Sie gerade telefonieren.<\/p><a   href=\"https:\/\/www.statusholder.com\/shop\/busy-light\/\"  class=\"dima-button dima-waves fill dima-btn-small dima-shadow dima-btn-no-rounded\"      >Acquistare Busy Lights<\/a><\/div><style id=\"dima-shortcode-style-6a0950b1e7617\" type=\"text\/css\">.dima-callout-6a0950b1e7617 .dima-color-mask-6a0950b1e7617{background:}<\/style>[\/vc_column][\/vc_row]<\/p>\n<\/div>","protected":false},"excerpt":{"rendered":"<p>[vc_row no_padding=&#8221;true&#8221; bg_type=&#8221;&#8221; dima_canvas_style=&#8221;&#8221; translate_x=&#8221;0&#8243; dima_z_index=&#8221;0&#8243; delay=&#8221;&#8221; animate_item=&#8221;&#8221; delay_duration=&#8221;&#8221; delay_offset=&#8221;&#8221; id=&#8221;&#8221; class=&#8221;&#8221; border_color=&#8221;&#8221;][vc_column min_height=&#8221;&#8221; content_position=&#8221;start&#8221; bg_type=&#8221;&#8221; dima_canvas_style=&#8221;&#8221; translate_x=&#8221;0&#8243; dima_z_index=&#8221;0&#8243; delay=&#8221;&#8221; animate_item=&#8221;&#8221; delay_duration=&#8221;&#8221; delay_offset=&#8221;&#8221; width=&#8221;1\/1&#8243; id=&#8221;&#8221; class=&#8221;&#8221; style=&#8221;&#8221; border_color=&#8221;&#8221;][\/vc_column][\/vc_row][vc_row no_padding=&#8221;true&#8221; bg_type=&#8221;&#8221; dima_canvas_style=&#8221;&#8221; translate_x=&#8221;0&#8243; dima_z_index=&#8221;0&#8243; delay=&#8221;&#8221; animate_item=&#8221;&#8221; delay_duration=&#8221;&#8221; delay_offset=&#8221;&#8221; id=&#8221;&#8221; class=&#8221;&#8221; border_color=&#8221;&#8221;][vc_column min_height=&#8221;&#8221; content_position=&#8221;start&#8221; bg_type=&#8221;&#8221; dima_canvas_style=&#8221;&#8221; translate_x=&#8221;0&#8243; dima_z_index=&#8221;0&#8243; delay=&#8221;&#8221; animate_item=&#8221;&#8221; delay_duration=&#8221;&#8221; delay_offset=&#8221;&#8221; width=&#8221;1\/1&#8243; id=&#8221;&#8221; class=&#8221;&#8221; style=&#8221;&#8221; border_color=&#8221;&#8221;][\/vc_column][\/vc_row]<\/p>\n","protected":false},"author":1,"featured_media":0,"parent":0,"menu_order":0,"comment_status":"closed","ping_status":"closed","template":"","meta":{"_monsterinsights_skip_tracking":false,"_monsterinsights_sitenote_active":false,"_monsterinsights_sitenote_note":"","_monsterinsights_sitenote_category":0,"footnotes":""},"class_list":["post-17167","page","type-page","status-publish","hentry","no-post-thumbnail"],"_links":{"self":[{"href":"https:\/\/www.statusholder.com\/it\/wp-json\/wp\/v2\/pages\/17167","targetHints":{"allow":["GET"]}}],"collection":[{"href":"https:\/\/www.statusholder.com\/it\/wp-json\/wp\/v2\/pages"}],"about":[{"href":"https:\/\/www.statusholder.com\/it\/wp-json\/wp\/v2\/types\/page"}],"author":[{"embeddable":true,"href":"https:\/\/www.statusholder.com\/it\/wp-json\/wp\/v2\/users\/1"}],"replies":[{"embeddable":true,"href":"https:\/\/www.statusholder.com\/it\/wp-json\/wp\/v2\/comments?post=17167"}],"version-history":[{"count":2,"href":"https:\/\/www.statusholder.com\/it\/wp-json\/wp\/v2\/pages\/17167\/revisions"}],"predecessor-version":[{"id":17183,"href":"https:\/\/www.statusholder.com\/it\/wp-json\/wp\/v2\/pages\/17167\/revisions\/17183"}],"wp:attachment":[{"href":"https:\/\/www.statusholder.com\/it\/wp-json\/wp\/v2\/media?parent=17167"}],"curies":[{"name":"wp","href":"https:\/\/api.w.org\/{rel}","templated":true}]}}