{"id":17177,"date":"2022-07-11T13:43:18","date_gmt":"2022-07-11T11:43:18","guid":{"rendered":"https:\/\/www.statusholder.com\/mouse-jiggler-online\/"},"modified":"2024-03-24T13:11:02","modified_gmt":"2024-03-24T12:11:02","slug":"mouse-jiggler-online","status":"publish","type":"page","link":"https:\/\/www.statusholder.com\/it\/mouse-jiggler-online\/","title":{"rendered":"Mouse Jiggler online"},"content":{"rendered":"<div class=\"wpb-content-wrapper\"><p>[vc_row no_padding=&#8221;true&#8221; bg_type=&#8221;&#8221; dima_canvas_style=&#8221;&#8221; translate_x=&#8221;0&#8243; dima_z_index=&#8221;0&#8243; delay=&#8221;&#8221; animate_item=&#8221;&#8221; delay_duration=&#8221;&#8221; delay_offset=&#8221;&#8221; id=&#8221;&#8221; class=&#8221;&#8221; border_color=&#8221;&#8221;][vc_column min_height=&#8221;&#8221; bg_type=&#8221;&#8221; dima_canvas_style=&#8221;&#8221; translate_x=&#8221;0&#8243; dima_z_index=&#8221;0&#8243; delay=&#8221;&#8221; animate_item=&#8221;&#8221; delay_duration=&#8221;&#8221; delay_offset=&#8221;&#8221; width=&#8221;1\/1&#8243;]<div  class=\"dima-clear\" style=\"padding-bottom:100px\"><\/div><h2  class=\"dima-custom-heading\"   > <i class= \"fas fa-bell\" > <\/i> Passo 1 &#8211; Abbonamento<\/h2>\n\t<div class=\"wpb_content_element \" >\n\t\t<div class=\"wpb_wrapper\">\n\t\t\t<p>Iscrivetevi al canale Youtube WJC3 per utilizzare correttamente il Mouse Jiggler (Status Holder Online).<\/p>\n<p><script src=\"https:\/\/apis.google.com\/js\/platform.js\"><\/script><\/p>\n<div class=\"g-ytsubscribe\" data-channelid=\"UCyZIbj49n_w9kHeq-jYCMgw\" data-layout=\"full\" data-count=\"hidden\"><\/div>\n<p><em>Se questa operazione \u00e8 gi\u00e0 stata eseguita, si pu\u00f2 passare al passaggio successivo.<\/em><\/p>\n\n\t\t<\/div> \n\t<\/div> [\/vc_column][\/vc_row][vc_row no_padding=&#8221;true&#8221; bg_type=&#8221;&#8221; dima_canvas_style=&#8221;&#8221; translate_x=&#8221;0&#8243; dima_z_index=&#8221;0&#8243; delay=&#8221;&#8221; animate_item=&#8221;&#8221; delay_duration=&#8221;&#8221; delay_offset=&#8221;&#8221; id=&#8221;&#8221; class=&#8221;&#8221; border_color=&#8221;&#8221;][vc_column min_height=&#8221;&#8221; bg_type=&#8221;&#8221; dima_canvas_style=&#8221;&#8221; translate_x=&#8221;0&#8243; dima_z_index=&#8221;0&#8243; delay=&#8221;&#8221; animate_item=&#8221;&#8221; delay_duration=&#8221;&#8221; delay_offset=&#8221;&#8221; width=&#8221;1\/1&#8243;]<div  class=\"dima-clear\" style=\"padding-bottom:30px\"><\/div>[\/vc_column][\/vc_row][vc_row no_padding=&#8221;true&#8221; bg_type=&#8221;&#8221; dima_canvas_style=&#8221;&#8221; translate_x=&#8221;0&#8243; dima_z_index=&#8221;0&#8243; delay=&#8221;&#8221; animate_item=&#8221;&#8221; delay_duration=&#8221;&#8221; delay_offset=&#8221;&#8221; id=&#8221;&#8221; class=&#8221;&#8221; border_color=&#8221;&#8221;][vc_column min_height=&#8221;&#8221; bg_type=&#8221;&#8221; dima_canvas_style=&#8221;&#8221; translate_x=&#8221;0&#8243; dima_z_index=&#8221;0&#8243; delay=&#8221;&#8221; animate_item=&#8221;&#8221; delay_duration=&#8221;&#8221; delay_offset=&#8221;&#8221; width=&#8221;1\/1&#8243;]<h2  class=\"dima-custom-heading\"   > <i class= \"fab fa-youtube\" > <\/i> Fase 2 &#8211; Avvio<\/h2>\n\t<div class=\"wpb_content_element \" >\n\t\t<div class=\"wpb_wrapper\">\n\t\t\t<p>Per attivare il Mouse Jiggler online, avviare il video.<\/p>\n<p><iframe loading=\"lazy\" title=\"Lettore video di YouTube\" src=\"https:\/\/www.youtube.com\/embed\/s6q2fbDeCKc\" width=\"560\" height=\"315\" frameborder=\"0\" allowfullscreen=\"allowfullscreen\"><\/iframe><\/p>\n\n\t\t<\/div> \n\t<\/div> [\/vc_column][\/vc_row][vc_row no_padding=&#8221;true&#8221; bg_type=&#8221;&#8221; dima_canvas_style=&#8221;&#8221; translate_x=&#8221;0&#8243; dima_z_index=&#8221;0&#8243; delay=&#8221;&#8221; animate_item=&#8221;&#8221; delay_duration=&#8221;&#8221; delay_offset=&#8221;&#8221; id=&#8221;&#8221; class=&#8221;&#8221; border_color=&#8221;&#8221;][vc_column min_height=&#8221;&#8221; bg_type=&#8221;&#8221; dima_canvas_style=&#8221;&#8221; translate_x=&#8221;0&#8243; dima_z_index=&#8221;0&#8243; delay=&#8221;&#8221; animate_item=&#8221;&#8221; delay_duration=&#8221;&#8221; delay_offset=&#8221;&#8221; width=&#8221;1\/1&#8243;]<div  class=\"dima-clear\" style=\"padding-bottom:30px\"><\/div>[\/vc_column][\/vc_row][vc_row no_padding=&#8221;true&#8221; bg_type=&#8221;&#8221; dima_canvas_style=&#8221;&#8221; translate_x=&#8221;0&#8243; dima_z_index=&#8221;0&#8243; delay=&#8221;&#8221; animate_item=&#8221;&#8221; delay_duration=&#8221;&#8221; delay_offset=&#8221;&#8221; id=&#8221;&#8221; class=&#8221;&#8221; border_color=&#8221;&#8221;][vc_column min_height=&#8221;&#8221; bg_type=&#8221;&#8221; dima_canvas_style=&#8221;&#8221; translate_x=&#8221;0&#8243; dima_z_index=&#8221;0&#8243; delay=&#8221;&#8221; animate_item=&#8221;&#8221; delay_duration=&#8221;&#8221; delay_offset=&#8221;&#8221; width=&#8221;1\/1&#8243;]<h2  class=\"dima-custom-heading\"   > <i class= \"fas fa-desktop\" > <\/i> Fase 3 &#8211; Attenzione!<\/h2>\n\t<div class=\"wpb_content_element \" >\n\t\t<div class=\"wpb_wrapper\">\n\t\t\t<ol>\n<li>Riproducete questo video sul vostro <strong>cellulare o tablet<\/strong> <\/li>\n<li>Posizionare il <strong>mouse ottico<\/strong> su di esso<\/li>\n<li>Assicurarsi che la <strong>luminosit\u00e0 del dispositivo sia impostata al massimo<\/strong>.<\/li>\n<\/ol>\n\n\t\t<\/div> \n\t<\/div> [\/vc_column][\/vc_row][vc_row no_padding=&#8221;true&#8221; bg_type=&#8221;&#8221; dima_canvas_style=&#8221;&#8221; translate_x=&#8221;0&#8243; dima_z_index=&#8221;0&#8243; delay=&#8221;&#8221; animate_item=&#8221;&#8221; delay_duration=&#8221;&#8221; delay_offset=&#8221;&#8221; id=&#8221;&#8221; class=&#8221;&#8221; border_color=&#8221;&#8221;][vc_column min_height=&#8221;&#8221; bg_type=&#8221;&#8221; dima_canvas_style=&#8221;&#8221; translate_x=&#8221;0&#8243; dima_z_index=&#8221;0&#8243; delay=&#8221;&#8221; animate_item=&#8221;&#8221; delay_duration=&#8221;&#8221; delay_offset=&#8221;&#8221; width=&#8221;1\/1&#8243;]<div  class=\"dima-clear\" style=\"padding-bottom:100px\"><\/div>[\/vc_column][\/vc_row][vc_row no_padding=&#8221;true&#8221; bg_type=&#8221;&#8221; dima_canvas_style=&#8221;&#8221; translate_x=&#8221;0&#8243; dima_z_index=&#8221;0&#8243; delay=&#8221;&#8221; animate_item=&#8221;&#8221; delay_duration=&#8221;&#8221; delay_offset=&#8221;&#8221; id=&#8221;&#8221; class=&#8221;&#8221; border_color=&#8221;&#8221;][vc_column min_height=&#8221;&#8221; bg_type=&#8221;&#8221; dima_canvas_style=&#8221;&#8221; translate_x=&#8221;0&#8243; dima_z_index=&#8221;0&#8243; delay=&#8221;&#8221; animate_item=&#8221;&#8221; delay_duration=&#8221;&#8221; delay_offset=&#8221;&#8221; width=&#8221;1\/1&#8243;]<h2  class=\"dima-custom-heading\"   > <i class= \"fas fa-info\" > <\/i> Online Mouse-Jiggler<\/h2>[vc_wp_text]Un mouse jiggler simula il movimento del mouse sul computer dell&#8217;utente. Ma perch\u00e9 fare una cosa del genere? Muovendo il mouse, il computer viene indotto a credere che l&#8217;utente stia lavorando. Ci\u00f2 provoca la soppressione dello <a href=\"https:\/\/www.itnator.net\/bildschirmschoner-funktioniert-nicht-windows-10\/\" target=\"_blank\" rel=\"noopener\">screen saver<\/a> e della modalit\u00e0 di sospensione <a href=\"https:\/\/www.itnator.net\/bildschirmschoner-funktioniert-nicht-windows-10\/\" target=\"_blank\" rel=\"noopener\">di Windows<\/a>.<\/p>\n<p>Tuttavia, un mouse jiggler pu\u00f2 essere utilizzato non solo per lo screen saver, ma anche per influenzare lo stato di Teams o Skype for Business. Finch\u00e9 viene riconosciuto un movimento del mouse, lo stato delle squadre \u00e8 impostato su Disponibile.<\/p>\n<h3>Titolare di stato per Windows<\/h3>\n<p>Il nostro Status Holder per Windows pu\u00f2 fare proprio questo. Influenza lo stato delle squadre in modo da essere sempre visualizzati come disponibili. Questo perch\u00e9 lo stato dei team pu\u00f2 fornire informazioni sul comportamento degli utenti. Nel peggiore dei casi, il risultato \u00e8 il monitoraggio dei dipendenti. Per quanto tempo il dipendente \u00e8 online e quando \u00e8 offline?<\/p>\n<p>Il Titolare di Stato \u00e8 gratuito e, trattandosi di un&#8217;applicazione da eseguire con un clic, non deve essere installato. Oltre alla classica funzione Mouse Jiggler, il supporto di stato ha molte funzioni utili, come l&#8217;uscita automatica. Purtroppo queste funzioni non sono disponibili in Online Mouse Jiggler.<\/p>\n<h3>Quando si usa il Mouse Jiggler online?<\/h3>\n<p>Il nostro Titolare di Stato \u00e8 attualmente disponibile solo per Microsoft Windows 10 e 11. \u00c8 necessario utilizzare Online Mouse Jiggler per renderlo disponibile in modo permanente su un libro Mac. Tutto ci\u00f2 che serve \u00e8 una connessione a Internet ed eventualmente un cavo di ricarica per il dispositivo mobile.<\/p>\n<h3>Il mouse jiggler \u00e8 hardware o software?<\/h3>\n<p>Un simulatore dei movimenti del mouse \u00e8 disponibile come versione software. Tuttavia, \u00e8 possibile acquistare su Amazon un mouse jiggler hardware per impostare lo stato in modo permanente su Online. Tuttavia, questa chiavetta USB hardware presenta anche degli svantaggi, come mostra la seguente panoramica: <a href=\"https:\/\/www.statusholder.com\/it\/caratteristiche\/alternative\/\">Status Holder alternative \/ confronti<\/a><\/p>\n<h3>Utilizzate il Titolare di stato online<\/h3>\n<p>Se si dispone di un dispositivo finale senza Microsoft Windows, l&#8217;app Status Holder non pu\u00f2 essere utilizzata. La versione online pu\u00f2 essere utilizzata per visualizzare l&#8217;ingorgo di Teams o Skype online. Il problema potrebbe riguardare i seguenti dispositivi:<\/p>\n<ul>\n<li>Mac<\/li>\n<li>MacBook<\/li>\n<li>iPad (Standard \/ Air \/ Pro)<\/li>\n<li>Computer Linux<\/li>\n<li>SmartPhone Android<\/li>\n<\/ul>\n<p><img decoding=\"async\" class=\"aligncenter size-medium wp-image-7802\" src=\"https:\/\/www.statusholder.com\/wp-content\/uploads\/2022\/07\/statusholder-video-hermajesty-300x169.png\" alt=\"Mouse Jiggler\" width=\"300\" height=\"169\" srcset=\"https:\/\/www.statusholder.com\/wp-content\/uploads\/2022\/07\/statusholder-video-hermajesty-300x169.png 300w, https:\/\/www.statusholder.com\/wp-content\/uploads\/2022\/07\/statusholder-video-hermajesty-1024x576.png 1024w, https:\/\/www.statusholder.com\/wp-content\/uploads\/2022\/07\/statusholder-video-hermajesty-768x432.png 768w, https:\/\/www.statusholder.com\/wp-content\/uploads\/2022\/07\/statusholder-video-hermajesty-585x329.png 585w, https:\/\/www.statusholder.com\/wp-content\/uploads\/2022\/07\/statusholder-video-hermajesty-1170x658.png 1170w, https:\/\/www.statusholder.com\/wp-content\/uploads\/2022\/07\/statusholder-video-hermajesty-100x56.png 100w, https:\/\/www.statusholder.com\/wp-content\/uploads\/2022\/07\/statusholder-video-hermajesty.png 1280w\" sizes=\"(max-width: 300px) 100vw, 300px\" \/><\/p>\n<p>Per utilizzare Online Mouse Jiggler sono sufficienti una connessione a Internet, un browser e un&#8217;<a href=\"https:\/\/www.microsoft.com\/de-de\/microsoft-teams\/download-app\" target=\"_blank\" rel=\"noopener\">applicazione Teams<\/a> installata.<\/p>\n<h3>Mouse Jiggler \u00e8 completamente gratuito<\/h3>\n<p>Il nostro mouse jiggler online \u00e8 ovviamente completamente gratuito e non necessita di installazione. Il video deve essere visualizzato, quindi si pu\u00f2 lasciare il computer &#8211; lo stato di Teams \u00e8 ancora impostato in modo permanente su Disponibile. Iscrivendosi al nostro canale si fa un favore a noi e possiamo offrire il servizio in modo completamente gratuito. Se volete continuare a sostenerci, potete farlo acquistando la <a href=\"https:\/\/www.statusholder.com\/it\/premio\/\">versione premium del Titolare di Stato<\/a>.[\/vc_wp_text][\/vc_column][\/vc_row]<\/p>\n<\/div>","protected":false},"excerpt":{"rendered":"<p>[vc_row no_padding=&#8221;true&#8221; bg_type=&#8221;&#8221; dima_canvas_style=&#8221;&#8221; translate_x=&#8221;0&#8243; dima_z_index=&#8221;0&#8243; delay=&#8221;&#8221; animate_item=&#8221;&#8221; delay_duration=&#8221;&#8221; delay_offset=&#8221;&#8221; id=&#8221;&#8221; class=&#8221;&#8221; border_color=&#8221;&#8221;][vc_column min_height=&#8221;&#8221; bg_type=&#8221;&#8221; dima_canvas_style=&#8221;&#8221; translate_x=&#8221;0&#8243; dima_z_index=&#8221;0&#8243; delay=&#8221;&#8221; animate_item=&#8221;&#8221; delay_duration=&#8221;&#8221; delay_offset=&#8221;&#8221; width=&#8221;1\/1&#8243;][\/vc_column][\/vc_row][vc_row no_padding=&#8221;true&#8221; bg_type=&#8221;&#8221; dima_canvas_style=&#8221;&#8221; translate_x=&#8221;0&#8243; dima_z_index=&#8221;0&#8243; delay=&#8221;&#8221; animate_item=&#8221;&#8221; delay_duration=&#8221;&#8221; delay_offset=&#8221;&#8221; id=&#8221;&#8221; class=&#8221;&#8221; border_color=&#8221;&#8221;][vc_column min_height=&#8221;&#8221; bg_type=&#8221;&#8221; dima_canvas_style=&#8221;&#8221; translate_x=&#8221;0&#8243; dima_z_index=&#8221;0&#8243; delay=&#8221;&#8221; animate_item=&#8221;&#8221; delay_duration=&#8221;&#8221; delay_offset=&#8221;&#8221; width=&#8221;1\/1&#8243;][\/vc_column][\/vc_row][vc_row no_padding=&#8221;true&#8221; bg_type=&#8221;&#8221; dima_canvas_style=&#8221;&#8221; translate_x=&#8221;0&#8243; dima_z_index=&#8221;0&#8243; delay=&#8221;&#8221; animate_item=&#8221;&#8221; delay_duration=&#8221;&#8221; delay_offset=&#8221;&#8221; id=&#8221;&#8221; [&hellip;]<\/p>\n","protected":false},"author":4,"featured_media":0,"parent":0,"menu_order":0,"comment_status":"closed","ping_status":"closed","template":"","meta":{"_monsterinsights_skip_tracking":false,"_monsterinsights_sitenote_active":false,"_monsterinsights_sitenote_note":"","_monsterinsights_sitenote_category":0,"footnotes":""},"class_list":["post-17177","page","type-page","status-publish","hentry","no-post-thumbnail"],"_links":{"self":[{"href":"https:\/\/www.statusholder.com\/it\/wp-json\/wp\/v2\/pages\/17177","targetHints":{"allow":["GET"]}}],"collection":[{"href":"https:\/\/www.statusholder.com\/it\/wp-json\/wp\/v2\/pages"}],"about":[{"href":"https:\/\/www.statusholder.com\/it\/wp-json\/wp\/v2\/types\/page"}],"author":[{"embeddable":true,"href":"https:\/\/www.statusholder.com\/it\/wp-json\/wp\/v2\/users\/4"}],"replies":[{"embeddable":true,"href":"https:\/\/www.statusholder.com\/it\/wp-json\/wp\/v2\/comments?post=17177"}],"version-history":[{"count":2,"href":"https:\/\/www.statusholder.com\/it\/wp-json\/wp\/v2\/pages\/17177\/revisions"}],"predecessor-version":[{"id":17188,"href":"https:\/\/www.statusholder.com\/it\/wp-json\/wp\/v2\/pages\/17177\/revisions\/17188"}],"wp:attachment":[{"href":"https:\/\/www.statusholder.com\/it\/wp-json\/wp\/v2\/media?parent=17177"}],"curies":[{"name":"wp","href":"https:\/\/api.w.org\/{rel}","templated":true}]}}