{"id":27258,"date":"2025-01-15T21:39:21","date_gmt":"2025-01-15T20:39:21","guid":{"rendered":"https:\/\/www.statusholder.com\/affari\/"},"modified":"2025-02-03T21:14:43","modified_gmt":"2025-02-03T20:14:43","slug":"affari","status":"publish","type":"page","link":"https:\/\/www.statusholder.com\/it\/affari\/","title":{"rendered":"Affari"},"content":{"rendered":"<div class=\"wpb-content-wrapper\"><p>[vc_row full_w_bg=&#8221;true&#8221; no_padding=&#8221;true&#8221; bg_type=&#8221;&#8221; dima_canvas_style=&#8221;&#8221; translate_x=&#8221;0&#8243; dima_z_index=&#8221;0&#8243; delay=&#8221;&#8221; animate_item=&#8221;&#8221; delay_duration=&#8221;&#8221; delay_offset=&#8221;&#8221; di_bg_color=&#8221;#fafafa&#8221; border_color=&#8221;&#8221; id=&#8221;&#8221; class=&#8221;&#8221;][vc_column min_height=&#8221;&#8221; bg_type=&#8221;&#8221; dima_canvas_style=&#8221;&#8221; translate_x=&#8221;0&#8243; dima_z_index=&#8221;0&#8243; sd=&#8221;12&#8243; delay=&#8221;&#8221; animate_item=&#8221;&#8221; delay_duration=&#8221;&#8221; delay_offset=&#8221;&#8221; width=&#8221;1\/2&#8243; id=&#8221;&#8221; class=&#8221;&#8221; style=&#8221;&#8221; border_color=&#8221;&#8221;]<div id=\"dima-image-layers-69fcdda6cdd42-7833\" class=\"dima-image-layers-wrap  layers-center\"><div class=\"dima-layer-container\" data-animate=transition.slideLeftIn data-delay=\"600\" data-duration=700><div class=\"dima-layer-centered\" style=\"-webkit-transform: translate(0%, 0%);\n\t\t\t\t\t-moz-transform: translate(0%, 0%);\n\t\t\t\t\t-o-transform: translate(0%, 0%);\n\t\t\t\t\ttransform: translate(0%, 0%); \"><div class=\"dima-layer-item\"><img decoding=\"async\" src=\"https:\/\/www.statusholder.com\/wp-content\/uploads\/2025\/01\/status-holder-for-business.png\" alt=\"Layer\" src=\"https:\/\/www.statusholder.com\/wp-content\/uploads\/2025\/01\/status-holder-for-business.png\" width=\"991\" height=\"445\" width=\"991\" height=\"445\"><\/div><\/div><\/div><div class=\"dima-layer-container\" data-animate=transition.slideRightIn data-delay=\"800\" data-duration=700><div class=\"dima-layer-centered\" style=\"-webkit-transform: translate(0%, 0%);\n\t\t\t\t\t-moz-transform: translate(0%, 0%);\n\t\t\t\t\t-o-transform: translate(0%, 0%);\n\t\t\t\t\ttransform: translate(0%, 0%); \"><div class=\"dima-layer-item\"><img decoding=\"async\" src=\"https:\/\/www.statusholder.com\/wp-content\/uploads\/2017\/10\/pen.png\" alt=\"Layer\" src=\"https:\/\/www.statusholder.com\/wp-content\/uploads\/2017\/10\/pen.png\" width=\"537\" height=\"458\" width=\"537\" height=\"458\"><\/div><\/div><\/div><div class=\"dima-layer-container\" data-animate=transition.slideUpIn data-delay=\"1000\" data-duration=700><div class=\"dima-layer-centered\" style=\"-webkit-transform: translate(0%, 0%);\n\t\t\t\t\t-moz-transform: translate(0%, 0%);\n\t\t\t\t\t-o-transform: translate(0%, 0%);\n\t\t\t\t\ttransform: translate(0%, 0%); \"><div class=\"dima-layer-item\"><img decoding=\"async\" src=\"https:\/\/www.statusholder.com\/wp-content\/uploads\/2017\/10\/arrow.png\" alt=\"Layer\" src=\"https:\/\/www.statusholder.com\/wp-content\/uploads\/2017\/10\/arrow.png\" width=\"537\" height=\"458\" width=\"537\" height=\"458\"><\/div><\/div><\/div><div class=\"dima-layer-container\" data-animate=transition.slideUpIn data-delay=\"1200\" data-duration=700><div class=\"dima-layer-centered\" style=\"-webkit-transform: translate(0%, 0%);\n\t\t\t\t\t-moz-transform: translate(0%, 0%);\n\t\t\t\t\t-o-transform: translate(0%, 0%);\n\t\t\t\t\ttransform: translate(0%, 0%); \"><div class=\"dima-layer-item\"><img decoding=\"async\" src=\"https:\/\/www.statusholder.com\/wp-content\/uploads\/2017\/10\/arrow.png\" alt=\"Layer\" src=\"https:\/\/www.statusholder.com\/wp-content\/uploads\/2017\/10\/arrow.png\" width=\"537\" height=\"458\" width=\"537\" height=\"458\"><\/div><\/div><\/div><div class=\"dima-layer-container\" data-animate=transition.slideRightIn data-delay=\"1400\" data-duration=700><div class=\"dima-layer-centered\" style=\"-webkit-transform: translate(0%, 0%);\n\t\t\t\t\t-moz-transform: translate(0%, 0%);\n\t\t\t\t\t-o-transform: translate(0%, 0%);\n\t\t\t\t\ttransform: translate(0%, 0%); \"><div class=\"dima-layer-item\"><img decoding=\"async\" src=\"https:\/\/www.statusholder.com\/wp-content\/uploads\/2017\/10\/pk.png\" alt=\"Layer\" src=\"https:\/\/www.statusholder.com\/wp-content\/uploads\/2017\/10\/pk.png\" width=\"537\" height=\"458\" width=\"537\" height=\"458\"><\/div><\/div><\/div><\/div>[\/vc_column][vc_column min_height=&#8221;&#8221; bg_type=&#8221;&#8221; dima_canvas_style=&#8221;&#8221; translate_x=&#8221;0&#8243; dima_z_index=&#8221;0&#8243; sd=&#8221;12&#8243; delay=&#8221;&#8221; animate_item=&#8221;&#8221; delay_duration=&#8221;&#8221; delay_offset=&#8221;&#8221; width=&#8221;1\/2&#8243; id=&#8221;&#8221; class=&#8221;&#8221; style=&#8221;&#8221; border_color=&#8221;&#8221;]<h3  class=\"dima-custom-heading\"  data-animate        = transition.slideRightBigIn data-delay             = 100 data-duration = 500 ><\/p>\n<h2>Titolare dello status di azienda<\/h2>\n<p><\/h3>\n\t<div class=\"wpb_content_element \" data-animate=transition.slideRightBigIn data-delay=300 data-duration=500>\n\t\t<div class=\"wpb_wrapper\">\n\t\t\t<p>Soprattutto per i comitati aziendali e le aziende: Metti il Titolare dello Stato a disposizione dei tuoi dipendenti, in modo da far sentire bene tutti i partecipanti! Sicuro, controllato e in piena libert\u00e0. <\/p>\n\n\t\t<\/div> \n\t<\/div> <h6 class=\"h-skill\" data-animate=transition.fadeIn data-delay=100 data-duration=1000 >Gutes Gef\u00fchl der Mitarbeiter<span class=\"percent-end\">100%<\/span><\/h6><div class=\"dima-progressbar\" data-animate=transition.fadeIn data-delay=100 data-duration=1000><div  class=\"progress\" data-color-val=\"\"  ><div class=\"progress-bar \" role=\"progressbar\" aria-valuenow=\"100\" aria-valuemin=\"0\" aria-valuemax=\"100\"><\/div><\/div><\/div><h6 class=\"h-skill\" data-animate=transition.fadeIn data-delay=200 data-duration=1000 >Gutes Gef\u00fchl der IT<span class=\"percent-end\">100%<\/span><\/h6><div class=\"dima-progressbar\" data-animate=transition.fadeIn data-delay=200 data-duration=1000><div  class=\"progress\" data-color-val=\"\"  ><div class=\"progress-bar \" role=\"progressbar\" aria-valuenow=\"100\" aria-valuemin=\"0\" aria-valuemax=\"100\"><\/div><\/div><\/div>[\/vc_column][\/vc_row][vc_row bg_type=&#8221;&#8221; dima_canvas_style=&#8221;&#8221; translate_x=&#8221;0&#8243; dima_z_index=&#8221;0&#8243; delay=&#8221;&#8221; animate_item=&#8221;&#8221; delay_duration=&#8221;&#8221; delay_offset=&#8221;&#8221; top_and_bottom_padding=&#8221;&#8221; left_and_right_padding=&#8221;&#8221;][vc_column min_height=&#8221;&#8221; bg_type=&#8221;&#8221; dima_canvas_style=&#8221;&#8221; translate_x=&#8221;0&#8243; dima_z_index=&#8221;0&#8243; delay=&#8221;&#8221; animate_item=&#8221;&#8221; delay_duration=&#8221;&#8221; delay_offset=&#8221;&#8221; width=&#8221;1\/1&#8243;]<h2  class=\"dima-custom-heading\"   >I fatti pi\u00f9 importanti in breve:<\/h2><ul id=\"FAQ\" class=\"dima-accordion dima-acc-clear\" data-animate=transition.slideUpIn data-delay=\"70\" data-offset=\"98%\" data-dima-animate-item=\".dima-accordion-group\" ><li  class=\"panel dima-accordion-group double_icon\" ><div class=\"dima-accordion-header\"><a class=\"dima-accordion-toggle collapsed\" data-toggle=\"collapse\" data-parent=\"#FAQ\" href=\"#collapse-1\"><span class=\"dima-accordion-title\">Qual \u00e8 la differenza tra lo Status Holder per le aziende e lo Status Holder?<\/span><span class='icon_one' ><svg xmlns=\"http:\/\/www.w3.org\/2000\/svg\" width=\"48\" height=\"48\" viewBox=\"0 0 48 48\"><path d=\"M38 26H26v12h-4V26H10v-4h12V10h4v12h12v4z\"\/><\/svg><\/span><span class='icon_two' ><svg xmlns=\"http:\/\/www.w3.org\/2000\/svg\" width=\"48\" height=\"48\" viewBox=\"0 0 48 48\"><path d=\"M38 26H10v-4h28v4z\"\/><\/svg><\/span><\/a><\/div><div id=\"collapse-1\" class=\"dima-accordion-content collapse\"><div class=\"dima-accordion-inner\"><p>Status Holder for business \u00e8 stato sviluppato appositamente per essere utilizzato nelle aziende. \u00c8 stato progettato per essere il pi\u00f9 semplice possibile da usare. Anche i punti seguenti sono diversi:  <\/p>\n<p>&nbsp;<\/p>\n<ul>\n<li>Il dipendente non pu\u00f2 effettuare alcuna impostazione<\/li>\n<li>Le impostazioni e le funzioni sono state rimosse<\/li>\n<li>Il titolare dello status pu\u00f2 essere avviato o messo in pausa dal dipendente.<\/li>\n<li>L&#8217;IT pu\u00f2 distribuire le impostazioni e la licenza tramite XML o GPO.<\/li>\n<\/ul>\n<\/div><\/div><\/li><li  class=\"panel dima-accordion-group double_icon\" ><div class=\"dima-accordion-header\"><a class=\"dima-accordion-toggle collapsed\" data-toggle=\"collapse\" data-parent=\"#FAQ\" href=\"#collapse-2\"><span class=\"dima-accordion-title\">Quali vantaggi ha l'azienda?<\/span><span class='icon_one' ><svg xmlns=\"http:\/\/www.w3.org\/2000\/svg\" width=\"48\" height=\"48\" viewBox=\"0 0 48 48\"><path d=\"M38 26H26v12h-4V26H10v-4h12V10h4v12h12v4z\"\/><\/svg><\/span><span class='icon_two' ><svg xmlns=\"http:\/\/www.w3.org\/2000\/svg\" width=\"48\" height=\"48\" viewBox=\"0 0 48 48\"><path d=\"M38 26H10v-4h28v4z\"\/><\/svg><\/span><\/a><\/div><div id=\"collapse-2\" class=\"dima-accordion-content collapse\"><div class=\"dima-accordion-inner\"><p>L&#8217;azienda pu\u00f2 mettere a disposizione dei dipendenti il Titolare di Stato per le aziende. Grazie ai vantaggi del controllo GPO, l&#8217;IT mantiene una visione d&#8217;insieme delle impostazioni utilizzate, ma i dipendenti continuano a godere dei vantaggi del Titolare di Stato. Un vantaggio per tutti!  <\/p>\n<\/div><\/div><\/li><li  class=\"panel dima-accordion-group double_icon\" ><div class=\"dima-accordion-header\"><a class=\"dima-accordion-toggle collapsed\" data-toggle=\"collapse\" data-parent=\"#FAQ\" href=\"#collapse-3\"><span class=\"dima-accordion-title\">Siamo una banca: possiamo utilizzare lo status di Titolare?<\/span><span class='icon_one' ><svg xmlns=\"http:\/\/www.w3.org\/2000\/svg\" width=\"48\" height=\"48\" viewBox=\"0 0 48 48\"><path d=\"M38 26H26v12h-4V26H10v-4h12V10h4v12h12v4z\"\/><\/svg><\/span><span class='icon_two' ><svg xmlns=\"http:\/\/www.w3.org\/2000\/svg\" width=\"48\" height=\"48\" viewBox=\"0 0 48 48\"><path d=\"M38 26H10v-4h28v4z\"\/><\/svg><\/span><\/a><\/div><div id=\"collapse-3\" class=\"dima-accordion-content collapse\"><div class=\"dima-accordion-inner\"><p>\nStatus Holder for business soddisfa tutti i requisiti che un software per banche deve avere. Il fatto che Status Holder for business possa essere messo in pausa significa che, ad esempio, funziona anche lo screen saver. Lo screen saver si attiva anche se l&#8217;utente si allontana dal computer per un periodo di tempo prolungato. Il nostro software non \u00e8 indispensabile e il codice pu\u00f2 essere visualizzato su richiesta. <\/p>\n<\/div><\/div><\/li><li  class=\"panel dima-accordion-group double_icon\" ><div class=\"dima-accordion-header\"><a class=\"dima-accordion-toggle collapsed\" data-toggle=\"collapse\" data-parent=\"#FAQ\" href=\"#collapse-4\"><span class=\"dima-accordion-title\">Il salvaschermo \u00e8 attivato nonostante il Titolare di Stato?<\/span><span class='icon_one' ><svg xmlns=\"http:\/\/www.w3.org\/2000\/svg\" width=\"48\" height=\"48\" viewBox=\"0 0 48 48\"><path d=\"M38 26H26v12h-4V26H10v-4h12V10h4v12h12v4z\"\/><\/svg><\/span><span class='icon_two' ><svg xmlns=\"http:\/\/www.w3.org\/2000\/svg\" width=\"48\" height=\"48\" viewBox=\"0 0 48 48\"><path d=\"M38 26H10v-4h28v4z\"\/><\/svg><\/span><\/a><\/div><div id=\"collapse-4\" class=\"dima-accordion-content collapse\"><div class=\"dima-accordion-inner\"><p>Per proteggere la tua sicurezza e la tua privacy, attiviamo il salvaschermo e blocchiamo il PC in caso di assenza di attivit\u00e0 per un periodo di tempo prolungato. Questa funzione pu\u00f2 essere attivata o disattivata.<\/p>\n<\/div><\/div><\/li><li  class=\"panel dima-accordion-group double_icon\" ><div class=\"dima-accordion-header\"><a class=\"dima-accordion-toggle collapsed\" data-toggle=\"collapse\" data-parent=\"#FAQ\" href=\"#collapse-5\"><span class=\"dima-accordion-title\">Posso avviare automaticamente il Titolare di Stato?<\/span><span class='icon_one' ><svg xmlns=\"http:\/\/www.w3.org\/2000\/svg\" width=\"48\" height=\"48\" viewBox=\"0 0 48 48\"><path d=\"M38 26H26v12h-4V26H10v-4h12V10h4v12h12v4z\"\/><\/svg><\/span><span class='icon_two' ><svg xmlns=\"http:\/\/www.w3.org\/2000\/svg\" width=\"48\" height=\"48\" viewBox=\"0 0 48 48\"><path d=\"M38 26H10v-4h28v4z\"\/><\/svg><\/span><\/a><\/div><div id=\"collapse-5\" class=\"dima-accordion-content collapse\"><div class=\"dima-accordion-inner\"><p>S\u00ec!<\/p>\n<p>\u00c8 possibile avviare automaticamente il titolare dello stato. Ci sono delle impostazioni che gli amministratori possono fare per questo. <\/p>\n<\/div><\/div><\/li><li  class=\"panel dima-accordion-group double_icon\" ><div class=\"dima-accordion-header\"><a class=\"dima-accordion-toggle collapsed\" data-toggle=\"collapse\" data-parent=\"#FAQ\" href=\"#collapse-6\"><span class=\"dima-accordion-title\">\u00c8 possibile far funzionare il titolare dello stato in modo invisibile?<\/span><span class='icon_one' ><svg xmlns=\"http:\/\/www.w3.org\/2000\/svg\" width=\"48\" height=\"48\" viewBox=\"0 0 48 48\"><path d=\"M38 26H26v12h-4V26H10v-4h12V10h4v12h12v4z\"\/><\/svg><\/span><span class='icon_two' ><svg xmlns=\"http:\/\/www.w3.org\/2000\/svg\" width=\"48\" height=\"48\" viewBox=\"0 0 48 48\"><path d=\"M38 26H10v-4h28v4z\"\/><\/svg><\/span><\/a><\/div><div id=\"collapse-6\" class=\"dima-accordion-content collapse\"><div class=\"dima-accordion-inner\"><p>S\u00ec!<\/p>\n<p>\u00c8 possibile ridurre a icona lo strumento nell&#8217;area di notifica di Windows. Lo strumento pu\u00f2 essere ridotto a icona nell&#8217;area di notifica di Windows nelle impostazioni.<br \/>\nCi\u00f2 significa che lo strumento \u00e8 scomparso dalla barra delle applicazioni e non interferisce con le presentazioni o altre attivit\u00e0.  <\/p>\n<\/div><\/div><\/li><li  class=\"panel dima-accordion-group double_icon\" ><div class=\"dima-accordion-header\"><a class=\"dima-accordion-toggle collapsed\" data-toggle=\"collapse\" data-parent=\"#FAQ\" href=\"#collapse-7\"><span class=\"dima-accordion-title\">Viene creato un registro?<\/span><span class='icon_one' ><svg xmlns=\"http:\/\/www.w3.org\/2000\/svg\" width=\"48\" height=\"48\" viewBox=\"0 0 48 48\"><path d=\"M38 26H26v12h-4V26H10v-4h12V10h4v12h12v4z\"\/><\/svg><\/span><span class='icon_two' ><svg xmlns=\"http:\/\/www.w3.org\/2000\/svg\" width=\"48\" height=\"48\" viewBox=\"0 0 48 48\"><path d=\"M38 26H10v-4h28v4z\"\/><\/svg><\/span><\/a><\/div><div id=\"collapse-7\" class=\"dima-accordion-content collapse\"><div class=\"dima-accordion-inner\"><p>S\u00ec!<\/p>\n<p>\u00c8 possibile registrare un registro, che pu\u00f2 essere completamente disattivato, attivato o registrare solo gli errori. <\/p>\n<\/div><\/div><\/li><li  class=\"panel dima-accordion-group double_icon\" ><div class=\"dima-accordion-header\"><a class=\"dima-accordion-toggle collapsed\" data-toggle=\"collapse\" data-parent=\"#FAQ\" href=\"#collapse-8\"><span class=\"dima-accordion-title\">Sar\u00f2 informato se \u00e8 disponibile una nuova versione?<\/span><span class='icon_one' ><svg xmlns=\"http:\/\/www.w3.org\/2000\/svg\" width=\"48\" height=\"48\" viewBox=\"0 0 48 48\"><path d=\"M38 26H26v12h-4V26H10v-4h12V10h4v12h12v4z\"\/><\/svg><\/span><span class='icon_two' ><svg xmlns=\"http:\/\/www.w3.org\/2000\/svg\" width=\"48\" height=\"48\" viewBox=\"0 0 48 48\"><path d=\"M38 26H10v-4h28v4z\"\/><\/svg><\/span><\/a><\/div><div id=\"collapse-8\" class=\"dima-accordion-content collapse\"><div class=\"dima-accordion-inner\"><p>\nUna notifica non appare sul desktop. L&#8217;amministratore del sistema viene informato via e-mail.<\/p>\n<\/div><\/div><\/li><\/ul>[\/vc_column][\/vc_row][vc_row no_padding=&#8221;true&#8221; bg_type=&#8221;&#8221; dima_canvas_style=&#8221;&#8221; translate_x=&#8221;0&#8243; dima_z_index=&#8221;0&#8243; delay=&#8221;&#8221; animate_item=&#8221;&#8221; delay_duration=&#8221;&#8221; delay_offset=&#8221;&#8221; id=&#8221;&#8221; class=&#8221;&#8221; border_color=&#8221;&#8221;][vc_column min_height=&#8221;&#8221; bg_type=&#8221;&#8221; dima_canvas_style=&#8221;&#8221; translate_x=&#8221;0&#8243; dima_z_index=&#8221;0&#8243; delay=&#8221;&#8221; animate_item=&#8221;&#8221; delay_duration=&#8221;&#8221; delay_offset=&#8221;&#8221; width=&#8221;1\/1&#8243;]<div  class=\"dima-img text-center column-item overflow-hidden\"       ><a data-fancybox  data-caption = \"\" class=\"\"   href=\"https:\/\/www.statusholder.com\/wp-content\/uploads\/2025\/01\/status-holder-for-business.png\" ><img decoding=\"async\" width=\"991\" height=\"445\" src=\"https:\/\/www.statusholder.com\/wp-content\/uploads\/2025\/01\/status-holder-for-business-100x45.png\" class=\"dima_image-img dima-image attachment-full lazyload js-lazy-image\" alt=\"\" data-src=\"https:\/\/www.statusholder.com\/wp-content\/uploads\/2025\/01\/status-holder-for-business.png\" data-srcset=\"https:\/\/www.statusholder.com\/wp-content\/uploads\/2025\/01\/status-holder-for-business.png 991w, https:\/\/www.statusholder.com\/wp-content\/uploads\/2025\/01\/status-holder-for-business-300x135.png 300w, https:\/\/www.statusholder.com\/wp-content\/uploads\/2025\/01\/status-holder-for-business-768x345.png 768w, https:\/\/www.statusholder.com\/wp-content\/uploads\/2025\/01\/status-holder-for-business-585x263.png 585w, https:\/\/www.statusholder.com\/wp-content\/uploads\/2025\/01\/status-holder-for-business-100x45.png 100w\" data-sizes=\"(max-width: 991px) 100vw, 991px\" \/><\/a><\/div><div  class=\"dima-spacer-module\"  data-units=\"px\" data-all_size=\"150\" data-xld_resolution=\"1600\" data-xld_size=\"150\" data-ld_resolution=\"1400\" data-ld_size=\"150\" data-md_resolution=\"1170\" data-md_size=\"120\" data-sd_resolution=\"969\" data-sd_size=\"100\" data-xsd_resolution=\"480\" data-xsd_size=\"100\" style=\"height: 150px;\"><\/div>[\/vc_column][\/vc_row][vc_row no_padding=&#8221;true&#8221; bg_type=&#8221;&#8221; dima_canvas_style=&#8221;&#8221; translate_x=&#8221;0&#8243; dima_z_index=&#8221;0&#8243; delay=&#8221;&#8221; animate_item=&#8221;&#8221; delay_duration=&#8221;&#8221; delay_offset=&#8221;&#8221; id=&#8221;&#8221; class=&#8221;&#8221; border_color=&#8221;&#8221;][vc_column min_height=&#8221;&#8221; bg_type=&#8221;&#8221; dima_canvas_style=&#8221;&#8221; translate_x=&#8221;0&#8243; dima_z_index=&#8221;0&#8243; delay=&#8221;&#8221; animate_item=&#8221;&#8221; delay_duration=&#8221;&#8221; delay_offset=&#8221;&#8221; width=&#8221;1\/1&#8243;]<div  class=\"dima-img text-center column-item overflow-hidden\"       ><a data-fancybox  data-caption = \"\" class=\"\"   href=\"https:\/\/www.statusholder.com\/wp-content\/uploads\/2025\/01\/still-there-1.png\" ><img decoding=\"async\" width=\"843\" height=\"434\" src=\"https:\/\/www.statusholder.com\/wp-content\/uploads\/2025\/01\/still-there-1-100x51.png\" class=\"dima_image-img dima-image attachment-full lazyload js-lazy-image\" alt=\"\" data-src=\"https:\/\/www.statusholder.com\/wp-content\/uploads\/2025\/01\/still-there-1.png\" data-srcset=\"https:\/\/www.statusholder.com\/wp-content\/uploads\/2025\/01\/still-there-1.png 843w, https:\/\/www.statusholder.com\/wp-content\/uploads\/2025\/01\/still-there-1-300x154.png 300w, https:\/\/www.statusholder.com\/wp-content\/uploads\/2025\/01\/still-there-1-768x395.png 768w, https:\/\/www.statusholder.com\/wp-content\/uploads\/2025\/01\/still-there-1-585x301.png 585w, https:\/\/www.statusholder.com\/wp-content\/uploads\/2025\/01\/still-there-1-100x51.png 100w\" data-sizes=\"(max-width: 843px) 100vw, 843px\" \/><\/a><\/div>[\/vc_column][\/vc_row][vc_row no_padding=&#8221;true&#8221; content_position=&#8221;start&#8221; bg_type=&#8221;&#8221; dima_canvas_style=&#8221;&#8221; translate_x=&#8221;0&#8243; dima_z_index=&#8221;0&#8243; delay=&#8221;&#8221; animate_item=&#8221;&#8221; delay_duration=&#8221;&#8221; delay_offset=&#8221;&#8221; id=&#8221;&#8221; class=&#8221;&#8221; border_color=&#8221;&#8221;][vc_column min_height=&#8221;&#8221; bg_type=&#8221;&#8221; dima_canvas_style=&#8221;&#8221; translate_x=&#8221;0&#8243; dima_z_index=&#8221;0&#8243; delay=&#8221;&#8221; animate_item=&#8221;&#8221; delay_duration=&#8221;&#8221; delay_offset=&#8221;&#8221; width=&#8221;1\/6&#8243;][\/vc_column][vc_column min_height=&#8221;&#8221; bg_type=&#8221;&#8221; dima_canvas_style=&#8221;&#8221; translate_x=&#8221;0&#8243; dima_z_index=&#8221;0&#8243; delay=&#8221;&#8221; animate_item=&#8221;&#8221; delay_duration=&#8221;&#8221; delay_offset=&#8221;&#8221; width=&#8221;2\/3&#8243;]<div  class=\"dima-spacer-module\"  data-units=\"px\" data-all_size=\"150\" data-xld_resolution=\"1600\" data-xld_size=\"150\" data-ld_resolution=\"1400\" data-ld_size=\"150\" data-md_resolution=\"1170\" data-md_size=\"120\" data-sd_resolution=\"969\" data-sd_size=\"100\" data-xsd_resolution=\"480\" data-xsd_size=\"100\" style=\"height: 150px;\"><\/div>[vc_cta h2=&#8221;Status Holder per il business &#8211; Pi\u00f9 piccolo, pi\u00f9 fine, pi\u00f9 controllabile!&#8221; add_button=&#8221;bottom&#8221; btn_title=&#8221;RICHIEDI ORA&#8221; css=&#8221;&#8221; btn_link=&#8221;url:https%3A%2F%2Fwww.statusholder.com%2Fit%2Fcontattateci%2F|&#8221;][\/vc_cta][\/vc_column][vc_column min_height=&#8221;&#8221; bg_type=&#8221;&#8221; dima_canvas_style=&#8221;&#8221; translate_x=&#8221;0&#8243; dima_z_index=&#8221;0&#8243; delay=&#8221;&#8221; animate_item=&#8221;&#8221; delay_duration=&#8221;&#8221; delay_offset=&#8221;&#8221; width=&#8221;1\/6&#8243;][\/vc_column][\/vc_row]<\/p>\n<\/div>","protected":false},"excerpt":{"rendered":"<p>[vc_row full_w_bg=&#8221;true&#8221; no_padding=&#8221;true&#8221; bg_type=&#8221;&#8221; dima_canvas_style=&#8221;&#8221; translate_x=&#8221;0&#8243; dima_z_index=&#8221;0&#8243; delay=&#8221;&#8221; animate_item=&#8221;&#8221; delay_duration=&#8221;&#8221; delay_offset=&#8221;&#8221; di_bg_color=&#8221;#fafafa&#8221; border_color=&#8221;&#8221; id=&#8221;&#8221; class=&#8221;&#8221;][vc_column min_height=&#8221;&#8221; bg_type=&#8221;&#8221; dima_canvas_style=&#8221;&#8221; translate_x=&#8221;0&#8243; dima_z_index=&#8221;0&#8243; sd=&#8221;12&#8243; delay=&#8221;&#8221; animate_item=&#8221;&#8221; delay_duration=&#8221;&#8221; delay_offset=&#8221;&#8221; width=&#8221;1\/2&#8243; id=&#8221;&#8221; class=&#8221;&#8221; style=&#8221;&#8221; border_color=&#8221;&#8221;][\/vc_column][vc_column min_height=&#8221;&#8221; bg_type=&#8221;&#8221; dima_canvas_style=&#8221;&#8221; translate_x=&#8221;0&#8243; dima_z_index=&#8221;0&#8243; sd=&#8221;12&#8243; delay=&#8221;&#8221; animate_item=&#8221;&#8221; delay_duration=&#8221;&#8221; delay_offset=&#8221;&#8221; width=&#8221;1\/2&#8243; id=&#8221;&#8221; class=&#8221;&#8221; style=&#8221;&#8221; border_color=&#8221;&#8221;][\/vc_column][\/vc_row][vc_row bg_type=&#8221;&#8221; dima_canvas_style=&#8221;&#8221; translate_x=&#8221;0&#8243; dima_z_index=&#8221;0&#8243; delay=&#8221;&#8221; animate_item=&#8221;&#8221; delay_duration=&#8221;&#8221; delay_offset=&#8221;&#8221; top_and_bottom_padding=&#8221;&#8221; left_and_right_padding=&#8221;&#8221;][vc_column [&hellip;]<\/p>\n","protected":false},"author":1,"featured_media":0,"parent":0,"menu_order":0,"comment_status":"closed","ping_status":"closed","template":"","meta":{"_monsterinsights_skip_tracking":false,"_monsterinsights_sitenote_active":false,"_monsterinsights_sitenote_note":"","_monsterinsights_sitenote_category":0,"footnotes":""},"class_list":["post-27258","page","type-page","status-publish","hentry","no-post-thumbnail"],"_links":{"self":[{"href":"https:\/\/www.statusholder.com\/it\/wp-json\/wp\/v2\/pages\/27258","targetHints":{"allow":["GET"]}}],"collection":[{"href":"https:\/\/www.statusholder.com\/it\/wp-json\/wp\/v2\/pages"}],"about":[{"href":"https:\/\/www.statusholder.com\/it\/wp-json\/wp\/v2\/types\/page"}],"author":[{"embeddable":true,"href":"https:\/\/www.statusholder.com\/it\/wp-json\/wp\/v2\/users\/1"}],"replies":[{"embeddable":true,"href":"https:\/\/www.statusholder.com\/it\/wp-json\/wp\/v2\/comments?post=27258"}],"version-history":[{"count":10,"href":"https:\/\/www.statusholder.com\/it\/wp-json\/wp\/v2\/pages\/27258\/revisions"}],"predecessor-version":[{"id":27778,"href":"https:\/\/www.statusholder.com\/it\/wp-json\/wp\/v2\/pages\/27258\/revisions\/27778"}],"wp:attachment":[{"href":"https:\/\/www.statusholder.com\/it\/wp-json\/wp\/v2\/media?parent=27258"}],"curies":[{"name":"wp","href":"https:\/\/api.w.org\/{rel}","templated":true}]}}