{"id":32255,"date":"2025-07-01T22:40:38","date_gmt":"2025-07-01T20:40:38","guid":{"rendered":"https:\/\/www.statusholder.com\/negozio\/collaboratore-per-lufficio-a-casa-2\/"},"modified":"2025-07-01T22:40:49","modified_gmt":"2025-07-01T20:40:49","slug":"collaboratore-per-lufficio-a-casa-2","status":"publish","type":"page","link":"https:\/\/www.statusholder.com\/it\/negozio\/collaboratore-per-lufficio-a-casa-2\/","title":{"rendered":"Collaboratore per l&#8217;ufficio a casa"},"content":{"rendered":"<div class=\"wpb-content-wrapper\"><p>[vc_row no_padding=&#8221;true&#8221; bg_type=&#8221;&#8221; dima_canvas_style=&#8221;&#8221; translate_x=&#8221;0&#8243; dima_z_index=&#8221;0&#8243; delay=&#8221;&#8221; animate_item=&#8221;&#8221; delay_duration=&#8221;&#8221; delay_offset=&#8221;&#8221; id=&#8221;&#8221; class=&#8221;&#8221; border_color=&#8221;&#8221;][vc_column min_height=&#8221;&#8221; bg_type=&#8221;&#8221; dima_canvas_style=&#8221;&#8221; translate_x=&#8221;0&#8243; dima_z_index=&#8221;0&#8243; delay=&#8221;&#8221; animate_item=&#8221;&#8221; delay_duration=&#8221;&#8221; delay_offset=&#8221;&#8221; width=&#8221;1\/1&#8243;]<h4  class=\"dima-custom-heading\"   >Copertura per la privacy della webcam<\/h4>[\/vc_column][\/vc_row][vc_row no_padding=&#8221;true&#8221; bg_type=&#8221;&#8221; dima_canvas_style=&#8221;&#8221; translate_x=&#8221;0&#8243; dima_z_index=&#8221;0&#8243; delay=&#8221;&#8221; animate_item=&#8221;&#8221; delay_duration=&#8221;&#8221; delay_offset=&#8221;&#8221; id=&#8221;&#8221; class=&#8221;&#8221; border_color=&#8221;&#8221;][vc_column min_height=&#8221;&#8221; bg_type=&#8221;&#8221; dima_canvas_style=&#8221;&#8221; translate_x=&#8221;0&#8243; dima_z_index=&#8221;0&#8243; delay=&#8221;&#8221; animate_item=&#8221;&#8221; delay_duration=&#8221;&#8221; delay_offset=&#8221;&#8221; width=&#8221;1\/1&#8243;]<div  class=\"no-border dima-callout dima-callout-69d34ef307379 text-start dima-box-shadow\"  ><div class=\"dima-section-cover background-image-holder dima-color-mask-69d34ef307379\"><\/div><div class=\"background-image-hide background-cover\" data-bg-image=\"https:\/\/www.statusholder.com\/wp-content\/uploads\/2025\/07\/615owEFqiwL._AC_SL1500_.jpg\"><\/div><div class=\"dima-callout-clm1\"><h4 class=\"h-callout\" style=\"color:#ffffff;\">copertura webcam lululeague<\/h4><p class=\"p-callout\" style=\"color:#ffffff;\">- Ultra d\u00fcnn - 8 St\u00fcck - F\u00fcr Laptop und Smartphone<\/p><\/div><div class=\"dima-callout-clm2 text-end\"><a href=\"https:\/\/amzn.to\/4lCq2GY\" class=\"dima-button dima-waves di_white fill dima-btn-small dima-shadow\" target=\"_blank\" rel=\"noopener\" .fadeIn>Acquista<\/a><\/div><\/div><style id=\"dima-shortcode-style-69d34ef307379\" type=\"text\/css\">.dima-callout-69d34ef307379 .dima-color-mask-69d34ef307379{background:}<\/style><div  class=\"dima-clear\" style=\"padding-bottom:15px\"><\/div>[\/vc_column][\/vc_row][vc_row no_padding=&#8221;true&#8221; bg_type=&#8221;&#8221; dima_canvas_style=&#8221;&#8221; translate_x=&#8221;0&#8243; dima_z_index=&#8221;0&#8243; delay=&#8221;&#8221; animate_item=&#8221;&#8221; delay_duration=&#8221;&#8221; delay_offset=&#8221;&#8221; id=&#8221;&#8221; class=&#8221;&#8221; border_color=&#8221;&#8221;][vc_column min_height=&#8221;&#8221; bg_type=&#8221;&#8221; dima_canvas_style=&#8221;&#8221; translate_x=&#8221;0&#8243; dima_z_index=&#8221;0&#8243; delay=&#8221;&#8221; animate_item=&#8221;&#8221; delay_duration=&#8221;&#8221; delay_offset=&#8221;&#8221; width=&#8221;1\/1&#8243;]<h4  class=\"dima-custom-heading\"   >Pulsante Mute<\/h4>[\/vc_column][\/vc_row][vc_row no_padding=&#8221;true&#8221; bg_type=&#8221;&#8221; dima_canvas_style=&#8221;&#8221; translate_x=&#8221;0&#8243; dima_z_index=&#8221;0&#8243; delay=&#8221;&#8221; animate_item=&#8221;&#8221; delay_duration=&#8221;&#8221; delay_offset=&#8221;&#8221; id=&#8221;&#8221; class=&#8221;&#8221; border_color=&#8221;&#8221;][vc_column min_height=&#8221;&#8221; bg_type=&#8221;&#8221; dima_canvas_style=&#8221;&#8221; translate_x=&#8221;0&#8243; dima_z_index=&#8221;0&#8243; delay=&#8221;&#8221; animate_item=&#8221;&#8221; delay_duration=&#8221;&#8221; delay_offset=&#8221;&#8221; width=&#8221;1\/1&#8243;]<div  class=\"no-border dima-callout dima-callout-69d34ef307aa7 text-start dima-box-shadow\"  ><div class=\"dima-section-cover background-image-holder dima-color-mask-69d34ef307aa7\"><\/div><div class=\"background-image-hide background-cover\" data-bg-image=\"https:\/\/www.statusholder.com\/wp-content\/uploads\/2025\/07\/mutebutton.jpg\"><\/div><div class=\"dima-callout-clm1\"><h4 class=\"h-callout\" style=\"color:#ffffff;\">Microfono USB AIRHUG<\/h4><p class=\"p-callout\" style=\"color:#ffffff;\">- Hochwertiges externes Mikrofon - Mit Mute-Button (Stummschaltung) - F\u00fcr Teams, etc.<\/p><\/div><div class=\"dima-callout-clm2 text-end\"><a href=\"https:\/\/amzn.to\/4eyitif\" class=\"dima-button dima-waves di_white fill dima-btn-small dima-shadow\" target=\"_blank\" rel=\"noopener\" .fadeIn>Acquista<\/a><\/div><\/div><style id=\"dima-shortcode-style-69d34ef307aa7\" type=\"text\/css\">.dima-callout-69d34ef307aa7 .dima-color-mask-69d34ef307aa7{background:}<\/style><div  class=\"dima-clear\" style=\"padding-bottom:15px\"><\/div>[\/vc_column][\/vc_row]<\/p>\n<\/div>","protected":false},"excerpt":{"rendered":"<p>[vc_row no_padding=&#8221;true&#8221; bg_type=&#8221;&#8221; dima_canvas_style=&#8221;&#8221; translate_x=&#8221;0&#8243; dima_z_index=&#8221;0&#8243; delay=&#8221;&#8221; animate_item=&#8221;&#8221; delay_duration=&#8221;&#8221; delay_offset=&#8221;&#8221; id=&#8221;&#8221; class=&#8221;&#8221; border_color=&#8221;&#8221;][vc_column min_height=&#8221;&#8221; bg_type=&#8221;&#8221; dima_canvas_style=&#8221;&#8221; translate_x=&#8221;0&#8243; dima_z_index=&#8221;0&#8243; delay=&#8221;&#8221; animate_item=&#8221;&#8221; delay_duration=&#8221;&#8221; delay_offset=&#8221;&#8221; width=&#8221;1\/1&#8243;][\/vc_column][\/vc_row][vc_row no_padding=&#8221;true&#8221; bg_type=&#8221;&#8221; dima_canvas_style=&#8221;&#8221; translate_x=&#8221;0&#8243; dima_z_index=&#8221;0&#8243; delay=&#8221;&#8221; animate_item=&#8221;&#8221; delay_duration=&#8221;&#8221; delay_offset=&#8221;&#8221; id=&#8221;&#8221; class=&#8221;&#8221; border_color=&#8221;&#8221;][vc_column min_height=&#8221;&#8221; bg_type=&#8221;&#8221; dima_canvas_style=&#8221;&#8221; translate_x=&#8221;0&#8243; dima_z_index=&#8221;0&#8243; delay=&#8221;&#8221; animate_item=&#8221;&#8221; delay_duration=&#8221;&#8221; delay_offset=&#8221;&#8221; width=&#8221;1\/1&#8243;][\/vc_column][\/vc_row][vc_row no_padding=&#8221;true&#8221; bg_type=&#8221;&#8221; dima_canvas_style=&#8221;&#8221; translate_x=&#8221;0&#8243; dima_z_index=&#8221;0&#8243; delay=&#8221;&#8221; animate_item=&#8221;&#8221; delay_duration=&#8221;&#8221; delay_offset=&#8221;&#8221; id=&#8221;&#8221; [&hellip;]<\/p>\n","protected":false},"author":1,"featured_media":0,"parent":17167,"menu_order":0,"comment_status":"closed","ping_status":"closed","template":"","meta":{"_monsterinsights_skip_tracking":false,"_monsterinsights_sitenote_active":false,"_monsterinsights_sitenote_note":"","_monsterinsights_sitenote_category":0,"footnotes":""},"class_list":["post-32255","page","type-page","status-publish","hentry","no-post-thumbnail"],"_links":{"self":[{"href":"https:\/\/www.statusholder.com\/it\/wp-json\/wp\/v2\/pages\/32255","targetHints":{"allow":["GET"]}}],"collection":[{"href":"https:\/\/www.statusholder.com\/it\/wp-json\/wp\/v2\/pages"}],"about":[{"href":"https:\/\/www.statusholder.com\/it\/wp-json\/wp\/v2\/types\/page"}],"author":[{"embeddable":true,"href":"https:\/\/www.statusholder.com\/it\/wp-json\/wp\/v2\/users\/1"}],"replies":[{"embeddable":true,"href":"https:\/\/www.statusholder.com\/it\/wp-json\/wp\/v2\/comments?post=32255"}],"version-history":[{"count":2,"href":"https:\/\/www.statusholder.com\/it\/wp-json\/wp\/v2\/pages\/32255\/revisions"}],"predecessor-version":[{"id":32259,"href":"https:\/\/www.statusholder.com\/it\/wp-json\/wp\/v2\/pages\/32255\/revisions\/32259"}],"up":[{"embeddable":true,"href":"https:\/\/www.statusholder.com\/it\/wp-json\/wp\/v2\/pages\/17167"}],"wp:attachment":[{"href":"https:\/\/www.statusholder.com\/it\/wp-json\/wp\/v2\/media?parent=32255"}],"curies":[{"name":"wp","href":"https:\/\/api.w.org\/{rel}","templated":true}]}}