{"id":17233,"date":"2021-08-28T18:39:08","date_gmt":"2021-08-28T16:39:08","guid":{"rendered":"https:\/\/www.statusholder.com\/caixa\/"},"modified":"2024-12-28T09:07:06","modified_gmt":"2024-12-28T08:07:06","slug":"caixa","status":"publish","type":"page","link":"https:\/\/www.statusholder.com\/pt-pt\/caixa\/","title":{"rendered":"Caixa"},"content":{"rendered":"<div class=\"wpb-content-wrapper\"><p>[vc_row bg_type=&#8221;&#8221; dima_canvas_style=&#8221;&#8221; translate_x=&#8221;0&#8243; dima_z_index=&#8221;0&#8243; delay=&#8221;&#8221; animate_item=&#8221;&#8221; delay_duration=&#8221;&#8221; delay_offset=&#8221;&#8221;][vc_column min_height=&#8221;&#8221; bg_type=&#8221;&#8221; dima_canvas_style=&#8221;&#8221; translate_x=&#8221;0&#8243; dima_z_index=&#8221;0&#8243; delay=&#8221;&#8221; animate_item=&#8221;&#8221; delay_duration=&#8221;&#8221; delay_offset=&#8221;&#8221; width=&#8221;1\/1&#8243;][vc_column_text css=&#8221;&#8221;]<\/p>\n\n<pre class=\"wp-block-preformatted has-theme-palette-9-color has-text-color has-background has-link-color has-small-font-size wp-elements-d88dea7ec4e789fe24ff0cd78b46f4cc\" style=\"background-color: #4a93c6; text-transform: none;\"> <strong>Nota<\/strong>: Receber\u00e1s uma nova licen\u00e7a. O prazo de validade desta licen\u00e7a come\u00e7a a contar a partir da data de compra. Uma licen\u00e7a anterior n\u00e3o ser\u00e1 prolongada.  <\/pre>\n<div id=\"edd_checkout_wrap\"><span class=\"edd_empty_cart\">Your cart is empty.<\/span><\/div><!--end #edd_checkout_wrap-->\n<p>[\/vc_column_text][\/vc_column][\/vc_row]<\/p>\n<\/div>","protected":false},"excerpt":{"rendered":"<p>[vc_row bg_type=&#8221;&#8221; dima_canvas_style=&#8221;&#8221; translate_x=&#8221;0&#8243; dima_z_index=&#8221;0&#8243; delay=&#8221;&#8221; animate_item=&#8221;&#8221; delay_duration=&#8221;&#8221; delay_offset=&#8221;&#8221;][vc_column min_height=&#8221;&#8221; bg_type=&#8221;&#8221; dima_canvas_style=&#8221;&#8221; translate_x=&#8221;0&#8243; dima_z_index=&#8221;0&#8243; delay=&#8221;&#8221; animate_item=&#8221;&#8221; delay_duration=&#8221;&#8221; delay_offset=&#8221;&#8221; width=&#8221;1\/1&#8243;][vc_column_text css=&#8221;&#8221;] Nota: Receber\u00e1s uma nova licen\u00e7a. O prazo de validade desta licen\u00e7a come\u00e7a a contar a partir da data de compra. Uma licen\u00e7a anterior n\u00e3o ser\u00e1 prolongada. [\/vc_column_text][\/vc_column][\/vc_row]<\/p>\n","protected":false},"author":1,"featured_media":0,"parent":0,"menu_order":0,"comment_status":"closed","ping_status":"closed","template":"","meta":{"_monsterinsights_skip_tracking":false,"_monsterinsights_sitenote_active":false,"_monsterinsights_sitenote_note":"","_monsterinsights_sitenote_category":0,"footnotes":""},"class_list":["post-17233","page","type-page","status-publish","hentry","no-post-thumbnail"],"_links":{"self":[{"href":"https:\/\/www.statusholder.com\/pt-pt\/wp-json\/wp\/v2\/pages\/17233","targetHints":{"allow":["GET"]}}],"collection":[{"href":"https:\/\/www.statusholder.com\/pt-pt\/wp-json\/wp\/v2\/pages"}],"about":[{"href":"https:\/\/www.statusholder.com\/pt-pt\/wp-json\/wp\/v2\/types\/page"}],"author":[{"embeddable":true,"href":"https:\/\/www.statusholder.com\/pt-pt\/wp-json\/wp\/v2\/users\/1"}],"replies":[{"embeddable":true,"href":"https:\/\/www.statusholder.com\/pt-pt\/wp-json\/wp\/v2\/comments?post=17233"}],"version-history":[{"count":2,"href":"https:\/\/www.statusholder.com\/pt-pt\/wp-json\/wp\/v2\/pages\/17233\/revisions"}],"predecessor-version":[{"id":26634,"href":"https:\/\/www.statusholder.com\/pt-pt\/wp-json\/wp\/v2\/pages\/17233\/revisions\/26634"}],"wp:attachment":[{"href":"https:\/\/www.statusholder.com\/pt-pt\/wp-json\/wp\/v2\/media?parent=17233"}],"curies":[{"name":"wp","href":"https:\/\/api.w.org\/{rel}","templated":true}]}}