{"id":17261,"date":"2022-08-31T13:21:51","date_gmt":"2022-08-31T11:21:51","guid":{"rendered":"https:\/\/www.statusholder.com\/descarregar\/instrucoes\/"},"modified":"2025-03-31T21:40:23","modified_gmt":"2025-03-31T19:40:23","slug":"instrucoes","status":"publish","type":"page","link":"https:\/\/www.statusholder.com\/pt-pt\/descarregar\/instrucoes\/","title":{"rendered":"Instru\u00e7\u00f5es"},"content":{"rendered":"<div class=\"wpb-content-wrapper\"><p>[vc_row no_padding=&#8221;true&#8221; bg_type=&#8221;&#8221; dima_canvas_style=&#8221;&#8221; translate_x=&#8221;0&#8243; dima_z_index=&#8221;0&#8243; delay=&#8221;&#8221; animate_item=&#8221;&#8221; delay_duration=&#8221;&#8221; delay_offset=&#8221;&#8221; id=&#8221;&#8221; class=&#8221;&#8221; border_color=&#8221;&#8221;][vc_column min_height=&#8221;&#8221; bg_type=&#8221;&#8221; dima_canvas_style=&#8221;&#8221; translate_x=&#8221;0&#8243; dima_z_index=&#8221;0&#8243; delay=&#8221;&#8221; animate_item=&#8221;&#8221; delay_duration=&#8221;&#8221; delay_offset=&#8221;&#8221; width=&#8221;1\/1&#8243;]<h4  class=\"dima-custom-heading\"   > <i class= \"fas fa-exclamation\" > <\/i> N\u00c3O inicies o Status Holder a partir da pasta ZIP com um duplo clique.<\/h4>\n\t<div class=\"wpb_content_element \" >\n\t\t<div class=\"wpb_wrapper\">\n\t\t\t<p>Iniciar o Status Holder diretamente a partir de uma pasta ZIP apenas descompacta a ferramenta temporariamente. Consequentemente, certas defini\u00e7\u00f5es, como o c\u00f3digo premium ou as defini\u00e7\u00f5es na ferramenta, s\u00f3 s\u00e3o guardadas temporariamente e podem perder-se. <\/p>\n<p>Por conseguinte, desembale completamente o suporte de estado para evitar estes problemas. Abaixo est\u00e3o as instru\u00e7\u00f5es para descompactar o ficheiro. <\/p>\n\n\t\t<\/div> \n\t<\/div> [\/vc_column][\/vc_row][vc_row no_padding=&#8221;true&#8221; bg_type=&#8221;&#8221; dima_canvas_style=&#8221;&#8221; translate_x=&#8221;0&#8243; dima_z_index=&#8221;0&#8243; delay=&#8221;&#8221; animate_item=&#8221;&#8221; delay_duration=&#8221;&#8221; delay_offset=&#8221;&#8221; id=&#8221;&#8221; class=&#8221;&#8221; border_color=&#8221;&#8221;][vc_column min_height=&#8221;&#8221; bg_type=&#8221;&#8221; dima_canvas_style=&#8221;&#8221; translate_x=&#8221;0&#8243; dima_z_index=&#8221;0&#8243; delay=&#8221;&#8221; animate_item=&#8221;&#8221; delay_duration=&#8221;&#8221; delay_offset=&#8221;&#8221; width=&#8221;1\/1&#8243;]<div  class=\"dima-timeline clearfix dima-timeline-blog dima-timeline-date\" ><div class=\"h-line\"><\/div><div  class=\"timeline_element_start \"><article class=\"post\"><div class=\"box \"><p> Clique no bot\u00e3o DOWNLOAD e guarde o ficheiro no seu computador. <\/p><\/div><div class=\"date\"><h5>Herunterladen<\/h5><\/div><\/article><\/div><div  class=\"timeline_element_start \"><article class=\"post\"><div class=\"box \"><p> Descompacte o ficheiro ZIP:<\/p>\n<ol>\n<li>Clique com o bot\u00e3o direito do rato no ficheiro ZIP<\/li>\n<li>Seleccione <strong>Extrair tudo<\/strong> e siga as instru\u00e7\u00f5es<\/li>\n<\/ol>\n<p>Em alternativa, utilize outro software j\u00e1 instalado para descompactar o ficheiro ZIP. <\/p><\/div><div class=\"date\"><h5>Entpacken<\/h5><\/div><\/article><\/div><div  class=\"timeline_element_start \"><article class=\"post\"><div class=\"box \"><p> Iniciar o ficheiro EXE <strong>descompactado<\/strong>. <\/p><\/div><div class=\"date\"><h5>Starten<\/h5><\/div><\/article><\/div><\/div>[\/vc_column][\/vc_row][vc_row no_padding=&#8221;true&#8221; bg_type=&#8221;&#8221; dima_canvas_style=&#8221;&#8221; translate_x=&#8221;0&#8243; dima_z_index=&#8221;0&#8243; delay=&#8221;&#8221; animate_item=&#8221;&#8221; delay_duration=&#8221;&#8221; delay_offset=&#8221;&#8221; id=&#8221;&#8221; class=&#8221;&#8221; border_color=&#8221;&#8221;][vc_column min_height=&#8221;&#8221; bg_type=&#8221;&#8221; dima_canvas_style=&#8221;&#8221; translate_x=&#8221;0&#8243; dima_z_index=&#8221;0&#8243; delay=&#8221;&#8221; animate_item=&#8221;&#8221; delay_duration=&#8221;&#8221; delay_offset=&#8221;&#8221; width=&#8221;1\/1&#8243;]\n\t<div class=\"wpb_content_element \" >\n\t\t<div class=\"wpb_wrapper\">\n\t\t\t<p>Se tiveres alguma d\u00favida ou problema, contacta a nossa equipa de apoio ou tenta as seguintes instru\u00e7\u00f5es para descompactar ficheiros ZIP.<\/p>\n<p><a href=\"https:\/\/www.ionos.de\/digitalguide\/server\/konfiguration\/zip-datei-oeffnen\/\" target=\"_blank\" rel=\"nofollow noopener\">https:\/\/www.ionos.de\/digitalguide\/server\/konfiguration\/zip-datei-oeffnen\/<\/a><\/p>\n\n\t\t<\/div> \n\t<\/div> [\/vc_column][\/vc_row]<\/p>\n<\/div>","protected":false},"excerpt":{"rendered":"<p>[vc_row no_padding=&#8221;true&#8221; bg_type=&#8221;&#8221; dima_canvas_style=&#8221;&#8221; translate_x=&#8221;0&#8243; dima_z_index=&#8221;0&#8243; delay=&#8221;&#8221; animate_item=&#8221;&#8221; delay_duration=&#8221;&#8221; delay_offset=&#8221;&#8221; id=&#8221;&#8221; class=&#8221;&#8221; border_color=&#8221;&#8221;][vc_column min_height=&#8221;&#8221; bg_type=&#8221;&#8221; dima_canvas_style=&#8221;&#8221; translate_x=&#8221;0&#8243; dima_z_index=&#8221;0&#8243; delay=&#8221;&#8221; animate_item=&#8221;&#8221; delay_duration=&#8221;&#8221; delay_offset=&#8221;&#8221; width=&#8221;1\/1&#8243;][\/vc_column][\/vc_row][vc_row no_padding=&#8221;true&#8221; bg_type=&#8221;&#8221; dima_canvas_style=&#8221;&#8221; translate_x=&#8221;0&#8243; dima_z_index=&#8221;0&#8243; delay=&#8221;&#8221; animate_item=&#8221;&#8221; delay_duration=&#8221;&#8221; delay_offset=&#8221;&#8221; id=&#8221;&#8221; class=&#8221;&#8221; border_color=&#8221;&#8221;][vc_column min_height=&#8221;&#8221; bg_type=&#8221;&#8221; dima_canvas_style=&#8221;&#8221; translate_x=&#8221;0&#8243; dima_z_index=&#8221;0&#8243; delay=&#8221;&#8221; animate_item=&#8221;&#8221; delay_duration=&#8221;&#8221; delay_offset=&#8221;&#8221; width=&#8221;1\/1&#8243;][\/vc_column][\/vc_row][vc_row no_padding=&#8221;true&#8221; bg_type=&#8221;&#8221; dima_canvas_style=&#8221;&#8221; translate_x=&#8221;0&#8243; dima_z_index=&#8221;0&#8243; delay=&#8221;&#8221; animate_item=&#8221;&#8221; delay_duration=&#8221;&#8221; delay_offset=&#8221;&#8221; id=&#8221;&#8221; [&hellip;]<\/p>\n","protected":false},"author":1,"featured_media":0,"parent":17241,"menu_order":0,"comment_status":"closed","ping_status":"closed","template":"","meta":{"_monsterinsights_skip_tracking":false,"_monsterinsights_sitenote_active":false,"_monsterinsights_sitenote_note":"","_monsterinsights_sitenote_category":0,"footnotes":""},"class_list":["post-17261","page","type-page","status-publish","hentry","no-post-thumbnail"],"_links":{"self":[{"href":"https:\/\/www.statusholder.com\/pt-pt\/wp-json\/wp\/v2\/pages\/17261","targetHints":{"allow":["GET"]}}],"collection":[{"href":"https:\/\/www.statusholder.com\/pt-pt\/wp-json\/wp\/v2\/pages"}],"about":[{"href":"https:\/\/www.statusholder.com\/pt-pt\/wp-json\/wp\/v2\/types\/page"}],"author":[{"embeddable":true,"href":"https:\/\/www.statusholder.com\/pt-pt\/wp-json\/wp\/v2\/users\/1"}],"replies":[{"embeddable":true,"href":"https:\/\/www.statusholder.com\/pt-pt\/wp-json\/wp\/v2\/comments?post=17261"}],"version-history":[{"count":3,"href":"https:\/\/www.statusholder.com\/pt-pt\/wp-json\/wp\/v2\/pages\/17261\/revisions"}],"predecessor-version":[{"id":29176,"href":"https:\/\/www.statusholder.com\/pt-pt\/wp-json\/wp\/v2\/pages\/17261\/revisions\/29176"}],"up":[{"embeddable":true,"href":"https:\/\/www.statusholder.com\/pt-pt\/wp-json\/wp\/v2\/pages\/17241"}],"wp:attachment":[{"href":"https:\/\/www.statusholder.com\/pt-pt\/wp-json\/wp\/v2\/media?parent=17261"}],"curies":[{"name":"wp","href":"https:\/\/api.w.org\/{rel}","templated":true}]}}