{"id":17268,"date":"2022-01-14T07:49:36","date_gmt":"2022-01-14T06:49:36","guid":{"rendered":"https:\/\/www.statusholder.com\/alternativas\/"},"modified":"2024-03-24T13:24:37","modified_gmt":"2024-03-24T12:24:37","slug":"alternativas","status":"publish","type":"page","link":"https:\/\/www.statusholder.com\/pt-pt\/caracteristicas\/alternativas\/","title":{"rendered":"Alternativas"},"content":{"rendered":"<div class=\"wpb-content-wrapper\"><p>[vc_row bg_type=&#8221;&#8221; dima_canvas_style=&#8221;&#8221; translate_x=&#8221;0&#8243; dima_z_index=&#8221;0&#8243; delay=&#8221;&#8221; animate_item=&#8221;&#8221; delay_duration=&#8221;&#8221; delay_offset=&#8221;&#8221; top_and_bottom_padding=&#8221;&#8221; left_and_right_padding=&#8221;&#8221; id=&#8221;&#8221; class=&#8221;&#8221; css=&#8221;.vc_custom_1498853594959{padding-top: 0px !important;}&#8221; border_color=&#8221;&#8221;][vc_column min_height=&#8221;&#8221; bg_type=&#8221;&#8221; dima_canvas_style=&#8221;&#8221; translate_x=&#8221;0&#8243; dima_z_index=&#8221;0&#8243; delay=&#8221;&#8221; animate_item=&#8221;&#8221; delay_duration=&#8221;&#8221; delay_offset=&#8221;&#8221; top_and_bottom_padding=&#8221;&#8221; left_and_right_padding=&#8221;&#8221; width=&#8221;2\/3&#8243;]<h2  class=\"dima-custom-heading\"   >N\u00e3o quer utilizar software?<\/h2>\n\t<div class=\"wpb_content_element \" >\n\t\t<div class=\"wpb_wrapper\">\n\t\t\t<p>O Teams Status Holder \u00e9 um software que n\u00e3o precisa de ser instalado. Isto significa que n\u00e3o aparece na lista de &#8220;software de instala\u00e7\u00e3o&#8221; do seu departamento de TI. Ainda n\u00e3o quer utilizar uma solu\u00e7\u00e3o de software e est\u00e1 \u00e0 procura de alternativas? O agitador de ratos est\u00e1 dispon\u00edvel numa vers\u00e3o de hardware, que pode ser adquirida na nossa loja.<\/p>\n\n\t\t<\/div> \n\t<\/div> <a   href=\"https:\/\/www.statusholder.com\/shop\/\"  class=\"dima-button dima-waves fill dima-btn-large dima-shadow float-start\"      ><i class=\"fas fa-shopping-bag\"><\/i>para a loja<\/a><div  class=\"dima-clear\" style=\"padding-bottom:30px\"><\/div>[\/vc_column][vc_column min_height=&#8221;&#8221; bg_type=&#8221;&#8221; dima_canvas_style=&#8221;&#8221; translate_x=&#8221;0&#8243; dima_z_index=&#8221;0&#8243; delay=&#8221;&#8221; animate_item=&#8221;&#8221; delay_duration=&#8221;&#8221; delay_offset=&#8221;&#8221; width=&#8221;1\/3&#8243;]<div  class=\"dima-img text-center column-item overflow-hidden\"       ><img decoding=\"async\" width=\"640\" height=\"640\" src=\"https:\/\/www.statusholder.com\/wp-content\/uploads\/2022\/09\/usb-flash-drive-gd4ff81442_640-100x100.jpg\" class=\"dima_image-img dima-image attachment-full lazyload js-lazy-image\" alt=\"\" data-src=\"https:\/\/www.statusholder.com\/wp-content\/uploads\/2022\/09\/usb-flash-drive-gd4ff81442_640.jpg\" data-srcset=\"https:\/\/www.statusholder.com\/wp-content\/uploads\/2022\/09\/usb-flash-drive-gd4ff81442_640.jpg 640w, https:\/\/www.statusholder.com\/wp-content\/uploads\/2022\/09\/usb-flash-drive-gd4ff81442_640-300x300.jpg 300w, https:\/\/www.statusholder.com\/wp-content\/uploads\/2022\/09\/usb-flash-drive-gd4ff81442_640-150x150.jpg 150w, https:\/\/www.statusholder.com\/wp-content\/uploads\/2022\/09\/usb-flash-drive-gd4ff81442_640-585x585.jpg 585w, https:\/\/www.statusholder.com\/wp-content\/uploads\/2022\/09\/usb-flash-drive-gd4ff81442_640-100x100.jpg 100w, https:\/\/www.statusholder.com\/wp-content\/uploads\/2022\/09\/usb-flash-drive-gd4ff81442_640-128x128.jpg 128w, https:\/\/www.statusholder.com\/wp-content\/uploads\/2022\/09\/usb-flash-drive-gd4ff81442_640-256x256.jpg 256w\" data-sizes=\"(max-width: 640px) 100vw, 640px\" \/><\/div>\n\t<div class=\"wpb_content_element \" >\n\t\t<div class=\"wpb_wrapper\">\n\t\t\t<p>Alternativas de hardware para o suporte Staus<\/p>\n\n\t\t<\/div> \n\t<\/div> [\/vc_column][\/vc_row][vc_row bg_type=&#8221;&#8221; dima_canvas_style=&#8221;&#8221; translate_x=&#8221;0&#8243; dima_z_index=&#8221;0&#8243; delay=&#8221;&#8221; animate_item=&#8221;&#8221; delay_duration=&#8221;&#8221; delay_offset=&#8221;&#8221; top_and_bottom_padding=&#8221;&#8221; left_and_right_padding=&#8221;&#8221; id=&#8221;&#8221; class=&#8221;&#8221; css=&#8221;.vc_custom_1498853594959{padding-top: 0px !important;}&#8221; border_color=&#8221;&#8221;][vc_column min_height=&#8221;&#8221; bg_type=&#8221;&#8221; dima_canvas_style=&#8221;&#8221; translate_x=&#8221;0&#8243; dima_z_index=&#8221;0&#8243; delay=&#8221;&#8221; animate_item=&#8221;&#8221; delay_duration=&#8221;&#8221; delay_offset=&#8221;&#8221; top_and_bottom_padding=&#8221;&#8221; left_and_right_padding=&#8221;&#8221; width=&#8221;1\/1&#8243;]<h2  class=\"dima-custom-heading\"   >Status Holder Alternativen<\/h2>\n\t<div class=\"wpb_content_element \" >\n\t\t<div class=\"wpb_wrapper\">\n\t\t\t<p>Es gibt inzwischen ein paar Alternativen zu unserem Status Holder, um das gleiche Ergebnis zu erhalten: Man m\u00f6chte in Teams immer online angezeigt werden. Achten Sie dennoch auf den <a href=\"https:\/\/www.statusholder.com\/features\/\">Funktionsumfang<\/a>.<\/p>\n\n\t\t<\/div> \n\t<\/div> <div  class=\"dima-clear\" style=\"padding-bottom:30px\"><\/div>[vc_row_inner bg_type=&#8221;&#8221; dima_canvas_style=&#8221;&#8221; translate_x=&#8221;0&#8243; dima_z_index=&#8221;0&#8243; top_and_bottom_padding=&#8221;&#8221; left_and_right_padding=&#8221;&#8221;][vc_column_inner animation=&#8221;transition.slideRightBigIn&#8221; delay=&#8221;100&#8243; animate_item=&#8221;&#8221; delay_duration=&#8221;500&#8243; delay_offset=&#8221;&#8221; translate_x=&#8221;0&#8243; dima_z_index=&#8221;0&#8243; width=&#8221;1\/4&#8243; id=&#8221;&#8221; class=&#8221;&#8221; style=&#8221;&#8221; border_color=&#8221;&#8221;]<div  class=\"dima-pricing-table featured\" > <span class='featured_icon'><svg xmlns=\"http:\/\/www.w3.org\/2000\/svg\" width=\"48\" height=\"48\" viewBox=\"0 0 48 48\"><path d=\"M24 42.7l-2.9-2.63C10.8 30.72 4 24.55 4 17 4 10.83 8.83 6 15 6c3.48 0 6.82 1.62 9 4.17C26.18 7.62 29.52 6 33 6c6.17 0 11 4.83 11 11 0 7.55-6.8 13.72-17.1 23.07L24 42.7z\"\/><\/svg><\/span><div  class=\"dima-pricing-col\"><div class=\"dima-pricing-col-info box-with-shadow\" style=\"border-top-color:#333333;\"><div class=\"dima-header-col-info\"><h6 class=\"dima-table-title\">Titular do estatuto<\/h6><h2 class=\"dima-pricing-row\"><span class=\"pricing\"><span class=\"currency\"><\/span>Free<\/span><span class=\"interval\"><\/span><\/h2><\/div><div class=\"dima-table-content\"><ul  class=\"icon-list\" ><li   ><i  class=\"fas fa-check\"><\/i>Windows 10, 11<\/li><li   ><i  class=\"fas fa-check\"><\/i>Port\u00e1til<\/li><li   ><i  class=\"fas fa-check\"><\/i>F\u00e1cil de utilizar<\/li><li   ><i  class=\"fas fa-check\"><\/i>Interface gr\u00e1fica do utilizador<\/li><li   ><i  class=\"fas fa-check\"><\/i>Gratuito<\/li><li   ><i style=\"color:#dd3333;\" class=\"fas fa-times\"><\/i>MacOS<\/li><li   ><i  class=\"fas fa-check\"><\/i>Muitas funcionalidades e defini\u00e7\u00f5es<\/li><li   ><i  class=\"fas fa-check\"><\/i>Estat\u00edsticas<\/li><li   ><i  class=\"fas fa-check\"><\/i>Notifica\u00e7\u00e3o de atualiza\u00e7\u00e3o<\/li><li   ><i  class=\"fas fa-check\"><\/i>V\u00e1rias l\u00ednguas<\/li><\/ul><a   href=\"https:\/\/www.statusholder.com\/download\/\"  class=\"dima-button dima-waves fill dima-btn-small\"      >descarregar agora<\/a><\/div><\/div><\/div> <\/div>[\/vc_column_inner][vc_column_inner animation=&#8221;transition.slideRightBigIn&#8221; delay=&#8221;300&#8243; animate_item=&#8221;&#8221; delay_duration=&#8221;500&#8243; delay_offset=&#8221;&#8221; translate_x=&#8221;0&#8243; dima_z_index=&#8221;0&#8243; width=&#8221;1\/4&#8243; id=&#8221;&#8221; class=&#8221;&#8221; style=&#8221;&#8221; border_color=&#8221;&#8221;]<div  class=\"dima-pricing-table\" > <div  class=\"dima-pricing-col\"><div class=\"dima-pricing-col-info\" style=\"border-top-color:#333333;\"><div class=\"dima-header-col-info\"><h6 class=\"dima-table-title\">Cafe\u00edna<\/h6><h2 class=\"dima-pricing-row\"><span class=\"pricing\"><span class=\"currency\"><\/span>Free<\/span><span class=\"interval\"><\/span><\/h2><\/div><div class=\"dima-table-content\"><ul  class=\"icon-list\" ><li   ><i  class=\"fas fa-check\"><\/i>Windows 10, 11<\/li><li   ><i  class=\"fas fa-check\"><\/i>Port\u00e1til<\/li><li   ><i style=\"color:#dd3333;\" class=\"fas fa-times\"><\/i>F\u00e1cil de utilizar<\/li><li   ><i style=\"color:#dd3333;\" class=\"fas fa-times\"><\/i>Interface gr\u00e1fica do utilizador<\/li><li   ><i  class=\"fas fa-check\"><\/i>Gratuito<\/li><li   ><i style=\"color:#dd3333;\" class=\"fas fa-times\"><\/i>MacOS<\/li><li   ><i  class=\"fas fa-check\"><\/i>Muitas funcionalidades e defini\u00e7\u00f5es<\/li><li   ><i style=\"color:#dd3333;\" class=\"fas fa-times\"><\/i>Estat\u00edsticas<\/li><li   ><i style=\"color:#dd3333;\" class=\"fas fa-times\"><\/i>Notifica\u00e7\u00e3o de atualiza\u00e7\u00e3o<\/li><li   ><i style=\"color:#dd3333;\" class=\"fas fa-times\"><\/i>V\u00e1rias l\u00ednguas<\/li><\/ul><\/div><\/div><\/div> <\/div>[\/vc_column_inner][vc_column_inner animation=&#8221;transition.slideRightBigIn&#8221; delay=&#8221;500&#8243; animate_item=&#8221;&#8221; delay_duration=&#8221;500&#8243; delay_offset=&#8221;&#8221; translate_x=&#8221;0&#8243; dima_z_index=&#8221;0&#8243; width=&#8221;1\/4&#8243; id=&#8221;&#8221; class=&#8221;&#8221; style=&#8221;&#8221; border_color=&#8221;&#8221;]<div  class=\"dima-pricing-table\" > <div  class=\"dima-pricing-col\"><div class=\"dima-pricing-col-info\" style=\"border-top-color:#333333;\"><div class=\"dima-header-col-info\"><h6 class=\"dima-table-title\">Software Mouse Jiggler<\/h6><h2 class=\"dima-pricing-row\"><span class=\"pricing\"><span class=\"currency\"><\/span>Free<\/span><span class=\"interval\"><\/span><\/h2><\/div><div class=\"dima-table-content\"><ul  class=\"icon-list\" ><li   ><i  class=\"fas fa-check\"><\/i>Windows 10, 11<\/li><li   ><i  class=\"fas fa-check\"><\/i>Port\u00e1til<\/li><li   ><i  class=\"fas fa-check\"><\/i>F\u00e1cil de utilizar<\/li><li   ><i  class=\"fas fa-check\"><\/i>Interface gr\u00e1fica do utilizador<\/li><li   ><i  class=\"fas fa-check\"><\/i>Gratuito<\/li><li   ><i style=\"color:#dd3333;\" class=\"fas fa-times\"><\/i>MacOS<\/li><li   ><i style=\"color:#dd3333;\" class=\"fas fa-times\"><\/i>Muitas funcionalidades e defini\u00e7\u00f5es<\/li><li   ><i style=\"color:#dd3333;\" class=\"fas fa-times\"><\/i>Estat\u00edsticas<\/li><li   ><i style=\"color:#dd3333;\" class=\"fas fa-times\"><\/i>Notifica\u00e7\u00e3o de atualiza\u00e7\u00e3o<\/li><li   ><i style=\"color:#dd3333;\" class=\"fas fa-times\"><\/i>V\u00e1rias l\u00ednguas<\/li><\/ul><\/div><\/div><\/div> <\/div>[\/vc_column_inner][vc_column_inner animation=&#8221;transition.slideRightBigIn&#8221; delay=&#8221;700&#8243; animate_item=&#8221;&#8221; delay_duration=&#8221;500&#8243; delay_offset=&#8221;&#8221; translate_x=&#8221;0&#8243; dima_z_index=&#8221;0&#8243; width=&#8221;1\/4&#8243; id=&#8221;&#8221; class=&#8221;&#8221; style=&#8221;&#8221; border_color=&#8221;&#8221;]<div  class=\"dima-pricing-table\" > <div  class=\"dima-pricing-col\"><div class=\"dima-pricing-col-info\" style=\"border-top-color:#333333;\"><div class=\"dima-header-col-info\"><h6 class=\"dima-table-title\">Ferragens para sacudir o rato<\/h6><h2 class=\"dima-pricing-row\"><span class=\"pricing\"><span class=\"currency\"><\/span>Not Free<\/span><span class=\"interval\"><\/span><\/h2><\/div><div class=\"dima-table-content\"><ul  class=\"icon-list\" ><li   ><i  class=\"fas fa-check\"><\/i>Windows 10, 11<\/li><li   ><i  class=\"fas fa-check\"><\/i>Port\u00e1til<\/li><li   ><i  class=\"fas fa-check\"><\/i>F\u00e1cil de utilizar<\/li><li   ><i style=\"color:#dd3333;\" class=\"fas fa-times\"><\/i>Interface gr\u00e1fica do utilizador<\/li><li   ><i style=\"color:#dd3333;\" class=\"fas fa-times\"><\/i>Gratuito<\/li><li   ><i  class=\"fas fa-check\"><\/i>MacOS<\/li><li   ><i style=\"color:#dd3333;\" class=\"fas fa-times\"><\/i>Muitas funcionalidades e defini\u00e7\u00f5es<\/li><li   ><i style=\"color:#dd3333;\" class=\"fas fa-times\"><\/i>Estat\u00edsticas<\/li><li   ><i style=\"color:#dd3333;\" class=\"fas fa-times\"><\/i>Notifica\u00e7\u00e3o de atualiza\u00e7\u00e3o<\/li><li   ><i style=\"color:#dd3333;\" class=\"fas fa-times\"><\/i>V\u00e1rias l\u00ednguas<\/li><\/ul><a   href=\"https:\/\/www.statusholder.com\/shop\/usb-mouse-jiggler\/\"  class=\"dima-button dima-waves fill dima-btn-small\"      >para a loja<\/a><\/div><\/div><\/div> <\/div>[\/vc_column_inner][\/vc_row_inner][\/vc_column][\/vc_row]<\/p>\n<\/div>","protected":false},"excerpt":{"rendered":"<p>[vc_row bg_type=&#8221;&#8221; dima_canvas_style=&#8221;&#8221; translate_x=&#8221;0&#8243; dima_z_index=&#8221;0&#8243; delay=&#8221;&#8221; animate_item=&#8221;&#8221; delay_duration=&#8221;&#8221; delay_offset=&#8221;&#8221; top_and_bottom_padding=&#8221;&#8221; left_and_right_padding=&#8221;&#8221; id=&#8221;&#8221; class=&#8221;&#8221; css=&#8221;.vc_custom_1498853594959{padding-top: 0px !important;}&#8221; border_color=&#8221;&#8221;][vc_column min_height=&#8221;&#8221; bg_type=&#8221;&#8221; dima_canvas_style=&#8221;&#8221; translate_x=&#8221;0&#8243; dima_z_index=&#8221;0&#8243; delay=&#8221;&#8221; animate_item=&#8221;&#8221; delay_duration=&#8221;&#8221; delay_offset=&#8221;&#8221; top_and_bottom_padding=&#8221;&#8221; left_and_right_padding=&#8221;&#8221; width=&#8221;2\/3&#8243;][\/vc_column][vc_column min_height=&#8221;&#8221; bg_type=&#8221;&#8221; dima_canvas_style=&#8221;&#8221; translate_x=&#8221;0&#8243; dima_z_index=&#8221;0&#8243; delay=&#8221;&#8221; animate_item=&#8221;&#8221; delay_duration=&#8221;&#8221; delay_offset=&#8221;&#8221; width=&#8221;1\/3&#8243;][\/vc_column][\/vc_row][vc_row bg_type=&#8221;&#8221; dima_canvas_style=&#8221;&#8221; translate_x=&#8221;0&#8243; dima_z_index=&#8221;0&#8243; delay=&#8221;&#8221; animate_item=&#8221;&#8221; delay_duration=&#8221;&#8221; delay_offset=&#8221;&#8221; top_and_bottom_padding=&#8221;&#8221; left_and_right_padding=&#8221;&#8221; id=&#8221;&#8221; class=&#8221;&#8221; css=&#8221;.vc_custom_1498853594959{padding-top: 0px !important;}&#8221; border_color=&#8221;&#8221;][vc_column [&hellip;]<\/p>\n","protected":false},"author":4,"featured_media":0,"parent":17271,"menu_order":0,"comment_status":"closed","ping_status":"closed","template":"","meta":{"_monsterinsights_skip_tracking":false,"_monsterinsights_sitenote_active":false,"_monsterinsights_sitenote_note":"","_monsterinsights_sitenote_category":0,"footnotes":""},"class_list":["post-17268","page","type-page","status-publish","hentry","no-post-thumbnail"],"_links":{"self":[{"href":"https:\/\/www.statusholder.com\/pt-pt\/wp-json\/wp\/v2\/pages\/17268","targetHints":{"allow":["GET"]}}],"collection":[{"href":"https:\/\/www.statusholder.com\/pt-pt\/wp-json\/wp\/v2\/pages"}],"about":[{"href":"https:\/\/www.statusholder.com\/pt-pt\/wp-json\/wp\/v2\/types\/page"}],"author":[{"embeddable":true,"href":"https:\/\/www.statusholder.com\/pt-pt\/wp-json\/wp\/v2\/users\/4"}],"replies":[{"embeddable":true,"href":"https:\/\/www.statusholder.com\/pt-pt\/wp-json\/wp\/v2\/comments?post=17268"}],"version-history":[{"count":2,"href":"https:\/\/www.statusholder.com\/pt-pt\/wp-json\/wp\/v2\/pages\/17268\/revisions"}],"predecessor-version":[{"id":17276,"href":"https:\/\/www.statusholder.com\/pt-pt\/wp-json\/wp\/v2\/pages\/17268\/revisions\/17276"}],"up":[{"embeddable":true,"href":"https:\/\/www.statusholder.com\/pt-pt\/wp-json\/wp\/v2\/pages\/17271"}],"wp:attachment":[{"href":"https:\/\/www.statusholder.com\/pt-pt\/wp-json\/wp\/v2\/media?parent=17268"}],"curies":[{"name":"wp","href":"https:\/\/api.w.org\/{rel}","templated":true}]}}