{"id":17278,"date":"2022-07-11T13:43:18","date_gmt":"2022-07-11T11:43:18","guid":{"rendered":"https:\/\/www.statusholder.com\/mouse-jiggler-online\/"},"modified":"2024-03-24T13:24:39","modified_gmt":"2024-03-24T12:24:39","slug":"mouse-jiggler-online","status":"publish","type":"page","link":"https:\/\/www.statusholder.com\/pt-pt\/mouse-jiggler-online\/","title":{"rendered":"Mouse Jiggler online"},"content":{"rendered":"<div class=\"wpb-content-wrapper\"><p>[vc_row no_padding=&#8221;true&#8221; bg_type=&#8221;&#8221; dima_canvas_style=&#8221;&#8221; translate_x=&#8221;0&#8243; dima_z_index=&#8221;0&#8243; delay=&#8221;&#8221; animate_item=&#8221;&#8221; delay_duration=&#8221;&#8221; delay_offset=&#8221;&#8221; id=&#8221;&#8221; class=&#8221;&#8221; border_color=&#8221;&#8221;][vc_column min_height=&#8221;&#8221; bg_type=&#8221;&#8221; dima_canvas_style=&#8221;&#8221; translate_x=&#8221;0&#8243; dima_z_index=&#8221;0&#8243; delay=&#8221;&#8221; animate_item=&#8221;&#8221; delay_duration=&#8221;&#8221; delay_offset=&#8221;&#8221; width=&#8221;1\/1&#8243;]<div  class=\"dima-clear\" style=\"padding-bottom:100px\"><\/div><h2  class=\"dima-custom-heading\"   > <i class= \"fas fa-bell\" > <\/i> Passo 1 &#8211; Subscrever<\/h2>\n\t<div class=\"wpb_content_element \" >\n\t\t<div class=\"wpb_wrapper\">\n\t\t\t<p>Subscreva o canal do Youtube WJC3 para utilizar corretamente o Mouse Jiggler (Status Holder Online).<\/p>\n<p><script src=\"https:\/\/apis.google.com\/js\/platform.js\"><\/script><\/p>\n<div class=\"g-ytsubscribe\" data-channelid=\"UCyZIbj49n_w9kHeq-jYCMgw\" data-layout=\"full\" data-count=\"hidden\"><\/div>\n<p><em>Se isto j\u00e1 tiver sido feito, pode saltar para o passo seguinte.<\/em><\/p>\n\n\t\t<\/div> \n\t<\/div> [\/vc_column][\/vc_row][vc_row no_padding=&#8221;true&#8221; bg_type=&#8221;&#8221; dima_canvas_style=&#8221;&#8221; translate_x=&#8221;0&#8243; dima_z_index=&#8221;0&#8243; delay=&#8221;&#8221; animate_item=&#8221;&#8221; delay_duration=&#8221;&#8221; delay_offset=&#8221;&#8221; id=&#8221;&#8221; class=&#8221;&#8221; border_color=&#8221;&#8221;][vc_column min_height=&#8221;&#8221; bg_type=&#8221;&#8221; dima_canvas_style=&#8221;&#8221; translate_x=&#8221;0&#8243; dima_z_index=&#8221;0&#8243; delay=&#8221;&#8221; animate_item=&#8221;&#8221; delay_duration=&#8221;&#8221; delay_offset=&#8221;&#8221; width=&#8221;1\/1&#8243;]<div  class=\"dima-clear\" style=\"padding-bottom:30px\"><\/div>[\/vc_column][\/vc_row][vc_row no_padding=&#8221;true&#8221; bg_type=&#8221;&#8221; dima_canvas_style=&#8221;&#8221; translate_x=&#8221;0&#8243; dima_z_index=&#8221;0&#8243; delay=&#8221;&#8221; animate_item=&#8221;&#8221; delay_duration=&#8221;&#8221; delay_offset=&#8221;&#8221; id=&#8221;&#8221; class=&#8221;&#8221; border_color=&#8221;&#8221;][vc_column min_height=&#8221;&#8221; bg_type=&#8221;&#8221; dima_canvas_style=&#8221;&#8221; translate_x=&#8221;0&#8243; dima_z_index=&#8221;0&#8243; delay=&#8221;&#8221; animate_item=&#8221;&#8221; delay_duration=&#8221;&#8221; delay_offset=&#8221;&#8221; width=&#8221;1\/1&#8243;]<h2  class=\"dima-custom-heading\"   > <i class= \"fab fa-youtube\" > <\/i> Passo 2 &#8211; Iniciar<\/h2>\n\t<div class=\"wpb_content_element \" >\n\t\t<div class=\"wpb_wrapper\">\n\t\t\t<p>Para ativar o Online Mouse Jiggler, inicie o v\u00eddeo.<\/p>\n<p><iframe loading=\"lazy\" title=\"Leitor de v\u00eddeo do YouTube\" src=\"https:\/\/www.youtube.com\/embed\/s6q2fbDeCKc\" width=\"560\" height=\"315\" frameborder=\"0\" allowfullscreen=\"allowfullscreen\"><\/iframe><\/p>\n\n\t\t<\/div> \n\t<\/div> [\/vc_column][\/vc_row][vc_row no_padding=&#8221;true&#8221; bg_type=&#8221;&#8221; dima_canvas_style=&#8221;&#8221; translate_x=&#8221;0&#8243; dima_z_index=&#8221;0&#8243; delay=&#8221;&#8221; animate_item=&#8221;&#8221; delay_duration=&#8221;&#8221; delay_offset=&#8221;&#8221; id=&#8221;&#8221; class=&#8221;&#8221; border_color=&#8221;&#8221;][vc_column min_height=&#8221;&#8221; bg_type=&#8221;&#8221; dima_canvas_style=&#8221;&#8221; translate_x=&#8221;0&#8243; dima_z_index=&#8221;0&#8243; delay=&#8221;&#8221; animate_item=&#8221;&#8221; delay_duration=&#8221;&#8221; delay_offset=&#8221;&#8221; width=&#8221;1\/1&#8243;]<div  class=\"dima-clear\" style=\"padding-bottom:30px\"><\/div>[\/vc_column][\/vc_row][vc_row no_padding=&#8221;true&#8221; bg_type=&#8221;&#8221; dima_canvas_style=&#8221;&#8221; translate_x=&#8221;0&#8243; dima_z_index=&#8221;0&#8243; delay=&#8221;&#8221; animate_item=&#8221;&#8221; delay_duration=&#8221;&#8221; delay_offset=&#8221;&#8221; id=&#8221;&#8221; class=&#8221;&#8221; border_color=&#8221;&#8221;][vc_column min_height=&#8221;&#8221; bg_type=&#8221;&#8221; dima_canvas_style=&#8221;&#8221; translate_x=&#8221;0&#8243; dima_z_index=&#8221;0&#8243; delay=&#8221;&#8221; animate_item=&#8221;&#8221; delay_duration=&#8221;&#8221; delay_offset=&#8221;&#8221; width=&#8221;1\/1&#8243;]<h2  class=\"dima-custom-heading\"   > <i class= \"fas fa-desktop\" > <\/i> Passo 3 &#8211; Aten\u00e7\u00e3o!<\/h2>\n\t<div class=\"wpb_content_element \" >\n\t\t<div class=\"wpb_wrapper\">\n\t\t\t<ol>\n<li>Reproduzir este v\u00eddeo no seu <strong>telem\u00f3vel ou tablet<\/strong> <\/li>\n<li>Coloque o seu <strong>rato \u00f3tico<\/strong> sobre ele<\/li>\n<li>Certifique-se de que o <strong>brilho do seu dispositivo est\u00e1 definido para o m\u00e1ximo<\/strong> <\/li>\n<\/ol>\n\n\t\t<\/div> \n\t<\/div> [\/vc_column][\/vc_row][vc_row no_padding=&#8221;true&#8221; bg_type=&#8221;&#8221; dima_canvas_style=&#8221;&#8221; translate_x=&#8221;0&#8243; dima_z_index=&#8221;0&#8243; delay=&#8221;&#8221; animate_item=&#8221;&#8221; delay_duration=&#8221;&#8221; delay_offset=&#8221;&#8221; id=&#8221;&#8221; class=&#8221;&#8221; border_color=&#8221;&#8221;][vc_column min_height=&#8221;&#8221; bg_type=&#8221;&#8221; dima_canvas_style=&#8221;&#8221; translate_x=&#8221;0&#8243; dima_z_index=&#8221;0&#8243; delay=&#8221;&#8221; animate_item=&#8221;&#8221; delay_duration=&#8221;&#8221; delay_offset=&#8221;&#8221; width=&#8221;1\/1&#8243;]<div  class=\"dima-clear\" style=\"padding-bottom:100px\"><\/div>[\/vc_column][\/vc_row][vc_row no_padding=&#8221;true&#8221; bg_type=&#8221;&#8221; dima_canvas_style=&#8221;&#8221; translate_x=&#8221;0&#8243; dima_z_index=&#8221;0&#8243; delay=&#8221;&#8221; animate_item=&#8221;&#8221; delay_duration=&#8221;&#8221; delay_offset=&#8221;&#8221; id=&#8221;&#8221; class=&#8221;&#8221; border_color=&#8221;&#8221;][vc_column min_height=&#8221;&#8221; bg_type=&#8221;&#8221; dima_canvas_style=&#8221;&#8221; translate_x=&#8221;0&#8243; dima_z_index=&#8221;0&#8243; delay=&#8221;&#8221; animate_item=&#8221;&#8221; delay_duration=&#8221;&#8221; delay_offset=&#8221;&#8221; width=&#8221;1\/1&#8243;]<h2  class=\"dima-custom-heading\"   > <i class= \"fas fa-info\" > <\/i> Online Mouse-Jiggler<\/h2>[vc_wp_text]Um rato jiggler simula um movimento do rato no computador do utilizador. Mas porque \u00e9 que faria uma coisa dessas? Ao mover o rato, o computador \u00e9 levado a pensar que o utilizador est\u00e1 a trabalhar. Isto faz com que o <a href=\"https:\/\/www.itnator.net\/bildschirmschoner-funktioniert-nicht-windows-10\/\" target=\"_blank\" rel=\"noopener\">protetor de ecr\u00e3 do Windows<\/a> e o modo de suspens\u00e3o sejam suprimidos.<\/p>\n<p>No entanto, um agitador de rato pode ser utilizado n\u00e3o s\u00f3 para o protetor de ecr\u00e3, mas tamb\u00e9m para influenciar o estado do Teams ou do Skype for Business. Enquanto um movimento do rato for reconhecido, o estado das equipas \u00e9 definido como Dispon\u00edvel.<\/p>\n<h3>Suporte de estado para Windows<\/h3>\n<p>O nosso Status Holder para Windows pode fazer exatamente isso. Influencia o estado das equipas para que apare\u00e7a sempre como dispon\u00edvel. Isto porque o estado das equipas pode fornecer informa\u00e7\u00f5es sobre o comportamento dos utilizadores. Na pior das hip\u00f3teses, o resultado \u00e9 o controlo dos trabalhadores. Quanto tempo \u00e9 que o empregado est\u00e1 online e quando \u00e9 que est\u00e1 offline?<\/p>\n<p>O Status Holder \u00e9 gratuito e, uma vez que se trata de uma aplica\u00e7\u00e3o que se executa com um simples clique, n\u00e3o necessita de ser instalada. Para al\u00e9m da cl\u00e1ssica fun\u00e7\u00e3o Mouse Jiggler, o Status Holder tem muitas fun\u00e7\u00f5es \u00fateis, como a sa\u00edda autom\u00e1tica. Infelizmente, estas fun\u00e7\u00f5es n\u00e3o est\u00e3o dispon\u00edveis no Online Mouse Jiggler.<\/p>\n<h3>Quando \u00e9 que se utiliza o Online Mouse Jiggler?<\/h3>\n<p>O nosso Status Holder est\u00e1 atualmente dispon\u00edvel apenas para o Microsoft Windows 10 e 11. O Online Mouse Jiggler tem de ser utilizado para o tornar permanentemente dispon\u00edvel num livro Mac. Tudo o que precisa \u00e9 de uma liga\u00e7\u00e3o \u00e0 Internet e, eventualmente, de um cabo de carregamento para o dispositivo m\u00f3vel.<\/p>\n<h3>O agitador de ratos \u00e9 hardware ou software?<\/h3>\n<p>Um simulador de movimentos do rato est\u00e1 dispon\u00edvel como vers\u00e3o de software. No entanto, tamb\u00e9m pode ser comprado um agitador de rato de hardware na Amazon para definir o estado permanentemente para Online. No entanto, esta pen USB de hardware tamb\u00e9m tem desvantagens, como mostra a seguinte vis\u00e3o geral: <a href=\"https:\/\/www.statusholder.com\/pt-pt\/caracteristicas\/alternativas\/\">Alternativas \/ compara\u00e7\u00f5es do suporte de estado<\/a><\/p>\n<h3>Utilizar o titular do estatuto em linha<\/h3>\n<p>Se tiver um dispositivo final sem o Microsoft Windows, a aplica\u00e7\u00e3o Status Holder n\u00e3o pode ser utilizada. A vers\u00e3o em linha pode ser utilizada para visualizar em linha o engarrafamento Teams ou Skype. Isto pode afetar os seguintes dispositivos:<\/p>\n<ul>\n<li>Mac<\/li>\n<li>MacBook<\/li>\n<li>iPad (Standard \/ Air \/ Pro)<\/li>\n<li>Computador Linux<\/li>\n<li>SmartPhone Android<\/li>\n<\/ul>\n<p><img decoding=\"async\" class=\"aligncenter size-medium wp-image-7802\" src=\"https:\/\/www.statusholder.com\/wp-content\/uploads\/2022\/07\/statusholder-video-hermajesty-300x169.png\" alt=\"Ratoeira\" width=\"300\" height=\"169\" srcset=\"https:\/\/www.statusholder.com\/wp-content\/uploads\/2022\/07\/statusholder-video-hermajesty-300x169.png 300w, https:\/\/www.statusholder.com\/wp-content\/uploads\/2022\/07\/statusholder-video-hermajesty-1024x576.png 1024w, https:\/\/www.statusholder.com\/wp-content\/uploads\/2022\/07\/statusholder-video-hermajesty-768x432.png 768w, https:\/\/www.statusholder.com\/wp-content\/uploads\/2022\/07\/statusholder-video-hermajesty-585x329.png 585w, https:\/\/www.statusholder.com\/wp-content\/uploads\/2022\/07\/statusholder-video-hermajesty-1170x658.png 1170w, https:\/\/www.statusholder.com\/wp-content\/uploads\/2022\/07\/statusholder-video-hermajesty-100x56.png 100w, https:\/\/www.statusholder.com\/wp-content\/uploads\/2022\/07\/statusholder-video-hermajesty.png 1280w\" sizes=\"(max-width: 300px) 100vw, 300px\" \/><\/p>\n<p>Tudo o que precisa \u00e9 de uma liga\u00e7\u00e3o \u00e0 Internet, um navegador e uma <a href=\"https:\/\/www.microsoft.com\/de-de\/microsoft-teams\/download-app\" target=\"_blank\" rel=\"noopener\">aplica\u00e7\u00e3o Teams<\/a> instalada para utilizar o Online Mouse Jiggler.<\/p>\n<h3>Mouse Jiggler totalmente gratuito<\/h3>\n<p>O nosso mouse jiggler online \u00e9 totalmente gratuito e n\u00e3o precisa de ser instalado. O v\u00eddeo tem de ser apresentado e, em seguida, pode sair do computador &#8211; o estado das equipas continua permanentemente definido como Dispon\u00edvel. Ao subscrever o nosso canal, est\u00e1 a fazer-nos um favor e podemos oferecer o servi\u00e7o de forma totalmente gratuita. Se ainda quiser apoiar-nos, pode faz\u00ea-lo adquirindo uma <a href=\"https:\/\/www.statusholder.com\/pt-pt\/premio\/\">vers\u00e3o premium do Status Holder<\/a>.[\/vc_wp_text][\/vc_column][\/vc_row]<\/p>\n<\/div>","protected":false},"excerpt":{"rendered":"<p>[vc_row no_padding=&#8221;true&#8221; bg_type=&#8221;&#8221; dima_canvas_style=&#8221;&#8221; translate_x=&#8221;0&#8243; dima_z_index=&#8221;0&#8243; delay=&#8221;&#8221; animate_item=&#8221;&#8221; delay_duration=&#8221;&#8221; delay_offset=&#8221;&#8221; id=&#8221;&#8221; class=&#8221;&#8221; border_color=&#8221;&#8221;][vc_column min_height=&#8221;&#8221; bg_type=&#8221;&#8221; dima_canvas_style=&#8221;&#8221; translate_x=&#8221;0&#8243; dima_z_index=&#8221;0&#8243; delay=&#8221;&#8221; animate_item=&#8221;&#8221; delay_duration=&#8221;&#8221; delay_offset=&#8221;&#8221; width=&#8221;1\/1&#8243;][\/vc_column][\/vc_row][vc_row no_padding=&#8221;true&#8221; bg_type=&#8221;&#8221; dima_canvas_style=&#8221;&#8221; translate_x=&#8221;0&#8243; dima_z_index=&#8221;0&#8243; delay=&#8221;&#8221; animate_item=&#8221;&#8221; delay_duration=&#8221;&#8221; delay_offset=&#8221;&#8221; id=&#8221;&#8221; class=&#8221;&#8221; border_color=&#8221;&#8221;][vc_column min_height=&#8221;&#8221; bg_type=&#8221;&#8221; dima_canvas_style=&#8221;&#8221; translate_x=&#8221;0&#8243; dima_z_index=&#8221;0&#8243; delay=&#8221;&#8221; animate_item=&#8221;&#8221; delay_duration=&#8221;&#8221; delay_offset=&#8221;&#8221; width=&#8221;1\/1&#8243;][\/vc_column][\/vc_row][vc_row no_padding=&#8221;true&#8221; bg_type=&#8221;&#8221; dima_canvas_style=&#8221;&#8221; translate_x=&#8221;0&#8243; dima_z_index=&#8221;0&#8243; delay=&#8221;&#8221; animate_item=&#8221;&#8221; delay_duration=&#8221;&#8221; delay_offset=&#8221;&#8221; id=&#8221;&#8221; [&hellip;]<\/p>\n","protected":false},"author":4,"featured_media":0,"parent":0,"menu_order":0,"comment_status":"closed","ping_status":"closed","template":"","meta":{"_monsterinsights_skip_tracking":false,"_monsterinsights_sitenote_active":false,"_monsterinsights_sitenote_note":"","_monsterinsights_sitenote_category":0,"footnotes":""},"class_list":["post-17278","page","type-page","status-publish","hentry","no-post-thumbnail"],"_links":{"self":[{"href":"https:\/\/www.statusholder.com\/pt-pt\/wp-json\/wp\/v2\/pages\/17278","targetHints":{"allow":["GET"]}}],"collection":[{"href":"https:\/\/www.statusholder.com\/pt-pt\/wp-json\/wp\/v2\/pages"}],"about":[{"href":"https:\/\/www.statusholder.com\/pt-pt\/wp-json\/wp\/v2\/types\/page"}],"author":[{"embeddable":true,"href":"https:\/\/www.statusholder.com\/pt-pt\/wp-json\/wp\/v2\/users\/4"}],"replies":[{"embeddable":true,"href":"https:\/\/www.statusholder.com\/pt-pt\/wp-json\/wp\/v2\/comments?post=17278"}],"version-history":[{"count":2,"href":"https:\/\/www.statusholder.com\/pt-pt\/wp-json\/wp\/v2\/pages\/17278\/revisions"}],"predecessor-version":[{"id":17283,"href":"https:\/\/www.statusholder.com\/pt-pt\/wp-json\/wp\/v2\/pages\/17278\/revisions\/17283"}],"wp:attachment":[{"href":"https:\/\/www.statusholder.com\/pt-pt\/wp-json\/wp\/v2\/media?parent=17278"}],"curies":[{"name":"wp","href":"https:\/\/api.w.org\/{rel}","templated":true}]}}