{"id":17289,"date":"2023-05-05T11:12:36","date_gmt":"2023-05-05T09:12:36","guid":{"rendered":"https:\/\/www.statusholder.com\/loja\/rato-usb-jiggler\/"},"modified":"2025-05-13T23:31:17","modified_gmt":"2025-05-13T21:31:17","slug":"rato-usb-jiggler","status":"publish","type":"page","link":"https:\/\/www.statusholder.com\/pt-pt\/loja\/rato-usb-jiggler\/","title":{"rendered":"Rato USB Jiggler"},"content":{"rendered":"<div class=\"wpb-content-wrapper\"><p>[vc_row no_padding=&#8221;true&#8221; bg_type=&#8221;&#8221; dima_canvas_style=&#8221;&#8221; translate_x=&#8221;0&#8243; dima_z_index=&#8221;0&#8243; delay=&#8221;&#8221; animate_item=&#8221;&#8221; delay_duration=&#8221;&#8221; delay_offset=&#8221;&#8221; id=&#8221;&#8221; class=&#8221;&#8221; border_color=&#8221;&#8221;][vc_column min_height=&#8221;&#8221; bg_type=&#8221;&#8221; dima_canvas_style=&#8221;&#8221; translate_x=&#8221;0&#8243; dima_z_index=&#8221;0&#8243; delay=&#8221;&#8221; animate_item=&#8221;&#8221; delay_duration=&#8221;&#8221; delay_offset=&#8221;&#8221; width=&#8221;1\/1&#8243;]<h4  class=\"dima-custom-heading\"   > <i class= \"fas fa-tv\" > <\/i> Software<\/h4>[\/vc_column][\/vc_row][vc_row no_padding=&#8221;true&#8221; bg_type=&#8221;&#8221; dima_canvas_style=&#8221;&#8221; translate_x=&#8221;0&#8243; dima_z_index=&#8221;0&#8243; delay=&#8221;&#8221; animate_item=&#8221;&#8221; delay_duration=&#8221;&#8221; delay_offset=&#8221;&#8221; id=&#8221;&#8221; class=&#8221;&#8221; border_color=&#8221;&#8221;][vc_column min_height=&#8221;&#8221; bg_type=&#8221;&#8221; dima_canvas_style=&#8221;&#8221; translate_x=&#8221;0&#8243; dima_z_index=&#8221;0&#8243; delay=&#8221;&#8221; animate_item=&#8221;&#8221; delay_duration=&#8221;&#8221; delay_offset=&#8221;&#8221; width=&#8221;1\/1&#8243;]<div  class=\"no-border dima-callout dima-callout-69e1ad66cb6e5 text-start dima-box-shadow\"  ><div class=\"dima-section-cover background-image-holder dima-color-mask-69e1ad66cb6e5\"><\/div><div class=\"dima-callout-clm1\"><h4 class=\"h-callout\" style=\"color:#ffffff;\">App StatusHolder<\/h4><p class=\"p-callout\" style=\"color:#ffffff;\">- Muss nicht installiert werden - Wird nicht erkannt - Kostenlos<\/p><\/div><div class=\"dima-callout-clm2 text-end\"><a   href=\"https:\/\/www.statusholder.com\/download\/\"  class=\"dima-button dima-waves di_white fill dima-btn-small dima-shadow\" data-animate=transition.fadeIn     ><i class=\"fas fa-download\"><\/i>Descarrega gratuitamente<\/a><\/div><\/div><style id=\"dima-shortcode-style-69e1ad66cb6e5\" type=\"text\/css\">.dima-callout-69e1ad66cb6e5 .dima-color-mask-69e1ad66cb6e5{background:}<\/style><div  class=\"dima-clear\" style=\"padding-bottom:30px\"><\/div>[\/vc_column][\/vc_row][vc_row no_padding=&#8221;true&#8221; bg_type=&#8221;&#8221; dima_canvas_style=&#8221;&#8221; translate_x=&#8221;0&#8243; dima_z_index=&#8221;0&#8243; delay=&#8221;&#8221; animate_item=&#8221;&#8221; delay_duration=&#8221;&#8221; delay_offset=&#8221;&#8221; id=&#8221;&#8221; class=&#8221;&#8221; border_color=&#8221;&#8221;][vc_column min_height=&#8221;&#8221; bg_type=&#8221;&#8221; dima_canvas_style=&#8221;&#8221; translate_x=&#8221;0&#8243; dima_z_index=&#8221;0&#8243; delay=&#8221;&#8221; animate_item=&#8221;&#8221; delay_duration=&#8221;&#8221; delay_offset=&#8221;&#8221; width=&#8221;1\/1&#8243;]<h4  class=\"dima-custom-heading\"   > <i class= \"fas fa-mouse-pointer\" > <\/i> Balan\u00e7ador de rato digital<\/h4>[\/vc_column][\/vc_row][vc_row no_padding=&#8221;true&#8221; bg_type=&#8221;&#8221; dima_canvas_style=&#8221;&#8221; translate_x=&#8221;0&#8243; dima_z_index=&#8221;0&#8243; delay=&#8221;&#8221; animate_item=&#8221;&#8221; delay_duration=&#8221;&#8221; delay_offset=&#8221;&#8221; id=&#8221;&#8221; class=&#8221;&#8221; border_color=&#8221;&#8221;][vc_column min_height=&#8221;&#8221; bg_type=&#8221;&#8221; dima_canvas_style=&#8221;&#8221; translate_x=&#8221;0&#8243; dima_z_index=&#8221;0&#8243; delay=&#8221;&#8221; animate_item=&#8221;&#8221; delay_duration=&#8221;&#8221; delay_offset=&#8221;&#8221; width=&#8221;1\/1&#8243;]<div  class=\"no-border dima-callout dima-callout-69e1ad66cb987 text-start dima-box-shadow\"  ><div class=\"dima-section-cover background-image-holder dima-color-mask-69e1ad66cb987\"><\/div><div class=\"background-image-hide background-cover\" data-bg-image=\"https:\/\/www.statusholder.com\/wp-content\/uploads\/2023\/05\/51yIS6ZqrDL._AC_SY879_.jpg\"><\/div><div class=\"dima-callout-clm1\"><h4 class=\"h-callout\" style=\"color:#ffffff;\">VAYDEER Mouse Jiggler USB<\/h4><p class=\"p-callout\" style=\"color:#ffffff;\">- Multitrack (Cursor automatisch in verschiedenen Flugbahnen) - On\/Off Button - 3 einstellbare Bewegungsmodi<\/p><\/div><div class=\"dima-callout-clm2 text-end\"><a href=\"https:\/\/amzn.to\/43Auzkb\" class=\"dima-button dima-waves di_white fill dima-btn-small dima-shadow\" target=\"_blank\" rel=\"noopener\" .fadeIn><i class=\"fas fa-shopping-cart\"><\/i>Comprar<\/a><\/div><\/div><style id=\"dima-shortcode-style-69e1ad66cb987\" type=\"text\/css\">.dima-callout-69e1ad66cb987 .dima-color-mask-69e1ad66cb987{background:}<\/style><div  class=\"dima-clear\" style=\"padding-bottom:15px\"><\/div>[\/vc_column][\/vc_row][vc_row no_padding=&#8221;true&#8221; bg_type=&#8221;&#8221; dima_canvas_style=&#8221;&#8221; translate_x=&#8221;0&#8243; dima_z_index=&#8221;0&#8243; delay=&#8221;&#8221; animate_item=&#8221;&#8221; delay_duration=&#8221;&#8221; delay_offset=&#8221;&#8221; id=&#8221;&#8221; class=&#8221;&#8221; border_color=&#8221;&#8221;][vc_column min_height=&#8221;&#8221; bg_type=&#8221;&#8221; dima_canvas_style=&#8221;&#8221; translate_x=&#8221;0&#8243; dima_z_index=&#8221;0&#8243; delay=&#8221;&#8221; animate_item=&#8221;&#8221; delay_duration=&#8221;&#8221; delay_offset=&#8221;&#8221; width=&#8221;1\/1&#8243;]<div  class=\"no-border dima-callout dima-callout-69e1ad66cbe1c text-start dima-box-shadow\"  ><div class=\"dima-section-cover background-image-holder dima-color-mask-69e1ad66cbe1c\"><\/div><div class=\"background-image-hide background-cover\" data-bg-image=\"https:\/\/www.statusholder.com\/wp-content\/uploads\/2024\/12\/cooidea.jpg\"><\/div><div class=\"dima-callout-clm1\"><h4 class=\"h-callout\" style=\"color:#ffffff;\">Cooidea Mouse Jiggler com USB-C<\/h4><p class=\"p-callout\" style=\"color:#ffffff;\">- EIN\/AUS Schalter - Verschiedene Mausbewegungen und Mausklicks - USB-C Anschluss<\/p><\/div><div class=\"dima-callout-clm2 text-end\"><a href=\"https:\/\/amzn.to\/4gS7Fvg\" class=\"dima-button dima-waves di_white fill dima-btn-small dima-shadow\" target=\"_blank\" rel=\"noopener\" .fadeIn><i class=\"fas fa-shopping-cart\"><\/i>Comprar<\/a><\/div><\/div><style id=\"dima-shortcode-style-69e1ad66cbe1c\" type=\"text\/css\">.dima-callout-69e1ad66cbe1c .dima-color-mask-69e1ad66cbe1c{background:}<\/style><div  class=\"dima-clear\" style=\"padding-bottom:50px\"><\/div>[\/vc_column][\/vc_row][vc_row no_padding=&#8221;true&#8221; bg_type=&#8221;&#8221; dima_canvas_style=&#8221;&#8221; translate_x=&#8221;0&#8243; dima_z_index=&#8221;0&#8243; delay=&#8221;&#8221; animate_item=&#8221;&#8221; delay_duration=&#8221;&#8221; delay_offset=&#8221;&#8221; id=&#8221;&#8221; class=&#8221;&#8221; border_color=&#8221;&#8221;][vc_column min_height=&#8221;&#8221; bg_type=&#8221;&#8221; dima_canvas_style=&#8221;&#8221; translate_x=&#8221;0&#8243; dima_z_index=&#8221;0&#8243; delay=&#8221;&#8221; animate_item=&#8221;&#8221; delay_duration=&#8221;&#8221; delay_offset=&#8221;&#8221; width=&#8221;1\/1&#8243;]<h4  class=\"dima-custom-heading\"   > <i class= \"fas fa-sync\" > <\/i> Jiggler mec\u00e2nico para ratos<\/h4>[\/vc_column][\/vc_row][vc_row no_padding=&#8221;true&#8221; bg_type=&#8221;&#8221; dima_canvas_style=&#8221;&#8221; translate_x=&#8221;0&#8243; dima_z_index=&#8221;0&#8243; delay=&#8221;&#8221; animate_item=&#8221;&#8221; delay_duration=&#8221;&#8221; delay_offset=&#8221;&#8221; id=&#8221;&#8221; class=&#8221;&#8221; border_color=&#8221;&#8221;][vc_column min_height=&#8221;&#8221; bg_type=&#8221;&#8221; dima_canvas_style=&#8221;&#8221; translate_x=&#8221;0&#8243; dima_z_index=&#8221;0&#8243; delay=&#8221;&#8221; animate_item=&#8221;&#8221; delay_duration=&#8221;&#8221; delay_offset=&#8221;&#8221; width=&#8221;1\/1&#8243;]<div  class=\"no-border dima-callout dima-callout-69e1ad66cc0eb text-start dima-box-shadow\"  ><div class=\"dima-section-cover background-image-holder dima-color-mask-69e1ad66cc0eb\"><\/div><div class=\"background-image-hide background-cover\" data-bg-image=\"https:\/\/www.statusholder.com\/wp-content\/uploads\/2024\/12\/vaydeer.jpg\"><\/div><div class=\"dima-callout-clm1\"><h4 class=\"h-callout\" style=\"color:#ffffff;\">Rato de Gaio Jiggler<\/h4><p class=\"p-callout\" style=\"color:#ffffff;\">- EIN\/AUS Schalter - Mit USB Anschluss - Maus wird auf den MouseJiggler gelegt<\/p><\/div><div class=\"dima-callout-clm2 text-end\"><a href=\"https:\/\/amzn.to\/3BJ8LKT\" class=\"dima-button dima-waves di_white fill dima-btn-small dima-shadow\" target=\"_blank\" rel=\"noopener\" .fadeIn><i class=\"fas fa-shopping-cart\"><\/i>Comprar<\/a><\/div><\/div><style id=\"dima-shortcode-style-69e1ad66cc0eb\" type=\"text\/css\">.dima-callout-69e1ad66cc0eb .dima-color-mask-69e1ad66cc0eb{background:}<\/style><div  class=\"dima-clear\" style=\"padding-bottom:15px\"><\/div>[\/vc_column][\/vc_row][vc_row no_padding=&#8221;true&#8221; bg_type=&#8221;&#8221; dima_canvas_style=&#8221;&#8221; translate_x=&#8221;0&#8243; dima_z_index=&#8221;0&#8243; delay=&#8221;&#8221; animate_item=&#8221;&#8221; delay_duration=&#8221;&#8221; delay_offset=&#8221;&#8221; id=&#8221;&#8221; class=&#8221;&#8221; border_color=&#8221;&#8221;][vc_column min_height=&#8221;&#8221; bg_type=&#8221;&#8221; dima_canvas_style=&#8221;&#8221; translate_x=&#8221;0&#8243; dima_z_index=&#8221;0&#8243; delay=&#8221;&#8221; animate_item=&#8221;&#8221; delay_duration=&#8221;&#8221; delay_offset=&#8221;&#8221; width=&#8221;1\/1&#8243;]<div  class=\"no-border dima-callout dima-callout-69e1ad66cc324 text-start dima-box-shadow\"  ><div class=\"dima-section-cover background-image-holder dima-color-mask-69e1ad66cc324\"><\/div><div class=\"background-image-hide background-cover\" data-bg-image=\"https:\/\/www.statusholder.com\/wp-content\/uploads\/2023\/05\/61MOiRTkihL._AC_SY879_.jpg\"><\/div><div class=\"dima-callout-clm1\"><h4 class=\"h-callout\" style=\"color:#ffffff;\">Meatanty Mechanical Mouse Jiggler<\/h4><p class=\"p-callout\" style=\"color:#ffffff;\">- Extrem leise - Auch gro\u00dfe M\u00e4use - Maus wird auf den MouseJiggler gelegt<\/p><\/div><div class=\"dima-callout-clm2 text-end\"><a href=\"https:\/\/amzn.to\/43cZ9jM\" class=\"dima-button dima-waves di_white fill dima-btn-small dima-shadow\" target=\"_blank\" rel=\"noopener\" .fadeIn><i class=\"fas fa-shopping-cart\"><\/i>Comprar<\/a><\/div><\/div><style id=\"dima-shortcode-style-69e1ad66cc324\" type=\"text\/css\">.dima-callout-69e1ad66cc324 .dima-color-mask-69e1ad66cc324{background:}<\/style><div  class=\"dima-clear\" style=\"padding-bottom:15px\"><\/div><div  class=\"dima-clear\" style=\"padding-bottom:70px\"><\/div>[\/vc_column][\/vc_row][vc_row no_padding=&#8221;true&#8221; bg_type=&#8221;&#8221; dima_canvas_style=&#8221;&#8221; translate_x=&#8221;0&#8243; dima_z_index=&#8221;0&#8243; delay=&#8221;&#8221; animate_item=&#8221;&#8221; delay_duration=&#8221;&#8221; delay_offset=&#8221;&#8221; id=&#8221;&#8221; class=&#8221;&#8221; border_color=&#8221;&#8221;][vc_column min_height=&#8221;&#8221; bg_type=&#8221;&#8221; dima_canvas_style=&#8221;&#8221; translate_x=&#8221;0&#8243; dima_z_index=&#8221;0&#8243; delay=&#8221;&#8221; animate_item=&#8221;&#8221; delay_duration=&#8221;&#8221; delay_offset=&#8221;&#8221; width=&#8221;1\/1&#8243;]<h2  class=\"dima-custom-heading\"   >O que \u00e9 um &#8220;mouse jiggler&#8221;?<\/h2>\n\t<div class=\"wpb_content_element \" >\n\t\t<div class=\"wpb_wrapper\">\n\t\t\t<p>Um mouse jiggler \u00e9 uma pe\u00e7a de software ou hardware que simula o movimento de um mouse de computador ou at\u00e9 mesmo o move.<\/p>\n\n\t\t<\/div> \n\t<\/div> [\/vc_column][\/vc_row][vc_row no_padding=&#8221;true&#8221; bg_type=&#8221;&#8221; dima_canvas_style=&#8221;&#8221; translate_x=&#8221;0&#8243; dima_z_index=&#8221;0&#8243; delay=&#8221;&#8221; animate_item=&#8221;&#8221; delay_duration=&#8221;&#8221; delay_offset=&#8221;&#8221; id=&#8221;&#8221; class=&#8221;&#8221; border_color=&#8221;&#8221;][vc_column min_height=&#8221;&#8221; bg_type=&#8221;&#8221; dima_canvas_style=&#8221;&#8221; translate_x=&#8221;0&#8243; dima_z_index=&#8221;0&#8243; delay=&#8221;&#8221; animate_item=&#8221;&#8221; delay_duration=&#8221;&#8221; delay_offset=&#8221;&#8221; width=&#8221;1\/1&#8243;]<h2  class=\"dima-custom-heading\"   >Para que \u00e9 que precisa de um rato?<\/h2>\n\t<div class=\"wpb_content_element \" >\n\t\t<div class=\"wpb_wrapper\">\n\t\t\t<p><strong>Os manipuladores de ratos s\u00e3o utilizados para simular a entrada do utilizador no computador utilizando um rato, mesmo quando o utilizador n\u00e3o est\u00e1 a trabalhar no computador.<\/strong><\/p>\n<p>Isto tem a vantagem de n\u00e3o ativar o protetor de ecr\u00e3.<br \/>\nMuitas vezes, este protetor de ecr\u00e3 n\u00e3o pode ser desativado nos dispositivos da empresa. <\/p>\n<p>Al\u00e9m disso, muitos programas, como o Microsoft Teams, utilizam o carimbo de data\/hora da \u00faltima entrada do utilizador para o estado online do funcion\u00e1rio.<br \/>\nIsto \u00e9 obviamente pr\u00e1tico quando os colegas podem ver se est\u00e1 dispon\u00edvel ou n\u00e3o.<br \/>\nNo entanto, o supervisor tamb\u00e9m pode monitorizar o comportamento do trabalhador no trabalho.<br \/>\nOs funcion\u00e1rios podem evitar que isso aconte\u00e7a com um dispositivo adequado para sacudir o rato.<br \/>\nIsto significa que est\u00e1 <a href=\"https:\/\/www.statusholder.com\/pt-pt\/estado-das-equipas-sempre-verde-com-2-passos\/\">sempre verde nas equipas<\/a>, mesmo quando n\u00e3o est\u00e1 sentado em frente ao computador.    <\/p>\n\n\t\t<\/div> \n\t<\/div> <div  class=\"dima-img columns-2 text-center column-item overflow-hidden\"       ><div class=\"effect-julia\"><a data-caption=\"\" class=\"\" href=\"https:\/\/www.statusholder.com\/wp-content\/uploads\/2023\/05\/51yIS6ZqrDL._AC_SY879_.jpg\" data-fancybox><img decoding=\"async\" width=\"300\" height=\"267\" src=\"https:\/\/www.statusholder.com\/wp-content\/uploads\/2023\/05\/51yIS6ZqrDL._AC_SY879_-100x89.jpg\" class=\"dima_image-img dima-image attachment-medium lazyload js-lazy-image\" alt=\"\" data-src=\"https:\/\/www.statusholder.com\/wp-content\/uploads\/2023\/05\/51yIS6ZqrDL._AC_SY879_-300x267.jpg\" data-srcset=\"https:\/\/www.statusholder.com\/wp-content\/uploads\/2023\/05\/51yIS6ZqrDL._AC_SY879_-300x267.jpg 300w, https:\/\/www.statusholder.com\/wp-content\/uploads\/2023\/05\/51yIS6ZqrDL._AC_SY879_-768x685.jpg 768w, https:\/\/www.statusholder.com\/wp-content\/uploads\/2023\/05\/51yIS6ZqrDL._AC_SY879_-585x522.jpg 585w, https:\/\/www.statusholder.com\/wp-content\/uploads\/2023\/05\/51yIS6ZqrDL._AC_SY879_-100x89.jpg 100w, https:\/\/www.statusholder.com\/wp-content\/uploads\/2023\/05\/51yIS6ZqrDL._AC_SY879_.jpg 986w\" data-sizes=\"(max-width: 300px) 100vw, 300px\" \/><\/a><\/div><\/div><div  class=\"dima-clear\" style=\"padding-bottom:15px\"><\/div>[\/vc_column][\/vc_row][vc_row no_padding=&#8221;true&#8221; bg_type=&#8221;&#8221; dima_canvas_style=&#8221;&#8221; translate_x=&#8221;0&#8243; dima_z_index=&#8221;0&#8243; delay=&#8221;&#8221; animate_item=&#8221;&#8221; delay_duration=&#8221;&#8221; delay_offset=&#8221;&#8221; id=&#8221;&#8221; class=&#8221;&#8221; border_color=&#8221;&#8221;][vc_column min_height=&#8221;&#8221; bg_type=&#8221;&#8221; dima_canvas_style=&#8221;&#8221; translate_x=&#8221;0&#8243; dima_z_index=&#8221;0&#8243; delay=&#8221;&#8221; animate_item=&#8221;&#8221; delay_duration=&#8221;&#8221; delay_offset=&#8221;&#8221; width=&#8221;1\/1&#8243;]<h2  class=\"dima-custom-heading\"   >As diferentes variantes<\/h2>\n\t<div class=\"wpb_content_element \" >\n\t\t<div class=\"wpb_wrapper\">\n\t\t\t<p>\u00c9 feita uma distin\u00e7\u00e3o b\u00e1sica entre os agitadores de rato de hardware e de software.<br \/>\nAmbos t\u00eam as suas vantagens e desvantagens. <\/p>\n\n\t\t<\/div> \n\t<\/div> <h3  class=\"dima-custom-heading\"   >Hardware<\/h3>\n\t<div class=\"wpb_content_element \" >\n\t\t<div class=\"wpb_wrapper\">\n\t\t\t<p>Existem tamb\u00e9m v\u00e1rios agitadores de rato de hardware.<br \/>\nO tipo mais simples \u00e9 um rato USB, que \u00e9 classicamente ligado \u00e0 porta USB do computador.<br \/>\nO jiggler come\u00e7a a mover o rato, simulando a entrada do utilizador, mesmo que este n\u00e3o esteja no computador.  <\/p>\n<p>Em alternativa, existem tamb\u00e9m <a href=\"https:\/\/www.itnator.net\/mouse-jiggler-mechanisch-das-sind-die-besten\/\" target=\"_blank\" rel=\"noopener\">agitadores mec\u00e2nicos de ratos<\/a>. Estes movem efetivamente o rato f\u00edsico do computador, colocando-o sobre um disco rotativo. Estes est\u00e3o dispon\u00edveis com uma bateria recarreg\u00e1vel, mas tamb\u00e9m com uma fonte de alimenta\u00e7\u00e3o USB.<\/p>\n<p>A vantagem destes dispositivos \u00e9 o facto de n\u00e3o executarem qualquer software que possa ser reconhecido em determinadas circunst\u00e2ncias.<br \/>\nAs desvantagens, no entanto, s\u00e3o o facto de n\u00e3o ser muito conveniente transportar uma pen USB consigo.<br \/>\nIsto tamb\u00e9m se pode perder rapidamente e custa dinheiro.  <\/p>\n\n\t\t<\/div> \n\t<\/div> <h3  class=\"dima-custom-heading\"   >Software<\/h3>\n\t<div class=\"wpb_content_element \" >\n\t\t<div class=\"wpb_wrapper\">\n\t\t\t<p>Entretanto, h\u00e1 tamb\u00e9m muitos softwares que fazem a mesma coisa.<br \/>\nSimulam um movimento do rato ou uma entrada de teclado. <\/p>\n<p>A vantagem do software \u00e9 que existem mais op\u00e7\u00f5es e defini\u00e7\u00f5es.<br \/>\nPor exemplo, o software pode ser iniciado automaticamente e encerrar o computador numa hora espec\u00edfica.<br \/>\nIsto \u00e9 pelo menos poss\u00edvel com o Status Holder e \u00e9 apreciado por milhares de utilizadores.  <\/p>\n<p><a href=\"https:\/\/www.statusholder.com\/pt-pt\/descarregar\/\">Descarregar o Status Holder gratuitamente<\/a><\/p>\n\n\t\t<\/div> \n\t<\/div> [\/vc_column][\/vc_row][vc_row no_padding=&#8221;true&#8221; bg_type=&#8221;&#8221; dima_canvas_style=&#8221;&#8221; translate_x=&#8221;0&#8243; dima_z_index=&#8221;0&#8243; delay=&#8221;&#8221; animate_item=&#8221;&#8221; delay_duration=&#8221;&#8221; delay_offset=&#8221;&#8221; id=&#8221;&#8221; class=&#8221;&#8221; border_color=&#8221;&#8221;][vc_column min_height=&#8221;&#8221; bg_type=&#8221;&#8221; dima_canvas_style=&#8221;&#8221; translate_x=&#8221;0&#8243; dima_z_index=&#8221;0&#8243; delay=&#8221;&#8221; animate_item=&#8221;&#8221; delay_duration=&#8221;&#8221; delay_offset=&#8221;&#8221; width=&#8221;1\/1&#8243;]<h2  class=\"dima-custom-heading\"   >Os agitadores de ratos s\u00e3o reconhecidos pela TI?<\/h2>\n\t<div class=\"wpb_content_element \" >\n\t\t<div class=\"wpb_wrapper\">\n\t\t\t<p>Os &#8220;Mouse jigglers&#8221; s\u00e3o dif\u00edceis de reconhecer devido ao seu modo de funcionamento muito simples, uma vez que muitas vezes s\u00f3 s\u00e3o reconhecidos pelo computador como um rato.<br \/>\nPelo menos \u00e9 esse o caso das mem\u00f3rias USB de hardware. <\/p>\n<p>Os softwares de manipula\u00e7\u00e3o do rato, como o Status Holder, n\u00e3o precisam de ser instalados e executados no contexto do utilizador, o que os torna extremamente dif\u00edceis de reconhecer.<\/p>\n<p>No entanto, deve dizer-se que o hardware e o software podem ainda ser reconhecidos pela TI interna se forem explicitamente procurados e se a situa\u00e7\u00e3o jur\u00eddica o permitir &#8211; o que geralmente n\u00e3o \u00e9 o caso.<\/p>\n<p>https:\/\/www.itnator.net\/ist-ein-mouse-jiggler-nachweisbar-2-fakten\/<\/p>\n\n\t\t<\/div> \n\t<\/div> [\/vc_column][\/vc_row][vc_row no_padding=&#8221;true&#8221; bg_type=&#8221;&#8221; dima_canvas_style=&#8221;&#8221; translate_x=&#8221;0&#8243; dima_z_index=&#8221;0&#8243; delay=&#8221;&#8221; animate_item=&#8221;&#8221; delay_duration=&#8221;&#8221; delay_offset=&#8221;&#8221; id=&#8221;&#8221; class=&#8221;&#8221; border_color=&#8221;&#8221;][vc_column min_height=&#8221;&#8221; bg_type=&#8221;&#8221; dima_canvas_style=&#8221;&#8221; translate_x=&#8221;0&#8243; dima_z_index=&#8221;0&#8243; delay=&#8221;&#8221; animate_item=&#8221;&#8221; delay_duration=&#8221;&#8221; delay_offset=&#8221;&#8221; width=&#8221;1\/1&#8243;]<h2  class=\"dima-custom-heading\"   >Qual \u00e9 o melhor rato para mover?<\/h2>\n\t<div class=\"wpb_content_element \" >\n\t\t<div class=\"wpb_wrapper\">\n\t\t\t<p>Na nossa opini\u00e3o, n\u00e3o existe o MELHOR sacudidor de ratos.<br \/>\nDepende da \u00e1rea de aplica\u00e7\u00e3o e dos requisitos do utilizador.<br \/>\nOs softwares de agita\u00e7\u00e3o do rato t\u00eam muitas op\u00e7\u00f5es de configura\u00e7\u00e3o e s\u00e3o gratuitos nas vers\u00f5es b\u00e1sicas.<br \/>\nO hardware custa dinheiro uma vez e tem poucas fun\u00e7\u00f5es &#8211; mas \u00e9 o menos reconhecido.   <\/p>\n<p>Coloc\u00e1mos links para bons agitadores de ratos USB de hardware no topo da p\u00e1gina.<\/p>\n\n\t\t<\/div> \n\t<\/div> [\/vc_column][\/vc_row]<\/p>\n<\/div>","protected":false},"excerpt":{"rendered":"<p>[vc_row no_padding=&#8221;true&#8221; bg_type=&#8221;&#8221; dima_canvas_style=&#8221;&#8221; translate_x=&#8221;0&#8243; dima_z_index=&#8221;0&#8243; delay=&#8221;&#8221; animate_item=&#8221;&#8221; delay_duration=&#8221;&#8221; delay_offset=&#8221;&#8221; id=&#8221;&#8221; class=&#8221;&#8221; border_color=&#8221;&#8221;][vc_column min_height=&#8221;&#8221; bg_type=&#8221;&#8221; dima_canvas_style=&#8221;&#8221; translate_x=&#8221;0&#8243; dima_z_index=&#8221;0&#8243; delay=&#8221;&#8221; animate_item=&#8221;&#8221; delay_duration=&#8221;&#8221; delay_offset=&#8221;&#8221; width=&#8221;1\/1&#8243;][\/vc_column][\/vc_row][vc_row no_padding=&#8221;true&#8221; bg_type=&#8221;&#8221; dima_canvas_style=&#8221;&#8221; translate_x=&#8221;0&#8243; dima_z_index=&#8221;0&#8243; delay=&#8221;&#8221; animate_item=&#8221;&#8221; delay_duration=&#8221;&#8221; delay_offset=&#8221;&#8221; id=&#8221;&#8221; class=&#8221;&#8221; border_color=&#8221;&#8221;][vc_column min_height=&#8221;&#8221; bg_type=&#8221;&#8221; dima_canvas_style=&#8221;&#8221; translate_x=&#8221;0&#8243; dima_z_index=&#8221;0&#8243; delay=&#8221;&#8221; animate_item=&#8221;&#8221; delay_duration=&#8221;&#8221; delay_offset=&#8221;&#8221; width=&#8221;1\/1&#8243;][\/vc_column][\/vc_row][vc_row no_padding=&#8221;true&#8221; bg_type=&#8221;&#8221; dima_canvas_style=&#8221;&#8221; translate_x=&#8221;0&#8243; dima_z_index=&#8221;0&#8243; delay=&#8221;&#8221; animate_item=&#8221;&#8221; delay_duration=&#8221;&#8221; delay_offset=&#8221;&#8221; id=&#8221;&#8221; [&hellip;]<\/p>\n","protected":false},"author":1,"featured_media":0,"parent":17279,"menu_order":0,"comment_status":"closed","ping_status":"closed","template":"","meta":{"_monsterinsights_skip_tracking":false,"_monsterinsights_sitenote_active":false,"_monsterinsights_sitenote_note":"","_monsterinsights_sitenote_category":0,"footnotes":""},"class_list":["post-17289","page","type-page","status-publish","hentry","no-post-thumbnail"],"_links":{"self":[{"href":"https:\/\/www.statusholder.com\/pt-pt\/wp-json\/wp\/v2\/pages\/17289","targetHints":{"allow":["GET"]}}],"collection":[{"href":"https:\/\/www.statusholder.com\/pt-pt\/wp-json\/wp\/v2\/pages"}],"about":[{"href":"https:\/\/www.statusholder.com\/pt-pt\/wp-json\/wp\/v2\/types\/page"}],"author":[{"embeddable":true,"href":"https:\/\/www.statusholder.com\/pt-pt\/wp-json\/wp\/v2\/users\/1"}],"replies":[{"embeddable":true,"href":"https:\/\/www.statusholder.com\/pt-pt\/wp-json\/wp\/v2\/comments?post=17289"}],"version-history":[{"count":15,"href":"https:\/\/www.statusholder.com\/pt-pt\/wp-json\/wp\/v2\/pages\/17289\/revisions"}],"predecessor-version":[{"id":30485,"href":"https:\/\/www.statusholder.com\/pt-pt\/wp-json\/wp\/v2\/pages\/17289\/revisions\/30485"}],"up":[{"embeddable":true,"href":"https:\/\/www.statusholder.com\/pt-pt\/wp-json\/wp\/v2\/pages\/17279"}],"wp:attachment":[{"href":"https:\/\/www.statusholder.com\/pt-pt\/wp-json\/wp\/v2\/media?parent=17289"}],"curies":[{"name":"wp","href":"https:\/\/api.w.org\/{rel}","templated":true}]}}