{"id":24282,"date":"2024-10-15T21:48:26","date_gmt":"2024-10-15T19:48:26","guid":{"rendered":"https:\/\/www.statusholder.com\/premio\/ativacao-como-fazer\/"},"modified":"2025-09-15T21:44:36","modified_gmt":"2025-09-15T19:44:36","slug":"ativacao-como-fazer","status":"publish","type":"page","link":"https:\/\/www.statusholder.com\/pt-pt\/premio\/ativacao-como-fazer\/","title":{"rendered":"Ativa\u00e7\u00e3o &#8211; Como fazer"},"content":{"rendered":"<div class=\"wpb-content-wrapper\"><p>[vc_row no_padding=&#8221;true&#8221; bg_type=&#8221;&#8221; dima_canvas_style=&#8221;&#8221; translate_x=&#8221;0&#8243; dima_z_index=&#8221;0&#8243; delay=&#8221;&#8221; animate_item=&#8221;&#8221; delay_duration=&#8221;&#8221; delay_offset=&#8221;&#8221; id=&#8221;&#8221; class=&#8221;&#8221; border_color=&#8221;&#8221;][vc_column min_height=&#8221;&#8221; bg_type=&#8221;&#8221; dima_canvas_style=&#8221;&#8221; translate_x=&#8221;0&#8243; dima_z_index=&#8221;0&#8243; delay=&#8221;&#8221; animate_item=&#8221;&#8221; delay_duration=&#8221;&#8221; delay_offset=&#8221;&#8221; width=&#8221;1\/1&#8243;]<div  class=\"alert_style_two dima-alert dima-alert-success alert-close-block\"  ><em class=\"header-alert\">DANKE !<\/em>Obrigado por escolheres a vers\u00e3o <a href=\"https:\/\/www.statusholder.com\/pt-pt\/premio\/\">premium<\/a> do Status Holder \ud83d\ude42 !<br \/>Para que possas utilizar todas as <a href=\"https:\/\/www.statusholder.com\/pt-pt\/caracteristicas\/\">defini\u00e7\u00f5es premium<\/a>, temos um HowTo para ti.<\/div><div  class=\"dima-timeline-list process-v\" ><div  class=\"dima-iconbox dima-iconbox-shadow shadow-hover features-box text-start features-start\" data-animate=transition.fadeIn style=\"\"><div  class=\"features-content\"  ><h5 class=\"features-title\" >1. compra<\/h5><span class=\"dima-divider line-center line-hr small-line\"><\/span>Adquire uma <a href=\"https:\/\/www.statusholder.com\/pt-pt\/premio\/\">licen\u00e7a Premium<\/a> adequada no nosso s\u00edtio Web do titular do estatuto,<br \/>ou clicando aqui:<br \/>\t<form id=\"edd_purchase_7206\" class=\"edd_download_purchase_form edd_purchase_7206\" method=\"post\">\n\n\t\t\n\t\t<div class=\"edd_purchase_submit_wrapper\">\n\t\t\t<button class=\"edd-add-to-cart button blue edd-submit\" data-nonce=\"930206a754\" data-timestamp=\"1776383541\" data-token=\"3b9e29a011c78451bb57bda63c5384c57f50c0ca2ea7633092c6ed41a79b2593\" data-action=\"edd_add_to_cart\" data-download-id=\"7206\" data-variable-price=\"no\" data-price-mode=single data-price=\"12.00\" ><span class=\"edd-add-to-cart-label\">12.00&euro;&nbsp;&ndash;&nbsp;Comprar<\/span> <span class=\"edd-loading\" aria-label=\"Loading\"><\/span><\/button><input type=\"submit\" class=\"edd-add-to-cart edd-no-js button blue edd-submit\" name=\"edd_purchase_download\" value=\"12.00&euro;&nbsp;&ndash;&nbsp;Comprar\" data-action=\"edd_add_to_cart\" data-download-id=\"7206\" data-variable-price=\"no\" data-price-mode=single \/><a href=\"https:\/\/www.statusholder.com\/pt-pt\/caixa\/?nocache=true\" class=\"edd_go_to_checkout button blue edd-submit\" style=\"display:none;\">Checkout<\/a>\n\t\t\t\t\t\t\t<span class=\"edd-cart-ajax-alert\" aria-live=\"assertive\">\n\t\t\t\t\t<span class=\"edd-cart-added-alert\" style=\"display: none;\">\n\t\t\t\t\t\t<svg class=\"edd-icon edd-icon-check\" xmlns=\"http:\/\/www.w3.org\/2000\/svg\" width=\"28\" height=\"28\" viewBox=\"0 0 28 28\" aria-hidden=\"true\">\n\t\t\t\t\t\t\t<path d=\"M26.11 8.844c0 .39-.157.78-.44 1.062L12.234 23.344c-.28.28-.672.438-1.062.438s-.78-.156-1.06-.438l-7.782-7.78c-.28-.282-.438-.673-.438-1.063s.156-.78.438-1.06l2.125-2.126c.28-.28.672-.438 1.062-.438s.78.156 1.062.438l4.594 4.61L21.42 5.656c.282-.28.673-.438 1.063-.438s.78.155 1.062.437l2.125 2.125c.28.28.438.672.438 1.062z\"\/>\n\t\t\t\t\t\t<\/svg>\n\t\t\t\t\t\tAdded to cart\t\t\t\t\t<\/span>\n\t\t\t\t<\/span>\n\t\t\t\t\t\t\t\t\t\t\t\t\t\t\t<\/div><!--end .edd_purchase_submit_wrapper-->\n\n\t\t<input type=\"hidden\" name=\"download_id\" value=\"7206\">\n\t\t\t\t\t\t\t<input type=\"hidden\" name=\"edd_action\" class=\"edd_action_input\" value=\"add_to_cart\">\n\t\t\n\t\t\t\t\t<input type=\"hidden\" name=\"edd_redirect_to_checkout\" value=\"1\">\n\t\t\n\t\t\n\t<\/form><!--end #edd_purchase_7206-->\n\t<\/div><\/div><div  class=\"dima-iconbox dima-iconbox-shadow shadow-hover features-box text-start features-start\" data-animate=transition.fadeIn style=\"\"><div  class=\"features-content\"  ><h5 class=\"features-title\" >2. envia o teu correio<\/h5><span class=\"dima-divider line-center line-hr small-line\"><\/span>Receber\u00e1s dois e-mails.<br \/>Uma fatura e uma confirma\u00e7\u00e3o da encomenda com o teu c\u00f3digo Premium.<\/p>\n<p><span style=\"color: #993300;\">Se n\u00e3o tiveres recebido o e-mail de confirma\u00e7\u00e3o da encomenda, contacta-nos diretamente atrav\u00e9s do <a style=\"color: #993300;\" href=\"https:\/\/www.statusholder.com\/pt-pt\/contactar-nos\/\">formul\u00e1rio de apoio<\/a>!<\/span><\/div><\/div><div  class=\"dima-iconbox dima-iconbox-shadow shadow-hover features-box text-start features-start\" data-animate=transition.fadeIn style=\"\"><div  class=\"features-content\"  ><h5 class=\"features-title\" >3. inicia o titular do estatuto<\/h5><span class=\"dima-divider line-center line-hr small-line\"><\/span>Inicia o Status Holder no teu computador e seleciona <em>Premium<\/em> no menu da esquerda.<br \/><a href=\"https:\/\/www.statusholder.com\/wp-content\/uploads\/2024\/10\/premium-howto-300x140.png\" target=\"_blank\" rel=\"noopener\"><img decoding=\"async\" class=\"alignnone wp-image-24265 size-medium\" src=\"https:\/\/www.statusholder.com\/wp-content\/uploads\/2024\/10\/premium-howto-300x140.png\" alt=\"Como fazer Premium\" width=\"300\" height=\"140\" srcset=\"https:\/\/www.statusholder.com\/wp-content\/uploads\/2024\/10\/premium-howto-300x140.png 300w, https:\/\/www.statusholder.com\/wp-content\/uploads\/2024\/10\/premium-howto-1024x478.png 1024w, https:\/\/www.statusholder.com\/wp-content\/uploads\/2024\/10\/premium-howto-768x359.png 768w, https:\/\/www.statusholder.com\/wp-content\/uploads\/2024\/10\/premium-howto-1536x717.png 1536w, https:\/\/www.statusholder.com\/wp-content\/uploads\/2024\/10\/premium-howto-2048x956.png 2048w, https:\/\/www.statusholder.com\/wp-content\/uploads\/2024\/10\/premium-howto-585x273.png 585w, https:\/\/www.statusholder.com\/wp-content\/uploads\/2024\/10\/premium-howto-1170x546.png 1170w, https:\/\/www.statusholder.com\/wp-content\/uploads\/2024\/10\/premium-howto-100x47.png 100w\" sizes=\"(max-width: 300px) 100vw, 300px\" \/><\/a><\/div><\/div><div  class=\"dima-iconbox dima-iconbox-shadow shadow-hover features-box text-start features-start\" data-animate=transition.fadeIn style=\"\"><div  class=\"features-content\"  ><h5 class=\"features-title\" >4. ativa o Premium<\/h5><span class=\"dima-divider line-center line-hr small-line\"><\/span>Copia o c\u00f3digo de 32 d\u00edgitos do e-mail e cola-o no campo de texto do programa. Clica em <em>Verificar c\u00f3digo<\/em> para ativar o Status Holder Premium. <\/p>\n<p><a href=\"https:\/\/www.statusholder.com\/wp-content\/uploads\/2024\/10\/code-300x222.png\" target=\"_blank\" rel=\"noopener\"><img decoding=\"async\" class=\"alignnone wp-image-24292 size-medium\" src=\"https:\/\/www.statusholder.com\/wp-content\/uploads\/2024\/10\/code-300x222.png\" alt=\"C\u00f3digo no correio\" width=\"300\" height=\"222\" srcset=\"https:\/\/www.statusholder.com\/wp-content\/uploads\/2024\/10\/code-300x222.png 300w, https:\/\/www.statusholder.com\/wp-content\/uploads\/2024\/10\/code-1024x758.png 1024w, https:\/\/www.statusholder.com\/wp-content\/uploads\/2024\/10\/code-768x568.png 768w, https:\/\/www.statusholder.com\/wp-content\/uploads\/2024\/10\/code-585x433.png 585w, https:\/\/www.statusholder.com\/wp-content\/uploads\/2024\/10\/code-1170x866.png 1170w, https:\/\/www.statusholder.com\/wp-content\/uploads\/2024\/10\/code-100x74.png 100w, https:\/\/www.statusholder.com\/wp-content\/uploads\/2024\/10\/code.png 1431w\" sizes=\"(max-width: 300px) 100vw, 300px\" \/><\/a><\/p>\n<p>Para verificares o c\u00f3digo, deve estar dispon\u00edvel uma liga\u00e7\u00e3o ao nosso servidor.<br \/>Em algumas redes, isto \u00e9 automaticamente bloqueado. Para que possas continuar a ativar o Status Holder, o c\u00f3digo pode ser convertido num c\u00f3digo offline. Assim, poder\u00e1s efetuar a ativa\u00e7\u00e3o sem qualquer liga\u00e7\u00e3o \u00e0 Internet.    <a href=\"https:\/\/www.statusholder.com\/pt-pt\/conversor-online-para-offline\/\" target=\"_blank\" rel=\"nofollow noopener\">Clica aqui.<\/a><\/div><\/div><div  class=\"dima-iconbox dima-iconbox-shadow shadow-hover features-box text-start features-start\" data-animate=transition.fadeIn style=\"\"><div  class=\"features-content\"  ><h5 class=\"features-title\" >5. utiliza as defini\u00e7\u00f5es<\/h5><span class=\"dima-divider line-center line-hr small-line\"><\/span>As defini\u00e7\u00f5es est\u00e3o agora dispon\u00edveis no Gestor de Estado \ud83d\ude42<\/div><\/div><\/div>[\/vc_column][\/vc_row]<\/p>\n<\/div>","protected":false},"excerpt":{"rendered":"<p>[vc_row no_padding=&#8221;true&#8221; bg_type=&#8221;&#8221; dima_canvas_style=&#8221;&#8221; translate_x=&#8221;0&#8243; dima_z_index=&#8221;0&#8243; delay=&#8221;&#8221; animate_item=&#8221;&#8221; delay_duration=&#8221;&#8221; delay_offset=&#8221;&#8221; id=&#8221;&#8221; class=&#8221;&#8221; border_color=&#8221;&#8221;][vc_column min_height=&#8221;&#8221; bg_type=&#8221;&#8221; dima_canvas_style=&#8221;&#8221; translate_x=&#8221;0&#8243; dima_z_index=&#8221;0&#8243; delay=&#8221;&#8221; animate_item=&#8221;&#8221; delay_duration=&#8221;&#8221; delay_offset=&#8221;&#8221; width=&#8221;1\/1&#8243;][\/vc_column][\/vc_row]<\/p>\n","protected":false},"author":1,"featured_media":0,"parent":17243,"menu_order":0,"comment_status":"closed","ping_status":"closed","template":"","meta":{"_monsterinsights_skip_tracking":false,"_monsterinsights_sitenote_active":false,"_monsterinsights_sitenote_note":"","_monsterinsights_sitenote_category":0,"footnotes":""},"class_list":["post-24282","page","type-page","status-publish","hentry","no-post-thumbnail"],"_links":{"self":[{"href":"https:\/\/www.statusholder.com\/pt-pt\/wp-json\/wp\/v2\/pages\/24282","targetHints":{"allow":["GET"]}}],"collection":[{"href":"https:\/\/www.statusholder.com\/pt-pt\/wp-json\/wp\/v2\/pages"}],"about":[{"href":"https:\/\/www.statusholder.com\/pt-pt\/wp-json\/wp\/v2\/types\/page"}],"author":[{"embeddable":true,"href":"https:\/\/www.statusholder.com\/pt-pt\/wp-json\/wp\/v2\/users\/1"}],"replies":[{"embeddable":true,"href":"https:\/\/www.statusholder.com\/pt-pt\/wp-json\/wp\/v2\/comments?post=24282"}],"version-history":[{"count":17,"href":"https:\/\/www.statusholder.com\/pt-pt\/wp-json\/wp\/v2\/pages\/24282\/revisions"}],"predecessor-version":[{"id":35095,"href":"https:\/\/www.statusholder.com\/pt-pt\/wp-json\/wp\/v2\/pages\/24282\/revisions\/35095"}],"up":[{"embeddable":true,"href":"https:\/\/www.statusholder.com\/pt-pt\/wp-json\/wp\/v2\/pages\/17243"}],"wp:attachment":[{"href":"https:\/\/www.statusholder.com\/pt-pt\/wp-json\/wp\/v2\/media?parent=24282"}],"curies":[{"name":"wp","href":"https:\/\/api.w.org\/{rel}","templated":true}]}}