{"id":27261,"date":"2025-01-15T21:39:21","date_gmt":"2025-01-15T20:39:21","guid":{"rendered":"https:\/\/www.statusholder.com\/negocio\/"},"modified":"2025-02-03T21:14:43","modified_gmt":"2025-02-03T20:14:43","slug":"negocio","status":"publish","type":"page","link":"https:\/\/www.statusholder.com\/pt-pt\/negocio\/","title":{"rendered":"Neg\u00f3cio"},"content":{"rendered":"<div class=\"wpb-content-wrapper\"><p>[vc_row full_w_bg=&#8221;true&#8221; no_padding=&#8221;true&#8221; bg_type=&#8221;&#8221; dima_canvas_style=&#8221;&#8221; translate_x=&#8221;0&#8243; dima_z_index=&#8221;0&#8243; delay=&#8221;&#8221; animate_item=&#8221;&#8221; delay_duration=&#8221;&#8221; delay_offset=&#8221;&#8221; di_bg_color=&#8221;#fafafa&#8221; border_color=&#8221;&#8221; id=&#8221;&#8221; class=&#8221;&#8221;][vc_column min_height=&#8221;&#8221; bg_type=&#8221;&#8221; dima_canvas_style=&#8221;&#8221; translate_x=&#8221;0&#8243; dima_z_index=&#8221;0&#8243; sd=&#8221;12&#8243; delay=&#8221;&#8221; animate_item=&#8221;&#8221; delay_duration=&#8221;&#8221; delay_offset=&#8221;&#8221; width=&#8221;1\/2&#8243; id=&#8221;&#8221; class=&#8221;&#8221; style=&#8221;&#8221; border_color=&#8221;&#8221;]<div id=\"dima-image-layers-6a067e39e1c53-7103\" class=\"dima-image-layers-wrap  layers-center\"><div class=\"dima-layer-container\" data-animate=transition.slideLeftIn data-delay=\"600\" data-duration=700><div class=\"dima-layer-centered\" style=\"-webkit-transform: translate(0%, 0%);\n\t\t\t\t\t-moz-transform: translate(0%, 0%);\n\t\t\t\t\t-o-transform: translate(0%, 0%);\n\t\t\t\t\ttransform: translate(0%, 0%); \"><div class=\"dima-layer-item\"><img decoding=\"async\" src=\"https:\/\/www.statusholder.com\/wp-content\/uploads\/2025\/01\/status-holder-for-business.png\" alt=\"Layer\" src=\"https:\/\/www.statusholder.com\/wp-content\/uploads\/2025\/01\/status-holder-for-business.png\" width=\"991\" height=\"445\" width=\"991\" height=\"445\"><\/div><\/div><\/div><div class=\"dima-layer-container\" data-animate=transition.slideRightIn data-delay=\"800\" data-duration=700><div class=\"dima-layer-centered\" style=\"-webkit-transform: translate(0%, 0%);\n\t\t\t\t\t-moz-transform: translate(0%, 0%);\n\t\t\t\t\t-o-transform: translate(0%, 0%);\n\t\t\t\t\ttransform: translate(0%, 0%); \"><div class=\"dima-layer-item\"><img decoding=\"async\" src=\"https:\/\/www.statusholder.com\/wp-content\/uploads\/2017\/10\/pen.png\" alt=\"Layer\" src=\"https:\/\/www.statusholder.com\/wp-content\/uploads\/2017\/10\/pen.png\" width=\"537\" height=\"458\" width=\"537\" height=\"458\"><\/div><\/div><\/div><div class=\"dima-layer-container\" data-animate=transition.slideUpIn data-delay=\"1000\" data-duration=700><div class=\"dima-layer-centered\" style=\"-webkit-transform: translate(0%, 0%);\n\t\t\t\t\t-moz-transform: translate(0%, 0%);\n\t\t\t\t\t-o-transform: translate(0%, 0%);\n\t\t\t\t\ttransform: translate(0%, 0%); \"><div class=\"dima-layer-item\"><img decoding=\"async\" src=\"https:\/\/www.statusholder.com\/wp-content\/uploads\/2017\/10\/arrow.png\" alt=\"Layer\" src=\"https:\/\/www.statusholder.com\/wp-content\/uploads\/2017\/10\/arrow.png\" width=\"537\" height=\"458\" width=\"537\" height=\"458\"><\/div><\/div><\/div><div class=\"dima-layer-container\" data-animate=transition.slideUpIn data-delay=\"1200\" data-duration=700><div class=\"dima-layer-centered\" style=\"-webkit-transform: translate(0%, 0%);\n\t\t\t\t\t-moz-transform: translate(0%, 0%);\n\t\t\t\t\t-o-transform: translate(0%, 0%);\n\t\t\t\t\ttransform: translate(0%, 0%); \"><div class=\"dima-layer-item\"><img decoding=\"async\" src=\"https:\/\/www.statusholder.com\/wp-content\/uploads\/2017\/10\/arrow.png\" alt=\"Layer\" src=\"https:\/\/www.statusholder.com\/wp-content\/uploads\/2017\/10\/arrow.png\" width=\"537\" height=\"458\" width=\"537\" height=\"458\"><\/div><\/div><\/div><div class=\"dima-layer-container\" data-animate=transition.slideRightIn data-delay=\"1400\" data-duration=700><div class=\"dima-layer-centered\" style=\"-webkit-transform: translate(0%, 0%);\n\t\t\t\t\t-moz-transform: translate(0%, 0%);\n\t\t\t\t\t-o-transform: translate(0%, 0%);\n\t\t\t\t\ttransform: translate(0%, 0%); \"><div class=\"dima-layer-item\"><img decoding=\"async\" src=\"https:\/\/www.statusholder.com\/wp-content\/uploads\/2017\/10\/pk.png\" alt=\"Layer\" src=\"https:\/\/www.statusholder.com\/wp-content\/uploads\/2017\/10\/pk.png\" width=\"537\" height=\"458\" width=\"537\" height=\"458\"><\/div><\/div><\/div><\/div>[\/vc_column][vc_column min_height=&#8221;&#8221; bg_type=&#8221;&#8221; dima_canvas_style=&#8221;&#8221; translate_x=&#8221;0&#8243; dima_z_index=&#8221;0&#8243; sd=&#8221;12&#8243; delay=&#8221;&#8221; animate_item=&#8221;&#8221; delay_duration=&#8221;&#8221; delay_offset=&#8221;&#8221; width=&#8221;1\/2&#8243; id=&#8221;&#8221; class=&#8221;&#8221; style=&#8221;&#8221; border_color=&#8221;&#8221;]<h3  class=\"dima-custom-heading\"  data-animate        = transition.slideRightBigIn data-delay             = 100 data-duration = 500 ><\/p>\n<h2>Titular do estatuto de empresa<\/h2>\n<p><\/h3>\n\t<div class=\"wpb_content_element \" data-animate=transition.slideRightBigIn data-delay=300 data-duration=500>\n\t\t<div class=\"wpb_wrapper\">\n\t\t\t<p>Especialmente para conselhos de empresa e empresas: Disponibiliza o Titular da Situa\u00e7\u00e3o aos teus colaboradores &#8211; de uma forma que faz com que todos os envolvidos se sintam bem! Seguro, controlado e com total liberdade. <\/p>\n\n\t\t<\/div> \n\t<\/div> <h6 class=\"h-skill\" data-animate=transition.fadeIn data-delay=100 data-duration=1000 >Gutes Gef\u00fchl der Mitarbeiter<span class=\"percent-end\">100%<\/span><\/h6><div class=\"dima-progressbar\" data-animate=transition.fadeIn data-delay=100 data-duration=1000><div  class=\"progress\" data-color-val=\"\"  ><div class=\"progress-bar \" role=\"progressbar\" aria-valuenow=\"100\" aria-valuemin=\"0\" aria-valuemax=\"100\"><\/div><\/div><\/div><h6 class=\"h-skill\" data-animate=transition.fadeIn data-delay=200 data-duration=1000 >Gutes Gef\u00fchl der IT<span class=\"percent-end\">100%<\/span><\/h6><div class=\"dima-progressbar\" data-animate=transition.fadeIn data-delay=200 data-duration=1000><div  class=\"progress\" data-color-val=\"\"  ><div class=\"progress-bar \" role=\"progressbar\" aria-valuenow=\"100\" aria-valuemin=\"0\" aria-valuemax=\"100\"><\/div><\/div><\/div>[\/vc_column][\/vc_row][vc_row bg_type=&#8221;&#8221; dima_canvas_style=&#8221;&#8221; translate_x=&#8221;0&#8243; dima_z_index=&#8221;0&#8243; delay=&#8221;&#8221; animate_item=&#8221;&#8221; delay_duration=&#8221;&#8221; delay_offset=&#8221;&#8221; top_and_bottom_padding=&#8221;&#8221; left_and_right_padding=&#8221;&#8221;][vc_column min_height=&#8221;&#8221; bg_type=&#8221;&#8221; dima_canvas_style=&#8221;&#8221; translate_x=&#8221;0&#8243; dima_z_index=&#8221;0&#8243; delay=&#8221;&#8221; animate_item=&#8221;&#8221; delay_duration=&#8221;&#8221; delay_offset=&#8221;&#8221; width=&#8221;1\/1&#8243;]<h2  class=\"dima-custom-heading\"   >Resume os factos mais importantes:<\/h2><ul id=\"FAQ\" class=\"dima-accordion dima-acc-clear\" data-animate=transition.slideUpIn data-delay=\"70\" data-offset=\"98%\" data-dima-animate-item=\".dima-accordion-group\" ><li  class=\"panel dima-accordion-group double_icon\" ><div class=\"dima-accordion-header\"><a class=\"dima-accordion-toggle collapsed\" data-toggle=\"collapse\" data-parent=\"#FAQ\" href=\"#collapse-1\"><span class=\"dima-accordion-title\">Qual \u00e9 a diferen\u00e7a entre o detentor do estatuto para empresas e o detentor do estatuto?<\/span><span class='icon_one' ><svg xmlns=\"http:\/\/www.w3.org\/2000\/svg\" width=\"48\" height=\"48\" viewBox=\"0 0 48 48\"><path d=\"M38 26H26v12h-4V26H10v-4h12V10h4v12h12v4z\"\/><\/svg><\/span><span class='icon_two' ><svg xmlns=\"http:\/\/www.w3.org\/2000\/svg\" width=\"48\" height=\"48\" viewBox=\"0 0 48 48\"><path d=\"M38 26H10v-4h28v4z\"\/><\/svg><\/span><\/a><\/div><div id=\"collapse-1\" class=\"dima-accordion-content collapse\"><div class=\"dima-accordion-inner\"><p>O Status Holder para empresas foi especialmente desenvolvido para ser utilizado em empresas. Foi concebido para ser t\u00e3o f\u00e1cil de utilizar quanto poss\u00edvel. Os seguintes pontos tamb\u00e9m s\u00e3o diferentes:  <\/p>\n<p>&nbsp;<\/p>\n<ul>\n<li>O trabalhador n\u00e3o pode efetuar quaisquer configura\u00e7\u00f5es<\/li>\n<li>As defini\u00e7\u00f5es e fun\u00e7\u00f5es foram removidas<\/li>\n<li>O titular do estatuto pode ser iniciado ou interrompido pelo empregado<\/li>\n<li>As TI podem distribuir defini\u00e7\u00f5es e a licen\u00e7a atrav\u00e9s de XML ou GPO<\/li>\n<\/ul>\n<\/div><\/div><\/li><li  class=\"panel dima-accordion-group double_icon\" ><div class=\"dima-accordion-header\"><a class=\"dima-accordion-toggle collapsed\" data-toggle=\"collapse\" data-parent=\"#FAQ\" href=\"#collapse-2\"><span class=\"dima-accordion-title\">Que vantagens tem a empresa?<\/span><span class='icon_one' ><svg xmlns=\"http:\/\/www.w3.org\/2000\/svg\" width=\"48\" height=\"48\" viewBox=\"0 0 48 48\"><path d=\"M38 26H26v12h-4V26H10v-4h12V10h4v12h12v4z\"\/><\/svg><\/span><span class='icon_two' ><svg xmlns=\"http:\/\/www.w3.org\/2000\/svg\" width=\"48\" height=\"48\" viewBox=\"0 0 48 48\"><path d=\"M38 26H10v-4h28v4z\"\/><\/svg><\/span><\/a><\/div><div id=\"collapse-2\" class=\"dima-accordion-content collapse\"><div class=\"dima-accordion-inner\"><p>A empresa pode disponibilizar aos funcion\u00e1rios o Status Holder para empresas. Com as vantagens do controlo de GPO, a TI mant\u00e9m uma vis\u00e3o geral das defini\u00e7\u00f5es utilizadas, mas os funcion\u00e1rios continuam a usufruir das vantagens do Status Holder. Ganha todos!  <\/p>\n<\/div><\/div><\/li><li  class=\"panel dima-accordion-group double_icon\" ><div class=\"dima-accordion-header\"><a class=\"dima-accordion-toggle collapsed\" data-toggle=\"collapse\" data-parent=\"#FAQ\" href=\"#collapse-3\"><span class=\"dima-accordion-title\">Somos um banco - podemos utilizar o estatuto de Titular?<\/span><span class='icon_one' ><svg xmlns=\"http:\/\/www.w3.org\/2000\/svg\" width=\"48\" height=\"48\" viewBox=\"0 0 48 48\"><path d=\"M38 26H26v12h-4V26H10v-4h12V10h4v12h12v4z\"\/><\/svg><\/span><span class='icon_two' ><svg xmlns=\"http:\/\/www.w3.org\/2000\/svg\" width=\"48\" height=\"48\" viewBox=\"0 0 48 48\"><path d=\"M38 26H10v-4h28v4z\"\/><\/svg><\/span><\/a><\/div><div id=\"collapse-3\" class=\"dima-accordion-content collapse\"><div class=\"dima-accordion-inner\"><p>\nO Status Holder para empresas cumpre todos os requisitos que o software para bancos deve cumprir. O facto de o Status Holder para empresas poder ser colocado em pausa significa que a prote\u00e7\u00e3o de ecr\u00e3 tamb\u00e9m funciona, por exemplo. O protetor de ecr\u00e3 tamb\u00e9m \u00e9 ativado se o utilizador estiver longe do computador durante um longo per\u00edodo de tempo. O nosso software n\u00e3o \u00e9 essencial e o c\u00f3digo tamb\u00e9m pode ser visualizado a pedido. <\/p>\n<\/div><\/div><\/li><li  class=\"panel dima-accordion-group double_icon\" ><div class=\"dima-accordion-header\"><a class=\"dima-accordion-toggle collapsed\" data-toggle=\"collapse\" data-parent=\"#FAQ\" href=\"#collapse-4\"><span class=\"dima-accordion-title\">A prote\u00e7\u00e3o de ecr\u00e3 est\u00e1 activada apesar do Status Holder?<\/span><span class='icon_one' ><svg xmlns=\"http:\/\/www.w3.org\/2000\/svg\" width=\"48\" height=\"48\" viewBox=\"0 0 48 48\"><path d=\"M38 26H26v12h-4V26H10v-4h12V10h4v12h12v4z\"\/><\/svg><\/span><span class='icon_two' ><svg xmlns=\"http:\/\/www.w3.org\/2000\/svg\" width=\"48\" height=\"48\" viewBox=\"0 0 48 48\"><path d=\"M38 26H10v-4h28v4z\"\/><\/svg><\/span><\/a><\/div><div id=\"collapse-4\" class=\"dima-accordion-content collapse\"><div class=\"dima-accordion-inner\"><p>Sim! Para proteger a tua seguran\u00e7a e privacidade, activamos o protetor de ecr\u00e3 e bloqueamos o PC se n\u00e3o houver atividade durante um longo per\u00edodo de tempo. Esta fun\u00e7\u00e3o pode ser activada ou desactivada.<\/p>\n<\/div><\/div><\/li><li  class=\"panel dima-accordion-group double_icon\" ><div class=\"dima-accordion-header\"><a class=\"dima-accordion-toggle collapsed\" data-toggle=\"collapse\" data-parent=\"#FAQ\" href=\"#collapse-5\"><span class=\"dima-accordion-title\">Posso iniciar o Status Holder automaticamente?<\/span><span class='icon_one' ><svg xmlns=\"http:\/\/www.w3.org\/2000\/svg\" width=\"48\" height=\"48\" viewBox=\"0 0 48 48\"><path d=\"M38 26H26v12h-4V26H10v-4h12V10h4v12h12v4z\"\/><\/svg><\/span><span class='icon_two' ><svg xmlns=\"http:\/\/www.w3.org\/2000\/svg\" width=\"48\" height=\"48\" viewBox=\"0 0 48 48\"><path d=\"M38 26H10v-4h28v4z\"\/><\/svg><\/span><\/a><\/div><div id=\"collapse-5\" class=\"dima-accordion-content collapse\"><div class=\"dima-accordion-inner\"><p>Sim!<\/p>\n<p>\u00c9 poss\u00edvel iniciar automaticamente o suporte de estado, para o que existem defini\u00e7\u00f5es que os administradores podem efetuar. <\/p>\n<\/div><\/div><\/li><li  class=\"panel dima-accordion-group double_icon\" ><div class=\"dima-accordion-header\"><a class=\"dima-accordion-toggle collapsed\" data-toggle=\"collapse\" data-parent=\"#FAQ\" href=\"#collapse-6\"><span class=\"dima-accordion-title\">Posso fazer com que o titular do estatuto funcione de forma invis\u00edvel?<\/span><span class='icon_one' ><svg xmlns=\"http:\/\/www.w3.org\/2000\/svg\" width=\"48\" height=\"48\" viewBox=\"0 0 48 48\"><path d=\"M38 26H26v12h-4V26H10v-4h12V10h4v12h12v4z\"\/><\/svg><\/span><span class='icon_two' ><svg xmlns=\"http:\/\/www.w3.org\/2000\/svg\" width=\"48\" height=\"48\" viewBox=\"0 0 48 48\"><path d=\"M38 26H10v-4h28v4z\"\/><\/svg><\/span><\/a><\/div><div id=\"collapse-6\" class=\"dima-accordion-content collapse\"><div class=\"dima-accordion-inner\"><p>Sim!<\/p>\n<p>\u00c9 poss\u00edvel minimizar a ferramenta para a \u00e1rea de notifica\u00e7\u00e3o do Windows. A ferramenta pode ser minimizada para a \u00e1rea de notifica\u00e7\u00e3o do Windows nas defini\u00e7\u00f5es.<br \/>\nIsto significa que a ferramenta desapareceu da barra de tarefas e n\u00e3o interfere com apresenta\u00e7\u00f5es ou outras actividades.  <\/p>\n<\/div><\/div><\/li><li  class=\"panel dima-accordion-group double_icon\" ><div class=\"dima-accordion-header\"><a class=\"dima-accordion-toggle collapsed\" data-toggle=\"collapse\" data-parent=\"#FAQ\" href=\"#collapse-7\"><span class=\"dima-accordion-title\">\u00c9 criado um registo?<\/span><span class='icon_one' ><svg xmlns=\"http:\/\/www.w3.org\/2000\/svg\" width=\"48\" height=\"48\" viewBox=\"0 0 48 48\"><path d=\"M38 26H26v12h-4V26H10v-4h12V10h4v12h12v4z\"\/><\/svg><\/span><span class='icon_two' ><svg xmlns=\"http:\/\/www.w3.org\/2000\/svg\" width=\"48\" height=\"48\" viewBox=\"0 0 48 48\"><path d=\"M38 26H10v-4h28v4z\"\/><\/svg><\/span><\/a><\/div><div id=\"collapse-7\" class=\"dima-accordion-content collapse\"><div class=\"dima-accordion-inner\"><p>Sim!<\/p>\n<p>\u00c9 poss\u00edvel criar um registo, que pode ser completamente desativado, ativado ou apenas os erros podem ser registados. <\/p>\n<\/div><\/div><\/li><li  class=\"panel dima-accordion-group double_icon\" ><div class=\"dima-accordion-header\"><a class=\"dima-accordion-toggle collapsed\" data-toggle=\"collapse\" data-parent=\"#FAQ\" href=\"#collapse-8\"><span class=\"dima-accordion-title\">Serei informado se estiver dispon\u00edvel uma nova vers\u00e3o?<\/span><span class='icon_one' ><svg xmlns=\"http:\/\/www.w3.org\/2000\/svg\" width=\"48\" height=\"48\" viewBox=\"0 0 48 48\"><path d=\"M38 26H26v12h-4V26H10v-4h12V10h4v12h12v4z\"\/><\/svg><\/span><span class='icon_two' ><svg xmlns=\"http:\/\/www.w3.org\/2000\/svg\" width=\"48\" height=\"48\" viewBox=\"0 0 48 48\"><path d=\"M38 26H10v-4h28v4z\"\/><\/svg><\/span><\/a><\/div><div id=\"collapse-8\" class=\"dima-accordion-content collapse\"><div class=\"dima-accordion-inner\"><p>\nN\u00e3o aparece uma notifica\u00e7\u00e3o no ambiente de trabalho. O administrador do sistema \u00e9 informado por correio eletr\u00f3nico.<\/p>\n<\/div><\/div><\/li><\/ul>[\/vc_column][\/vc_row][vc_row no_padding=&#8221;true&#8221; bg_type=&#8221;&#8221; dima_canvas_style=&#8221;&#8221; translate_x=&#8221;0&#8243; dima_z_index=&#8221;0&#8243; delay=&#8221;&#8221; animate_item=&#8221;&#8221; delay_duration=&#8221;&#8221; delay_offset=&#8221;&#8221; id=&#8221;&#8221; class=&#8221;&#8221; border_color=&#8221;&#8221;][vc_column min_height=&#8221;&#8221; bg_type=&#8221;&#8221; dima_canvas_style=&#8221;&#8221; translate_x=&#8221;0&#8243; dima_z_index=&#8221;0&#8243; delay=&#8221;&#8221; animate_item=&#8221;&#8221; delay_duration=&#8221;&#8221; delay_offset=&#8221;&#8221; width=&#8221;1\/1&#8243;]<div  class=\"dima-img text-center column-item overflow-hidden\"       ><a data-fancybox  data-caption = \"\" class=\"\"   href=\"https:\/\/www.statusholder.com\/wp-content\/uploads\/2025\/01\/status-holder-for-business.png\" ><img decoding=\"async\" width=\"991\" height=\"445\" src=\"https:\/\/www.statusholder.com\/wp-content\/uploads\/2025\/01\/status-holder-for-business-100x45.png\" class=\"dima_image-img dima-image attachment-full lazyload js-lazy-image\" alt=\"\" data-src=\"https:\/\/www.statusholder.com\/wp-content\/uploads\/2025\/01\/status-holder-for-business.png\" data-srcset=\"https:\/\/www.statusholder.com\/wp-content\/uploads\/2025\/01\/status-holder-for-business.png 991w, https:\/\/www.statusholder.com\/wp-content\/uploads\/2025\/01\/status-holder-for-business-300x135.png 300w, https:\/\/www.statusholder.com\/wp-content\/uploads\/2025\/01\/status-holder-for-business-768x345.png 768w, https:\/\/www.statusholder.com\/wp-content\/uploads\/2025\/01\/status-holder-for-business-585x263.png 585w, https:\/\/www.statusholder.com\/wp-content\/uploads\/2025\/01\/status-holder-for-business-100x45.png 100w\" data-sizes=\"(max-width: 991px) 100vw, 991px\" \/><\/a><\/div><div  class=\"dima-spacer-module\"  data-units=\"px\" data-all_size=\"150\" data-xld_resolution=\"1600\" data-xld_size=\"150\" data-ld_resolution=\"1400\" data-ld_size=\"150\" data-md_resolution=\"1170\" data-md_size=\"120\" data-sd_resolution=\"969\" data-sd_size=\"100\" data-xsd_resolution=\"480\" data-xsd_size=\"100\" style=\"height: 150px;\"><\/div>[\/vc_column][\/vc_row][vc_row no_padding=&#8221;true&#8221; bg_type=&#8221;&#8221; dima_canvas_style=&#8221;&#8221; translate_x=&#8221;0&#8243; dima_z_index=&#8221;0&#8243; delay=&#8221;&#8221; animate_item=&#8221;&#8221; delay_duration=&#8221;&#8221; delay_offset=&#8221;&#8221; id=&#8221;&#8221; class=&#8221;&#8221; border_color=&#8221;&#8221;][vc_column min_height=&#8221;&#8221; bg_type=&#8221;&#8221; dima_canvas_style=&#8221;&#8221; translate_x=&#8221;0&#8243; dima_z_index=&#8221;0&#8243; delay=&#8221;&#8221; animate_item=&#8221;&#8221; delay_duration=&#8221;&#8221; delay_offset=&#8221;&#8221; width=&#8221;1\/1&#8243;]<div  class=\"dima-img text-center column-item overflow-hidden\"       ><a data-fancybox  data-caption = \"\" class=\"\"   href=\"https:\/\/www.statusholder.com\/wp-content\/uploads\/2025\/01\/still-there-1.png\" ><img decoding=\"async\" width=\"843\" height=\"434\" src=\"https:\/\/www.statusholder.com\/wp-content\/uploads\/2025\/01\/still-there-1-100x51.png\" class=\"dima_image-img dima-image attachment-full lazyload js-lazy-image\" alt=\"\" data-src=\"https:\/\/www.statusholder.com\/wp-content\/uploads\/2025\/01\/still-there-1.png\" data-srcset=\"https:\/\/www.statusholder.com\/wp-content\/uploads\/2025\/01\/still-there-1.png 843w, https:\/\/www.statusholder.com\/wp-content\/uploads\/2025\/01\/still-there-1-300x154.png 300w, https:\/\/www.statusholder.com\/wp-content\/uploads\/2025\/01\/still-there-1-768x395.png 768w, https:\/\/www.statusholder.com\/wp-content\/uploads\/2025\/01\/still-there-1-585x301.png 585w, https:\/\/www.statusholder.com\/wp-content\/uploads\/2025\/01\/still-there-1-100x51.png 100w\" data-sizes=\"(max-width: 843px) 100vw, 843px\" \/><\/a><\/div>[\/vc_column][\/vc_row][vc_row no_padding=&#8221;true&#8221; content_position=&#8221;start&#8221; bg_type=&#8221;&#8221; dima_canvas_style=&#8221;&#8221; translate_x=&#8221;0&#8243; dima_z_index=&#8221;0&#8243; delay=&#8221;&#8221; animate_item=&#8221;&#8221; delay_duration=&#8221;&#8221; delay_offset=&#8221;&#8221; id=&#8221;&#8221; class=&#8221;&#8221; border_color=&#8221;&#8221;][vc_column min_height=&#8221;&#8221; bg_type=&#8221;&#8221; dima_canvas_style=&#8221;&#8221; translate_x=&#8221;0&#8243; dima_z_index=&#8221;0&#8243; delay=&#8221;&#8221; animate_item=&#8221;&#8221; delay_duration=&#8221;&#8221; delay_offset=&#8221;&#8221; width=&#8221;1\/6&#8243;][\/vc_column][vc_column min_height=&#8221;&#8221; bg_type=&#8221;&#8221; dima_canvas_style=&#8221;&#8221; translate_x=&#8221;0&#8243; dima_z_index=&#8221;0&#8243; delay=&#8221;&#8221; animate_item=&#8221;&#8221; delay_duration=&#8221;&#8221; delay_offset=&#8221;&#8221; width=&#8221;2\/3&#8243;]<div  class=\"dima-spacer-module\"  data-units=\"px\" data-all_size=\"150\" data-xld_resolution=\"1600\" data-xld_size=\"150\" data-ld_resolution=\"1400\" data-ld_size=\"150\" data-md_resolution=\"1170\" data-md_size=\"120\" data-sd_resolution=\"969\" data-sd_size=\"100\" data-xsd_resolution=\"480\" data-xsd_size=\"100\" style=\"height: 150px;\"><\/div>[vc_cta h2=&#8221;Status Holder for business &#8211; Mais pequeno, mais fino, control\u00e1vel!&#8221; add_button=&#8221;bottom&#8221; btn_title=&#8221;PEDIR AGORA&#8221; css=&#8221;&#8221; btn_link=&#8221;url:https%3A%2F%2Fwww.statusholder.com%2Fpt-pt%2Fcontactar-nos%2F|&#8221;][\/vc_cta][\/vc_column][vc_column min_height=&#8221;&#8221; bg_type=&#8221;&#8221; dima_canvas_style=&#8221;&#8221; translate_x=&#8221;0&#8243; dima_z_index=&#8221;0&#8243; delay=&#8221;&#8221; animate_item=&#8221;&#8221; delay_duration=&#8221;&#8221; delay_offset=&#8221;&#8221; width=&#8221;1\/6&#8243;][\/vc_column][\/vc_row]<\/p>\n<\/div>","protected":false},"excerpt":{"rendered":"<p>[vc_row full_w_bg=&#8221;true&#8221; no_padding=&#8221;true&#8221; bg_type=&#8221;&#8221; dima_canvas_style=&#8221;&#8221; translate_x=&#8221;0&#8243; dima_z_index=&#8221;0&#8243; delay=&#8221;&#8221; animate_item=&#8221;&#8221; delay_duration=&#8221;&#8221; delay_offset=&#8221;&#8221; di_bg_color=&#8221;#fafafa&#8221; border_color=&#8221;&#8221; id=&#8221;&#8221; class=&#8221;&#8221;][vc_column min_height=&#8221;&#8221; bg_type=&#8221;&#8221; dima_canvas_style=&#8221;&#8221; translate_x=&#8221;0&#8243; dima_z_index=&#8221;0&#8243; sd=&#8221;12&#8243; delay=&#8221;&#8221; animate_item=&#8221;&#8221; delay_duration=&#8221;&#8221; delay_offset=&#8221;&#8221; width=&#8221;1\/2&#8243; id=&#8221;&#8221; class=&#8221;&#8221; style=&#8221;&#8221; border_color=&#8221;&#8221;][\/vc_column][vc_column min_height=&#8221;&#8221; bg_type=&#8221;&#8221; dima_canvas_style=&#8221;&#8221; translate_x=&#8221;0&#8243; dima_z_index=&#8221;0&#8243; sd=&#8221;12&#8243; delay=&#8221;&#8221; animate_item=&#8221;&#8221; delay_duration=&#8221;&#8221; delay_offset=&#8221;&#8221; width=&#8221;1\/2&#8243; id=&#8221;&#8221; class=&#8221;&#8221; style=&#8221;&#8221; border_color=&#8221;&#8221;][\/vc_column][\/vc_row][vc_row bg_type=&#8221;&#8221; dima_canvas_style=&#8221;&#8221; translate_x=&#8221;0&#8243; dima_z_index=&#8221;0&#8243; delay=&#8221;&#8221; animate_item=&#8221;&#8221; delay_duration=&#8221;&#8221; delay_offset=&#8221;&#8221; top_and_bottom_padding=&#8221;&#8221; left_and_right_padding=&#8221;&#8221;][vc_column [&hellip;]<\/p>\n","protected":false},"author":1,"featured_media":0,"parent":0,"menu_order":0,"comment_status":"closed","ping_status":"closed","template":"","meta":{"_monsterinsights_skip_tracking":false,"_monsterinsights_sitenote_active":false,"_monsterinsights_sitenote_note":"","_monsterinsights_sitenote_category":0,"footnotes":""},"class_list":["post-27261","page","type-page","status-publish","hentry","no-post-thumbnail"],"_links":{"self":[{"href":"https:\/\/www.statusholder.com\/pt-pt\/wp-json\/wp\/v2\/pages\/27261","targetHints":{"allow":["GET"]}}],"collection":[{"href":"https:\/\/www.statusholder.com\/pt-pt\/wp-json\/wp\/v2\/pages"}],"about":[{"href":"https:\/\/www.statusholder.com\/pt-pt\/wp-json\/wp\/v2\/types\/page"}],"author":[{"embeddable":true,"href":"https:\/\/www.statusholder.com\/pt-pt\/wp-json\/wp\/v2\/users\/1"}],"replies":[{"embeddable":true,"href":"https:\/\/www.statusholder.com\/pt-pt\/wp-json\/wp\/v2\/comments?post=27261"}],"version-history":[{"count":12,"href":"https:\/\/www.statusholder.com\/pt-pt\/wp-json\/wp\/v2\/pages\/27261\/revisions"}],"predecessor-version":[{"id":27777,"href":"https:\/\/www.statusholder.com\/pt-pt\/wp-json\/wp\/v2\/pages\/27261\/revisions\/27777"}],"wp:attachment":[{"href":"https:\/\/www.statusholder.com\/pt-pt\/wp-json\/wp\/v2\/media?parent=27261"}],"curies":[{"name":"wp","href":"https:\/\/api.w.org\/{rel}","templated":true}]}}